{"id":6236,"date":"2022-10-21T09:46:07","date_gmt":"2022-10-21T07:46:07","guid":{"rendered":"https:\/\/www.new-humanity.org\/?page_id=6236"},"modified":"2022-10-21T11:54:18","modified_gmt":"2022-10-21T09:54:18","slug":"sensibilisation-sur-les-secrets-de-la-poubelle","status":"publish","type":"page","link":"https:\/\/www.new-humanity.org\/en\/projects\/sensibilisation-sur-les-secrets-de-la-poubelle\/","title":{"rendered":"Sensibilisation sur les secrets de la poubelle"},"content":{"rendered":"<h3 style=\"text-align: center;\"><img decoding=\"async\" loading=\"lazy\" class=\"aligncenter size-medium wp-image-6474\" src=\"https:\/\/www.new-humanity.org\/wp-content\/uploads\/2022\/10\/Screen-Shot-2022-10-21-at-11.18.11-300x186.png\" alt=\"\" width=\"300\" height=\"186\" srcset=\"https:\/\/www.new-humanity.org\/wp-content\/uploads\/2022\/10\/Screen-Shot-2022-10-21-at-11.18.11-300x186.png 300w, https:\/\/www.new-humanity.org\/wp-content\/uploads\/2022\/10\/Screen-Shot-2022-10-21-at-11.18.11-1024x634.png 1024w, https:\/\/www.new-humanity.org\/wp-content\/uploads\/2022\/10\/Screen-Shot-2022-10-21-at-11.18.11-768x475.png 768w, https:\/\/www.new-humanity.org\/wp-content\/uploads\/2022\/10\/Screen-Shot-2022-10-21-at-11.18.11.png 1417w\" sizes=\"(max-width: 300px) 100vw, 300px\" \/><\/h3>\n<h3 class=\"p1\" style=\"text-align: center;\"><strong>Cotonou, Benin<\/strong><\/h3>\n<p class=\"p1\">The project consists of educating students and housewives on waste sorting and reuse.<\/p>\n<p><img decoding=\"async\" loading=\"lazy\" class=\"alignleft wp-image-6317 size-thumbnail\" src=\"https:\/\/www.new-humanity.org\/wp-content\/uploads\/2022\/10\/Screen-Shot-2022-10-21-at-10.24.21-150x150.png\" alt=\"\" width=\"150\" height=\"150\" srcset=\"https:\/\/www.new-humanity.org\/wp-content\/uploads\/2022\/10\/Screen-Shot-2022-10-21-at-10.24.21-150x150.png 150w, https:\/\/www.new-humanity.org\/wp-content\/uploads\/2022\/10\/Screen-Shot-2022-10-21-at-10.24.21-300x298.png 300w, https:\/\/www.new-humanity.org\/wp-content\/uploads\/2022\/10\/Screen-Shot-2022-10-21-at-10.24.21.png 432w\" sizes=\"(max-width: 150px) 100vw, 150px\" \/><\/p>\n<p>&nbsp;<\/p>\n<p>&nbsp;<\/p>\n<p>&nbsp;<\/p>\n<p><i><span style=\"font-weight: 400;\">Oc\u00e9ane Agbo-Panzo<\/span><\/i><\/p>\n<p>&nbsp;<\/p>\n<h3 style=\"text-align: left;\"><strong>Mission<\/strong><\/h3>\n<p class=\"p1\">Address the need for sorting, the economic aspect of waste and introduce the use of biodegradable packaging.<\/p>\n<h3 class=\"p1\" style=\"text-align: left;\"><strong>Main Goals<\/strong><\/h3>\n<ul>\n<li class=\"p1\">Apprendre \u00e0 distingu\u00e9s les d\u00e9chets organique des d\u00e9chets non organique.<\/li>\n<li class=\"p1\">Recycler les d\u00e9chets non organiques.<\/li>\n<li class=\"p1\">Apprendre la conception des emballages biod\u00e9gradable.<\/li>\n<\/ul>\n<p style=\"text-align: right;\"><a href=\"https:\/\/www.new-humanity.org\/en\/projects\/diminuer-lusage-abusive-des-sachet-plastique\/\">Next project &#x27a1;<\/a><\/p>\n<p style=\"text-align: center;\">This project is part of the Seed Funding Program.<\/p>\n<p><a href=\"https:\/\/www.new-humanity.org\/en\/project\/seed-funding-program\/\"><img decoding=\"async\" loading=\"lazy\" class=\"aligncenter size-medium wp-image-5937\" src=\"https:\/\/www.new-humanity.org\/wp-content\/uploads\/2020\/07\/SFP-300x175.png\" alt=\"\" width=\"300\" height=\"175\" srcset=\"https:\/\/www.new-humanity.org\/wp-content\/uploads\/2020\/07\/SFP-300x175.png 300w, https:\/\/www.new-humanity.org\/wp-content\/uploads\/2020\/07\/SFP-1024x597.png 1024w, https:\/\/www.new-humanity.org\/wp-content\/uploads\/2020\/07\/SFP-768x447.png 768w, https:\/\/www.new-humanity.org\/wp-content\/uploads\/2020\/07\/SFP.png 1198w\" sizes=\"(max-width: 300px) 100vw, 300px\" \/><\/a><\/p>\n","protected":false},"excerpt":{"rendered":"<p>Cotonou, Benin The project consists of educating students and housewives on waste sorting and reuse. &nbsp; &nbsp; &nbsp; Oc\u00e9ane Agbo-Panzo &nbsp; Mission Address the need for sorting, the economic aspect of waste and introduce the use of biodegradable packaging. Main Goals Apprendre \u00e0 distingu\u00e9s les d\u00e9chets organique des d\u00e9chets non organique. Recycler les d\u00e9chets non [&hellip;]<\/p>\n","protected":false},"author":15,"featured_media":0,"parent":645,"menu_order":0,"comment_status":"closed","ping_status":"closed","template":"inc\/progetti.php","meta":{"ngg_post_thumbnail":0,"footnotes":""},"acf":[],"yoast_head":"<!-- This site is optimized with the Yoast SEO plugin v21.9.1 - https:\/\/yoast.com\/wordpress\/plugins\/seo\/ -->\n<title>Sensibilisation sur les secrets de la poubelle | New Humanity<\/title>\n<meta name=\"description\" content=\"Cotonou, Benin The project consists of educating students and housewives on waste sorting and reuse. &nbsp; &nbsp; &nbsp; Oc\u00e9ane Agbo-Panzo &nbsp; Mission\" \/>\n<meta name=\"robots\" content=\"index, follow, max-snippet:-1, max-image-preview:large, max-video-preview:-1\" \/>\n<link rel=\"canonical\" href=\"https:\/\/www.new-humanity.org\/en\/projects\/sensibilisation-sur-les-secrets-de-la-poubelle\/\" \/>\n<meta property=\"og:locale\" content=\"en_US\" \/>\n<meta property=\"og:type\" content=\"article\" \/>\n<meta property=\"og:title\" content=\"Sensibilisation sur les secrets de la poubelle | New Humanity\" \/>\n<meta property=\"og:description\" content=\"Cotonou, Benin The project consists of educating students and housewives on waste sorting and reuse. &nbsp; &nbsp; &nbsp; Oc\u00e9ane Agbo-Panzo &nbsp; Mission\" \/>\n<meta property=\"og:url\" content=\"https:\/\/www.new-humanity.org\/en\/projects\/sensibilisation-sur-les-secrets-de-la-poubelle\/\" \/>\n<meta property=\"og:site_name\" content=\"New Humanity\" \/>\n<meta property=\"article:modified_time\" content=\"2022-10-21T09:54:18+00:00\" \/>\n<meta property=\"og:image\" content=\"https:\/\/www.new-humanity.org\/wp-content\/uploads\/2022\/10\/Screen-Shot-2022-10-21-at-11.18.11-300x186.png\" \/>\n<meta name=\"twitter:card\" content=\"summary_large_image\" \/>\n<meta name=\"twitter:label1\" content=\"Est. reading time\" \/>\n\t<meta name=\"twitter:data1\" content=\"1 minute\" \/>\n<script type=\"application\/ld+json\" class=\"yoast-schema-graph\">{\"@context\":\"https:\/\/schema.org\",\"@graph\":[{\"@type\":\"WebPage\",\"@id\":\"https:\/\/www.new-humanity.org\/en\/projects\/sensibilisation-sur-les-secrets-de-la-poubelle\/\",\"url\":\"https:\/\/www.new-humanity.org\/en\/projects\/sensibilisation-sur-les-secrets-de-la-poubelle\/\",\"name\":\"Sensibilisation sur les secrets de la poubelle | New Humanity\",\"isPartOf\":{\"@id\":\"https:\/\/www.new-humanity.org\/en\/#website\"},\"datePublished\":\"2022-10-21T07:46:07+00:00\",\"dateModified\":\"2022-10-21T09:54:18+00:00\",\"description\":\"Cotonou, Benin The project consists of educating students and housewives on waste sorting and reuse. &nbsp; &nbsp; &nbsp; Oc\u00e9ane Agbo-Panzo &nbsp; Mission\",\"breadcrumb\":{\"@id\":\"https:\/\/www.new-humanity.org\/en\/projects\/sensibilisation-sur-les-secrets-de-la-poubelle\/#breadcrumb\"},\"inLanguage\":\"en-US\",\"potentialAction\":[{\"@type\":\"ReadAction\",\"target\":[\"https:\/\/www.new-humanity.org\/en\/projects\/sensibilisation-sur-les-secrets-de-la-poubelle\/\"]}]},{\"@type\":\"BreadcrumbList\",\"@id\":\"https:\/\/www.new-humanity.org\/en\/projects\/sensibilisation-sur-les-secrets-de-la-poubelle\/#breadcrumb\",\"itemListElement\":[{\"@type\":\"ListItem\",\"position\":1,\"name\":\"Home\",\"item\":\"https:\/\/www.new-humanity.org\/en\/\"},{\"@type\":\"ListItem\",\"position\":2,\"name\":\"Projects\",\"item\":\"https:\/\/www.new-humanity.org\/en\/projects\/\"},{\"@type\":\"ListItem\",\"position\":3,\"name\":\"Sensibilisation sur les secrets de la poubelle\"}]},{\"@type\":\"WebSite\",\"@id\":\"https:\/\/www.new-humanity.org\/en\/#website\",\"url\":\"https:\/\/www.new-humanity.org\/en\/\",\"name\":\"New Humanity\",\"description\":\"Per un mondo unito\",\"publisher\":{\"@id\":\"https:\/\/www.new-humanity.org\/en\/#organization\"},\"potentialAction\":[{\"@type\":\"SearchAction\",\"target\":{\"@type\":\"EntryPoint\",\"urlTemplate\":\"https:\/\/www.new-humanity.org\/en\/?s={search_term_string}\"},\"query-input\":\"required name=search_term_string\"}],\"inLanguage\":\"en-US\"},{\"@type\":\"Organization\",\"@id\":\"https:\/\/www.new-humanity.org\/en\/#organization\",\"name\":\"New Humanity\",\"url\":\"https:\/\/www.new-humanity.org\/en\/\",\"logo\":{\"@type\":\"ImageObject\",\"inLanguage\":\"en-US\",\"@id\":\"https:\/\/www.new-humanity.org\/en\/#\/schema\/logo\/image\/\",\"url\":\"https:\/\/www.new-humanity.org\/wp-content\/uploads\/2022\/01\/logo.jpg\",\"contentUrl\":\"https:\/\/www.new-humanity.org\/wp-content\/uploads\/2022\/01\/logo.jpg\",\"width\":520,\"height\":128,\"caption\":\"New Humanity\"},\"image\":{\"@id\":\"https:\/\/www.new-humanity.org\/en\/#\/schema\/logo\/image\/\"}}]}<\/script>\n<!-- \/ Yoast SEO plugin. -->","yoast_head_json":{"title":"Sensibilisation sur les secrets de la poubelle | New Humanity","description":"Cotonou, Benin The project consists of educating students and housewives on waste sorting and reuse. &nbsp; &nbsp; &nbsp; Oc\u00e9ane Agbo-Panzo &nbsp; Mission","robots":{"index":"index","follow":"follow","max-snippet":"max-snippet:-1","max-image-preview":"max-image-preview:large","max-video-preview":"max-video-preview:-1"},"canonical":"https:\/\/www.new-humanity.org\/en\/projects\/sensibilisation-sur-les-secrets-de-la-poubelle\/","og_locale":"en_US","og_type":"article","og_title":"Sensibilisation sur les secrets de la poubelle | New Humanity","og_description":"Cotonou, Benin The project consists of educating students and housewives on waste sorting and reuse. &nbsp; &nbsp; &nbsp; Oc\u00e9ane Agbo-Panzo &nbsp; Mission","og_url":"https:\/\/www.new-humanity.org\/en\/projects\/sensibilisation-sur-les-secrets-de-la-poubelle\/","og_site_name":"New Humanity","article_modified_time":"2022-10-21T09:54:18+00:00","og_image":[{"url":"https:\/\/www.new-humanity.org\/wp-content\/uploads\/2022\/10\/Screen-Shot-2022-10-21-at-11.18.11-300x186.png"}],"twitter_card":"summary_large_image","twitter_misc":{"Est. reading time":"1 minute"},"schema":{"@context":"https:\/\/schema.org","@graph":[{"@type":"WebPage","@id":"https:\/\/www.new-humanity.org\/en\/projects\/sensibilisation-sur-les-secrets-de-la-poubelle\/","url":"https:\/\/www.new-humanity.org\/en\/projects\/sensibilisation-sur-les-secrets-de-la-poubelle\/","name":"Sensibilisation sur les secrets de la poubelle | New Humanity","isPartOf":{"@id":"https:\/\/www.new-humanity.org\/en\/#website"},"datePublished":"2022-10-21T07:46:07+00:00","dateModified":"2022-10-21T09:54:18+00:00","description":"Cotonou, Benin The project consists of educating students and housewives on waste sorting and reuse. &nbsp; &nbsp; &nbsp; Oc\u00e9ane Agbo-Panzo &nbsp; Mission","breadcrumb":{"@id":"https:\/\/www.new-humanity.org\/en\/projects\/sensibilisation-sur-les-secrets-de-la-poubelle\/#breadcrumb"},"inLanguage":"en-US","potentialAction":[{"@type":"ReadAction","target":["https:\/\/www.new-humanity.org\/en\/projects\/sensibilisation-sur-les-secrets-de-la-poubelle\/"]}]},{"@type":"BreadcrumbList","@id":"https:\/\/www.new-humanity.org\/en\/projects\/sensibilisation-sur-les-secrets-de-la-poubelle\/#breadcrumb","itemListElement":[{"@type":"ListItem","position":1,"name":"Home","item":"https:\/\/www.new-humanity.org\/en\/"},{"@type":"ListItem","position":2,"name":"Projects","item":"https:\/\/www.new-humanity.org\/en\/projects\/"},{"@type":"ListItem","position":3,"name":"Sensibilisation sur les secrets de la poubelle"}]},{"@type":"WebSite","@id":"https:\/\/www.new-humanity.org\/en\/#website","url":"https:\/\/www.new-humanity.org\/en\/","name":"New Humanity","description":"Per un mondo unito","publisher":{"@id":"https:\/\/www.new-humanity.org\/en\/#organization"},"potentialAction":[{"@type":"SearchAction","target":{"@type":"EntryPoint","urlTemplate":"https:\/\/www.new-humanity.org\/en\/?s={search_term_string}"},"query-input":"required name=search_term_string"}],"inLanguage":"en-US"},{"@type":"Organization","@id":"https:\/\/www.new-humanity.org\/en\/#organization","name":"New Humanity","url":"https:\/\/www.new-humanity.org\/en\/","logo":{"@type":"ImageObject","inLanguage":"en-US","@id":"https:\/\/www.new-humanity.org\/en\/#\/schema\/logo\/image\/","url":"https:\/\/www.new-humanity.org\/wp-content\/uploads\/2022\/01\/logo.jpg","contentUrl":"https:\/\/www.new-humanity.org\/wp-content\/uploads\/2022\/01\/logo.jpg","width":520,"height":128,"caption":"New Humanity"},"image":{"@id":"https:\/\/www.new-humanity.org\/en\/#\/schema\/logo\/image\/"}}]}},"_links":{"self":[{"href":"https:\/\/www.new-humanity.org\/en\/wp-json\/wp\/v2\/pages\/6236"}],"collection":[{"href":"https:\/\/www.new-humanity.org\/en\/wp-json\/wp\/v2\/pages"}],"about":[{"href":"https:\/\/www.new-humanity.org\/en\/wp-json\/wp\/v2\/types\/page"}],"author":[{"embeddable":true,"href":"https:\/\/www.new-humanity.org\/en\/wp-json\/wp\/v2\/users\/15"}],"replies":[{"embeddable":true,"href":"https:\/\/www.new-humanity.org\/en\/wp-json\/wp\/v2\/comments?post=6236"}],"version-history":[{"count":8,"href":"https:\/\/www.new-humanity.org\/en\/wp-json\/wp\/v2\/pages\/6236\/revisions"}],"predecessor-version":[{"id":6525,"href":"https:\/\/www.new-humanity.org\/en\/wp-json\/wp\/v2\/pages\/6236\/revisions\/6525"}],"up":[{"embeddable":true,"href":"https:\/\/www.new-humanity.org\/en\/wp-json\/wp\/v2\/pages\/645"}],"wp:attachment":[{"href":"https:\/\/www.new-humanity.org\/en\/wp-json\/wp\/v2\/media?parent=6236"}],"curies":[{"name":"wp","href":"https:\/\/api.w.org\/{rel}","templated":true}]}}