{"id":6248,"date":"2022-10-21T10:02:10","date_gmt":"2022-10-21T08:02:10","guid":{"rendered":"https:\/\/www.new-humanity.org\/?page_id=6248"},"modified":"2022-10-21T11:59:14","modified_gmt":"2022-10-21T09:59:14","slug":"el-pelicano-centro-de-recursos-ecologicos-para-la-educacion-en-la-primera-infancia","status":"publish","type":"page","link":"https:\/\/www.new-humanity.org\/en\/projects\/el-pelicano-centro-de-recursos-ecologicos-para-la-educacion-en-la-primera-infancia\/","title":{"rendered":"El Pel\u00edcano: centro de recursos ecol\u00f3gicos para la educaci\u00f3n en la primera infancia"},"content":{"rendered":"<h3 style=\"text-align: center;\"><img decoding=\"async\" loading=\"lazy\" class=\"aligncenter size-medium wp-image-6434\" src=\"https:\/\/www.new-humanity.org\/wp-content\/uploads\/2022\/10\/Screen-Shot-2022-10-21-at-11.10.43-300x189.png\" alt=\"\" width=\"300\" height=\"189\" srcset=\"https:\/\/www.new-humanity.org\/wp-content\/uploads\/2022\/10\/Screen-Shot-2022-10-21-at-11.10.43-300x189.png 300w, https:\/\/www.new-humanity.org\/wp-content\/uploads\/2022\/10\/Screen-Shot-2022-10-21-at-11.10.43-1024x647.png 1024w, https:\/\/www.new-humanity.org\/wp-content\/uploads\/2022\/10\/Screen-Shot-2022-10-21-at-11.10.43-768x485.png 768w, https:\/\/www.new-humanity.org\/wp-content\/uploads\/2022\/10\/Screen-Shot-2022-10-21-at-11.10.43.png 1463w\" sizes=\"(max-width: 300px) 100vw, 300px\" \/><\/h3>\n<h3 class=\"p1\" style=\"text-align: center;\"><strong>Montevideo, Uruguay<\/strong><\/h3>\n<p>Generate an educational ecological resource center in the Mariapolis Center &#8220;El Pel\u00edcano&#8221; with the participation of young people. The aim is to reach many families, through children and educational institutions, to disseminate the values of integral ecology with nature and human beings through a guided visit &#8211; workshop in 4 sectors: trails of native trees, stream &#8211; wetland, organic vegetable garden in small spaces and agroecological production of pecan nuts. The project aims to involve our young people so that they can be protagonists of the actions.<\/p>\n<p><img decoding=\"async\" loading=\"lazy\" class=\"alignleft wp-image-6371 size-thumbnail\" src=\"https:\/\/www.new-humanity.org\/wp-content\/uploads\/2022\/10\/Screen-Shot-2022-10-21-at-10.47.44-150x150.png\" alt=\"\" width=\"150\" height=\"150\" \/><\/p>\n<p>&nbsp;<\/p>\n<p>&nbsp;<\/p>\n<p>&nbsp;<\/p>\n<p><i><span style=\"font-weight: 400;\">Jorge Umpi\u00e9rrez<\/span><\/i><\/p>\n<p>&nbsp;<\/p>\n<h3 style=\"text-align: left;\"><strong>Mission<\/strong><\/h3>\n<p class=\"p1\">Generate alliances to achieve the objectives. Quality education. Critical thinking. Promote the development of health and well-being. Generate actions for the climate, the life of terrestrial ecosystems and clean water.<\/p>\n<h3 class=\"p1\" style=\"text-align: left;\"><strong>Main Goals<\/strong><\/h3>\n<ul>\n<li class=\"p1\">Reach out to many families, through children, to spread the values described above.<\/li>\n<li class=\"p1\">Involve our young people so that they can be protagonists of the actions.<\/li>\n<\/ul>\n<p style=\"text-align: right;\"><a href=\"https:\/\/www.new-humanity.org\/en\/projects\/carpinteria-reciclable-e-inclusion\/\">Next project &#x27a1;<\/a><\/p>\n<p style=\"text-align: center;\">This project is part of the Seed Funding Program.<\/p>\n<p><a href=\"https:\/\/www.new-humanity.org\/en\/project\/seed-funding-program\/\"><img decoding=\"async\" loading=\"lazy\" class=\"aligncenter size-medium wp-image-5937\" src=\"https:\/\/www.new-humanity.org\/wp-content\/uploads\/2020\/07\/SFP-300x175.png\" alt=\"\" width=\"300\" height=\"175\" srcset=\"https:\/\/www.new-humanity.org\/wp-content\/uploads\/2020\/07\/SFP-300x175.png 300w, https:\/\/www.new-humanity.org\/wp-content\/uploads\/2020\/07\/SFP-1024x597.png 1024w, https:\/\/www.new-humanity.org\/wp-content\/uploads\/2020\/07\/SFP-768x447.png 768w, https:\/\/www.new-humanity.org\/wp-content\/uploads\/2020\/07\/SFP.png 1198w\" sizes=\"(max-width: 300px) 100vw, 300px\" \/><\/a><\/p>\n","protected":false},"excerpt":{"rendered":"<p>Montevideo, Uruguay Generate an educational ecological resource center in the Mariapolis Center &#8220;El Pel\u00edcano&#8221; with the participation of young people. The aim is to reach many families, through children and educational institutions, to disseminate the values of integral ecology with nature and human beings through a guided visit &#8211; workshop in 4 sectors: trails of [&hellip;]<\/p>\n","protected":false},"author":15,"featured_media":0,"parent":645,"menu_order":0,"comment_status":"closed","ping_status":"closed","template":"inc\/progetti.php","meta":{"ngg_post_thumbnail":0,"footnotes":""},"acf":[],"yoast_head":"<!-- This site is optimized with the Yoast SEO plugin v21.9.1 - https:\/\/yoast.com\/wordpress\/plugins\/seo\/ -->\n<title>El Pel\u00edcano: centro de recursos ecol\u00f3gicos para la educaci\u00f3n en la primera infancia | New Humanity<\/title>\n<meta name=\"description\" content=\"Montevideo, Uruguay Generate an educational ecological resource center in the Mariapolis Center &quot;El Pel\u00edcano&quot; with the participation of young people. The\" \/>\n<meta name=\"robots\" content=\"index, follow, max-snippet:-1, max-image-preview:large, max-video-preview:-1\" \/>\n<link rel=\"canonical\" href=\"https:\/\/www.new-humanity.org\/en\/projects\/el-pelicano-centro-de-recursos-ecologicos-para-la-educacion-en-la-primera-infancia\/\" \/>\n<meta property=\"og:locale\" content=\"en_US\" \/>\n<meta property=\"og:type\" content=\"article\" \/>\n<meta property=\"og:title\" content=\"El Pel\u00edcano: centro de recursos ecol\u00f3gicos para la educaci\u00f3n en la primera infancia | New Humanity\" \/>\n<meta property=\"og:description\" content=\"Montevideo, Uruguay Generate an educational ecological resource center in the Mariapolis Center &quot;El Pel\u00edcano&quot; with the participation of young people. The\" \/>\n<meta property=\"og:url\" content=\"https:\/\/www.new-humanity.org\/en\/projects\/el-pelicano-centro-de-recursos-ecologicos-para-la-educacion-en-la-primera-infancia\/\" \/>\n<meta property=\"og:site_name\" content=\"New Humanity\" \/>\n<meta property=\"article:modified_time\" content=\"2022-10-21T09:59:14+00:00\" \/>\n<meta property=\"og:image\" content=\"https:\/\/www.new-humanity.org\/wp-content\/uploads\/2022\/10\/Screen-Shot-2022-10-21-at-11.10.43-300x189.png\" \/>\n<meta name=\"twitter:card\" content=\"summary_large_image\" \/>\n<meta name=\"twitter:label1\" content=\"Est. reading time\" \/>\n\t<meta name=\"twitter:data1\" content=\"2 minutes\" \/>\n<script type=\"application\/ld+json\" class=\"yoast-schema-graph\">{\"@context\":\"https:\/\/schema.org\",\"@graph\":[{\"@type\":\"WebPage\",\"@id\":\"https:\/\/www.new-humanity.org\/en\/projects\/el-pelicano-centro-de-recursos-ecologicos-para-la-educacion-en-la-primera-infancia\/\",\"url\":\"https:\/\/www.new-humanity.org\/en\/projects\/el-pelicano-centro-de-recursos-ecologicos-para-la-educacion-en-la-primera-infancia\/\",\"name\":\"El Pel\u00edcano: centro de recursos ecol\u00f3gicos para la educaci\u00f3n en la primera infancia | New Humanity\",\"isPartOf\":{\"@id\":\"https:\/\/www.new-humanity.org\/en\/#website\"},\"datePublished\":\"2022-10-21T08:02:10+00:00\",\"dateModified\":\"2022-10-21T09:59:14+00:00\",\"description\":\"Montevideo, Uruguay Generate an educational ecological resource center in the Mariapolis Center \\\"El Pel\u00edcano\\\" with the participation of young people. The\",\"breadcrumb\":{\"@id\":\"https:\/\/www.new-humanity.org\/en\/projects\/el-pelicano-centro-de-recursos-ecologicos-para-la-educacion-en-la-primera-infancia\/#breadcrumb\"},\"inLanguage\":\"en-US\",\"potentialAction\":[{\"@type\":\"ReadAction\",\"target\":[\"https:\/\/www.new-humanity.org\/en\/projects\/el-pelicano-centro-de-recursos-ecologicos-para-la-educacion-en-la-primera-infancia\/\"]}]},{\"@type\":\"BreadcrumbList\",\"@id\":\"https:\/\/www.new-humanity.org\/en\/projects\/el-pelicano-centro-de-recursos-ecologicos-para-la-educacion-en-la-primera-infancia\/#breadcrumb\",\"itemListElement\":[{\"@type\":\"ListItem\",\"position\":1,\"name\":\"Home\",\"item\":\"https:\/\/www.new-humanity.org\/en\/\"},{\"@type\":\"ListItem\",\"position\":2,\"name\":\"Projects\",\"item\":\"https:\/\/www.new-humanity.org\/en\/projects\/\"},{\"@type\":\"ListItem\",\"position\":3,\"name\":\"El Pel\u00edcano: centro de recursos ecol\u00f3gicos para la educaci\u00f3n en la primera infancia\"}]},{\"@type\":\"WebSite\",\"@id\":\"https:\/\/www.new-humanity.org\/en\/#website\",\"url\":\"https:\/\/www.new-humanity.org\/en\/\",\"name\":\"New Humanity\",\"description\":\"Per un mondo unito\",\"publisher\":{\"@id\":\"https:\/\/www.new-humanity.org\/en\/#organization\"},\"potentialAction\":[{\"@type\":\"SearchAction\",\"target\":{\"@type\":\"EntryPoint\",\"urlTemplate\":\"https:\/\/www.new-humanity.org\/en\/?s={search_term_string}\"},\"query-input\":\"required name=search_term_string\"}],\"inLanguage\":\"en-US\"},{\"@type\":\"Organization\",\"@id\":\"https:\/\/www.new-humanity.org\/en\/#organization\",\"name\":\"New Humanity\",\"url\":\"https:\/\/www.new-humanity.org\/en\/\",\"logo\":{\"@type\":\"ImageObject\",\"inLanguage\":\"en-US\",\"@id\":\"https:\/\/www.new-humanity.org\/en\/#\/schema\/logo\/image\/\",\"url\":\"https:\/\/www.new-humanity.org\/wp-content\/uploads\/2022\/01\/logo.jpg\",\"contentUrl\":\"https:\/\/www.new-humanity.org\/wp-content\/uploads\/2022\/01\/logo.jpg\",\"width\":520,\"height\":128,\"caption\":\"New Humanity\"},\"image\":{\"@id\":\"https:\/\/www.new-humanity.org\/en\/#\/schema\/logo\/image\/\"}}]}<\/script>\n<!-- \/ Yoast SEO plugin. -->","yoast_head_json":{"title":"El Pel\u00edcano: centro de recursos ecol\u00f3gicos para la educaci\u00f3n en la primera infancia | New Humanity","description":"Montevideo, Uruguay Generate an educational ecological resource center in the Mariapolis Center \"El Pel\u00edcano\" with the participation of young people. The","robots":{"index":"index","follow":"follow","max-snippet":"max-snippet:-1","max-image-preview":"max-image-preview:large","max-video-preview":"max-video-preview:-1"},"canonical":"https:\/\/www.new-humanity.org\/en\/projects\/el-pelicano-centro-de-recursos-ecologicos-para-la-educacion-en-la-primera-infancia\/","og_locale":"en_US","og_type":"article","og_title":"El Pel\u00edcano: centro de recursos ecol\u00f3gicos para la educaci\u00f3n en la primera infancia | New Humanity","og_description":"Montevideo, Uruguay Generate an educational ecological resource center in the Mariapolis Center \"El Pel\u00edcano\" with the participation of young people. The","og_url":"https:\/\/www.new-humanity.org\/en\/projects\/el-pelicano-centro-de-recursos-ecologicos-para-la-educacion-en-la-primera-infancia\/","og_site_name":"New Humanity","article_modified_time":"2022-10-21T09:59:14+00:00","og_image":[{"url":"https:\/\/www.new-humanity.org\/wp-content\/uploads\/2022\/10\/Screen-Shot-2022-10-21-at-11.10.43-300x189.png"}],"twitter_card":"summary_large_image","twitter_misc":{"Est. reading time":"2 minutes"},"schema":{"@context":"https:\/\/schema.org","@graph":[{"@type":"WebPage","@id":"https:\/\/www.new-humanity.org\/en\/projects\/el-pelicano-centro-de-recursos-ecologicos-para-la-educacion-en-la-primera-infancia\/","url":"https:\/\/www.new-humanity.org\/en\/projects\/el-pelicano-centro-de-recursos-ecologicos-para-la-educacion-en-la-primera-infancia\/","name":"El Pel\u00edcano: centro de recursos ecol\u00f3gicos para la educaci\u00f3n en la primera infancia | New Humanity","isPartOf":{"@id":"https:\/\/www.new-humanity.org\/en\/#website"},"datePublished":"2022-10-21T08:02:10+00:00","dateModified":"2022-10-21T09:59:14+00:00","description":"Montevideo, Uruguay Generate an educational ecological resource center in the Mariapolis Center \"El Pel\u00edcano\" with the participation of young people. The","breadcrumb":{"@id":"https:\/\/www.new-humanity.org\/en\/projects\/el-pelicano-centro-de-recursos-ecologicos-para-la-educacion-en-la-primera-infancia\/#breadcrumb"},"inLanguage":"en-US","potentialAction":[{"@type":"ReadAction","target":["https:\/\/www.new-humanity.org\/en\/projects\/el-pelicano-centro-de-recursos-ecologicos-para-la-educacion-en-la-primera-infancia\/"]}]},{"@type":"BreadcrumbList","@id":"https:\/\/www.new-humanity.org\/en\/projects\/el-pelicano-centro-de-recursos-ecologicos-para-la-educacion-en-la-primera-infancia\/#breadcrumb","itemListElement":[{"@type":"ListItem","position":1,"name":"Home","item":"https:\/\/www.new-humanity.org\/en\/"},{"@type":"ListItem","position":2,"name":"Projects","item":"https:\/\/www.new-humanity.org\/en\/projects\/"},{"@type":"ListItem","position":3,"name":"El Pel\u00edcano: centro de recursos ecol\u00f3gicos para la educaci\u00f3n en la primera infancia"}]},{"@type":"WebSite","@id":"https:\/\/www.new-humanity.org\/en\/#website","url":"https:\/\/www.new-humanity.org\/en\/","name":"New Humanity","description":"Per un mondo unito","publisher":{"@id":"https:\/\/www.new-humanity.org\/en\/#organization"},"potentialAction":[{"@type":"SearchAction","target":{"@type":"EntryPoint","urlTemplate":"https:\/\/www.new-humanity.org\/en\/?s={search_term_string}"},"query-input":"required name=search_term_string"}],"inLanguage":"en-US"},{"@type":"Organization","@id":"https:\/\/www.new-humanity.org\/en\/#organization","name":"New Humanity","url":"https:\/\/www.new-humanity.org\/en\/","logo":{"@type":"ImageObject","inLanguage":"en-US","@id":"https:\/\/www.new-humanity.org\/en\/#\/schema\/logo\/image\/","url":"https:\/\/www.new-humanity.org\/wp-content\/uploads\/2022\/01\/logo.jpg","contentUrl":"https:\/\/www.new-humanity.org\/wp-content\/uploads\/2022\/01\/logo.jpg","width":520,"height":128,"caption":"New Humanity"},"image":{"@id":"https:\/\/www.new-humanity.org\/en\/#\/schema\/logo\/image\/"}}]}},"_links":{"self":[{"href":"https:\/\/www.new-humanity.org\/en\/wp-json\/wp\/v2\/pages\/6248"}],"collection":[{"href":"https:\/\/www.new-humanity.org\/en\/wp-json\/wp\/v2\/pages"}],"about":[{"href":"https:\/\/www.new-humanity.org\/en\/wp-json\/wp\/v2\/types\/page"}],"author":[{"embeddable":true,"href":"https:\/\/www.new-humanity.org\/en\/wp-json\/wp\/v2\/users\/15"}],"replies":[{"embeddable":true,"href":"https:\/\/www.new-humanity.org\/en\/wp-json\/wp\/v2\/comments?post=6248"}],"version-history":[{"count":7,"href":"https:\/\/www.new-humanity.org\/en\/wp-json\/wp\/v2\/pages\/6248\/revisions"}],"predecessor-version":[{"id":6534,"href":"https:\/\/www.new-humanity.org\/en\/wp-json\/wp\/v2\/pages\/6248\/revisions\/6534"}],"up":[{"embeddable":true,"href":"https:\/\/www.new-humanity.org\/en\/wp-json\/wp\/v2\/pages\/645"}],"wp:attachment":[{"href":"https:\/\/www.new-humanity.org\/en\/wp-json\/wp\/v2\/media?parent=6248"}],"curies":[{"name":"wp","href":"https:\/\/api.w.org\/{rel}","templated":true}]}}