{"id":6486,"date":"2022-10-21T11:36:00","date_gmt":"2022-10-21T09:36:00","guid":{"rendered":"https:\/\/www.new-humanity.org\/?page_id=6486"},"modified":"2025-04-15T14:28:15","modified_gmt":"2025-04-15T12:28:15","slug":"seed-funding-program-projects","status":"publish","type":"page","link":"https:\/\/www.new-humanity.org\/en\/projects\/seed-funding-program-projects\/","title":{"rendered":"Seed Funding Program Projects"},"content":{"rendered":"<h3><b>1st edition &#8211; 2021\/2023<\/b><\/h3>\n<p>The program aimed to support and encourage meaningful youth-led and intergenerational initiatives in different parts of the world to create local ecological plans for people and the planet within Focolare communities. During 2022 and 2023, the SFP supported 15 projects to implement their actions in 4 continents: from the Philippines all the way to Argentina, the initiatives were all different and unique.&nbsp;<\/p>\n<p><strong><a href=\"https:\/\/drive.google.com\/file\/d\/1IKOnDgJ9yBr2wN0z_fxesOEgldXr8Qy3\/view?usp=sharing\" target=\"_blank\" rel=\"noopener\">&#x27a1;&#xfe0f; Read a brief report of the SFP and the projects selected in 2021-2023<\/a><\/strong><\/p>\n<p><strong>Project selection:<\/strong> We received <a href=\"https:\/\/drive.google.com\/file\/d\/1fGcjm-gtfT7uKu9uw2yiT1V9MROyZCa3\/view?usp=sharing\">33 project submissions<\/a> and <a href=\"https:\/\/drive.google.com\/file\/d\/1H9A6B0uk7Ajm4cgX_vSaHRcAuMPAGxNU\/view?usp=sharing\">15 projects<\/a> were selected to receive the <span style=\"font-weight: 400;\">micro-financing. <\/span><span style=\"font-weight: 400;\">Check out where are they from:<\/span><\/p>\n<div class=\"padlet-embed\" style=\"border: 1px solid rgba(0,0,0,0.1); border-radius: 2px; box-sizing: border-box; overflow: hidden; position: relative; width: 100%; background: #F4F4F4;\">\n<p style=\"padding: 0; margin: 0;\"><iframe style=\"width: 100%; height: 608px; display: block; padding: 0; margin: 0;\" src=\"https:\/\/padlet.com\/embed\/zdeafhalte0tjl1d\" frameborder=\"0\" data-mce-fragment=\"1\"><\/iframe><\/p>\n<div style=\"display: flex; align-items: center; justify-content: end; margin: 0; height: 28px;\">\n<p>&nbsp;<\/p>\n<div style=\"display: flex; align-items: center;\"><img decoding=\"async\" loading=\"lazy\" style=\"padding: 0; margin: 0; background: 0 0; border: none; box-shadow: none;\" src=\"https:\/\/padlet.net\/embeds\/made_with_padlet_2022.png\" alt=\"Made with Padlet\" width=\"114\" height=\"28\"><\/div>\n<p>&nbsp;<\/p>\n<\/div>\n<\/div>\n<p>&nbsp;<\/p>\n<h3><b>Get to know more about each selected project!<\/b><\/h3>\n<p>&nbsp;<\/p>\n<h4 style=\"text-align: left;\"><strong>Asia<\/strong><\/h4>\n<p>&#x1f1f5;&#x1f1ed; <a href=\"https:\/\/www.new-humanity.org\/en\/projects\/focolare-local-community-aklan-integral-ecology-project\/\">Philippines: Focolare Local Community Aklan Integral Ecology Project<\/a><\/p>\n<p>&#x1f1ee;&#x1f1f3; <a href=\"https:\/\/www.new-humanity.org\/en\/projects\/thalir\/\">India: Thalir<\/a><\/p>\n<p>&nbsp;<\/p>\n<h4 style=\"text-align: left;\"><strong>Africa<\/strong><\/h4>\n<p>&#x1f1e8;&#x1f1f2; <a href=\"https:\/\/www.new-humanity.org\/en\/projects\/nouvelle-terre-des-hommes-nth\/\">Cameroon: Nouvelle Terre des Hommes (NTH)<\/a><\/p>\n<p>&#x1f1e7;&#x1f1ef; <a href=\"https:\/\/www.new-humanity.org\/en\/projects\/sensibilisation-sur-les-secrets-de-la-poubelle\/\">Benin: Sensibilisation sur les secrets de la poubelle<\/a><\/p>\n<p>&#x1f1f9;&#x1f1ec; <a href=\"https:\/\/www.new-humanity.org\/en\/projects\/diminuer-lusage-abusive-des-sachet-plastique\/\">Togo: Diminuer l\u2019usage abusive des sachet plastique<\/a><\/p>\n<p>&nbsp;<\/p>\n<h4 style=\"text-align: left;\"><strong>Europe<\/strong><\/h4>\n<p>&#x1f1e8;&#x1f1ed;<a href=\"https:\/\/www.new-humanity.org\/en\/projects\/giardino-di-foco-faith-plan\/\">Switzerland: Giardino di Foco Faith Plan<\/a><\/p>\n<p>&nbsp;<\/p>\n<h4 style=\"text-align: left;\"><strong>Latin America<\/strong><\/h4>\n<p>&#x1f1f2;&#x1f1fd;<a href=\"https:\/\/www.new-humanity.org\/en\/projects\/ecoterapia-hidroponica-san-benito-rehabilitacion-sustentable-en-clave-de-fraternidad\/\"> Mexico: Ecoterapia Hidrop\u00f3nica San Benito: Rehabilitaci\u00f3n sustentable, en clave de fraternidad<\/a><\/p>\n<p>&#x1f1e8;&#x1f1f4; <a href=\"https:\/\/www.new-humanity.org\/en\/projects\/ideas-que-hacen-eco\/\">Colombia: Ideas que hacen Eco<\/a><\/p>\n<p>&#x1f1e7;&#x1f1f7; <a href=\"https:\/\/www.new-humanity.org\/en\/projects\/mariapolis-gloria-lixo-zero\/\">Brazil: Lixo Zero &#8211; Mari\u00e1polis Gl\u00f3ria<\/a><\/p>\n<p>&#x1f1e7;&#x1f1f7; <a href=\"https:\/\/www.new-humanity.org\/en\/projects\/reuso-agricola-de-esgoto-domestico-para-casa-de-recuperacao-da-comunidade-catolica-boa-nova\/\">Brazil: Re\u00faso agr\u00edcola de esgoto dom\u00e9stico para casa de recupera\u00e7\u00e3o da Comunidade Cat\u00f3lica Boa Nova<\/a><\/p>\n<p>&#x1f1e7;&#x1f1f7; <a href=\"https:\/\/www.new-humanity.org\/en\/projects\/reciclar-se-plantando-sementes\/\">Brazil: Reciclar-se, plantando sementes<\/a><\/p>\n<p>&#x1f1f5;&#x1f1fe; <a href=\"https:\/\/www.new-humanity.org\/en\/projects\/basura-cero-centro-mariapolis-maria-madre-de-la-humanindad\/\">Paraguay: Basura Cero &#8211; Centro Mari\u00e1polis Maria Madre de la Humanindad<\/a><\/p>\n<p>&#x1f1fa;&#x1f1fe; <a href=\"https:\/\/www.new-humanity.org\/en\/projects\/el-pelicano-centro-de-recursos-ecologicos-para-la-educacion-en-la-primera-infancia\/\">Uruguay: El Pel\u00edcano: centro de recursos ecol\u00f3gicos para la educaci\u00f3n en la primera infancia<\/a><\/p>\n<p>&#x1f1e6;&#x1f1f7; <a href=\"https:\/\/www.new-humanity.org\/en\/projects\/carpinteria-reciclable-e-inclusion\/\">Argentina: Carpinter\u00eda reciclable e inclusi\u00f3n<\/a><\/p>\n<p>&#x1f1e6;&#x1f1f7;<a href=\"https:\/\/www.new-humanity.org\/en\/projects\/transformando-mi-ciudad-con-pequenas-acciones\/\"> Argentina: Transformando mi ciudad con peque\u00f1as acciones<\/a><\/p>\n<p>&nbsp;<\/p>\n<p><span style=\"font-weight: 400;\">For more information, feel free to contact us at <\/span><a href=\"mailto:ecoplan@focolare.org\"><span style=\"font-weight: 400;\">ecoplan@focolare.org<\/span><\/a><\/p>\n<p><span style=\"font-weight: 400;\">More information about the Faith Plan for People and Planet at <\/span><a href=\"https:\/\/www.faithplans.org\/\"><span style=\"font-weight: 400;\">https:\/\/www.faithplans.org\/<\/span><\/a><\/p>\n<p>&nbsp;<\/p>\n<p><a href=\"https:\/\/www.new-humanity.org\/en\/project\/seed-funding-program\/\"><img decoding=\"async\" loading=\"lazy\" class=\"aligncenter wp-image-5937 \" src=\"https:\/\/www.new-humanity.org\/wp-content\/uploads\/2020\/07\/SFP-300x175.png\" alt=\"\" width=\"218\" height=\"128\" srcset=\"https:\/\/www.new-humanity.org\/wp-content\/uploads\/2020\/07\/SFP-300x175.png 300w, https:\/\/www.new-humanity.org\/wp-content\/uploads\/2020\/07\/SFP-1024x597.png 1024w, https:\/\/www.new-humanity.org\/wp-content\/uploads\/2020\/07\/SFP-768x447.png 768w, https:\/\/www.new-humanity.org\/wp-content\/uploads\/2020\/07\/SFP.png 1198w\" sizes=\"(max-width: 218px) 100vw, 218px\" \/><\/a><\/p>\n<p><img decoding=\"async\" loading=\"lazy\" class=\"aligncenter wp-image-6547 size-large\" src=\"https:\/\/www.new-humanity.org\/wp-content\/uploads\/2022\/10\/Screen-Shot-2022-10-21-at-12.11.37-1024x163.png\" alt=\"\" width=\"1024\" height=\"163\" srcset=\"https:\/\/www.new-humanity.org\/wp-content\/uploads\/2022\/10\/Screen-Shot-2022-10-21-at-12.11.37-1024x163.png 1024w, https:\/\/www.new-humanity.org\/wp-content\/uploads\/2022\/10\/Screen-Shot-2022-10-21-at-12.11.37-300x48.png 300w, https:\/\/www.new-humanity.org\/wp-content\/uploads\/2022\/10\/Screen-Shot-2022-10-21-at-12.11.37-768x122.png 768w, https:\/\/www.new-humanity.org\/wp-content\/uploads\/2022\/10\/Screen-Shot-2022-10-21-at-12.11.37-1536x245.png 1536w, https:\/\/www.new-humanity.org\/wp-content\/uploads\/2022\/10\/Screen-Shot-2022-10-21-at-12.11.37.png 1777w\" sizes=\"(max-width: 1024px) 100vw, 1024px\" \/><\/p>\n","protected":false},"excerpt":{"rendered":"<p>1st edition &#8211; 2021\/2023 The program aimed to support and encourage meaningful youth-led and intergenerational initiatives in different parts of the world to create local ecological plans for people and the planet within Focolare communities. During 2022 and 2023, the SFP supported 15 projects to implement their actions in 4 continents: from the Philippines all [&hellip;]<\/p>\n","protected":false},"author":15,"featured_media":0,"parent":645,"menu_order":0,"comment_status":"closed","ping_status":"closed","template":"inc\/progetti.php","meta":{"ngg_post_thumbnail":0,"footnotes":""},"acf":[],"yoast_head":"<!-- This site is optimized with the Yoast SEO plugin v21.9.1 - https:\/\/yoast.com\/wordpress\/plugins\/seo\/ -->\n<title>Seed Funding Program Projects | New Humanity<\/title>\n<meta name=\"description\" content=\"1st edition - 2021\/2023 The program aimed to support and encourage meaningful youth-led and intergenerational initiatives in different parts of the world\" \/>\n<meta name=\"robots\" content=\"index, follow, max-snippet:-1, max-image-preview:large, max-video-preview:-1\" \/>\n<link rel=\"canonical\" href=\"https:\/\/www.new-humanity.org\/en\/projects\/seed-funding-program-projects\/\" \/>\n<meta property=\"og:locale\" content=\"en_US\" \/>\n<meta property=\"og:type\" content=\"article\" \/>\n<meta property=\"og:title\" content=\"Seed Funding Program Projects | New Humanity\" \/>\n<meta property=\"og:description\" content=\"1st edition - 2021\/2023 The program aimed to support and encourage meaningful youth-led and intergenerational initiatives in different parts of the world\" \/>\n<meta property=\"og:url\" content=\"https:\/\/www.new-humanity.org\/en\/projects\/seed-funding-program-projects\/\" \/>\n<meta property=\"og:site_name\" content=\"New Humanity\" \/>\n<meta property=\"article:modified_time\" content=\"2025-04-15T12:28:15+00:00\" \/>\n<meta property=\"og:image\" content=\"https:\/\/padlet.net\/embeds\/made_with_padlet_2022.png\" \/>\n<meta name=\"twitter:card\" content=\"summary_large_image\" \/>\n<meta name=\"twitter:label1\" content=\"Est. reading time\" \/>\n\t<meta name=\"twitter:data1\" content=\"3 minutes\" \/>\n<script type=\"application\/ld+json\" class=\"yoast-schema-graph\">{\"@context\":\"https:\/\/schema.org\",\"@graph\":[{\"@type\":\"WebPage\",\"@id\":\"https:\/\/www.new-humanity.org\/en\/projects\/seed-funding-program-projects\/\",\"url\":\"https:\/\/www.new-humanity.org\/en\/projects\/seed-funding-program-projects\/\",\"name\":\"Seed Funding Program Projects | New Humanity\",\"isPartOf\":{\"@id\":\"https:\/\/www.new-humanity.org\/en\/#website\"},\"datePublished\":\"2022-10-21T09:36:00+00:00\",\"dateModified\":\"2025-04-15T12:28:15+00:00\",\"description\":\"1st edition - 2021\/2023 The program aimed to support and encourage meaningful youth-led and intergenerational initiatives in different parts of the world\",\"breadcrumb\":{\"@id\":\"https:\/\/www.new-humanity.org\/en\/projects\/seed-funding-program-projects\/#breadcrumb\"},\"inLanguage\":\"en-US\",\"potentialAction\":[{\"@type\":\"ReadAction\",\"target\":[\"https:\/\/www.new-humanity.org\/en\/projects\/seed-funding-program-projects\/\"]}]},{\"@type\":\"BreadcrumbList\",\"@id\":\"https:\/\/www.new-humanity.org\/en\/projects\/seed-funding-program-projects\/#breadcrumb\",\"itemListElement\":[{\"@type\":\"ListItem\",\"position\":1,\"name\":\"Home\",\"item\":\"https:\/\/www.new-humanity.org\/en\/\"},{\"@type\":\"ListItem\",\"position\":2,\"name\":\"Projects\",\"item\":\"https:\/\/www.new-humanity.org\/en\/projects\/\"},{\"@type\":\"ListItem\",\"position\":3,\"name\":\"Seed Funding Program Projects\"}]},{\"@type\":\"WebSite\",\"@id\":\"https:\/\/www.new-humanity.org\/en\/#website\",\"url\":\"https:\/\/www.new-humanity.org\/en\/\",\"name\":\"New Humanity\",\"description\":\"Per un mondo unito\",\"publisher\":{\"@id\":\"https:\/\/www.new-humanity.org\/en\/#organization\"},\"potentialAction\":[{\"@type\":\"SearchAction\",\"target\":{\"@type\":\"EntryPoint\",\"urlTemplate\":\"https:\/\/www.new-humanity.org\/en\/?s={search_term_string}\"},\"query-input\":\"required name=search_term_string\"}],\"inLanguage\":\"en-US\"},{\"@type\":\"Organization\",\"@id\":\"https:\/\/www.new-humanity.org\/en\/#organization\",\"name\":\"New Humanity\",\"url\":\"https:\/\/www.new-humanity.org\/en\/\",\"logo\":{\"@type\":\"ImageObject\",\"inLanguage\":\"en-US\",\"@id\":\"https:\/\/www.new-humanity.org\/en\/#\/schema\/logo\/image\/\",\"url\":\"https:\/\/www.new-humanity.org\/wp-content\/uploads\/2022\/01\/logo.jpg\",\"contentUrl\":\"https:\/\/www.new-humanity.org\/wp-content\/uploads\/2022\/01\/logo.jpg\",\"width\":520,\"height\":128,\"caption\":\"New Humanity\"},\"image\":{\"@id\":\"https:\/\/www.new-humanity.org\/en\/#\/schema\/logo\/image\/\"}}]}<\/script>\n<!-- \/ Yoast SEO plugin. -->","yoast_head_json":{"title":"Seed Funding Program Projects | New Humanity","description":"1st edition - 2021\/2023 The program aimed to support and encourage meaningful youth-led and intergenerational initiatives in different parts of the world","robots":{"index":"index","follow":"follow","max-snippet":"max-snippet:-1","max-image-preview":"max-image-preview:large","max-video-preview":"max-video-preview:-1"},"canonical":"https:\/\/www.new-humanity.org\/en\/projects\/seed-funding-program-projects\/","og_locale":"en_US","og_type":"article","og_title":"Seed Funding Program Projects | New Humanity","og_description":"1st edition - 2021\/2023 The program aimed to support and encourage meaningful youth-led and intergenerational initiatives in different parts of the world","og_url":"https:\/\/www.new-humanity.org\/en\/projects\/seed-funding-program-projects\/","og_site_name":"New Humanity","article_modified_time":"2025-04-15T12:28:15+00:00","og_image":[{"url":"https:\/\/padlet.net\/embeds\/made_with_padlet_2022.png"}],"twitter_card":"summary_large_image","twitter_misc":{"Est. reading time":"3 minutes"},"schema":{"@context":"https:\/\/schema.org","@graph":[{"@type":"WebPage","@id":"https:\/\/www.new-humanity.org\/en\/projects\/seed-funding-program-projects\/","url":"https:\/\/www.new-humanity.org\/en\/projects\/seed-funding-program-projects\/","name":"Seed Funding Program Projects | New Humanity","isPartOf":{"@id":"https:\/\/www.new-humanity.org\/en\/#website"},"datePublished":"2022-10-21T09:36:00+00:00","dateModified":"2025-04-15T12:28:15+00:00","description":"1st edition - 2021\/2023 The program aimed to support and encourage meaningful youth-led and intergenerational initiatives in different parts of the world","breadcrumb":{"@id":"https:\/\/www.new-humanity.org\/en\/projects\/seed-funding-program-projects\/#breadcrumb"},"inLanguage":"en-US","potentialAction":[{"@type":"ReadAction","target":["https:\/\/www.new-humanity.org\/en\/projects\/seed-funding-program-projects\/"]}]},{"@type":"BreadcrumbList","@id":"https:\/\/www.new-humanity.org\/en\/projects\/seed-funding-program-projects\/#breadcrumb","itemListElement":[{"@type":"ListItem","position":1,"name":"Home","item":"https:\/\/www.new-humanity.org\/en\/"},{"@type":"ListItem","position":2,"name":"Projects","item":"https:\/\/www.new-humanity.org\/en\/projects\/"},{"@type":"ListItem","position":3,"name":"Seed Funding Program Projects"}]},{"@type":"WebSite","@id":"https:\/\/www.new-humanity.org\/en\/#website","url":"https:\/\/www.new-humanity.org\/en\/","name":"New Humanity","description":"Per un mondo unito","publisher":{"@id":"https:\/\/www.new-humanity.org\/en\/#organization"},"potentialAction":[{"@type":"SearchAction","target":{"@type":"EntryPoint","urlTemplate":"https:\/\/www.new-humanity.org\/en\/?s={search_term_string}"},"query-input":"required name=search_term_string"}],"inLanguage":"en-US"},{"@type":"Organization","@id":"https:\/\/www.new-humanity.org\/en\/#organization","name":"New Humanity","url":"https:\/\/www.new-humanity.org\/en\/","logo":{"@type":"ImageObject","inLanguage":"en-US","@id":"https:\/\/www.new-humanity.org\/en\/#\/schema\/logo\/image\/","url":"https:\/\/www.new-humanity.org\/wp-content\/uploads\/2022\/01\/logo.jpg","contentUrl":"https:\/\/www.new-humanity.org\/wp-content\/uploads\/2022\/01\/logo.jpg","width":520,"height":128,"caption":"New Humanity"},"image":{"@id":"https:\/\/www.new-humanity.org\/en\/#\/schema\/logo\/image\/"}}]}},"_links":{"self":[{"href":"https:\/\/www.new-humanity.org\/en\/wp-json\/wp\/v2\/pages\/6486"}],"collection":[{"href":"https:\/\/www.new-humanity.org\/en\/wp-json\/wp\/v2\/pages"}],"about":[{"href":"https:\/\/www.new-humanity.org\/en\/wp-json\/wp\/v2\/types\/page"}],"author":[{"embeddable":true,"href":"https:\/\/www.new-humanity.org\/en\/wp-json\/wp\/v2\/users\/15"}],"replies":[{"embeddable":true,"href":"https:\/\/www.new-humanity.org\/en\/wp-json\/wp\/v2\/comments?post=6486"}],"version-history":[{"count":8,"href":"https:\/\/www.new-humanity.org\/en\/wp-json\/wp\/v2\/pages\/6486\/revisions"}],"predecessor-version":[{"id":10930,"href":"https:\/\/www.new-humanity.org\/en\/wp-json\/wp\/v2\/pages\/6486\/revisions\/10930"}],"up":[{"embeddable":true,"href":"https:\/\/www.new-humanity.org\/en\/wp-json\/wp\/v2\/pages\/645"}],"wp:attachment":[{"href":"https:\/\/www.new-humanity.org\/en\/wp-json\/wp\/v2\/media?parent=6486"}],"curies":[{"name":"wp","href":"https:\/\/api.w.org\/{rel}","templated":true}]}}