{"id":11049,"date":"2025-05-14T16:04:43","date_gmt":"2025-05-14T14:04:43","guid":{"rendered":"https:\/\/www.new-humanity.org\/?page_id=11049"},"modified":"2025-05-14T16:38:26","modified_gmt":"2025-05-14T14:38:26","slug":"partenariats-pour-la-fraternite-humaine","status":"publish","type":"page","link":"https:\/\/www.new-humanity.org\/es\/ambitos\/partenariats-pour-la-fraternite-humaine\/","title":{"rendered":"Alianzas por la Fraternidad Humana"},"content":{"rendered":"<p data-start=\"6827\" data-end=\"7276\"><img decoding=\"async\" loading=\"lazy\" class=\"aligncenter wp-image-11033 size-large\" src=\"https:\/\/www.new-humanity.org\/wp-content\/uploads\/2025\/05\/2cdbb3d5-ed92-4c6d-a95f-01bca96f740a-1024x641.jpg\" alt=\"\" width=\"1024\" height=\"641\" srcset=\"https:\/\/www.new-humanity.org\/wp-content\/uploads\/2025\/05\/2cdbb3d5-ed92-4c6d-a95f-01bca96f740a-1024x641.jpg 1024w, https:\/\/www.new-humanity.org\/wp-content\/uploads\/2025\/05\/2cdbb3d5-ed92-4c6d-a95f-01bca96f740a-300x188.jpg 300w, https:\/\/www.new-humanity.org\/wp-content\/uploads\/2025\/05\/2cdbb3d5-ed92-4c6d-a95f-01bca96f740a-768x481.jpg 768w, https:\/\/www.new-humanity.org\/wp-content\/uploads\/2025\/05\/2cdbb3d5-ed92-4c6d-a95f-01bca96f740a.jpg 1257w\" sizes=\"(max-width: 1024px) 100vw, 1024px\" \/><\/p>\n<p class=\"\" data-start=\"40\" data-end=\"489\">New Humanity cree que las alianzas basadas en el respeto mutuo y en valores compartidos son esenciales para construir un mundo unido. Promueve la colaboraci\u00f3n entre organizaciones, instituciones y comunidades comprometidas con la promoci\u00f3n de la fraternidad humana, la solidaridad y la cohesi\u00f3n social. Al trabajar juntas, estas alianzas fortalecen los esfuerzos para afrontar los desaf\u00edos globales y fomentar una cultura de di\u00e1logo, paz y justicia.<\/p>\n<p class=\"\" data-start=\"491\" data-end=\"998\">New Humanity apoya activamente y co-desarrolla proyectos internacionales que fomentan el di\u00e1logo y la cooperaci\u00f3n entre distintos sectores de la sociedad. Facilita sinergias entre ONG, instituciones acad\u00e9micas y organizaciones religiosas y civiles para implementar iniciativas centradas en la educaci\u00f3n, el desarrollo sostenible y el di\u00e1logo intercultural. A trav\u00e9s de sus redes y alianzas, New Humanity promueve acciones concretas que encarnan los principios de unidad y fraternidad a nivel local y global.<\/p>\n<p class=\"\" data-start=\"7776\" data-end=\"7796\"><strong>Temas abordados:<\/strong><\/p>\n<ul>\n<li data-leveltext=\"\uf0b7\" data-font=\"Symbol\" data-listid=\"14\" data-list-defn-props=\"{&quot;335552541&quot;:1,&quot;335559685&quot;:720,&quot;335559991&quot;:360,&quot;469769226&quot;:&quot;Symbol&quot;,&quot;469769242&quot;:[8226],&quot;469777803&quot;:&quot;left&quot;,&quot;469777804&quot;:&quot;\uf0b7&quot;,&quot;469777815&quot;:&quot;hybridMultilevel&quot;}\" aria-setsize=\"-1\" data-aria-posinset=\"1\" data-aria-level=\"1\"><span data-ccp-props=\"{}\">Colaboraci\u00f3n entre ONG (ODS 16, 17)<\/span><\/li>\n<\/ul>\n<ul>\n<li data-leveltext=\"\uf0b7\" data-font=\"Symbol\" data-listid=\"14\" data-list-defn-props=\"{&quot;335552541&quot;:1,&quot;335559685&quot;:720,&quot;335559991&quot;:360,&quot;469769226&quot;:&quot;Symbol&quot;,&quot;469769242&quot;:[8226],&quot;469777803&quot;:&quot;left&quot;,&quot;469777804&quot;:&quot;\uf0b7&quot;,&quot;469777815&quot;:&quot;hybridMultilevel&quot;}\" aria-setsize=\"-1\" data-aria-posinset=\"2\" data-aria-level=\"1\"><span data-contrast=\"none\"><a href=\"https:\/\/www.new-humanity.org\/es\/proyectos\/\" target=\"_blank\" rel=\"noopener\">Proyectos<\/a> (SDG 3, 4, 11, 16, 17)<\/span><span data-ccp-props=\"{}\">&nbsp;<\/span><\/li>\n<\/ul>\n<p class=\"\" data-start=\"7871\" data-end=\"7893\"><strong>Estatus consultivo:<\/strong><\/p>\n<ul data-start=\"7895\" data-end=\"7919\">\n<li class=\"\" data-start=\"7895\" data-end=\"7919\"><strong><a href=\"http:\/\/ecosoc.un.org\" target=\"_blank\" rel=\"noopener\">ECOSOC<\/a>&nbsp;<\/strong><\/li>\n<\/ul>\n<p class=\"\" data-start=\"7921\" data-end=\"7938\"><strong>Alianzas:<\/strong><\/p>\n<ul>\n<li><strong><a href=\"http:\/\/www.mppu.org\" target=\"_blank\" rel=\"noopener\">Politics for Unity Movement<\/a>&nbsp;<\/strong><\/li>\n<li><strong><a href=\"http:\/\/ngo-unesco.net\" target=\"_blank\" rel=\"noopener\">Comit\u00e9 de Enlace ONG-UNESCO <\/a><\/strong><\/li>\n<li><strong><a href=\"https:\/\/www.foruminternational.org\/\" target=\"_blank\" rel=\"noopener\">Foro Internacional de ONG de inspiraci\u00f3n cat\u00f3lica<\/a><\/strong><\/li>\n<li><strong><a href=\"http:\/\/www.unitedworldproject.org\" target=\"_blank\" rel=\"noopener\">United World Project<\/a>&nbsp;<\/strong><\/li>\n<li><strong><a href=\"http:\/\/togetherforanewafrica.org\" target=\"_blank\" rel=\"noopener\">Together for a New Africa<\/a><\/strong><\/li>\n<\/ul>\n","protected":false},"excerpt":{"rendered":"<p>New Humanity cree que las alianzas basadas en el respeto mutuo y en valores compartidos son esenciales para construir un mundo unido. Promueve la colaboraci\u00f3n entre organizaciones, instituciones y comunidades comprometidas con la promoci\u00f3n de la fraternidad humana, la solidaridad y la cohesi\u00f3n social. Al trabajar juntas, estas alianzas fortalecen los esfuerzos para afrontar los [&hellip;]<\/p>\n","protected":false},"author":15,"featured_media":0,"parent":4330,"menu_order":5,"comment_status":"closed","ping_status":"closed","template":"","meta":{"ngg_post_thumbnail":0,"footnotes":""},"acf":[],"yoast_head":"<!-- This site is optimized with the Yoast SEO plugin v21.9.1 - https:\/\/yoast.com\/wordpress\/plugins\/seo\/ -->\n<title>Alianzas por la Fraternidad Humana | New Humanity<\/title>\n<meta name=\"description\" content=\"New Humanity cree que las alianzas basadas en el respeto mutuo y en valores compartidos son esenciales para construir un mundo unido. Promueve la\" \/>\n<meta name=\"robots\" content=\"index, follow, max-snippet:-1, max-image-preview:large, max-video-preview:-1\" \/>\n<link rel=\"canonical\" href=\"https:\/\/www.new-humanity.org\/es\/ambitos\/partenariats-pour-la-fraternite-humaine\/\" \/>\n<meta property=\"og:locale\" content=\"es_ES\" \/>\n<meta property=\"og:type\" content=\"article\" \/>\n<meta property=\"og:title\" content=\"Alianzas por la Fraternidad Humana | New Humanity\" \/>\n<meta property=\"og:description\" content=\"New Humanity cree que las alianzas basadas en el respeto mutuo y en valores compartidos son esenciales para construir un mundo unido. Promueve la\" \/>\n<meta property=\"og:url\" content=\"https:\/\/www.new-humanity.org\/es\/ambitos\/partenariats-pour-la-fraternite-humaine\/\" \/>\n<meta property=\"og:site_name\" content=\"New Humanity\" \/>\n<meta property=\"article:modified_time\" content=\"2025-05-14T14:38:26+00:00\" \/>\n<meta property=\"og:image\" content=\"https:\/\/www.new-humanity.org\/wp-content\/uploads\/2025\/05\/2cdbb3d5-ed92-4c6d-a95f-01bca96f740a-1024x641.jpg\" \/>\n<meta name=\"twitter:card\" content=\"summary_large_image\" \/>\n<meta name=\"twitter:label1\" content=\"Est. reading time\" \/>\n\t<meta name=\"twitter:data1\" content=\"2 minutes\" \/>\n<script type=\"application\/ld+json\" class=\"yoast-schema-graph\">{\"@context\":\"https:\/\/schema.org\",\"@graph\":[{\"@type\":\"WebPage\",\"@id\":\"https:\/\/www.new-humanity.org\/es\/ambitos\/partenariats-pour-la-fraternite-humaine\/\",\"url\":\"https:\/\/www.new-humanity.org\/es\/ambitos\/partenariats-pour-la-fraternite-humaine\/\",\"name\":\"Alianzas por la Fraternidad Humana | New Humanity\",\"isPartOf\":{\"@id\":\"https:\/\/www.new-humanity.org\/es\/#website\"},\"datePublished\":\"2025-05-14T14:04:43+00:00\",\"dateModified\":\"2025-05-14T14:38:26+00:00\",\"description\":\"New Humanity cree que las alianzas basadas en el respeto mutuo y en valores compartidos son esenciales para construir un mundo unido. Promueve la\",\"breadcrumb\":{\"@id\":\"https:\/\/www.new-humanity.org\/es\/ambitos\/partenariats-pour-la-fraternite-humaine\/#breadcrumb\"},\"inLanguage\":\"es-ES\",\"potentialAction\":[{\"@type\":\"ReadAction\",\"target\":[\"https:\/\/www.new-humanity.org\/es\/ambitos\/partenariats-pour-la-fraternite-humaine\/\"]}]},{\"@type\":\"BreadcrumbList\",\"@id\":\"https:\/\/www.new-humanity.org\/es\/ambitos\/partenariats-pour-la-fraternite-humaine\/#breadcrumb\",\"itemListElement\":[{\"@type\":\"ListItem\",\"position\":1,\"name\":\"Home\",\"item\":\"https:\/\/www.new-humanity.org\/es\/\"},{\"@type\":\"ListItem\",\"position\":2,\"name\":\"Ambitos de intervenci\u00f3n\",\"item\":\"https:\/\/www.new-humanity.org\/es\/ambitos\/\"},{\"@type\":\"ListItem\",\"position\":3,\"name\":\"Alianzas por la Fraternidad Humana\"}]},{\"@type\":\"WebSite\",\"@id\":\"https:\/\/www.new-humanity.org\/es\/#website\",\"url\":\"https:\/\/www.new-humanity.org\/es\/\",\"name\":\"New Humanity\",\"description\":\"Per un mondo unito\",\"publisher\":{\"@id\":\"https:\/\/www.new-humanity.org\/es\/#organization\"},\"potentialAction\":[{\"@type\":\"SearchAction\",\"target\":{\"@type\":\"EntryPoint\",\"urlTemplate\":\"https:\/\/www.new-humanity.org\/es\/?s={search_term_string}\"},\"query-input\":\"required name=search_term_string\"}],\"inLanguage\":\"es-ES\"},{\"@type\":\"Organization\",\"@id\":\"https:\/\/www.new-humanity.org\/es\/#organization\",\"name\":\"New Humanity\",\"url\":\"https:\/\/www.new-humanity.org\/es\/\",\"logo\":{\"@type\":\"ImageObject\",\"inLanguage\":\"es-ES\",\"@id\":\"https:\/\/www.new-humanity.org\/es\/#\/schema\/logo\/image\/\",\"url\":\"https:\/\/www.new-humanity.org\/wp-content\/uploads\/2022\/01\/logo.jpg\",\"contentUrl\":\"https:\/\/www.new-humanity.org\/wp-content\/uploads\/2022\/01\/logo.jpg\",\"width\":520,\"height\":128,\"caption\":\"New Humanity\"},\"image\":{\"@id\":\"https:\/\/www.new-humanity.org\/es\/#\/schema\/logo\/image\/\"}}]}<\/script>\n<!-- \/ Yoast SEO plugin. -->","yoast_head_json":{"title":"Alianzas por la Fraternidad Humana | New Humanity","description":"New Humanity cree que las alianzas basadas en el respeto mutuo y en valores compartidos son esenciales para construir un mundo unido. Promueve la","robots":{"index":"index","follow":"follow","max-snippet":"max-snippet:-1","max-image-preview":"max-image-preview:large","max-video-preview":"max-video-preview:-1"},"canonical":"https:\/\/www.new-humanity.org\/es\/ambitos\/partenariats-pour-la-fraternite-humaine\/","og_locale":"es_ES","og_type":"article","og_title":"Alianzas por la Fraternidad Humana | New Humanity","og_description":"New Humanity cree que las alianzas basadas en el respeto mutuo y en valores compartidos son esenciales para construir un mundo unido. Promueve la","og_url":"https:\/\/www.new-humanity.org\/es\/ambitos\/partenariats-pour-la-fraternite-humaine\/","og_site_name":"New Humanity","article_modified_time":"2025-05-14T14:38:26+00:00","og_image":[{"url":"https:\/\/www.new-humanity.org\/wp-content\/uploads\/2025\/05\/2cdbb3d5-ed92-4c6d-a95f-01bca96f740a-1024x641.jpg"}],"twitter_card":"summary_large_image","twitter_misc":{"Est. reading time":"2 minutes"},"schema":{"@context":"https:\/\/schema.org","@graph":[{"@type":"WebPage","@id":"https:\/\/www.new-humanity.org\/es\/ambitos\/partenariats-pour-la-fraternite-humaine\/","url":"https:\/\/www.new-humanity.org\/es\/ambitos\/partenariats-pour-la-fraternite-humaine\/","name":"Alianzas por la Fraternidad Humana | New Humanity","isPartOf":{"@id":"https:\/\/www.new-humanity.org\/es\/#website"},"datePublished":"2025-05-14T14:04:43+00:00","dateModified":"2025-05-14T14:38:26+00:00","description":"New Humanity cree que las alianzas basadas en el respeto mutuo y en valores compartidos son esenciales para construir un mundo unido. Promueve la","breadcrumb":{"@id":"https:\/\/www.new-humanity.org\/es\/ambitos\/partenariats-pour-la-fraternite-humaine\/#breadcrumb"},"inLanguage":"es-ES","potentialAction":[{"@type":"ReadAction","target":["https:\/\/www.new-humanity.org\/es\/ambitos\/partenariats-pour-la-fraternite-humaine\/"]}]},{"@type":"BreadcrumbList","@id":"https:\/\/www.new-humanity.org\/es\/ambitos\/partenariats-pour-la-fraternite-humaine\/#breadcrumb","itemListElement":[{"@type":"ListItem","position":1,"name":"Home","item":"https:\/\/www.new-humanity.org\/es\/"},{"@type":"ListItem","position":2,"name":"Ambitos de intervenci\u00f3n","item":"https:\/\/www.new-humanity.org\/es\/ambitos\/"},{"@type":"ListItem","position":3,"name":"Alianzas por la Fraternidad Humana"}]},{"@type":"WebSite","@id":"https:\/\/www.new-humanity.org\/es\/#website","url":"https:\/\/www.new-humanity.org\/es\/","name":"New Humanity","description":"Per un mondo unito","publisher":{"@id":"https:\/\/www.new-humanity.org\/es\/#organization"},"potentialAction":[{"@type":"SearchAction","target":{"@type":"EntryPoint","urlTemplate":"https:\/\/www.new-humanity.org\/es\/?s={search_term_string}"},"query-input":"required name=search_term_string"}],"inLanguage":"es-ES"},{"@type":"Organization","@id":"https:\/\/www.new-humanity.org\/es\/#organization","name":"New Humanity","url":"https:\/\/www.new-humanity.org\/es\/","logo":{"@type":"ImageObject","inLanguage":"es-ES","@id":"https:\/\/www.new-humanity.org\/es\/#\/schema\/logo\/image\/","url":"https:\/\/www.new-humanity.org\/wp-content\/uploads\/2022\/01\/logo.jpg","contentUrl":"https:\/\/www.new-humanity.org\/wp-content\/uploads\/2022\/01\/logo.jpg","width":520,"height":128,"caption":"New Humanity"},"image":{"@id":"https:\/\/www.new-humanity.org\/es\/#\/schema\/logo\/image\/"}}]}},"_links":{"self":[{"href":"https:\/\/www.new-humanity.org\/es\/wp-json\/wp\/v2\/pages\/11049"}],"collection":[{"href":"https:\/\/www.new-humanity.org\/es\/wp-json\/wp\/v2\/pages"}],"about":[{"href":"https:\/\/www.new-humanity.org\/es\/wp-json\/wp\/v2\/types\/page"}],"author":[{"embeddable":true,"href":"https:\/\/www.new-humanity.org\/es\/wp-json\/wp\/v2\/users\/15"}],"replies":[{"embeddable":true,"href":"https:\/\/www.new-humanity.org\/es\/wp-json\/wp\/v2\/comments?post=11049"}],"version-history":[{"count":2,"href":"https:\/\/www.new-humanity.org\/es\/wp-json\/wp\/v2\/pages\/11049\/revisions"}],"predecessor-version":[{"id":11051,"href":"https:\/\/www.new-humanity.org\/es\/wp-json\/wp\/v2\/pages\/11049\/revisions\/11051"}],"up":[{"embeddable":true,"href":"https:\/\/www.new-humanity.org\/es\/wp-json\/wp\/v2\/pages\/4330"}],"wp:attachment":[{"href":"https:\/\/www.new-humanity.org\/es\/wp-json\/wp\/v2\/media?parent=11049"}],"curies":[{"name":"wp","href":"https:\/\/api.w.org\/{rel}","templated":true}]}}