{"id":11057,"date":"2025-05-14T15:53:48","date_gmt":"2025-05-14T13:53:48","guid":{"rendered":"https:\/\/www.new-humanity.org\/?page_id=11057"},"modified":"2025-05-14T17:00:05","modified_gmt":"2025-05-14T15:00:05","slug":"cooperacion-internacional-gobernanza-y-multilateralismo","status":"publish","type":"page","link":"https:\/\/www.new-humanity.org\/es\/ambitos\/cooperacion-internacional-gobernanza-y-multilateralismo\/","title":{"rendered":"Cooperaci\u00f3n Internacional, Gobernanza y Multilateralismo"},"content":{"rendered":"<p><img decoding=\"async\" loading=\"lazy\" class=\"aligncenter wp-image-11021 size-large\" src=\"https:\/\/www.new-humanity.org\/wp-content\/uploads\/2025\/05\/31b55b01-fd43-40ec-a4ce-b07343332ebc-1024x768.jpg\" alt=\"\" width=\"1024\" height=\"768\" srcset=\"https:\/\/www.new-humanity.org\/wp-content\/uploads\/2025\/05\/31b55b01-fd43-40ec-a4ce-b07343332ebc-1024x768.jpg 1024w, https:\/\/www.new-humanity.org\/wp-content\/uploads\/2025\/05\/31b55b01-fd43-40ec-a4ce-b07343332ebc-300x225.jpg 300w, https:\/\/www.new-humanity.org\/wp-content\/uploads\/2025\/05\/31b55b01-fd43-40ec-a4ce-b07343332ebc-768x576.jpg 768w, https:\/\/www.new-humanity.org\/wp-content\/uploads\/2025\/05\/31b55b01-fd43-40ec-a4ce-b07343332ebc-1536x1152.jpg 1536w, https:\/\/www.new-humanity.org\/wp-content\/uploads\/2025\/05\/31b55b01-fd43-40ec-a4ce-b07343332ebc.jpg 1600w\" sizes=\"(max-width: 1024px) 100vw, 1024px\" \/><\/p>\n<p class=\"\" data-start=\"62\" data-end=\"654\">New Humanity promueve una visi\u00f3n global de la gobernanza que fomente la paz, el di\u00e1logo y la cooperaci\u00f3n entre las naciones e instituciones. Apoya el multilateralismo como medio para enfrentar los desaf\u00edos globales, asegurando que las pol\u00edticas y acuerdos internacionales reflejen los principios de solidaridad, dignidad humana y bien com\u00fan. A trav\u00e9s de su compromiso con la cooperaci\u00f3n internacional, New Humanity trabaja para fortalecer el papel de la sociedad civil en los procesos de toma de decisiones, abogando por una gobernanza inclusiva y la protecci\u00f3n de los derechos fundamentales.<\/p>\n<p class=\"\" data-start=\"656\" data-end=\"1197\">New Humanity participa en acciones de incidencia pol\u00edtica, di\u00e1logo diplom\u00e1tico y creaci\u00f3n de redes dentro de instituciones internacionales para promover una cultura de paz y cooperaci\u00f3n. Apoya iniciativas que fomentan el di\u00e1logo intercultural e interreligioso, la protecci\u00f3n de migrantes y refugiados, y el respeto a la libertad religiosa. A trav\u00e9s de alianzas con organizaciones multilaterales, New Humanity contribuye a la formulaci\u00f3n de pol\u00edticas que promuevan la justicia, los derechos humanos y el desarrollo sostenible a escala global.<\/p>\n<article class=\"text-token-text-primary w-full\" dir=\"auto\" data-testid=\"conversation-turn-10\" data-scroll-anchor=\"true\">\n<div class=\"text-base my-auto mx-auto py-5 [--thread-content-margin:--spacing(4)] @[37rem]:[--thread-content-margin:--spacing(6)] @[72rem]:[--thread-content-margin:--spacing(16)] px-(--thread-content-margin)\">\n<div class=\"[--thread-content-max-width:32rem] @[34rem]:[--thread-content-max-width:40rem] @[64rem]:[--thread-content-max-width:48rem] mx-auto flex max-w-(--thread-content-max-width) flex-1 text-base gap-4 md:gap-5 lg:gap-6 group\/turn-messages focus-visible:outline-hidden\" tabindex=\"-1\">\n<div class=\"group\/conversation-turn relative flex w-full min-w-0 flex-col agent-turn\">\n<div class=\"relative flex-col gap-1 md:gap-3\">\n<div class=\"flex max-w-full flex-col grow\">\n<div class=\"min-h-8 text-message relative flex w-full flex-col items-end gap-2 text-start break-words whitespace-normal [.text-message+&amp;]:mt-5\" dir=\"auto\" data-message-author-role=\"assistant\" data-message-id=\"5727dfce-ae44-44d9-a380-58e90382ff65\" data-message-model-slug=\"gpt-4o\">\n<div class=\"flex w-full flex-col gap-1 empty:hidden first:pt-[3px]\">\n<div class=\"markdown prose dark:prose-invert w-full break-words light\">\n<p class=\"\" data-start=\"1199\" data-end=\"1219\"><strong data-start=\"1199\" data-end=\"1219\">Temas abordados:<\/strong><\/p>\n<ul data-start=\"6048\" data-end=\"6316\">\n<li class=\"\" data-start=\"6048\" data-end=\"6107\">\n<p class=\"\" data-start=\"6050\" data-end=\"6107\">Migraci\u00f3n, refugiados y asilo (ODS 8, 10, 11, 13, 16, 17)<\/p>\n<\/li>\n<li class=\"\" data-start=\"6048\" data-end=\"6107\">\n<p class=\"\" data-start=\"6050\" data-end=\"6107\">Di\u00e1logo intercultural (ODS 16, 17)<\/p>\n<\/li>\n<li class=\"\" data-start=\"6048\" data-end=\"6107\">\n<p class=\"\" data-start=\"6050\" data-end=\"6107\">Di\u00e1logo interreligioso (ODS 16, 17)<\/p>\n<\/li>\n<li class=\"\" data-start=\"6048\" data-end=\"6107\">\n<p class=\"\" data-start=\"6050\" data-end=\"6107\">Libertad religiosa (ODS 16, 17)<\/p>\n<\/li>\n<li class=\"\" data-start=\"6048\" data-end=\"6107\">\n<p class=\"\" data-start=\"6050\" data-end=\"6107\">Multilateralismo (ODS 13, 16, 17)<\/p>\n<\/li>\n<li class=\"\" data-start=\"6048\" data-end=\"6107\">\n<p class=\"\" data-start=\"6050\" data-end=\"6107\">Uni\u00f3n Europea: justicia y derechos fundamentales (ODS 16, 17)<\/p>\n<\/li>\n<\/ul>\n<p class=\"\" data-start=\"1489\" data-end=\"1537\"><strong data-start=\"1489\" data-end=\"1512\">Estatus consultivo:<\/strong><\/p>\n<ul>\n<li><strong><a href=\"http:\/\/ecosoc.un.org\" target=\"_blank\" rel=\"noopener\">ECOSOC<\/a>&nbsp;<\/strong><\/li>\n<\/ul>\n<p class=\"\" data-start=\"1539\" data-end=\"1862\"><strong data-start=\"1539\" data-end=\"1552\">Alianzas:<\/strong><\/p>\n<ul data-start=\"6387\" data-end=\"6701\">\n<li class=\"\" data-start=\"6387\" data-end=\"6402\">\n<p class=\"\" data-start=\"6389\" data-end=\"6402\"><strong><a href=\"http:\/\/fao.org\" target=\"_blank\" rel=\"noopener\">FAO<\/a><\/strong><\/p>\n<\/li>\n<li class=\"\" data-start=\"6403\" data-end=\"6420\">\n<p class=\"\" data-start=\"6405\" data-end=\"6420\"><strong><a href=\"http:\/\/unep.org\" target=\"_blank\" rel=\"noopener\">UNEP<\/a>&nbsp;<\/strong><\/p>\n<\/li>\n<li class=\"\" data-start=\"6421\" data-end=\"6475\">\n<p class=\"\" data-start=\"6423\" data-end=\"6475\"><strong><a href=\"http:\/\/ngo-unesco.net\" target=\"_blank\" rel=\"noopener\">Comit\u00e9 de Enlace ONG-UNESCO<\/a><\/strong><\/p>\n<\/li>\n<li class=\"\" data-start=\"6476\" data-end=\"6533\">\n<p class=\"\" data-start=\"6478\" data-end=\"6533\"><strong><a href=\"https:\/\/www.foruminternational.org\/\" target=\"_blank\" rel=\"noopener\">Foro Internacional de ONG de inspiraci\u00f3n cat\u00f3lica<\/a><\/strong><\/p>\n<\/li>\n<li class=\"\" data-start=\"6534\" data-end=\"6581\">\n<p class=\"\" data-start=\"6536\" data-end=\"6581\"><strong><a href=\"http:\/\/www.sophiauniversity.org\/]\" target=\"_blank\" rel=\"noopener\">Universidad Sophia<\/a>&nbsp;<\/strong><\/p>\n<\/li>\n<li class=\"\" data-start=\"6582\" data-end=\"6653\">\n<p class=\"\" data-start=\"6584\" data-end=\"6653\"><strong><a href=\"http:\/\/www.laityfamilylife.va\" target=\"_blank\" rel=\"noopener\">Dicasterio para los Laicos, la Familia y la Vida<\/a><\/strong><\/p>\n<\/li>\n<li class=\"\" data-start=\"6654\" data-end=\"6701\">\n<p class=\"\" data-start=\"6656\" data-end=\"6701\"><strong><a href=\"http:\/\/www.mppu.org\" target=\"_blank\" rel=\"noopener\">Movimiento Pol\u00edtico por la Unidad<\/a>&nbsp;<\/strong><\/p>\n<\/li>\n<\/ul>\n<\/div>\n<\/div>\n<\/div>\n<\/div>\n<\/div>\n<\/div>\n<\/div>\n<\/div>\n<\/article>\n<p class=\"\" data-start=\"6703\" data-end=\"6724\"><strong data-start=\"1864\" data-end=\"1879\">Patrocinio:<\/strong><\/p>\n<ul data-start=\"6726\" data-end=\"6778\">\n<li class=\"\" data-start=\"6726\" data-end=\"6778\">\n<div class=\"flex max-w-full flex-col grow\">\n<div class=\"min-h-8 text-message relative flex w-full flex-col items-end gap-2 text-start break-words whitespace-normal [.text-message+&amp;]:mt-5\" dir=\"auto\" data-message-author-role=\"assistant\" data-message-id=\"a5cdddef-7cec-4130-9288-e17e93252ae9\" data-message-model-slug=\"gpt-4o\">\n<div class=\"flex w-full flex-col gap-1 empty:hidden first:pt-[3px]\">\n<div class=\"markdown prose dark:prose-invert w-full break-words light\">\n<p class=\"\" data-start=\"1939\" data-end=\"2003\">Comisi\u00f3n Europea (cofinanciaci\u00f3n de proyectos)<\/p>\n<\/div>\n<\/div>\n<\/div>\n<\/div>\n<div class=\"mt-3 w-full empty:hidden\">\n<div class=\"text-center\">\n<div class=\"mx-auto\">\n<div>&nbsp;<\/div>\n<\/div>\n<\/div>\n<\/div>\n<\/li>\n<\/ul>\n","protected":false},"excerpt":{"rendered":"<p>New Humanity promueve una visi\u00f3n global de la gobernanza que fomente la paz, el di\u00e1logo y la cooperaci\u00f3n entre las naciones e instituciones. Apoya el multilateralismo como medio para enfrentar los desaf\u00edos globales, asegurando que las pol\u00edticas y acuerdos internacionales reflejen los principios de solidaridad, dignidad humana y bien com\u00fan. A trav\u00e9s de su compromiso [&hellip;]<\/p>\n","protected":false},"author":15,"featured_media":0,"parent":4330,"menu_order":4,"comment_status":"closed","ping_status":"closed","template":"","meta":{"ngg_post_thumbnail":0,"footnotes":""},"acf":[],"yoast_head":"<!-- This site is optimized with the Yoast SEO plugin v21.9.1 - https:\/\/yoast.com\/wordpress\/plugins\/seo\/ -->\n<title>Cooperaci\u00f3n Internacional, Gobernanza y Multilateralismo | New Humanity<\/title>\n<meta name=\"description\" content=\"New Humanity promueve una visi\u00f3n global de la gobernanza que fomente la paz, el di\u00e1logo y la cooperaci\u00f3n entre las naciones e instituciones. Apoya el\" \/>\n<meta name=\"robots\" content=\"index, follow, max-snippet:-1, max-image-preview:large, max-video-preview:-1\" \/>\n<link rel=\"canonical\" href=\"https:\/\/www.new-humanity.org\/es\/ambitos\/cooperacion-internacional-gobernanza-y-multilateralismo\/\" \/>\n<meta property=\"og:locale\" content=\"es_ES\" \/>\n<meta property=\"og:type\" content=\"article\" \/>\n<meta property=\"og:title\" content=\"Cooperaci\u00f3n Internacional, Gobernanza y Multilateralismo | New Humanity\" \/>\n<meta property=\"og:description\" content=\"New Humanity promueve una visi\u00f3n global de la gobernanza que fomente la paz, el di\u00e1logo y la cooperaci\u00f3n entre las naciones e instituciones. Apoya el\" \/>\n<meta property=\"og:url\" content=\"https:\/\/www.new-humanity.org\/es\/ambitos\/cooperacion-internacional-gobernanza-y-multilateralismo\/\" \/>\n<meta property=\"og:site_name\" content=\"New Humanity\" \/>\n<meta property=\"article:modified_time\" content=\"2025-05-14T15:00:05+00:00\" \/>\n<meta property=\"og:image\" content=\"https:\/\/www.new-humanity.org\/wp-content\/uploads\/2025\/05\/31b55b01-fd43-40ec-a4ce-b07343332ebc-1024x768.jpg\" \/>\n<meta name=\"twitter:card\" content=\"summary_large_image\" \/>\n<meta name=\"twitter:label1\" content=\"Est. reading time\" \/>\n\t<meta name=\"twitter:data1\" content=\"2 minutes\" \/>\n<script type=\"application\/ld+json\" class=\"yoast-schema-graph\">{\"@context\":\"https:\/\/schema.org\",\"@graph\":[{\"@type\":\"WebPage\",\"@id\":\"https:\/\/www.new-humanity.org\/es\/ambitos\/cooperacion-internacional-gobernanza-y-multilateralismo\/\",\"url\":\"https:\/\/www.new-humanity.org\/es\/ambitos\/cooperacion-internacional-gobernanza-y-multilateralismo\/\",\"name\":\"Cooperaci\u00f3n Internacional, Gobernanza y Multilateralismo | New Humanity\",\"isPartOf\":{\"@id\":\"https:\/\/www.new-humanity.org\/es\/#website\"},\"datePublished\":\"2025-05-14T13:53:48+00:00\",\"dateModified\":\"2025-05-14T15:00:05+00:00\",\"description\":\"New Humanity promueve una visi\u00f3n global de la gobernanza que fomente la paz, el di\u00e1logo y la cooperaci\u00f3n entre las naciones e instituciones. Apoya el\",\"breadcrumb\":{\"@id\":\"https:\/\/www.new-humanity.org\/es\/ambitos\/cooperacion-internacional-gobernanza-y-multilateralismo\/#breadcrumb\"},\"inLanguage\":\"es-ES\",\"potentialAction\":[{\"@type\":\"ReadAction\",\"target\":[\"https:\/\/www.new-humanity.org\/es\/ambitos\/cooperacion-internacional-gobernanza-y-multilateralismo\/\"]}]},{\"@type\":\"BreadcrumbList\",\"@id\":\"https:\/\/www.new-humanity.org\/es\/ambitos\/cooperacion-internacional-gobernanza-y-multilateralismo\/#breadcrumb\",\"itemListElement\":[{\"@type\":\"ListItem\",\"position\":1,\"name\":\"Home\",\"item\":\"https:\/\/www.new-humanity.org\/es\/\"},{\"@type\":\"ListItem\",\"position\":2,\"name\":\"Ambitos de intervenci\u00f3n\",\"item\":\"https:\/\/www.new-humanity.org\/es\/ambitos\/\"},{\"@type\":\"ListItem\",\"position\":3,\"name\":\"Cooperaci\u00f3n Internacional, Gobernanza y Multilateralismo\"}]},{\"@type\":\"WebSite\",\"@id\":\"https:\/\/www.new-humanity.org\/es\/#website\",\"url\":\"https:\/\/www.new-humanity.org\/es\/\",\"name\":\"New Humanity\",\"description\":\"Per un mondo unito\",\"publisher\":{\"@id\":\"https:\/\/www.new-humanity.org\/es\/#organization\"},\"potentialAction\":[{\"@type\":\"SearchAction\",\"target\":{\"@type\":\"EntryPoint\",\"urlTemplate\":\"https:\/\/www.new-humanity.org\/es\/?s={search_term_string}\"},\"query-input\":\"required name=search_term_string\"}],\"inLanguage\":\"es-ES\"},{\"@type\":\"Organization\",\"@id\":\"https:\/\/www.new-humanity.org\/es\/#organization\",\"name\":\"New Humanity\",\"url\":\"https:\/\/www.new-humanity.org\/es\/\",\"logo\":{\"@type\":\"ImageObject\",\"inLanguage\":\"es-ES\",\"@id\":\"https:\/\/www.new-humanity.org\/es\/#\/schema\/logo\/image\/\",\"url\":\"https:\/\/www.new-humanity.org\/wp-content\/uploads\/2022\/01\/logo.jpg\",\"contentUrl\":\"https:\/\/www.new-humanity.org\/wp-content\/uploads\/2022\/01\/logo.jpg\",\"width\":520,\"height\":128,\"caption\":\"New Humanity\"},\"image\":{\"@id\":\"https:\/\/www.new-humanity.org\/es\/#\/schema\/logo\/image\/\"}}]}<\/script>\n<!-- \/ Yoast SEO plugin. -->","yoast_head_json":{"title":"Cooperaci\u00f3n Internacional, Gobernanza y Multilateralismo | New Humanity","description":"New Humanity promueve una visi\u00f3n global de la gobernanza que fomente la paz, el di\u00e1logo y la cooperaci\u00f3n entre las naciones e instituciones. Apoya el","robots":{"index":"index","follow":"follow","max-snippet":"max-snippet:-1","max-image-preview":"max-image-preview:large","max-video-preview":"max-video-preview:-1"},"canonical":"https:\/\/www.new-humanity.org\/es\/ambitos\/cooperacion-internacional-gobernanza-y-multilateralismo\/","og_locale":"es_ES","og_type":"article","og_title":"Cooperaci\u00f3n Internacional, Gobernanza y Multilateralismo | New Humanity","og_description":"New Humanity promueve una visi\u00f3n global de la gobernanza que fomente la paz, el di\u00e1logo y la cooperaci\u00f3n entre las naciones e instituciones. Apoya el","og_url":"https:\/\/www.new-humanity.org\/es\/ambitos\/cooperacion-internacional-gobernanza-y-multilateralismo\/","og_site_name":"New Humanity","article_modified_time":"2025-05-14T15:00:05+00:00","og_image":[{"url":"https:\/\/www.new-humanity.org\/wp-content\/uploads\/2025\/05\/31b55b01-fd43-40ec-a4ce-b07343332ebc-1024x768.jpg"}],"twitter_card":"summary_large_image","twitter_misc":{"Est. reading time":"2 minutes"},"schema":{"@context":"https:\/\/schema.org","@graph":[{"@type":"WebPage","@id":"https:\/\/www.new-humanity.org\/es\/ambitos\/cooperacion-internacional-gobernanza-y-multilateralismo\/","url":"https:\/\/www.new-humanity.org\/es\/ambitos\/cooperacion-internacional-gobernanza-y-multilateralismo\/","name":"Cooperaci\u00f3n Internacional, Gobernanza y Multilateralismo | New Humanity","isPartOf":{"@id":"https:\/\/www.new-humanity.org\/es\/#website"},"datePublished":"2025-05-14T13:53:48+00:00","dateModified":"2025-05-14T15:00:05+00:00","description":"New Humanity promueve una visi\u00f3n global de la gobernanza que fomente la paz, el di\u00e1logo y la cooperaci\u00f3n entre las naciones e instituciones. Apoya el","breadcrumb":{"@id":"https:\/\/www.new-humanity.org\/es\/ambitos\/cooperacion-internacional-gobernanza-y-multilateralismo\/#breadcrumb"},"inLanguage":"es-ES","potentialAction":[{"@type":"ReadAction","target":["https:\/\/www.new-humanity.org\/es\/ambitos\/cooperacion-internacional-gobernanza-y-multilateralismo\/"]}]},{"@type":"BreadcrumbList","@id":"https:\/\/www.new-humanity.org\/es\/ambitos\/cooperacion-internacional-gobernanza-y-multilateralismo\/#breadcrumb","itemListElement":[{"@type":"ListItem","position":1,"name":"Home","item":"https:\/\/www.new-humanity.org\/es\/"},{"@type":"ListItem","position":2,"name":"Ambitos de intervenci\u00f3n","item":"https:\/\/www.new-humanity.org\/es\/ambitos\/"},{"@type":"ListItem","position":3,"name":"Cooperaci\u00f3n Internacional, Gobernanza y Multilateralismo"}]},{"@type":"WebSite","@id":"https:\/\/www.new-humanity.org\/es\/#website","url":"https:\/\/www.new-humanity.org\/es\/","name":"New Humanity","description":"Per un mondo unito","publisher":{"@id":"https:\/\/www.new-humanity.org\/es\/#organization"},"potentialAction":[{"@type":"SearchAction","target":{"@type":"EntryPoint","urlTemplate":"https:\/\/www.new-humanity.org\/es\/?s={search_term_string}"},"query-input":"required name=search_term_string"}],"inLanguage":"es-ES"},{"@type":"Organization","@id":"https:\/\/www.new-humanity.org\/es\/#organization","name":"New Humanity","url":"https:\/\/www.new-humanity.org\/es\/","logo":{"@type":"ImageObject","inLanguage":"es-ES","@id":"https:\/\/www.new-humanity.org\/es\/#\/schema\/logo\/image\/","url":"https:\/\/www.new-humanity.org\/wp-content\/uploads\/2022\/01\/logo.jpg","contentUrl":"https:\/\/www.new-humanity.org\/wp-content\/uploads\/2022\/01\/logo.jpg","width":520,"height":128,"caption":"New Humanity"},"image":{"@id":"https:\/\/www.new-humanity.org\/es\/#\/schema\/logo\/image\/"}}]}},"_links":{"self":[{"href":"https:\/\/www.new-humanity.org\/es\/wp-json\/wp\/v2\/pages\/11057"}],"collection":[{"href":"https:\/\/www.new-humanity.org\/es\/wp-json\/wp\/v2\/pages"}],"about":[{"href":"https:\/\/www.new-humanity.org\/es\/wp-json\/wp\/v2\/types\/page"}],"author":[{"embeddable":true,"href":"https:\/\/www.new-humanity.org\/es\/wp-json\/wp\/v2\/users\/15"}],"replies":[{"embeddable":true,"href":"https:\/\/www.new-humanity.org\/es\/wp-json\/wp\/v2\/comments?post=11057"}],"version-history":[{"count":1,"href":"https:\/\/www.new-humanity.org\/es\/wp-json\/wp\/v2\/pages\/11057\/revisions"}],"predecessor-version":[{"id":11058,"href":"https:\/\/www.new-humanity.org\/es\/wp-json\/wp\/v2\/pages\/11057\/revisions\/11058"}],"up":[{"embeddable":true,"href":"https:\/\/www.new-humanity.org\/es\/wp-json\/wp\/v2\/pages\/4330"}],"wp:attachment":[{"href":"https:\/\/www.new-humanity.org\/es\/wp-json\/wp\/v2\/media?parent=11057"}],"curies":[{"name":"wp","href":"https:\/\/api.w.org\/{rel}","templated":true}]}}