{"id":11189,"date":"2025-05-26T15:50:20","date_gmt":"2025-05-26T13:50:20","guid":{"rendered":"https:\/\/www.new-humanity.org\/?page_id=11189"},"modified":"2025-05-26T16:36:04","modified_gmt":"2025-05-26T14:36:04","slug":"pt-seed-funding-program","status":"publish","type":"page","link":"https:\/\/www.new-humanity.org\/es\/proyectos\/pt-seed-funding-program\/","title":{"rendered":"[PT] SEED FUNDING PROGRAM"},"content":{"rendered":"<p style=\"text-align: center;\"><b>THE SEED FUNDING PROGRAM<\/b><\/p>\n<p style=\"text-align: center;\"><strong>UMA OPORTUNIDADE PARA AGIR LOCALMENTE<\/strong><\/p>\n<blockquote>\n<p style=\"text-align: center;\"><em>ESCUTANDO<\/em><\/p>\n<p style=\"text-align: center;\"><em>O grito dos pobres<\/em><br data-start=\"183\" data-end=\"186\"><em>O grito do planeta<\/em><br data-start=\"204\" data-end=\"207\"><em>O grito das novas gera\u00e7\u00f5es<\/em><\/p>\n<\/blockquote>\n<h3><div class=\"cookieconsent-optout-marketing\">\n                        <a href=\"javascript:Cookiebot.renew()\" style=\"background: url(https:\/\/www.new-humanity.org\/wp-content\/plugins\/yt-placeholder-cookiebot\/assets\/placeholder.jpg) no-repeat center center \/ cover; aspect-ratio: 1 \/ 0.48; width: 100%; display: block; margin: 20px 0; position: relative; background-size: cover; background-position: center;\">\n                            <span style=\"position: absolute; bottom: 20px; width: 100%; padding: 0 5%; text-align: center; box-sizing: border-box;\">Para ver este v\u00eddeo, es necesario habilitar todas las cookies<\/span>\n                        <\/a>\n                   <\/div><iframe loading=\"lazy\" title=\"YouTube video player\" src=\"https:\/\/www.youtube.com\/embed\/vYQ2SScjtGk?si=8gEE_hEgiXWLmLgf\" width=\"560\" height=\"315\" frameborder=\"0\" allowfullscreen=\"allowfullscreen\" data-mce-fragment=\"1\"><\/iframe>&nbsp;<\/h3>\n<h3 style=\"text-align: left;\" data-start=\"56\" data-end=\"69\"><strong>O projeto<\/strong><\/h3>\n<p data-start=\"71\" data-end=\"331\">O <strong data-start=\"73\" data-end=\"97\">Seed Funding Program<\/strong> tem como objetivo apoiar e incentivar iniciativas significativas e promissoras em diferentes partes do mundo para a cria\u00e7\u00e3o de planos ecol\u00f3gicos locais\/nacionais voltados \u00e0s pessoas e ao planeta, dentro das comunidades dos Focolares.<\/p>\n<p data-start=\"333\" data-end=\"632\">Trata-se de uma convocat\u00f3ria aberta para um programa de microfinanciamento que busca promover iniciativas relevantes e com potencial em diversas regi\u00f5es do mundo. O principal objetivo \u00e9 construir planos ecol\u00f3gicos locais nas comunidades dos Focolares, caminhando juntos rumo a uma ecologia integral.<\/p>\n<h2 style=\"text-align: left;\"><b>CHAMADA PARA PROJETOS 2025<\/b><\/h2>\n<p><span style=\"font-weight: 400;\">Este ano, finalmente, estamos lan\u00e7ando uma nova chamada para projetos em uma ocasi\u00e3o especial: o 10\u00ba anivers\u00e1rio da enc\u00edclica <\/span><i><span style=\"font-weight: 400;\">Laudato Si&#8217;<\/span><\/i><span style=\"font-weight: 400;\">, com a qual o Papa Francisco chamou a humanidade para cuidar da casa comum, entrela\u00e7ando ecologia, justi\u00e7a social e espiritualidade. <\/span><b>Envie seu projeto e fa\u00e7a parte desse caminho juntos!&nbsp;<\/b><\/p>\n<p><b><a href=\"https:\/\/www.new-humanity.org\/wp-content\/uploads\/2025\/05\/PT_EDITAL-DE-CHAMAMENTO-DE-PROJETOS-SEED-FUNDING-PROGRAM.pdf\" target=\"_blank\" rel=\"noopener\">&#x27a1;&#xfe0f; Leia a chamada para participantes aqui.<\/a><\/b><\/p>\n<p><span style=\"font-weight: 400;\">O <\/span><b>prazo<\/b><span style=\"font-weight: 400;\"> para concluir sua inscri\u00e7\u00e3o \u00e9 <\/span><b>30 de junho de 2025.<\/b><\/p>\n<p><span style=\"font-weight: 400;\">Estamos esperando por voc\u00ea!&nbsp;<\/span><\/p>\n<p><div class=\"cookieconsent-optout-marketing\">\n                        <a href=\"javascript:Cookiebot.renew()\" style=\"background: url(https:\/\/www.new-humanity.org\/wp-content\/plugins\/yt-placeholder-cookiebot\/assets\/placeholder.jpg) no-repeat center center \/ cover; aspect-ratio: 1 \/ 0.48; width: 100%; display: block; margin: 20px 0; position: relative; background-size: cover; background-position: center;\">\n                            <span style=\"position: absolute; bottom: 20px; width: 100%; padding: 0 5%; text-align: center; box-sizing: border-box;\">Para ver este v\u00eddeo, es necesario habilitar todas las cookies<\/span>\n                        <\/a>\n                   <\/div><iframe loading=\"lazy\" title=\"YouTube video player\" src=\"https:\/\/www.youtube.com\/embed\/CGmQb4lz9j0?controls=0\" width=\"560\" height=\"315\" frameborder=\"0\" allowfullscreen=\"allowfullscreen\" data-mce-fragment=\"1\"><span data-mce-type=\"bookmark\" style=\"display: inline-block; width: 0px; overflow: hidden; line-height: 0;\" class=\"mce_SELRES_start\">\ufeff<\/span><\/iframe><\/p>\n<h3 style=\"text-align: left;\"><strong>1\u00aa edi\u00e7\u00e3o \u2013 2021\/2023<\/strong><\/h3>\n<p>O Seed Funding Program 2021\u20132023 apoiou 15 projetos realizados em 4 continentes: das Filipinas \u00e0 Argentina, todas as iniciativas foram diferentes e \u00fanicas.<\/p>\n<p><a href=\"https:\/\/www.new-humanity.org\/en\/projects\/seed-funding-program-projects\/\" target=\"_blank\" rel=\"noopener\"><b>&#x27a1;&#xfe0f; Conhe\u00e7a os projetos selecionados!<\/b><\/a><\/p>\n<h3 style=\"text-align: left;\" data-start=\"860\" data-end=\"880\"><strong>Nossa inspira\u00e7\u00e3o<\/strong><\/h3>\n<p><span style=\"font-weight: 400;\"><img decoding=\"async\" loading=\"lazy\" class=\"wp-image-6489 aligncenter\" src=\"https:\/\/www.new-humanity.org\/wp-content\/uploads\/2022\/05\/Screen-Shot-2022-10-21-at-10.10.58-150x150.png\" alt=\"\" width=\"122\" height=\"122\" srcset=\"https:\/\/www.new-humanity.org\/wp-content\/uploads\/2022\/05\/Screen-Shot-2022-10-21-at-10.10.58-150x150.png 150w, https:\/\/www.new-humanity.org\/wp-content\/uploads\/2022\/05\/Screen-Shot-2022-10-21-at-10.10.58-297x300.png 297w, https:\/\/www.new-humanity.org\/wp-content\/uploads\/2022\/05\/Screen-Shot-2022-10-21-at-10.10.58.png 469w\" sizes=\"(max-width: 122px) 100vw, 122px\" \/><\/span><\/p>\n<p data-start=\"882\" data-end=\"1182\">O mundo enfrenta uma complexa crise social e ambiental. A Enc\u00edclica <em data-start=\"950\" data-end=\"963\">Laudato Si&#8217;<\/em> do Papa Francisco mostra como o grito dos pobres est\u00e1 profundamente interligado com o grito da Terra. N\u00e3o podemos considerar nossa rela\u00e7\u00e3o com a natureza separada da fraternidade, da justi\u00e7a e da fidelidade ao pr\u00f3ximo.<\/p>\n<p><span style=\"font-weight: 400;\"><img decoding=\"async\" loading=\"lazy\" class=\"wp-image-6493 aligncenter\" src=\"https:\/\/www.new-humanity.org\/wp-content\/uploads\/2022\/05\/Screen-Shot-2022-10-21-at-10.11.18-150x150.png\" alt=\"\" width=\"121\" height=\"121\"><\/span><\/p>\n<p>Chiara Lubich, fundadora do Movimento dos Focolares, acreditava que \u00e9 a partir dos pequenos problemas locais que se forma uma consci\u00eancia moral capaz de enfrentar os desafios em escala global. Segundo Chiara, o que falta n\u00e3o s\u00e3o recursos t\u00e9cnicos ou econ\u00f4micos, mas uma alma a mais \u2014 um novo amor pela humanidade, que nos fa\u00e7a sentir respons\u00e1veis por todos.<\/p>\n<p>Para mais informa\u00e7\u00f5es, entre em contato conosco pelo e-mail <strong data-start=\"1603\" data-end=\"1635\"><a class=\"cursor-pointer\" href=\"mailto:seedfundingprogram@gmail.com\" rel=\"noopener\" data-start=\"1605\" data-end=\"1633\">seedfundingprogram@gmail.com<\/a><\/strong>.<\/p>\n","protected":false},"excerpt":{"rendered":"<p>THE SEED FUNDING PROGRAM UMA OPORTUNIDADE PARA AGIR LOCALMENTE ESCUTANDO O grito dos pobresO grito do planetaO grito das novas gera\u00e7\u00f5es Para ver este v\u00eddeo, es necesario habilitar todas las cookies &nbsp; O projeto O Seed Funding Program tem como objetivo apoiar e incentivar iniciativas significativas e promissoras em diferentes partes do mundo para a [&hellip;]<\/p>\n","protected":false},"author":15,"featured_media":5940,"parent":4364,"menu_order":0,"comment_status":"closed","ping_status":"closed","template":"inc\/progetti.php","meta":{"ngg_post_thumbnail":0,"footnotes":""},"acf":[],"yoast_head":"<!-- This site is optimized with the Yoast SEO plugin v21.9.1 - https:\/\/yoast.com\/wordpress\/plugins\/seo\/ -->\n<title>[PT] SEED FUNDING PROGRAM | New Humanity<\/title>\n<meta name=\"description\" content=\"THE SEED FUNDING PROGRAM UMA OPORTUNIDADE PARA AGIR LOCALMENTE ESCUTANDO O grito dos pobresO grito do planetaO grito das novas gera\u00e7\u00f5es &nbsp; O projeto O\" \/>\n<meta name=\"robots\" content=\"index, follow, max-snippet:-1, max-image-preview:large, max-video-preview:-1\" \/>\n<link rel=\"canonical\" href=\"https:\/\/www.new-humanity.org\/es\/proyectos\/pt-seed-funding-program\/\" \/>\n<meta property=\"og:locale\" content=\"es_ES\" \/>\n<meta property=\"og:type\" content=\"article\" \/>\n<meta property=\"og:title\" content=\"[PT] SEED FUNDING PROGRAM | New Humanity\" \/>\n<meta property=\"og:description\" content=\"THE SEED FUNDING PROGRAM UMA OPORTUNIDADE PARA AGIR LOCALMENTE ESCUTANDO O grito dos pobresO grito do planetaO grito das novas gera\u00e7\u00f5es &nbsp; O projeto O\" \/>\n<meta property=\"og:url\" content=\"https:\/\/www.new-humanity.org\/es\/proyectos\/pt-seed-funding-program\/\" \/>\n<meta property=\"og:site_name\" content=\"New Humanity\" \/>\n<meta property=\"article:modified_time\" content=\"2025-05-26T14:36:04+00:00\" \/>\n<meta property=\"og:image\" content=\"https:\/\/www.new-humanity.org\/wp-content\/uploads\/2020\/07\/SFP.png\" \/>\n\t<meta property=\"og:image:width\" content=\"1198\" \/>\n\t<meta property=\"og:image:height\" content=\"698\" \/>\n\t<meta property=\"og:image:type\" content=\"image\/png\" \/>\n<meta name=\"twitter:card\" content=\"summary_large_image\" \/>\n<meta name=\"twitter:label1\" content=\"Est. reading time\" \/>\n\t<meta name=\"twitter:data1\" content=\"3 minutes\" \/>\n<script type=\"application\/ld+json\" class=\"yoast-schema-graph\">{\"@context\":\"https:\/\/schema.org\",\"@graph\":[{\"@type\":\"WebPage\",\"@id\":\"https:\/\/www.new-humanity.org\/es\/proyectos\/pt-seed-funding-program\/\",\"url\":\"https:\/\/www.new-humanity.org\/es\/proyectos\/pt-seed-funding-program\/\",\"name\":\"[PT] SEED FUNDING PROGRAM | New Humanity\",\"isPartOf\":{\"@id\":\"https:\/\/www.new-humanity.org\/es\/#website\"},\"datePublished\":\"2025-05-26T13:50:20+00:00\",\"dateModified\":\"2025-05-26T14:36:04+00:00\",\"description\":\"THE SEED FUNDING PROGRAM UMA OPORTUNIDADE PARA AGIR LOCALMENTE ESCUTANDO O grito dos pobresO grito do planetaO grito das novas gera\u00e7\u00f5es &nbsp; O projeto O\",\"breadcrumb\":{\"@id\":\"https:\/\/www.new-humanity.org\/es\/proyectos\/pt-seed-funding-program\/#breadcrumb\"},\"inLanguage\":\"es-ES\",\"potentialAction\":[{\"@type\":\"ReadAction\",\"target\":[\"https:\/\/www.new-humanity.org\/es\/proyectos\/pt-seed-funding-program\/\"]}]},{\"@type\":\"BreadcrumbList\",\"@id\":\"https:\/\/www.new-humanity.org\/es\/proyectos\/pt-seed-funding-program\/#breadcrumb\",\"itemListElement\":[{\"@type\":\"ListItem\",\"position\":1,\"name\":\"Home\",\"item\":\"https:\/\/www.new-humanity.org\/es\/\"},{\"@type\":\"ListItem\",\"position\":2,\"name\":\"Proyectos\",\"item\":\"https:\/\/www.new-humanity.org\/es\/proyectos\/\"},{\"@type\":\"ListItem\",\"position\":3,\"name\":\"[PT] SEED FUNDING PROGRAM\"}]},{\"@type\":\"WebSite\",\"@id\":\"https:\/\/www.new-humanity.org\/es\/#website\",\"url\":\"https:\/\/www.new-humanity.org\/es\/\",\"name\":\"New Humanity\",\"description\":\"Per un mondo unito\",\"publisher\":{\"@id\":\"https:\/\/www.new-humanity.org\/es\/#organization\"},\"potentialAction\":[{\"@type\":\"SearchAction\",\"target\":{\"@type\":\"EntryPoint\",\"urlTemplate\":\"https:\/\/www.new-humanity.org\/es\/?s={search_term_string}\"},\"query-input\":\"required name=search_term_string\"}],\"inLanguage\":\"es-ES\"},{\"@type\":\"Organization\",\"@id\":\"https:\/\/www.new-humanity.org\/es\/#organization\",\"name\":\"New Humanity\",\"url\":\"https:\/\/www.new-humanity.org\/es\/\",\"logo\":{\"@type\":\"ImageObject\",\"inLanguage\":\"es-ES\",\"@id\":\"https:\/\/www.new-humanity.org\/es\/#\/schema\/logo\/image\/\",\"url\":\"https:\/\/www.new-humanity.org\/wp-content\/uploads\/2022\/01\/logo.jpg\",\"contentUrl\":\"https:\/\/www.new-humanity.org\/wp-content\/uploads\/2022\/01\/logo.jpg\",\"width\":520,\"height\":128,\"caption\":\"New Humanity\"},\"image\":{\"@id\":\"https:\/\/www.new-humanity.org\/es\/#\/schema\/logo\/image\/\"}}]}<\/script>\n<!-- \/ Yoast SEO plugin. -->","yoast_head_json":{"title":"[PT] SEED FUNDING PROGRAM | New Humanity","description":"THE SEED FUNDING PROGRAM UMA OPORTUNIDADE PARA AGIR LOCALMENTE ESCUTANDO O grito dos pobresO grito do planetaO grito das novas gera\u00e7\u00f5es &nbsp; O projeto O","robots":{"index":"index","follow":"follow","max-snippet":"max-snippet:-1","max-image-preview":"max-image-preview:large","max-video-preview":"max-video-preview:-1"},"canonical":"https:\/\/www.new-humanity.org\/es\/proyectos\/pt-seed-funding-program\/","og_locale":"es_ES","og_type":"article","og_title":"[PT] SEED FUNDING PROGRAM | New Humanity","og_description":"THE SEED FUNDING PROGRAM UMA OPORTUNIDADE PARA AGIR LOCALMENTE ESCUTANDO O grito dos pobresO grito do planetaO grito das novas gera\u00e7\u00f5es &nbsp; O projeto O","og_url":"https:\/\/www.new-humanity.org\/es\/proyectos\/pt-seed-funding-program\/","og_site_name":"New Humanity","article_modified_time":"2025-05-26T14:36:04+00:00","og_image":[{"width":1198,"height":698,"url":"https:\/\/www.new-humanity.org\/wp-content\/uploads\/2020\/07\/SFP.png","type":"image\/png"}],"twitter_card":"summary_large_image","twitter_misc":{"Est. reading time":"3 minutes"},"schema":{"@context":"https:\/\/schema.org","@graph":[{"@type":"WebPage","@id":"https:\/\/www.new-humanity.org\/es\/proyectos\/pt-seed-funding-program\/","url":"https:\/\/www.new-humanity.org\/es\/proyectos\/pt-seed-funding-program\/","name":"[PT] SEED FUNDING PROGRAM | New Humanity","isPartOf":{"@id":"https:\/\/www.new-humanity.org\/es\/#website"},"datePublished":"2025-05-26T13:50:20+00:00","dateModified":"2025-05-26T14:36:04+00:00","description":"THE SEED FUNDING PROGRAM UMA OPORTUNIDADE PARA AGIR LOCALMENTE ESCUTANDO O grito dos pobresO grito do planetaO grito das novas gera\u00e7\u00f5es &nbsp; O projeto O","breadcrumb":{"@id":"https:\/\/www.new-humanity.org\/es\/proyectos\/pt-seed-funding-program\/#breadcrumb"},"inLanguage":"es-ES","potentialAction":[{"@type":"ReadAction","target":["https:\/\/www.new-humanity.org\/es\/proyectos\/pt-seed-funding-program\/"]}]},{"@type":"BreadcrumbList","@id":"https:\/\/www.new-humanity.org\/es\/proyectos\/pt-seed-funding-program\/#breadcrumb","itemListElement":[{"@type":"ListItem","position":1,"name":"Home","item":"https:\/\/www.new-humanity.org\/es\/"},{"@type":"ListItem","position":2,"name":"Proyectos","item":"https:\/\/www.new-humanity.org\/es\/proyectos\/"},{"@type":"ListItem","position":3,"name":"[PT] SEED FUNDING PROGRAM"}]},{"@type":"WebSite","@id":"https:\/\/www.new-humanity.org\/es\/#website","url":"https:\/\/www.new-humanity.org\/es\/","name":"New Humanity","description":"Per un mondo unito","publisher":{"@id":"https:\/\/www.new-humanity.org\/es\/#organization"},"potentialAction":[{"@type":"SearchAction","target":{"@type":"EntryPoint","urlTemplate":"https:\/\/www.new-humanity.org\/es\/?s={search_term_string}"},"query-input":"required name=search_term_string"}],"inLanguage":"es-ES"},{"@type":"Organization","@id":"https:\/\/www.new-humanity.org\/es\/#organization","name":"New Humanity","url":"https:\/\/www.new-humanity.org\/es\/","logo":{"@type":"ImageObject","inLanguage":"es-ES","@id":"https:\/\/www.new-humanity.org\/es\/#\/schema\/logo\/image\/","url":"https:\/\/www.new-humanity.org\/wp-content\/uploads\/2022\/01\/logo.jpg","contentUrl":"https:\/\/www.new-humanity.org\/wp-content\/uploads\/2022\/01\/logo.jpg","width":520,"height":128,"caption":"New Humanity"},"image":{"@id":"https:\/\/www.new-humanity.org\/es\/#\/schema\/logo\/image\/"}}]}},"_links":{"self":[{"href":"https:\/\/www.new-humanity.org\/es\/wp-json\/wp\/v2\/pages\/11189"}],"collection":[{"href":"https:\/\/www.new-humanity.org\/es\/wp-json\/wp\/v2\/pages"}],"about":[{"href":"https:\/\/www.new-humanity.org\/es\/wp-json\/wp\/v2\/types\/page"}],"author":[{"embeddable":true,"href":"https:\/\/www.new-humanity.org\/es\/wp-json\/wp\/v2\/users\/15"}],"replies":[{"embeddable":true,"href":"https:\/\/www.new-humanity.org\/es\/wp-json\/wp\/v2\/comments?post=11189"}],"version-history":[{"count":5,"href":"https:\/\/www.new-humanity.org\/es\/wp-json\/wp\/v2\/pages\/11189\/revisions"}],"predecessor-version":[{"id":12049,"href":"https:\/\/www.new-humanity.org\/es\/wp-json\/wp\/v2\/pages\/11189\/revisions\/12049"}],"up":[{"embeddable":true,"href":"https:\/\/www.new-humanity.org\/es\/wp-json\/wp\/v2\/pages\/4364"}],"wp:featuredmedia":[{"embeddable":true,"href":"https:\/\/www.new-humanity.org\/es\/wp-json\/wp\/v2\/media\/5940"}],"wp:attachment":[{"href":"https:\/\/www.new-humanity.org\/es\/wp-json\/wp\/v2\/media?parent=11189"}],"curies":[{"name":"wp","href":"https:\/\/api.w.org\/{rel}","templated":true}]}}