{"id":11250,"date":"2025-05-28T12:34:37","date_gmt":"2025-05-28T10:34:37","guid":{"rendered":"https:\/\/www.new-humanity.org\/?page_id=11250"},"modified":"2025-07-01T17:54:31","modified_gmt":"2025-07-01T15:54:31","slug":"viena","status":"publish","type":"page","link":"https:\/\/www.new-humanity.org\/es\/donde-estamos\/viena\/","title":{"rendered":"Viena"},"content":{"rendered":"<p data-start=\"2649\" data-end=\"3477\">Esta oficina de representaci\u00f3n de New Humanity fue establecida en 2021 con el objetivo de establecer contacto con la sede de las Naciones Unidas en Viena. Representa un punto estrat\u00e9gico para fortalecer la cooperaci\u00f3n en Europa Central y del Este, y para promover iniciativas educativas, sociales y culturales inspiradas en la fraternidad universal.<\/p>\n<p data-start=\"2649\" data-end=\"3477\">El acercamiento a la ONU se ha centrado en temas relacionados con los refugiados (<strong><a href=\"https:\/\/www.unhcr.org\/at\/\" target=\"_blank\" rel=\"noopener\">Alto Comisionado de las Naciones Unidas para los Refugiados \u2013 ACNUR<\/a><\/strong>), la migraci\u00f3n (<strong><a href=\"http:\/\/www.iomvienna.at\/\" target=\"_blank\" rel=\"noopener\">Organizaci\u00f3n Internacional para las Migraciones \u2013 OIM<\/a><\/strong>) y el medio ambiente (<strong><a href=\"https:\/\/www.seforall.org\/\" target=\"_blank\" rel=\"noopener\">Iniciativa Energ\u00eda Sostenible para Todos \u2013 SEforALL<\/a><\/strong>). Adem\u00e1s, trabaja con otras organizaciones en la regi\u00f3n DACH (Alemania, Austria y Suiza) en la cooperaci\u00f3n y ejecuci\u00f3n de proyectos, iniciativas y actividades sobre diversos temas.<\/p>\n<p data-start=\"3479\" data-end=\"3803\">Sus principales objetivos son:<\/p>\n<ul>\n<li data-start=\"3479\" data-end=\"3803\">Desarrollar proyectos educativos para la formaci\u00f3n en ciudadan\u00eda global y liderazgo responsable<\/li>\n<li data-start=\"3479\" data-end=\"3803\">Promover el emprendimiento juvenil y la innovaci\u00f3n social sostenible<\/li>\n<li data-start=\"3479\" data-end=\"3803\">Contribuir a la implementaci\u00f3n de los Objetivos de Desarrollo Sostenible (ODS) mediante alianzas a m\u00faltiples niveles<\/li>\n<\/ul>\n","protected":false},"excerpt":{"rendered":"<p>Esta oficina de representaci\u00f3n de New Humanity fue establecida en 2021 con el objetivo de establecer contacto con la sede de las Naciones Unidas en Viena. Representa un punto estrat\u00e9gico para fortalecer la cooperaci\u00f3n en Europa Central y del Este, y para promover iniciativas educativas, sociales y culturales inspiradas en la fraternidad universal. El acercamiento [&hellip;]<\/p>\n","protected":false},"author":15,"featured_media":0,"parent":4284,"menu_order":7,"comment_status":"closed","ping_status":"closed","template":"inc\/pagina-centrale.php","meta":{"ngg_post_thumbnail":0,"footnotes":""},"acf":[],"yoast_head":"<!-- This site is optimized with the Yoast SEO plugin v21.9.1 - https:\/\/yoast.com\/wordpress\/plugins\/seo\/ -->\n<title>Viena | New Humanity<\/title>\n<meta name=\"description\" content=\"Esta oficina de representaci\u00f3n de New Humanity fue establecida en 2021 con el objetivo de establecer contacto con la sede de las Naciones Unidas en Viena.\" \/>\n<meta name=\"robots\" content=\"index, follow, max-snippet:-1, max-image-preview:large, max-video-preview:-1\" \/>\n<link rel=\"canonical\" href=\"https:\/\/www.new-humanity.org\/es\/donde-estamos\/viena\/\" \/>\n<meta property=\"og:locale\" content=\"es_ES\" \/>\n<meta property=\"og:type\" content=\"article\" \/>\n<meta property=\"og:title\" content=\"Viena | New Humanity\" \/>\n<meta property=\"og:description\" content=\"Esta oficina de representaci\u00f3n de New Humanity fue establecida en 2021 con el objetivo de establecer contacto con la sede de las Naciones Unidas en Viena.\" \/>\n<meta property=\"og:url\" content=\"https:\/\/www.new-humanity.org\/es\/donde-estamos\/viena\/\" \/>\n<meta property=\"og:site_name\" content=\"New Humanity\" \/>\n<meta property=\"article:modified_time\" content=\"2025-07-01T15:54:31+00:00\" \/>\n<meta name=\"twitter:card\" content=\"summary_large_image\" \/>\n<meta name=\"twitter:label1\" content=\"Est. reading time\" \/>\n\t<meta name=\"twitter:data1\" content=\"2 minutes\" \/>\n<script type=\"application\/ld+json\" class=\"yoast-schema-graph\">{\"@context\":\"https:\/\/schema.org\",\"@graph\":[{\"@type\":\"WebPage\",\"@id\":\"https:\/\/www.new-humanity.org\/es\/donde-estamos\/viena\/\",\"url\":\"https:\/\/www.new-humanity.org\/es\/donde-estamos\/viena\/\",\"name\":\"Viena | New Humanity\",\"isPartOf\":{\"@id\":\"https:\/\/www.new-humanity.org\/es\/#website\"},\"datePublished\":\"2025-05-28T10:34:37+00:00\",\"dateModified\":\"2025-07-01T15:54:31+00:00\",\"description\":\"Esta oficina de representaci\u00f3n de New Humanity fue establecida en 2021 con el objetivo de establecer contacto con la sede de las Naciones Unidas en Viena.\",\"breadcrumb\":{\"@id\":\"https:\/\/www.new-humanity.org\/es\/donde-estamos\/viena\/#breadcrumb\"},\"inLanguage\":\"es-ES\",\"potentialAction\":[{\"@type\":\"ReadAction\",\"target\":[\"https:\/\/www.new-humanity.org\/es\/donde-estamos\/viena\/\"]}]},{\"@type\":\"BreadcrumbList\",\"@id\":\"https:\/\/www.new-humanity.org\/es\/donde-estamos\/viena\/#breadcrumb\",\"itemListElement\":[{\"@type\":\"ListItem\",\"position\":1,\"name\":\"Home\",\"item\":\"https:\/\/www.new-humanity.org\/es\/\"},{\"@type\":\"ListItem\",\"position\":2,\"name\":\"D\u00f3nde Estamos\",\"item\":\"https:\/\/www.new-humanity.org\/es\/donde-estamos\/\"},{\"@type\":\"ListItem\",\"position\":3,\"name\":\"Viena\"}]},{\"@type\":\"WebSite\",\"@id\":\"https:\/\/www.new-humanity.org\/es\/#website\",\"url\":\"https:\/\/www.new-humanity.org\/es\/\",\"name\":\"New Humanity\",\"description\":\"Per un mondo unito\",\"publisher\":{\"@id\":\"https:\/\/www.new-humanity.org\/es\/#organization\"},\"potentialAction\":[{\"@type\":\"SearchAction\",\"target\":{\"@type\":\"EntryPoint\",\"urlTemplate\":\"https:\/\/www.new-humanity.org\/es\/?s={search_term_string}\"},\"query-input\":\"required name=search_term_string\"}],\"inLanguage\":\"es-ES\"},{\"@type\":\"Organization\",\"@id\":\"https:\/\/www.new-humanity.org\/es\/#organization\",\"name\":\"New Humanity\",\"url\":\"https:\/\/www.new-humanity.org\/es\/\",\"logo\":{\"@type\":\"ImageObject\",\"inLanguage\":\"es-ES\",\"@id\":\"https:\/\/www.new-humanity.org\/es\/#\/schema\/logo\/image\/\",\"url\":\"https:\/\/www.new-humanity.org\/wp-content\/uploads\/2022\/01\/logo.jpg\",\"contentUrl\":\"https:\/\/www.new-humanity.org\/wp-content\/uploads\/2022\/01\/logo.jpg\",\"width\":520,\"height\":128,\"caption\":\"New Humanity\"},\"image\":{\"@id\":\"https:\/\/www.new-humanity.org\/es\/#\/schema\/logo\/image\/\"}}]}<\/script>\n<!-- \/ Yoast SEO plugin. -->","yoast_head_json":{"title":"Viena | New Humanity","description":"Esta oficina de representaci\u00f3n de New Humanity fue establecida en 2021 con el objetivo de establecer contacto con la sede de las Naciones Unidas en Viena.","robots":{"index":"index","follow":"follow","max-snippet":"max-snippet:-1","max-image-preview":"max-image-preview:large","max-video-preview":"max-video-preview:-1"},"canonical":"https:\/\/www.new-humanity.org\/es\/donde-estamos\/viena\/","og_locale":"es_ES","og_type":"article","og_title":"Viena | New Humanity","og_description":"Esta oficina de representaci\u00f3n de New Humanity fue establecida en 2021 con el objetivo de establecer contacto con la sede de las Naciones Unidas en Viena.","og_url":"https:\/\/www.new-humanity.org\/es\/donde-estamos\/viena\/","og_site_name":"New Humanity","article_modified_time":"2025-07-01T15:54:31+00:00","twitter_card":"summary_large_image","twitter_misc":{"Est. reading time":"2 minutes"},"schema":{"@context":"https:\/\/schema.org","@graph":[{"@type":"WebPage","@id":"https:\/\/www.new-humanity.org\/es\/donde-estamos\/viena\/","url":"https:\/\/www.new-humanity.org\/es\/donde-estamos\/viena\/","name":"Viena | New Humanity","isPartOf":{"@id":"https:\/\/www.new-humanity.org\/es\/#website"},"datePublished":"2025-05-28T10:34:37+00:00","dateModified":"2025-07-01T15:54:31+00:00","description":"Esta oficina de representaci\u00f3n de New Humanity fue establecida en 2021 con el objetivo de establecer contacto con la sede de las Naciones Unidas en Viena.","breadcrumb":{"@id":"https:\/\/www.new-humanity.org\/es\/donde-estamos\/viena\/#breadcrumb"},"inLanguage":"es-ES","potentialAction":[{"@type":"ReadAction","target":["https:\/\/www.new-humanity.org\/es\/donde-estamos\/viena\/"]}]},{"@type":"BreadcrumbList","@id":"https:\/\/www.new-humanity.org\/es\/donde-estamos\/viena\/#breadcrumb","itemListElement":[{"@type":"ListItem","position":1,"name":"Home","item":"https:\/\/www.new-humanity.org\/es\/"},{"@type":"ListItem","position":2,"name":"D\u00f3nde Estamos","item":"https:\/\/www.new-humanity.org\/es\/donde-estamos\/"},{"@type":"ListItem","position":3,"name":"Viena"}]},{"@type":"WebSite","@id":"https:\/\/www.new-humanity.org\/es\/#website","url":"https:\/\/www.new-humanity.org\/es\/","name":"New Humanity","description":"Per un mondo unito","publisher":{"@id":"https:\/\/www.new-humanity.org\/es\/#organization"},"potentialAction":[{"@type":"SearchAction","target":{"@type":"EntryPoint","urlTemplate":"https:\/\/www.new-humanity.org\/es\/?s={search_term_string}"},"query-input":"required name=search_term_string"}],"inLanguage":"es-ES"},{"@type":"Organization","@id":"https:\/\/www.new-humanity.org\/es\/#organization","name":"New Humanity","url":"https:\/\/www.new-humanity.org\/es\/","logo":{"@type":"ImageObject","inLanguage":"es-ES","@id":"https:\/\/www.new-humanity.org\/es\/#\/schema\/logo\/image\/","url":"https:\/\/www.new-humanity.org\/wp-content\/uploads\/2022\/01\/logo.jpg","contentUrl":"https:\/\/www.new-humanity.org\/wp-content\/uploads\/2022\/01\/logo.jpg","width":520,"height":128,"caption":"New Humanity"},"image":{"@id":"https:\/\/www.new-humanity.org\/es\/#\/schema\/logo\/image\/"}}]}},"_links":{"self":[{"href":"https:\/\/www.new-humanity.org\/es\/wp-json\/wp\/v2\/pages\/11250"}],"collection":[{"href":"https:\/\/www.new-humanity.org\/es\/wp-json\/wp\/v2\/pages"}],"about":[{"href":"https:\/\/www.new-humanity.org\/es\/wp-json\/wp\/v2\/types\/page"}],"author":[{"embeddable":true,"href":"https:\/\/www.new-humanity.org\/es\/wp-json\/wp\/v2\/users\/15"}],"replies":[{"embeddable":true,"href":"https:\/\/www.new-humanity.org\/es\/wp-json\/wp\/v2\/comments?post=11250"}],"version-history":[{"count":2,"href":"https:\/\/www.new-humanity.org\/es\/wp-json\/wp\/v2\/pages\/11250\/revisions"}],"predecessor-version":[{"id":11500,"href":"https:\/\/www.new-humanity.org\/es\/wp-json\/wp\/v2\/pages\/11250\/revisions\/11500"}],"up":[{"embeddable":true,"href":"https:\/\/www.new-humanity.org\/es\/wp-json\/wp\/v2\/pages\/4284"}],"wp:attachment":[{"href":"https:\/\/www.new-humanity.org\/es\/wp-json\/wp\/v2\/media?parent=11250"}],"curies":[{"name":"wp","href":"https:\/\/api.w.org\/{rel}","templated":true}]}}