{"id":4292,"date":"2019-06-04T08:49:26","date_gmt":"2019-06-04T06:49:26","guid":{"rendered":"http:\/\/www.new-humanity.org\/?page_id=4292"},"modified":"2025-07-07T14:55:24","modified_gmt":"2025-07-07T12:55:24","slug":"roma","status":"publish","type":"page","link":"https:\/\/www.new-humanity.org\/es\/donde-estamos\/roma\/","title":{"rendered":"Roma"},"content":{"rendered":"<p data-start=\"885\" data-end=\"1158\"><strong>En Grottaferrata<\/strong>, un municipio a pocos kil\u00f3metros al sur de Roma, se encuentra la <strong>sede central de la ONG New Humanity<\/strong>. En esta sede operan las oficinas de la presidencia de la ONG. Aqu\u00ed tambi\u00e9n se encuentran los departamentos administrativo, de proyectos y de comunicaci\u00f3n.<\/p>\n<p data-start=\"1160\" data-end=\"1404\">La sede central de la ONG New Humanity gestiona las relaciones y la colaboraci\u00f3n con la <strong><a href=\"https:\/\/www.fao.org\/home\/en\/\">FAO<\/a><\/strong> (Organizaci\u00f3n de las Naciones Unidas para la Alimentaci\u00f3n y la Agricultura), en estrecho contacto con la Misi\u00f3n Permanente de la Santa Sede ante la FAO.<\/p>\n<p data-start=\"1406\" data-end=\"1562\">Adem\u00e1s, coordina las relaciones con las principales <strong><a href=\"https:\/\/www.new-humanity.org\/chi-siamo\/partner-e-organizzazioni\/\">organizaciones asociadas<\/a><\/strong> y con el <a href=\"https:\/\/www.focolare.org\/\"><strong>Movimiento de los Focolares<\/strong><\/a>, que tambi\u00e9n tienen sede en las cercan\u00edas.<\/p>\n","protected":false},"excerpt":{"rendered":"<p>En Grottaferrata, un municipio a pocos kil\u00f3metros al sur de Roma, se encuentra la sede central de la ONG New Humanity. En esta sede operan las oficinas de la presidencia de la ONG. Aqu\u00ed tambi\u00e9n se encuentran los departamentos administrativo, de proyectos y de comunicaci\u00f3n. La sede central de la ONG New Humanity gestiona las [&hellip;]<\/p>\n","protected":false},"author":5,"featured_media":0,"parent":4284,"menu_order":1,"comment_status":"closed","ping_status":"closed","template":"inc\/pagina-centrale.php","meta":{"ngg_post_thumbnail":0,"footnotes":""},"acf":[],"yoast_head":"<!-- This site is optimized with the Yoast SEO plugin v21.9.1 - https:\/\/yoast.com\/wordpress\/plugins\/seo\/ -->\n<title>Roma | New Humanity<\/title>\n<meta name=\"description\" content=\"En Grottaferrata, un municipio a pocos kil\u00f3metros al sur de Roma, se encuentra la sede central de la ONG New Humanity. En esta sede operan las oficinas de\" \/>\n<meta name=\"robots\" content=\"index, follow, max-snippet:-1, max-image-preview:large, max-video-preview:-1\" \/>\n<link rel=\"canonical\" href=\"https:\/\/www.new-humanity.org\/es\/donde-estamos\/roma\/\" \/>\n<meta property=\"og:locale\" content=\"es_ES\" \/>\n<meta property=\"og:type\" content=\"article\" \/>\n<meta property=\"og:title\" content=\"Roma | New Humanity\" \/>\n<meta property=\"og:description\" content=\"En Grottaferrata, un municipio a pocos kil\u00f3metros al sur de Roma, se encuentra la sede central de la ONG New Humanity. En esta sede operan las oficinas de\" \/>\n<meta property=\"og:url\" content=\"https:\/\/www.new-humanity.org\/es\/donde-estamos\/roma\/\" \/>\n<meta property=\"og:site_name\" content=\"New Humanity\" \/>\n<meta property=\"article:modified_time\" content=\"2025-07-07T12:55:24+00:00\" \/>\n<meta name=\"twitter:card\" content=\"summary_large_image\" \/>\n<meta name=\"twitter:label1\" content=\"Est. reading time\" \/>\n\t<meta name=\"twitter:data1\" content=\"2 minutes\" \/>\n<script type=\"application\/ld+json\" class=\"yoast-schema-graph\">{\"@context\":\"https:\/\/schema.org\",\"@graph\":[{\"@type\":\"WebPage\",\"@id\":\"https:\/\/www.new-humanity.org\/es\/donde-estamos\/roma\/\",\"url\":\"https:\/\/www.new-humanity.org\/es\/donde-estamos\/roma\/\",\"name\":\"Roma | New Humanity\",\"isPartOf\":{\"@id\":\"https:\/\/www.new-humanity.org\/es\/#website\"},\"datePublished\":\"2019-06-04T06:49:26+00:00\",\"dateModified\":\"2025-07-07T12:55:24+00:00\",\"description\":\"En Grottaferrata, un municipio a pocos kil\u00f3metros al sur de Roma, se encuentra la sede central de la ONG New Humanity. En esta sede operan las oficinas de\",\"breadcrumb\":{\"@id\":\"https:\/\/www.new-humanity.org\/es\/donde-estamos\/roma\/#breadcrumb\"},\"inLanguage\":\"es-ES\",\"potentialAction\":[{\"@type\":\"ReadAction\",\"target\":[\"https:\/\/www.new-humanity.org\/es\/donde-estamos\/roma\/\"]}]},{\"@type\":\"BreadcrumbList\",\"@id\":\"https:\/\/www.new-humanity.org\/es\/donde-estamos\/roma\/#breadcrumb\",\"itemListElement\":[{\"@type\":\"ListItem\",\"position\":1,\"name\":\"Home\",\"item\":\"https:\/\/www.new-humanity.org\/es\/\"},{\"@type\":\"ListItem\",\"position\":2,\"name\":\"D\u00f3nde Estamos\",\"item\":\"https:\/\/www.new-humanity.org\/es\/donde-estamos\/\"},{\"@type\":\"ListItem\",\"position\":3,\"name\":\"Roma\"}]},{\"@type\":\"WebSite\",\"@id\":\"https:\/\/www.new-humanity.org\/es\/#website\",\"url\":\"https:\/\/www.new-humanity.org\/es\/\",\"name\":\"New Humanity\",\"description\":\"Per un mondo unito\",\"publisher\":{\"@id\":\"https:\/\/www.new-humanity.org\/es\/#organization\"},\"potentialAction\":[{\"@type\":\"SearchAction\",\"target\":{\"@type\":\"EntryPoint\",\"urlTemplate\":\"https:\/\/www.new-humanity.org\/es\/?s={search_term_string}\"},\"query-input\":\"required name=search_term_string\"}],\"inLanguage\":\"es-ES\"},{\"@type\":\"Organization\",\"@id\":\"https:\/\/www.new-humanity.org\/es\/#organization\",\"name\":\"New Humanity\",\"url\":\"https:\/\/www.new-humanity.org\/es\/\",\"logo\":{\"@type\":\"ImageObject\",\"inLanguage\":\"es-ES\",\"@id\":\"https:\/\/www.new-humanity.org\/es\/#\/schema\/logo\/image\/\",\"url\":\"https:\/\/www.new-humanity.org\/wp-content\/uploads\/2022\/01\/logo.jpg\",\"contentUrl\":\"https:\/\/www.new-humanity.org\/wp-content\/uploads\/2022\/01\/logo.jpg\",\"width\":520,\"height\":128,\"caption\":\"New Humanity\"},\"image\":{\"@id\":\"https:\/\/www.new-humanity.org\/es\/#\/schema\/logo\/image\/\"}}]}<\/script>\n<!-- \/ Yoast SEO plugin. -->","yoast_head_json":{"title":"Roma | New Humanity","description":"En Grottaferrata, un municipio a pocos kil\u00f3metros al sur de Roma, se encuentra la sede central de la ONG New Humanity. En esta sede operan las oficinas de","robots":{"index":"index","follow":"follow","max-snippet":"max-snippet:-1","max-image-preview":"max-image-preview:large","max-video-preview":"max-video-preview:-1"},"canonical":"https:\/\/www.new-humanity.org\/es\/donde-estamos\/roma\/","og_locale":"es_ES","og_type":"article","og_title":"Roma | New Humanity","og_description":"En Grottaferrata, un municipio a pocos kil\u00f3metros al sur de Roma, se encuentra la sede central de la ONG New Humanity. En esta sede operan las oficinas de","og_url":"https:\/\/www.new-humanity.org\/es\/donde-estamos\/roma\/","og_site_name":"New Humanity","article_modified_time":"2025-07-07T12:55:24+00:00","twitter_card":"summary_large_image","twitter_misc":{"Est. reading time":"2 minutes"},"schema":{"@context":"https:\/\/schema.org","@graph":[{"@type":"WebPage","@id":"https:\/\/www.new-humanity.org\/es\/donde-estamos\/roma\/","url":"https:\/\/www.new-humanity.org\/es\/donde-estamos\/roma\/","name":"Roma | New Humanity","isPartOf":{"@id":"https:\/\/www.new-humanity.org\/es\/#website"},"datePublished":"2019-06-04T06:49:26+00:00","dateModified":"2025-07-07T12:55:24+00:00","description":"En Grottaferrata, un municipio a pocos kil\u00f3metros al sur de Roma, se encuentra la sede central de la ONG New Humanity. En esta sede operan las oficinas de","breadcrumb":{"@id":"https:\/\/www.new-humanity.org\/es\/donde-estamos\/roma\/#breadcrumb"},"inLanguage":"es-ES","potentialAction":[{"@type":"ReadAction","target":["https:\/\/www.new-humanity.org\/es\/donde-estamos\/roma\/"]}]},{"@type":"BreadcrumbList","@id":"https:\/\/www.new-humanity.org\/es\/donde-estamos\/roma\/#breadcrumb","itemListElement":[{"@type":"ListItem","position":1,"name":"Home","item":"https:\/\/www.new-humanity.org\/es\/"},{"@type":"ListItem","position":2,"name":"D\u00f3nde Estamos","item":"https:\/\/www.new-humanity.org\/es\/donde-estamos\/"},{"@type":"ListItem","position":3,"name":"Roma"}]},{"@type":"WebSite","@id":"https:\/\/www.new-humanity.org\/es\/#website","url":"https:\/\/www.new-humanity.org\/es\/","name":"New Humanity","description":"Per un mondo unito","publisher":{"@id":"https:\/\/www.new-humanity.org\/es\/#organization"},"potentialAction":[{"@type":"SearchAction","target":{"@type":"EntryPoint","urlTemplate":"https:\/\/www.new-humanity.org\/es\/?s={search_term_string}"},"query-input":"required name=search_term_string"}],"inLanguage":"es-ES"},{"@type":"Organization","@id":"https:\/\/www.new-humanity.org\/es\/#organization","name":"New Humanity","url":"https:\/\/www.new-humanity.org\/es\/","logo":{"@type":"ImageObject","inLanguage":"es-ES","@id":"https:\/\/www.new-humanity.org\/es\/#\/schema\/logo\/image\/","url":"https:\/\/www.new-humanity.org\/wp-content\/uploads\/2022\/01\/logo.jpg","contentUrl":"https:\/\/www.new-humanity.org\/wp-content\/uploads\/2022\/01\/logo.jpg","width":520,"height":128,"caption":"New Humanity"},"image":{"@id":"https:\/\/www.new-humanity.org\/es\/#\/schema\/logo\/image\/"}}]}},"_links":{"self":[{"href":"https:\/\/www.new-humanity.org\/es\/wp-json\/wp\/v2\/pages\/4292"}],"collection":[{"href":"https:\/\/www.new-humanity.org\/es\/wp-json\/wp\/v2\/pages"}],"about":[{"href":"https:\/\/www.new-humanity.org\/es\/wp-json\/wp\/v2\/types\/page"}],"author":[{"embeddable":true,"href":"https:\/\/www.new-humanity.org\/es\/wp-json\/wp\/v2\/users\/5"}],"replies":[{"embeddable":true,"href":"https:\/\/www.new-humanity.org\/es\/wp-json\/wp\/v2\/comments?post=4292"}],"version-history":[{"count":9,"href":"https:\/\/www.new-humanity.org\/es\/wp-json\/wp\/v2\/pages\/4292\/revisions"}],"predecessor-version":[{"id":11506,"href":"https:\/\/www.new-humanity.org\/es\/wp-json\/wp\/v2\/pages\/4292\/revisions\/11506"}],"up":[{"embeddable":true,"href":"https:\/\/www.new-humanity.org\/es\/wp-json\/wp\/v2\/pages\/4284"}],"wp:attachment":[{"href":"https:\/\/www.new-humanity.org\/es\/wp-json\/wp\/v2\/media?parent=4292"}],"curies":[{"name":"wp","href":"https:\/\/api.w.org\/{rel}","templated":true}]}}