{"id":4303,"date":"2019-06-04T09:08:07","date_gmt":"2019-06-04T07:08:07","guid":{"rendered":"http:\/\/www.new-humanity.org\/?page_id=4303"},"modified":"2025-07-01T17:28:22","modified_gmt":"2025-07-01T15:28:22","slug":"ginebra-sede-en-el-palacio-de-las-naciones","status":"publish","type":"page","link":"https:\/\/www.new-humanity.org\/es\/donde-estamos\/ginebra-sede-en-el-palacio-de-las-naciones\/","title":{"rendered":"Ginebra"},"content":{"rendered":"<p data-start=\"2217\" data-end=\"2384\">La oficina de representaci\u00f3n de New Humanity en Ginebra es <strong>responsable de sus actividades ante la<\/strong> <strong><a href=\"https:\/\/www.ungeneva.org\/en\">UNOG<\/a><\/strong>, la sede de las Naciones Unidas en Ginebra (Palais des Nations).<\/p>\n<p data-start=\"2386\" data-end=\"2946\">En particular, la representaci\u00f3n de New Humanity ante las Naciones Unidas ha promovido a lo largo de los a\u00f1os numerosas iniciativas en el <strong><a href=\"http:\/\/www.unog.ch\/80256EDD006B9C2E\/(httpPages)\/D2EC08F09E7E8A76C125744400356CD2?OpenDocument&amp;unid=15406DAB6CB569F080256F04006E8812\">Consejo de Derechos Humanos de la ONU<\/a><\/strong>. Actualmente participa mediante declaraciones orales y escritas durante las sesiones del Consejo de Derechos Humanos y en los grupos de trabajo relacionados con la defensa de los siguientes derechos y temas: <strong>derecho a la solidaridad internacional, derecho al desarrollo, derecho a la educaci\u00f3n, medidas coercitivas unilaterales, familia, migrantes, personas mayores y pobreza extrema.<\/strong><\/p>\n<p data-start=\"2948\" data-end=\"3260\">New Humanity en Ginebra tambi\u00e9n es miembro activo del <strong><a href=\"http:\/\/www.cingoforum.org\/\">Foro de ONG de inspiraci\u00f3n cat\u00f3lica<\/a><\/strong>, que impulsa importantes debates y organiza diversos eventos paralelos sobre diferentes tem\u00e1ticas. Desde enero de 2016, la representaci\u00f3n de New Humanity en Ginebra ha asumido la tarea de coordinaci\u00f3n general de este Foro.<\/p>\n","protected":false},"excerpt":{"rendered":"<p>La oficina de representaci\u00f3n de New Humanity en Ginebra es responsable de sus actividades ante la UNOG, la sede de las Naciones Unidas en Ginebra (Palais des Nations). En particular, la representaci\u00f3n de New Humanity ante las Naciones Unidas ha promovido a lo largo de los a\u00f1os numerosas iniciativas en el Consejo de Derechos Humanos [&hellip;]<\/p>\n","protected":false},"author":5,"featured_media":0,"parent":4284,"menu_order":2,"comment_status":"closed","ping_status":"closed","template":"inc\/pagina-centrale.php","meta":{"ngg_post_thumbnail":0,"footnotes":""},"acf":[],"yoast_head":"<!-- This site is optimized with the Yoast SEO plugin v21.9.1 - https:\/\/yoast.com\/wordpress\/plugins\/seo\/ -->\n<title>Ginebra | New Humanity<\/title>\n<meta name=\"description\" content=\"La oficina de representaci\u00f3n de New Humanity en Ginebra es responsable de sus actividades ante la UNOG, la sede de las Naciones Unidas en Ginebra (Palais\" \/>\n<meta name=\"robots\" content=\"index, follow, max-snippet:-1, max-image-preview:large, max-video-preview:-1\" \/>\n<link rel=\"canonical\" href=\"https:\/\/www.new-humanity.org\/es\/donde-estamos\/ginebra-sede-en-el-palacio-de-las-naciones\/\" \/>\n<meta property=\"og:locale\" content=\"es_ES\" \/>\n<meta property=\"og:type\" content=\"article\" \/>\n<meta property=\"og:title\" content=\"Ginebra | New Humanity\" \/>\n<meta property=\"og:description\" content=\"La oficina de representaci\u00f3n de New Humanity en Ginebra es responsable de sus actividades ante la UNOG, la sede de las Naciones Unidas en Ginebra (Palais\" \/>\n<meta property=\"og:url\" content=\"https:\/\/www.new-humanity.org\/es\/donde-estamos\/ginebra-sede-en-el-palacio-de-las-naciones\/\" \/>\n<meta property=\"og:site_name\" content=\"New Humanity\" \/>\n<meta property=\"article:modified_time\" content=\"2025-07-01T15:28:22+00:00\" \/>\n<meta name=\"twitter:card\" content=\"summary_large_image\" \/>\n<meta name=\"twitter:label1\" content=\"Est. reading time\" \/>\n\t<meta name=\"twitter:data1\" content=\"2 minutes\" \/>\n<script type=\"application\/ld+json\" class=\"yoast-schema-graph\">{\"@context\":\"https:\/\/schema.org\",\"@graph\":[{\"@type\":\"WebPage\",\"@id\":\"https:\/\/www.new-humanity.org\/es\/donde-estamos\/ginebra-sede-en-el-palacio-de-las-naciones\/\",\"url\":\"https:\/\/www.new-humanity.org\/es\/donde-estamos\/ginebra-sede-en-el-palacio-de-las-naciones\/\",\"name\":\"Ginebra | New Humanity\",\"isPartOf\":{\"@id\":\"https:\/\/www.new-humanity.org\/es\/#website\"},\"datePublished\":\"2019-06-04T07:08:07+00:00\",\"dateModified\":\"2025-07-01T15:28:22+00:00\",\"description\":\"La oficina de representaci\u00f3n de New Humanity en Ginebra es responsable de sus actividades ante la UNOG, la sede de las Naciones Unidas en Ginebra (Palais\",\"breadcrumb\":{\"@id\":\"https:\/\/www.new-humanity.org\/es\/donde-estamos\/ginebra-sede-en-el-palacio-de-las-naciones\/#breadcrumb\"},\"inLanguage\":\"es-ES\",\"potentialAction\":[{\"@type\":\"ReadAction\",\"target\":[\"https:\/\/www.new-humanity.org\/es\/donde-estamos\/ginebra-sede-en-el-palacio-de-las-naciones\/\"]}]},{\"@type\":\"BreadcrumbList\",\"@id\":\"https:\/\/www.new-humanity.org\/es\/donde-estamos\/ginebra-sede-en-el-palacio-de-las-naciones\/#breadcrumb\",\"itemListElement\":[{\"@type\":\"ListItem\",\"position\":1,\"name\":\"Home\",\"item\":\"https:\/\/www.new-humanity.org\/es\/\"},{\"@type\":\"ListItem\",\"position\":2,\"name\":\"D\u00f3nde Estamos\",\"item\":\"https:\/\/www.new-humanity.org\/es\/donde-estamos\/\"},{\"@type\":\"ListItem\",\"position\":3,\"name\":\"Ginebra\"}]},{\"@type\":\"WebSite\",\"@id\":\"https:\/\/www.new-humanity.org\/es\/#website\",\"url\":\"https:\/\/www.new-humanity.org\/es\/\",\"name\":\"New Humanity\",\"description\":\"Per un mondo unito\",\"publisher\":{\"@id\":\"https:\/\/www.new-humanity.org\/es\/#organization\"},\"potentialAction\":[{\"@type\":\"SearchAction\",\"target\":{\"@type\":\"EntryPoint\",\"urlTemplate\":\"https:\/\/www.new-humanity.org\/es\/?s={search_term_string}\"},\"query-input\":\"required name=search_term_string\"}],\"inLanguage\":\"es-ES\"},{\"@type\":\"Organization\",\"@id\":\"https:\/\/www.new-humanity.org\/es\/#organization\",\"name\":\"New Humanity\",\"url\":\"https:\/\/www.new-humanity.org\/es\/\",\"logo\":{\"@type\":\"ImageObject\",\"inLanguage\":\"es-ES\",\"@id\":\"https:\/\/www.new-humanity.org\/es\/#\/schema\/logo\/image\/\",\"url\":\"https:\/\/www.new-humanity.org\/wp-content\/uploads\/2022\/01\/logo.jpg\",\"contentUrl\":\"https:\/\/www.new-humanity.org\/wp-content\/uploads\/2022\/01\/logo.jpg\",\"width\":520,\"height\":128,\"caption\":\"New Humanity\"},\"image\":{\"@id\":\"https:\/\/www.new-humanity.org\/es\/#\/schema\/logo\/image\/\"}}]}<\/script>\n<!-- \/ Yoast SEO plugin. -->","yoast_head_json":{"title":"Ginebra | New Humanity","description":"La oficina de representaci\u00f3n de New Humanity en Ginebra es responsable de sus actividades ante la UNOG, la sede de las Naciones Unidas en Ginebra (Palais","robots":{"index":"index","follow":"follow","max-snippet":"max-snippet:-1","max-image-preview":"max-image-preview:large","max-video-preview":"max-video-preview:-1"},"canonical":"https:\/\/www.new-humanity.org\/es\/donde-estamos\/ginebra-sede-en-el-palacio-de-las-naciones\/","og_locale":"es_ES","og_type":"article","og_title":"Ginebra | New Humanity","og_description":"La oficina de representaci\u00f3n de New Humanity en Ginebra es responsable de sus actividades ante la UNOG, la sede de las Naciones Unidas en Ginebra (Palais","og_url":"https:\/\/www.new-humanity.org\/es\/donde-estamos\/ginebra-sede-en-el-palacio-de-las-naciones\/","og_site_name":"New Humanity","article_modified_time":"2025-07-01T15:28:22+00:00","twitter_card":"summary_large_image","twitter_misc":{"Est. reading time":"2 minutes"},"schema":{"@context":"https:\/\/schema.org","@graph":[{"@type":"WebPage","@id":"https:\/\/www.new-humanity.org\/es\/donde-estamos\/ginebra-sede-en-el-palacio-de-las-naciones\/","url":"https:\/\/www.new-humanity.org\/es\/donde-estamos\/ginebra-sede-en-el-palacio-de-las-naciones\/","name":"Ginebra | New Humanity","isPartOf":{"@id":"https:\/\/www.new-humanity.org\/es\/#website"},"datePublished":"2019-06-04T07:08:07+00:00","dateModified":"2025-07-01T15:28:22+00:00","description":"La oficina de representaci\u00f3n de New Humanity en Ginebra es responsable de sus actividades ante la UNOG, la sede de las Naciones Unidas en Ginebra (Palais","breadcrumb":{"@id":"https:\/\/www.new-humanity.org\/es\/donde-estamos\/ginebra-sede-en-el-palacio-de-las-naciones\/#breadcrumb"},"inLanguage":"es-ES","potentialAction":[{"@type":"ReadAction","target":["https:\/\/www.new-humanity.org\/es\/donde-estamos\/ginebra-sede-en-el-palacio-de-las-naciones\/"]}]},{"@type":"BreadcrumbList","@id":"https:\/\/www.new-humanity.org\/es\/donde-estamos\/ginebra-sede-en-el-palacio-de-las-naciones\/#breadcrumb","itemListElement":[{"@type":"ListItem","position":1,"name":"Home","item":"https:\/\/www.new-humanity.org\/es\/"},{"@type":"ListItem","position":2,"name":"D\u00f3nde Estamos","item":"https:\/\/www.new-humanity.org\/es\/donde-estamos\/"},{"@type":"ListItem","position":3,"name":"Ginebra"}]},{"@type":"WebSite","@id":"https:\/\/www.new-humanity.org\/es\/#website","url":"https:\/\/www.new-humanity.org\/es\/","name":"New Humanity","description":"Per un mondo unito","publisher":{"@id":"https:\/\/www.new-humanity.org\/es\/#organization"},"potentialAction":[{"@type":"SearchAction","target":{"@type":"EntryPoint","urlTemplate":"https:\/\/www.new-humanity.org\/es\/?s={search_term_string}"},"query-input":"required name=search_term_string"}],"inLanguage":"es-ES"},{"@type":"Organization","@id":"https:\/\/www.new-humanity.org\/es\/#organization","name":"New Humanity","url":"https:\/\/www.new-humanity.org\/es\/","logo":{"@type":"ImageObject","inLanguage":"es-ES","@id":"https:\/\/www.new-humanity.org\/es\/#\/schema\/logo\/image\/","url":"https:\/\/www.new-humanity.org\/wp-content\/uploads\/2022\/01\/logo.jpg","contentUrl":"https:\/\/www.new-humanity.org\/wp-content\/uploads\/2022\/01\/logo.jpg","width":520,"height":128,"caption":"New Humanity"},"image":{"@id":"https:\/\/www.new-humanity.org\/es\/#\/schema\/logo\/image\/"}}]}},"_links":{"self":[{"href":"https:\/\/www.new-humanity.org\/es\/wp-json\/wp\/v2\/pages\/4303"}],"collection":[{"href":"https:\/\/www.new-humanity.org\/es\/wp-json\/wp\/v2\/pages"}],"about":[{"href":"https:\/\/www.new-humanity.org\/es\/wp-json\/wp\/v2\/types\/page"}],"author":[{"embeddable":true,"href":"https:\/\/www.new-humanity.org\/es\/wp-json\/wp\/v2\/users\/5"}],"replies":[{"embeddable":true,"href":"https:\/\/www.new-humanity.org\/es\/wp-json\/wp\/v2\/comments?post=4303"}],"version-history":[{"count":9,"href":"https:\/\/www.new-humanity.org\/es\/wp-json\/wp\/v2\/pages\/4303\/revisions"}],"predecessor-version":[{"id":11483,"href":"https:\/\/www.new-humanity.org\/es\/wp-json\/wp\/v2\/pages\/4303\/revisions\/11483"}],"up":[{"embeddable":true,"href":"https:\/\/www.new-humanity.org\/es\/wp-json\/wp\/v2\/pages\/4284"}],"wp:attachment":[{"href":"https:\/\/www.new-humanity.org\/es\/wp-json\/wp\/v2\/media?parent=4303"}],"curies":[{"name":"wp","href":"https:\/\/api.w.org\/{rel}","templated":true}]}}