{"id":4309,"date":"2019-06-04T09:16:03","date_gmt":"2019-06-04T07:16:03","guid":{"rendered":"http:\/\/www.new-humanity.org\/?page_id=4309"},"modified":"2025-07-01T17:38:02","modified_gmt":"2025-07-01T15:38:02","slug":"new-york-representacion-en-la-ecosoc","status":"publish","type":"page","link":"https:\/\/www.new-humanity.org\/es\/donde-estamos\/new-york-representacion-en-la-ecosoc\/","title":{"rendered":"New York \u2013 Representaci\u00f3n en la ECOSOC"},"content":{"rendered":"<p>La sede de New Humanity en New York acompa\u00f1a las actividades que se desarrollan en el <strong>cuartel general de las Naciones Unidas<\/strong> (Palacio de Cristal).<\/p>\n<p>Particularmente, desde el 2005, la sede de New Humanity en New York, goza del <strong>Status Consultivo General dentro del Consejo Econ\u00f3mico y Social de las <a href=\"https:\/\/www.un.org\/es\/\" target=\"_blank\" rel=\"noopener noreferrer\">Naciones Unidas<\/a> (ECOSOC)<\/strong>. Precedentemente, desde 1987, pose\u00eda Status Consultivo Especial.<\/p>\n<p>Durante a\u00f1os, la actividad de New Humanity en el ECOSOC si caracteriz\u00f3 particularmente por su actuaci\u00f3n en el \u00e1mbito econ\u00f3mico, a <strong>trav\u00e9s de notables intervenciones destinadas a promover una <a href=\"https:\/\/www.edc-online.org\/es\/\" target=\"_blank\" rel=\"noopener noreferrer\">Economia de Comuni\u00f3n<\/a><\/strong>, plasmada por el principio de fraternidad.<\/p>\n","protected":false},"excerpt":{"rendered":"<p>La sede de New Humanity en New York acompa\u00f1a las actividades que se desarrollan en el cuartel general de las Naciones Unidas (Palacio de Cristal). Particularmente, desde el 2005, la sede de New Humanity en New York, goza del Status Consultivo General dentro del Consejo Econ\u00f3mico y Social de las Naciones Unidas (ECOSOC). Precedentemente, desde [&hellip;]<\/p>\n","protected":false},"author":5,"featured_media":0,"parent":4284,"menu_order":3,"comment_status":"closed","ping_status":"closed","template":"inc\/pagina-centrale.php","meta":{"ngg_post_thumbnail":0,"footnotes":""},"acf":[],"yoast_head":"<!-- This site is optimized with the Yoast SEO plugin v21.9.1 - https:\/\/yoast.com\/wordpress\/plugins\/seo\/ -->\n<title>New York \u2013 Representaci\u00f3n en la ECOSOC | New Humanity<\/title>\n<meta name=\"description\" content=\"La sede de New Humanity en New York acompa\u00f1a las actividades que se desarrollan en el cuartel general de las Naciones Unidas (Palacio de Cristal).\" \/>\n<meta name=\"robots\" content=\"index, follow, max-snippet:-1, max-image-preview:large, max-video-preview:-1\" \/>\n<link rel=\"canonical\" href=\"https:\/\/www.new-humanity.org\/es\/donde-estamos\/new-york-representacion-en-la-ecosoc\/\" \/>\n<meta property=\"og:locale\" content=\"es_ES\" \/>\n<meta property=\"og:type\" content=\"article\" \/>\n<meta property=\"og:title\" content=\"New York \u2013 Representaci\u00f3n en la ECOSOC | New Humanity\" \/>\n<meta property=\"og:description\" content=\"La sede de New Humanity en New York acompa\u00f1a las actividades que se desarrollan en el cuartel general de las Naciones Unidas (Palacio de Cristal).\" \/>\n<meta property=\"og:url\" content=\"https:\/\/www.new-humanity.org\/es\/donde-estamos\/new-york-representacion-en-la-ecosoc\/\" \/>\n<meta property=\"og:site_name\" content=\"New Humanity\" \/>\n<meta property=\"article:modified_time\" content=\"2025-07-01T15:38:02+00:00\" \/>\n<meta name=\"twitter:card\" content=\"summary_large_image\" \/>\n<meta name=\"twitter:label1\" content=\"Est. reading time\" \/>\n\t<meta name=\"twitter:data1\" content=\"1 minute\" \/>\n<script type=\"application\/ld+json\" class=\"yoast-schema-graph\">{\"@context\":\"https:\/\/schema.org\",\"@graph\":[{\"@type\":\"WebPage\",\"@id\":\"https:\/\/www.new-humanity.org\/es\/donde-estamos\/new-york-representacion-en-la-ecosoc\/\",\"url\":\"https:\/\/www.new-humanity.org\/es\/donde-estamos\/new-york-representacion-en-la-ecosoc\/\",\"name\":\"New York \u2013 Representaci\u00f3n en la ECOSOC | New Humanity\",\"isPartOf\":{\"@id\":\"https:\/\/www.new-humanity.org\/es\/#website\"},\"datePublished\":\"2019-06-04T07:16:03+00:00\",\"dateModified\":\"2025-07-01T15:38:02+00:00\",\"description\":\"La sede de New Humanity en New York acompa\u00f1a las actividades que se desarrollan en el cuartel general de las Naciones Unidas (Palacio de Cristal).\",\"breadcrumb\":{\"@id\":\"https:\/\/www.new-humanity.org\/es\/donde-estamos\/new-york-representacion-en-la-ecosoc\/#breadcrumb\"},\"inLanguage\":\"es-ES\",\"potentialAction\":[{\"@type\":\"ReadAction\",\"target\":[\"https:\/\/www.new-humanity.org\/es\/donde-estamos\/new-york-representacion-en-la-ecosoc\/\"]}]},{\"@type\":\"BreadcrumbList\",\"@id\":\"https:\/\/www.new-humanity.org\/es\/donde-estamos\/new-york-representacion-en-la-ecosoc\/#breadcrumb\",\"itemListElement\":[{\"@type\":\"ListItem\",\"position\":1,\"name\":\"Home\",\"item\":\"https:\/\/www.new-humanity.org\/es\/\"},{\"@type\":\"ListItem\",\"position\":2,\"name\":\"D\u00f3nde Estamos\",\"item\":\"https:\/\/www.new-humanity.org\/es\/donde-estamos\/\"},{\"@type\":\"ListItem\",\"position\":3,\"name\":\"New York \u2013 Representaci\u00f3n en la ECOSOC\"}]},{\"@type\":\"WebSite\",\"@id\":\"https:\/\/www.new-humanity.org\/es\/#website\",\"url\":\"https:\/\/www.new-humanity.org\/es\/\",\"name\":\"New Humanity\",\"description\":\"Per un mondo unito\",\"publisher\":{\"@id\":\"https:\/\/www.new-humanity.org\/es\/#organization\"},\"potentialAction\":[{\"@type\":\"SearchAction\",\"target\":{\"@type\":\"EntryPoint\",\"urlTemplate\":\"https:\/\/www.new-humanity.org\/es\/?s={search_term_string}\"},\"query-input\":\"required name=search_term_string\"}],\"inLanguage\":\"es-ES\"},{\"@type\":\"Organization\",\"@id\":\"https:\/\/www.new-humanity.org\/es\/#organization\",\"name\":\"New Humanity\",\"url\":\"https:\/\/www.new-humanity.org\/es\/\",\"logo\":{\"@type\":\"ImageObject\",\"inLanguage\":\"es-ES\",\"@id\":\"https:\/\/www.new-humanity.org\/es\/#\/schema\/logo\/image\/\",\"url\":\"https:\/\/www.new-humanity.org\/wp-content\/uploads\/2022\/01\/logo.jpg\",\"contentUrl\":\"https:\/\/www.new-humanity.org\/wp-content\/uploads\/2022\/01\/logo.jpg\",\"width\":520,\"height\":128,\"caption\":\"New Humanity\"},\"image\":{\"@id\":\"https:\/\/www.new-humanity.org\/es\/#\/schema\/logo\/image\/\"}}]}<\/script>\n<!-- \/ Yoast SEO plugin. -->","yoast_head_json":{"title":"New York \u2013 Representaci\u00f3n en la ECOSOC | New Humanity","description":"La sede de New Humanity en New York acompa\u00f1a las actividades que se desarrollan en el cuartel general de las Naciones Unidas (Palacio de Cristal).","robots":{"index":"index","follow":"follow","max-snippet":"max-snippet:-1","max-image-preview":"max-image-preview:large","max-video-preview":"max-video-preview:-1"},"canonical":"https:\/\/www.new-humanity.org\/es\/donde-estamos\/new-york-representacion-en-la-ecosoc\/","og_locale":"es_ES","og_type":"article","og_title":"New York \u2013 Representaci\u00f3n en la ECOSOC | New Humanity","og_description":"La sede de New Humanity en New York acompa\u00f1a las actividades que se desarrollan en el cuartel general de las Naciones Unidas (Palacio de Cristal).","og_url":"https:\/\/www.new-humanity.org\/es\/donde-estamos\/new-york-representacion-en-la-ecosoc\/","og_site_name":"New Humanity","article_modified_time":"2025-07-01T15:38:02+00:00","twitter_card":"summary_large_image","twitter_misc":{"Est. reading time":"1 minute"},"schema":{"@context":"https:\/\/schema.org","@graph":[{"@type":"WebPage","@id":"https:\/\/www.new-humanity.org\/es\/donde-estamos\/new-york-representacion-en-la-ecosoc\/","url":"https:\/\/www.new-humanity.org\/es\/donde-estamos\/new-york-representacion-en-la-ecosoc\/","name":"New York \u2013 Representaci\u00f3n en la ECOSOC | New Humanity","isPartOf":{"@id":"https:\/\/www.new-humanity.org\/es\/#website"},"datePublished":"2019-06-04T07:16:03+00:00","dateModified":"2025-07-01T15:38:02+00:00","description":"La sede de New Humanity en New York acompa\u00f1a las actividades que se desarrollan en el cuartel general de las Naciones Unidas (Palacio de Cristal).","breadcrumb":{"@id":"https:\/\/www.new-humanity.org\/es\/donde-estamos\/new-york-representacion-en-la-ecosoc\/#breadcrumb"},"inLanguage":"es-ES","potentialAction":[{"@type":"ReadAction","target":["https:\/\/www.new-humanity.org\/es\/donde-estamos\/new-york-representacion-en-la-ecosoc\/"]}]},{"@type":"BreadcrumbList","@id":"https:\/\/www.new-humanity.org\/es\/donde-estamos\/new-york-representacion-en-la-ecosoc\/#breadcrumb","itemListElement":[{"@type":"ListItem","position":1,"name":"Home","item":"https:\/\/www.new-humanity.org\/es\/"},{"@type":"ListItem","position":2,"name":"D\u00f3nde Estamos","item":"https:\/\/www.new-humanity.org\/es\/donde-estamos\/"},{"@type":"ListItem","position":3,"name":"New York \u2013 Representaci\u00f3n en la ECOSOC"}]},{"@type":"WebSite","@id":"https:\/\/www.new-humanity.org\/es\/#website","url":"https:\/\/www.new-humanity.org\/es\/","name":"New Humanity","description":"Per un mondo unito","publisher":{"@id":"https:\/\/www.new-humanity.org\/es\/#organization"},"potentialAction":[{"@type":"SearchAction","target":{"@type":"EntryPoint","urlTemplate":"https:\/\/www.new-humanity.org\/es\/?s={search_term_string}"},"query-input":"required name=search_term_string"}],"inLanguage":"es-ES"},{"@type":"Organization","@id":"https:\/\/www.new-humanity.org\/es\/#organization","name":"New Humanity","url":"https:\/\/www.new-humanity.org\/es\/","logo":{"@type":"ImageObject","inLanguage":"es-ES","@id":"https:\/\/www.new-humanity.org\/es\/#\/schema\/logo\/image\/","url":"https:\/\/www.new-humanity.org\/wp-content\/uploads\/2022\/01\/logo.jpg","contentUrl":"https:\/\/www.new-humanity.org\/wp-content\/uploads\/2022\/01\/logo.jpg","width":520,"height":128,"caption":"New Humanity"},"image":{"@id":"https:\/\/www.new-humanity.org\/es\/#\/schema\/logo\/image\/"}}]}},"_links":{"self":[{"href":"https:\/\/www.new-humanity.org\/es\/wp-json\/wp\/v2\/pages\/4309"}],"collection":[{"href":"https:\/\/www.new-humanity.org\/es\/wp-json\/wp\/v2\/pages"}],"about":[{"href":"https:\/\/www.new-humanity.org\/es\/wp-json\/wp\/v2\/types\/page"}],"author":[{"embeddable":true,"href":"https:\/\/www.new-humanity.org\/es\/wp-json\/wp\/v2\/users\/5"}],"replies":[{"embeddable":true,"href":"https:\/\/www.new-humanity.org\/es\/wp-json\/wp\/v2\/comments?post=4309"}],"version-history":[{"count":7,"href":"https:\/\/www.new-humanity.org\/es\/wp-json\/wp\/v2\/pages\/4309\/revisions"}],"predecessor-version":[{"id":11488,"href":"https:\/\/www.new-humanity.org\/es\/wp-json\/wp\/v2\/pages\/4309\/revisions\/11488"}],"up":[{"embeddable":true,"href":"https:\/\/www.new-humanity.org\/es\/wp-json\/wp\/v2\/pages\/4284"}],"wp:attachment":[{"href":"https:\/\/www.new-humanity.org\/es\/wp-json\/wp\/v2\/media?parent=4309"}],"curies":[{"name":"wp","href":"https:\/\/api.w.org\/{rel}","templated":true}]}}