{"id":4321,"date":"2019-12-24T11:35:23","date_gmt":"2019-12-24T10:35:23","guid":{"rendered":"http:\/\/www.new-humanity.org\/?page_id=4321"},"modified":"2025-07-10T12:09:48","modified_gmt":"2025-07-10T10:09:48","slug":"bruselas","status":"publish","type":"page","link":"https:\/\/www.new-humanity.org\/es\/donde-estamos\/bruselas\/","title":{"rendered":"Bruselas"},"content":{"rendered":"<p>La oficina de representaci\u00f3n de New Humanity en <strong data-start=\"745\" data-end=\"757\">Bruselas<\/strong>, iniciada en 2019, se encarga de sus actividades dentro de las <strong data-start=\"821\" data-end=\"858\">instituciones o agencias europeas<\/strong>. Su objetivo es suscitar, apoyar y promover iniciativas de di\u00e1logo efectivo entre ciudadanos de diversas culturas y religiones y las instituciones, mediante la difusi\u00f3n del esp\u00edritu de fraternidad que anima a la asociaci\u00f3n y las buenas pr\u00e1cticas que promueve en todo el continente europeo y m\u00e1s all\u00e1, con el objetivo de la <strong data-start=\"1182\" data-end=\"1207\">fraternidad universal<\/strong>, tambi\u00e9n tal como se refleja en los valores de la Uni\u00f3n Europea.<\/p>\n","protected":false},"excerpt":{"rendered":"<p>La oficina de representaci\u00f3n de New Humanity en Bruselas, iniciada en 2019, se encarga de sus actividades dentro de las instituciones o agencias europeas. Su objetivo es suscitar, apoyar y promover iniciativas de di\u00e1logo efectivo entre ciudadanos de diversas culturas y religiones y las instituciones, mediante la difusi\u00f3n del esp\u00edritu de fraternidad que anima a [&hellip;]<\/p>\n","protected":false},"author":5,"featured_media":0,"parent":4284,"menu_order":5,"comment_status":"closed","ping_status":"closed","template":"inc\/pagina-centrale.php","meta":{"ngg_post_thumbnail":0,"footnotes":""},"acf":[],"yoast_head":"<!-- This site is optimized with the Yoast SEO plugin v21.9.1 - https:\/\/yoast.com\/wordpress\/plugins\/seo\/ -->\n<title>Bruselas | New Humanity<\/title>\n<meta name=\"description\" content=\"La oficina de representaci\u00f3n de New Humanity en Bruselas, iniciada en 2019, se encarga de sus actividades dentro de las instituciones o agencias europeas.\" \/>\n<meta name=\"robots\" content=\"index, follow, max-snippet:-1, max-image-preview:large, max-video-preview:-1\" \/>\n<link rel=\"canonical\" href=\"https:\/\/www.new-humanity.org\/es\/donde-estamos\/bruselas\/\" \/>\n<meta property=\"og:locale\" content=\"es_ES\" \/>\n<meta property=\"og:type\" content=\"article\" \/>\n<meta property=\"og:title\" content=\"Bruselas | New Humanity\" \/>\n<meta property=\"og:description\" content=\"La oficina de representaci\u00f3n de New Humanity en Bruselas, iniciada en 2019, se encarga de sus actividades dentro de las instituciones o agencias europeas.\" \/>\n<meta property=\"og:url\" content=\"https:\/\/www.new-humanity.org\/es\/donde-estamos\/bruselas\/\" \/>\n<meta property=\"og:site_name\" content=\"New Humanity\" \/>\n<meta property=\"article:modified_time\" content=\"2025-07-10T10:09:48+00:00\" \/>\n<meta name=\"twitter:card\" content=\"summary_large_image\" \/>\n<meta name=\"twitter:label1\" content=\"Est. reading time\" \/>\n\t<meta name=\"twitter:data1\" content=\"1 minute\" \/>\n<script type=\"application\/ld+json\" class=\"yoast-schema-graph\">{\"@context\":\"https:\/\/schema.org\",\"@graph\":[{\"@type\":\"WebPage\",\"@id\":\"https:\/\/www.new-humanity.org\/es\/donde-estamos\/bruselas\/\",\"url\":\"https:\/\/www.new-humanity.org\/es\/donde-estamos\/bruselas\/\",\"name\":\"Bruselas | New Humanity\",\"isPartOf\":{\"@id\":\"https:\/\/www.new-humanity.org\/es\/#website\"},\"datePublished\":\"2019-12-24T10:35:23+00:00\",\"dateModified\":\"2025-07-10T10:09:48+00:00\",\"description\":\"La oficina de representaci\u00f3n de New Humanity en Bruselas, iniciada en 2019, se encarga de sus actividades dentro de las instituciones o agencias europeas.\",\"breadcrumb\":{\"@id\":\"https:\/\/www.new-humanity.org\/es\/donde-estamos\/bruselas\/#breadcrumb\"},\"inLanguage\":\"es-ES\",\"potentialAction\":[{\"@type\":\"ReadAction\",\"target\":[\"https:\/\/www.new-humanity.org\/es\/donde-estamos\/bruselas\/\"]}]},{\"@type\":\"BreadcrumbList\",\"@id\":\"https:\/\/www.new-humanity.org\/es\/donde-estamos\/bruselas\/#breadcrumb\",\"itemListElement\":[{\"@type\":\"ListItem\",\"position\":1,\"name\":\"Home\",\"item\":\"https:\/\/www.new-humanity.org\/es\/\"},{\"@type\":\"ListItem\",\"position\":2,\"name\":\"D\u00f3nde Estamos\",\"item\":\"https:\/\/www.new-humanity.org\/es\/donde-estamos\/\"},{\"@type\":\"ListItem\",\"position\":3,\"name\":\"Bruselas\"}]},{\"@type\":\"WebSite\",\"@id\":\"https:\/\/www.new-humanity.org\/es\/#website\",\"url\":\"https:\/\/www.new-humanity.org\/es\/\",\"name\":\"New Humanity\",\"description\":\"Per un mondo unito\",\"publisher\":{\"@id\":\"https:\/\/www.new-humanity.org\/es\/#organization\"},\"potentialAction\":[{\"@type\":\"SearchAction\",\"target\":{\"@type\":\"EntryPoint\",\"urlTemplate\":\"https:\/\/www.new-humanity.org\/es\/?s={search_term_string}\"},\"query-input\":\"required name=search_term_string\"}],\"inLanguage\":\"es-ES\"},{\"@type\":\"Organization\",\"@id\":\"https:\/\/www.new-humanity.org\/es\/#organization\",\"name\":\"New Humanity\",\"url\":\"https:\/\/www.new-humanity.org\/es\/\",\"logo\":{\"@type\":\"ImageObject\",\"inLanguage\":\"es-ES\",\"@id\":\"https:\/\/www.new-humanity.org\/es\/#\/schema\/logo\/image\/\",\"url\":\"https:\/\/www.new-humanity.org\/wp-content\/uploads\/2022\/01\/logo.jpg\",\"contentUrl\":\"https:\/\/www.new-humanity.org\/wp-content\/uploads\/2022\/01\/logo.jpg\",\"width\":520,\"height\":128,\"caption\":\"New Humanity\"},\"image\":{\"@id\":\"https:\/\/www.new-humanity.org\/es\/#\/schema\/logo\/image\/\"}}]}<\/script>\n<!-- \/ Yoast SEO plugin. -->","yoast_head_json":{"title":"Bruselas | New Humanity","description":"La oficina de representaci\u00f3n de New Humanity en Bruselas, iniciada en 2019, se encarga de sus actividades dentro de las instituciones o agencias europeas.","robots":{"index":"index","follow":"follow","max-snippet":"max-snippet:-1","max-image-preview":"max-image-preview:large","max-video-preview":"max-video-preview:-1"},"canonical":"https:\/\/www.new-humanity.org\/es\/donde-estamos\/bruselas\/","og_locale":"es_ES","og_type":"article","og_title":"Bruselas | New Humanity","og_description":"La oficina de representaci\u00f3n de New Humanity en Bruselas, iniciada en 2019, se encarga de sus actividades dentro de las instituciones o agencias europeas.","og_url":"https:\/\/www.new-humanity.org\/es\/donde-estamos\/bruselas\/","og_site_name":"New Humanity","article_modified_time":"2025-07-10T10:09:48+00:00","twitter_card":"summary_large_image","twitter_misc":{"Est. reading time":"1 minute"},"schema":{"@context":"https:\/\/schema.org","@graph":[{"@type":"WebPage","@id":"https:\/\/www.new-humanity.org\/es\/donde-estamos\/bruselas\/","url":"https:\/\/www.new-humanity.org\/es\/donde-estamos\/bruselas\/","name":"Bruselas | New Humanity","isPartOf":{"@id":"https:\/\/www.new-humanity.org\/es\/#website"},"datePublished":"2019-12-24T10:35:23+00:00","dateModified":"2025-07-10T10:09:48+00:00","description":"La oficina de representaci\u00f3n de New Humanity en Bruselas, iniciada en 2019, se encarga de sus actividades dentro de las instituciones o agencias europeas.","breadcrumb":{"@id":"https:\/\/www.new-humanity.org\/es\/donde-estamos\/bruselas\/#breadcrumb"},"inLanguage":"es-ES","potentialAction":[{"@type":"ReadAction","target":["https:\/\/www.new-humanity.org\/es\/donde-estamos\/bruselas\/"]}]},{"@type":"BreadcrumbList","@id":"https:\/\/www.new-humanity.org\/es\/donde-estamos\/bruselas\/#breadcrumb","itemListElement":[{"@type":"ListItem","position":1,"name":"Home","item":"https:\/\/www.new-humanity.org\/es\/"},{"@type":"ListItem","position":2,"name":"D\u00f3nde Estamos","item":"https:\/\/www.new-humanity.org\/es\/donde-estamos\/"},{"@type":"ListItem","position":3,"name":"Bruselas"}]},{"@type":"WebSite","@id":"https:\/\/www.new-humanity.org\/es\/#website","url":"https:\/\/www.new-humanity.org\/es\/","name":"New Humanity","description":"Per un mondo unito","publisher":{"@id":"https:\/\/www.new-humanity.org\/es\/#organization"},"potentialAction":[{"@type":"SearchAction","target":{"@type":"EntryPoint","urlTemplate":"https:\/\/www.new-humanity.org\/es\/?s={search_term_string}"},"query-input":"required name=search_term_string"}],"inLanguage":"es-ES"},{"@type":"Organization","@id":"https:\/\/www.new-humanity.org\/es\/#organization","name":"New Humanity","url":"https:\/\/www.new-humanity.org\/es\/","logo":{"@type":"ImageObject","inLanguage":"es-ES","@id":"https:\/\/www.new-humanity.org\/es\/#\/schema\/logo\/image\/","url":"https:\/\/www.new-humanity.org\/wp-content\/uploads\/2022\/01\/logo.jpg","contentUrl":"https:\/\/www.new-humanity.org\/wp-content\/uploads\/2022\/01\/logo.jpg","width":520,"height":128,"caption":"New Humanity"},"image":{"@id":"https:\/\/www.new-humanity.org\/es\/#\/schema\/logo\/image\/"}}]}},"_links":{"self":[{"href":"https:\/\/www.new-humanity.org\/es\/wp-json\/wp\/v2\/pages\/4321"}],"collection":[{"href":"https:\/\/www.new-humanity.org\/es\/wp-json\/wp\/v2\/pages"}],"about":[{"href":"https:\/\/www.new-humanity.org\/es\/wp-json\/wp\/v2\/types\/page"}],"author":[{"embeddable":true,"href":"https:\/\/www.new-humanity.org\/es\/wp-json\/wp\/v2\/users\/5"}],"replies":[{"embeddable":true,"href":"https:\/\/www.new-humanity.org\/es\/wp-json\/wp\/v2\/comments?post=4321"}],"version-history":[{"count":9,"href":"https:\/\/www.new-humanity.org\/es\/wp-json\/wp\/v2\/pages\/4321\/revisions"}],"predecessor-version":[{"id":11535,"href":"https:\/\/www.new-humanity.org\/es\/wp-json\/wp\/v2\/pages\/4321\/revisions\/11535"}],"up":[{"embeddable":true,"href":"https:\/\/www.new-humanity.org\/es\/wp-json\/wp\/v2\/pages\/4284"}],"wp:attachment":[{"href":"https:\/\/www.new-humanity.org\/es\/wp-json\/wp\/v2\/media?parent=4321"}],"curies":[{"name":"wp","href":"https:\/\/api.w.org\/{rel}","templated":true}]}}