{"id":4332,"date":"2019-04-19T09:29:05","date_gmt":"2019-04-19T07:29:05","guid":{"rendered":"http:\/\/www.new-humanity.org\/?page_id=4332"},"modified":"2025-06-25T11:54:49","modified_gmt":"2025-06-25T09:54:49","slug":"desarrollo-sostenible-economico-y-social","status":"publish","type":"page","link":"https:\/\/www.new-humanity.org\/es\/ambitos\/desarrollo-sostenible-economico-y-social\/","title":{"rendered":"Desarrollo Sostenible Econ\u00f3mico, Social y Cultural"},"content":{"rendered":"<p><img decoding=\"async\" loading=\"lazy\" class=\"aligncenter wp-image-5204 size-full\" src=\"https:\/\/www.new-humanity.org\/wp-content\/uploads\/2020\/08\/Youth_Action.jpg\" alt=\"\" width=\"869\" height=\"486\" srcset=\"https:\/\/www.new-humanity.org\/wp-content\/uploads\/2020\/08\/Youth_Action.jpg 869w, https:\/\/www.new-humanity.org\/wp-content\/uploads\/2020\/08\/Youth_Action-300x168.jpg 300w, https:\/\/www.new-humanity.org\/wp-content\/uploads\/2020\/08\/Youth_Action-768x430.jpg 768w\" sizes=\"(max-width: 869px) 100vw, 869px\" \/><\/p>\n<p class=\"\" data-start=\"56\" data-end=\"436\">New Humanity apoya un desarrollo econ\u00f3mico justo y equitativo, compatible con la protecci\u00f3n y el respeto del medio ambiente y los recursos naturales, preservando las posibilidades de las generaciones futuras de desarrollar todo su potencial. Coopera con otras organizaciones y agencias para fomentar un crecimiento econ\u00f3mico y ambiental socialmente sostenible en todos los pa\u00edses.<\/p>\n<p class=\"\" data-start=\"438\" data-end=\"846\">Una econom\u00eda inclusiva basada en la cultura del don y el compartir, en beneficio de los m\u00e1s vulnerables. Lucha contra la pobreza: ni\u00f1os movilizados contra el hambre en todo el mundo. Acogida e integraci\u00f3n de migrantes, inclusi\u00f3n social y laboral en el territorio. Investigaci\u00f3n y formaci\u00f3n sobre temas ecol\u00f3gicos. Ayuda humanitaria, acciones espec\u00edficas durante cat\u00e1strofes naturales y en zonas de conflicto.<\/p>\n<p class=\"\" data-start=\"3873\" data-end=\"3893\"><strong data-start=\"848\" data-end=\"868\">Temas abordados:<\/strong><\/p>\n<ul data-start=\"3895\" data-end=\"4398\">\n<li data-start=\"3895\" data-end=\"3948\">Desarrollo econ\u00f3mico y finanzas (ODS 8, 9, 10, 16, 17)<\/li>\n<li data-start=\"3895\" data-end=\"3948\">Acceso a la informaci\u00f3n y al conocimiento (incluidas tecnolog\u00edas digitales, \u00e9tica de la inteligencia artificial) (ODS 10, 16, 17)<\/li>\n<li data-start=\"3895\" data-end=\"3948\">Solidaridad internacional y migraci\u00f3n (ODS 1, 2, 10, 11, 16, 17)<\/li>\n<li data-start=\"3895\" data-end=\"3948\">Educaci\u00f3n para la salud (ODS 3, 4, 17)<\/li>\n<li data-start=\"3895\" data-end=\"3948\">Ecolog\u00eda (ODS 3, 6, 7, 8, 10, 11, 12, 13, 14, 15, 17)<\/li>\n<li data-start=\"3895\" data-end=\"3948\">Cambio clim\u00e1tico (ODS 1, 2, 3, 6, 7, 8, 10, 11, 12, 13, 14, 15, 17)<\/li>\n<li data-start=\"3895\" data-end=\"3948\">Justicia clim\u00e1tica (ODS 1, 2, 3, 4, 6, 7, 8, 9, 10, 11, 12, 13, 14, 15, 16, 17)<\/li>\n<\/ul>\n<p class=\"\" data-start=\"4400\" data-end=\"4417\"><strong>Redes:<\/strong><\/p>\n<ul data-start=\"4419\" data-end=\"4843\">\n<li class=\"\" data-start=\"4419\" data-end=\"4463\">\n<p class=\"\" data-start=\"4421\" data-end=\"4463\"><strong><a href=\"http:\/\/www.edc-online.org\" target=\"_blank\" rel=\"noopener\">Econom\u00eda de Comuni\u00f3n<\/a>&nbsp;<\/strong><\/p>\n<\/li>\n<li class=\"\" data-start=\"4464\" data-end=\"4511\">\n<p class=\"\" data-start=\"4466\" data-end=\"4511\"><strong><a href=\"http:\/\/www.mppu.org\" target=\"_blank\" rel=\"noopener\">Movimiento Pol\u00edtico por la Unidad<\/a>&nbsp;<\/strong><\/p>\n<\/li>\n<li class=\"\" data-start=\"4512\" data-end=\"4594\">\n<p class=\"\" data-start=\"4514\" data-end=\"4594\"><strong><a href=\"http:\/\/www.focolare.org\/en\/in-dialogue\/#indialogue\" target=\"_blank\" rel=\"noopener\">Di\u00e1logo Cultural e Interreligioso<\/a>&nbsp;<\/strong><\/p>\n<\/li>\n<li class=\"\" data-start=\"4595\" data-end=\"4643\">\n<p class=\"\" data-start=\"4597\" data-end=\"4643\"><strong><a href=\"http:\/\/www.ecoone.org\" target=\"_blank\" rel=\"noopener\">EcoOne \u2013 Unidad Ecol\u00f3gica<\/a>&nbsp;<\/strong><\/p>\n<\/li>\n<li class=\"\" data-start=\"4644\" data-end=\"4690\">\n<p class=\"\" data-start=\"4646\" data-end=\"4690\"><strong><a href=\"http:\/\/www.mdc-net.org\" target=\"_blank\" rel=\"noopener\">Medicina-Di\u00e1logo-Comuni\u00f3n<\/a>&nbsp;<\/strong><\/p>\n<\/li>\n<li class=\"\" data-start=\"4691\" data-end=\"4760\">\n<p class=\"\" data-start=\"4693\" data-end=\"4760\"><strong><a href=\"http:\/\/www.net-one.org\" target=\"_blank\" rel=\"noopener\">NetOne \u2013 Medios y Comunicaci\u00f3n para un Mundo Unido<\/a>&nbsp;<\/strong><\/p>\n<\/li>\n<li class=\"\" data-start=\"4761\" data-end=\"4794\">\n<p class=\"\" data-start=\"4763\" data-end=\"4794\"><strong>SportMeet<\/strong><\/p>\n<\/li>\n<li class=\"\" data-start=\"4795\" data-end=\"4843\">\n<p class=\"\" data-start=\"4797\" data-end=\"4843\"><strong>Arquitectura<\/strong><\/p>\n<\/li>\n<\/ul>\n","protected":false},"excerpt":{"rendered":"<p>New Humanity apoya un desarrollo econ\u00f3mico justo y equitativo, compatible con la protecci\u00f3n y el respeto del medio ambiente y los recursos naturales, preservando las posibilidades de las generaciones futuras de desarrollar todo su potencial. Coopera con otras organizaciones y agencias para fomentar un crecimiento econ\u00f3mico y ambiental socialmente sostenible en todos los pa\u00edses. Una [&hellip;]<\/p>\n","protected":false},"author":5,"featured_media":0,"parent":4330,"menu_order":3,"comment_status":"closed","ping_status":"closed","template":"","meta":{"ngg_post_thumbnail":0,"footnotes":""},"acf":[],"yoast_head":"<!-- This site is optimized with the Yoast SEO plugin v21.9.1 - https:\/\/yoast.com\/wordpress\/plugins\/seo\/ -->\n<title>Desarrollo Sostenible Econ\u00f3mico, Social y Cultural | New Humanity<\/title>\n<meta name=\"description\" content=\"New Humanity apoya un desarrollo econ\u00f3mico justo y equitativo, compatible con la protecci\u00f3n y el respeto del medio ambiente y los recursos naturales,\" \/>\n<meta name=\"robots\" content=\"index, follow, max-snippet:-1, max-image-preview:large, max-video-preview:-1\" \/>\n<link rel=\"canonical\" href=\"https:\/\/www.new-humanity.org\/es\/ambitos\/desarrollo-sostenible-economico-y-social\/\" \/>\n<meta property=\"og:locale\" content=\"es_ES\" \/>\n<meta property=\"og:type\" content=\"article\" \/>\n<meta property=\"og:title\" content=\"Desarrollo Sostenible Econ\u00f3mico, Social y Cultural | New Humanity\" \/>\n<meta property=\"og:description\" content=\"New Humanity apoya un desarrollo econ\u00f3mico justo y equitativo, compatible con la protecci\u00f3n y el respeto del medio ambiente y los recursos naturales,\" \/>\n<meta property=\"og:url\" content=\"https:\/\/www.new-humanity.org\/es\/ambitos\/desarrollo-sostenible-economico-y-social\/\" \/>\n<meta property=\"og:site_name\" content=\"New Humanity\" \/>\n<meta property=\"article:modified_time\" content=\"2025-06-25T09:54:49+00:00\" \/>\n<meta property=\"og:image\" content=\"https:\/\/www.new-humanity.org\/wp-content\/uploads\/2020\/08\/Youth_Action.jpg\" \/>\n<meta name=\"twitter:card\" content=\"summary_large_image\" \/>\n<meta name=\"twitter:label1\" content=\"Est. reading time\" \/>\n\t<meta name=\"twitter:data1\" content=\"2 minutes\" \/>\n<script type=\"application\/ld+json\" class=\"yoast-schema-graph\">{\"@context\":\"https:\/\/schema.org\",\"@graph\":[{\"@type\":\"WebPage\",\"@id\":\"https:\/\/www.new-humanity.org\/es\/ambitos\/desarrollo-sostenible-economico-y-social\/\",\"url\":\"https:\/\/www.new-humanity.org\/es\/ambitos\/desarrollo-sostenible-economico-y-social\/\",\"name\":\"Desarrollo Sostenible Econ\u00f3mico, Social y Cultural | New Humanity\",\"isPartOf\":{\"@id\":\"https:\/\/www.new-humanity.org\/es\/#website\"},\"datePublished\":\"2019-04-19T07:29:05+00:00\",\"dateModified\":\"2025-06-25T09:54:49+00:00\",\"description\":\"New Humanity apoya un desarrollo econ\u00f3mico justo y equitativo, compatible con la protecci\u00f3n y el respeto del medio ambiente y los recursos naturales,\",\"breadcrumb\":{\"@id\":\"https:\/\/www.new-humanity.org\/es\/ambitos\/desarrollo-sostenible-economico-y-social\/#breadcrumb\"},\"inLanguage\":\"es-ES\",\"potentialAction\":[{\"@type\":\"ReadAction\",\"target\":[\"https:\/\/www.new-humanity.org\/es\/ambitos\/desarrollo-sostenible-economico-y-social\/\"]}]},{\"@type\":\"BreadcrumbList\",\"@id\":\"https:\/\/www.new-humanity.org\/es\/ambitos\/desarrollo-sostenible-economico-y-social\/#breadcrumb\",\"itemListElement\":[{\"@type\":\"ListItem\",\"position\":1,\"name\":\"Home\",\"item\":\"https:\/\/www.new-humanity.org\/es\/\"},{\"@type\":\"ListItem\",\"position\":2,\"name\":\"Ambitos de intervenci\u00f3n\",\"item\":\"https:\/\/www.new-humanity.org\/es\/ambitos\/\"},{\"@type\":\"ListItem\",\"position\":3,\"name\":\"Desarrollo Sostenible Econ\u00f3mico, Social y Cultural\"}]},{\"@type\":\"WebSite\",\"@id\":\"https:\/\/www.new-humanity.org\/es\/#website\",\"url\":\"https:\/\/www.new-humanity.org\/es\/\",\"name\":\"New Humanity\",\"description\":\"Per un mondo unito\",\"publisher\":{\"@id\":\"https:\/\/www.new-humanity.org\/es\/#organization\"},\"potentialAction\":[{\"@type\":\"SearchAction\",\"target\":{\"@type\":\"EntryPoint\",\"urlTemplate\":\"https:\/\/www.new-humanity.org\/es\/?s={search_term_string}\"},\"query-input\":\"required name=search_term_string\"}],\"inLanguage\":\"es-ES\"},{\"@type\":\"Organization\",\"@id\":\"https:\/\/www.new-humanity.org\/es\/#organization\",\"name\":\"New Humanity\",\"url\":\"https:\/\/www.new-humanity.org\/es\/\",\"logo\":{\"@type\":\"ImageObject\",\"inLanguage\":\"es-ES\",\"@id\":\"https:\/\/www.new-humanity.org\/es\/#\/schema\/logo\/image\/\",\"url\":\"https:\/\/www.new-humanity.org\/wp-content\/uploads\/2022\/01\/logo.jpg\",\"contentUrl\":\"https:\/\/www.new-humanity.org\/wp-content\/uploads\/2022\/01\/logo.jpg\",\"width\":520,\"height\":128,\"caption\":\"New Humanity\"},\"image\":{\"@id\":\"https:\/\/www.new-humanity.org\/es\/#\/schema\/logo\/image\/\"}}]}<\/script>\n<!-- \/ Yoast SEO plugin. -->","yoast_head_json":{"title":"Desarrollo Sostenible Econ\u00f3mico, Social y Cultural | New Humanity","description":"New Humanity apoya un desarrollo econ\u00f3mico justo y equitativo, compatible con la protecci\u00f3n y el respeto del medio ambiente y los recursos naturales,","robots":{"index":"index","follow":"follow","max-snippet":"max-snippet:-1","max-image-preview":"max-image-preview:large","max-video-preview":"max-video-preview:-1"},"canonical":"https:\/\/www.new-humanity.org\/es\/ambitos\/desarrollo-sostenible-economico-y-social\/","og_locale":"es_ES","og_type":"article","og_title":"Desarrollo Sostenible Econ\u00f3mico, Social y Cultural | New Humanity","og_description":"New Humanity apoya un desarrollo econ\u00f3mico justo y equitativo, compatible con la protecci\u00f3n y el respeto del medio ambiente y los recursos naturales,","og_url":"https:\/\/www.new-humanity.org\/es\/ambitos\/desarrollo-sostenible-economico-y-social\/","og_site_name":"New Humanity","article_modified_time":"2025-06-25T09:54:49+00:00","og_image":[{"url":"https:\/\/www.new-humanity.org\/wp-content\/uploads\/2020\/08\/Youth_Action.jpg"}],"twitter_card":"summary_large_image","twitter_misc":{"Est. reading time":"2 minutes"},"schema":{"@context":"https:\/\/schema.org","@graph":[{"@type":"WebPage","@id":"https:\/\/www.new-humanity.org\/es\/ambitos\/desarrollo-sostenible-economico-y-social\/","url":"https:\/\/www.new-humanity.org\/es\/ambitos\/desarrollo-sostenible-economico-y-social\/","name":"Desarrollo Sostenible Econ\u00f3mico, Social y Cultural | New Humanity","isPartOf":{"@id":"https:\/\/www.new-humanity.org\/es\/#website"},"datePublished":"2019-04-19T07:29:05+00:00","dateModified":"2025-06-25T09:54:49+00:00","description":"New Humanity apoya un desarrollo econ\u00f3mico justo y equitativo, compatible con la protecci\u00f3n y el respeto del medio ambiente y los recursos naturales,","breadcrumb":{"@id":"https:\/\/www.new-humanity.org\/es\/ambitos\/desarrollo-sostenible-economico-y-social\/#breadcrumb"},"inLanguage":"es-ES","potentialAction":[{"@type":"ReadAction","target":["https:\/\/www.new-humanity.org\/es\/ambitos\/desarrollo-sostenible-economico-y-social\/"]}]},{"@type":"BreadcrumbList","@id":"https:\/\/www.new-humanity.org\/es\/ambitos\/desarrollo-sostenible-economico-y-social\/#breadcrumb","itemListElement":[{"@type":"ListItem","position":1,"name":"Home","item":"https:\/\/www.new-humanity.org\/es\/"},{"@type":"ListItem","position":2,"name":"Ambitos de intervenci\u00f3n","item":"https:\/\/www.new-humanity.org\/es\/ambitos\/"},{"@type":"ListItem","position":3,"name":"Desarrollo Sostenible Econ\u00f3mico, Social y Cultural"}]},{"@type":"WebSite","@id":"https:\/\/www.new-humanity.org\/es\/#website","url":"https:\/\/www.new-humanity.org\/es\/","name":"New Humanity","description":"Per un mondo unito","publisher":{"@id":"https:\/\/www.new-humanity.org\/es\/#organization"},"potentialAction":[{"@type":"SearchAction","target":{"@type":"EntryPoint","urlTemplate":"https:\/\/www.new-humanity.org\/es\/?s={search_term_string}"},"query-input":"required name=search_term_string"}],"inLanguage":"es-ES"},{"@type":"Organization","@id":"https:\/\/www.new-humanity.org\/es\/#organization","name":"New Humanity","url":"https:\/\/www.new-humanity.org\/es\/","logo":{"@type":"ImageObject","inLanguage":"es-ES","@id":"https:\/\/www.new-humanity.org\/es\/#\/schema\/logo\/image\/","url":"https:\/\/www.new-humanity.org\/wp-content\/uploads\/2022\/01\/logo.jpg","contentUrl":"https:\/\/www.new-humanity.org\/wp-content\/uploads\/2022\/01\/logo.jpg","width":520,"height":128,"caption":"New Humanity"},"image":{"@id":"https:\/\/www.new-humanity.org\/es\/#\/schema\/logo\/image\/"}}]}},"_links":{"self":[{"href":"https:\/\/www.new-humanity.org\/es\/wp-json\/wp\/v2\/pages\/4332"}],"collection":[{"href":"https:\/\/www.new-humanity.org\/es\/wp-json\/wp\/v2\/pages"}],"about":[{"href":"https:\/\/www.new-humanity.org\/es\/wp-json\/wp\/v2\/types\/page"}],"author":[{"embeddable":true,"href":"https:\/\/www.new-humanity.org\/es\/wp-json\/wp\/v2\/users\/5"}],"replies":[{"embeddable":true,"href":"https:\/\/www.new-humanity.org\/es\/wp-json\/wp\/v2\/comments?post=4332"}],"version-history":[{"count":6,"href":"https:\/\/www.new-humanity.org\/es\/wp-json\/wp\/v2\/pages\/4332\/revisions"}],"predecessor-version":[{"id":11451,"href":"https:\/\/www.new-humanity.org\/es\/wp-json\/wp\/v2\/pages\/4332\/revisions\/11451"}],"up":[{"embeddable":true,"href":"https:\/\/www.new-humanity.org\/es\/wp-json\/wp\/v2\/pages\/4330"}],"wp:attachment":[{"href":"https:\/\/www.new-humanity.org\/es\/wp-json\/wp\/v2\/media?parent=4332"}],"curies":[{"name":"wp","href":"https:\/\/api.w.org\/{rel}","templated":true}]}}