{"id":4339,"date":"2019-04-19T09:29:28","date_gmt":"2019-04-19T07:29:28","guid":{"rendered":"http:\/\/www.new-humanity.org\/?page_id=4339"},"modified":"2025-05-14T17:36:55","modified_gmt":"2025-05-14T15:36:55","slug":"educacion-a-la-paz-y-ciudadania-global","status":"publish","type":"page","link":"https:\/\/www.new-humanity.org\/es\/ambitos\/educacion-a-la-paz-y-ciudadania-global\/","title":{"rendered":"Educaci\u00f3n para la Paz, Ciudadan\u00eda Global y Liderazgo Juvenil"},"content":{"rendered":"<p><img decoding=\"async\" loading=\"lazy\" class=\"alignnone size-full wp-image-224\" src=\"https:\/\/www.new-humanity.org\/wp-content\/uploads\/2019\/05\/educazione-alla-pace.jpg\" alt=\"Educazione alla pace\" width=\"1024\" height=\"646\" srcset=\"https:\/\/www.new-humanity.org\/wp-content\/uploads\/2019\/05\/educazione-alla-pace.jpg 1024w, https:\/\/www.new-humanity.org\/wp-content\/uploads\/2019\/05\/educazione-alla-pace-300x189.jpg 300w, https:\/\/www.new-humanity.org\/wp-content\/uploads\/2019\/05\/educazione-alla-pace-768x485.jpg 768w\" sizes=\"(max-width: 1024px) 100vw, 1024px\" \/><\/p>\n<p class=\"\" data-start=\"66\" data-end=\"394\">New Humanity est\u00e1 comprometida con la formaci\u00f3n de personas con conocimientos, habilidades, valores y determinaci\u00f3n que promuevan la paz, la fraternidad universal y el di\u00e1logo entre culturas, religiones, pueblos y generaciones: personas capaces de mirar m\u00e1s all\u00e1 de su propia naci\u00f3n, con una visi\u00f3n global y unificada del mundo.<\/p>\n<p class=\"\" data-start=\"396\" data-end=\"946\">Los j\u00f3venes participan en di\u00e1logos interculturales, interreligiosos e intergeneracionales a trav\u00e9s de encuentros, congresos, intercambios culturales e iniciativas locales. Un programa interdisciplinario de liderazgo ofrece formaci\u00f3n y acompa\u00f1amiento que fomentan la ciudadan\u00eda global y la responsabilidad c\u00edvica. Las acciones solidarias, el voluntariado internacional y las iniciativas locales con migrantes empoderan a\u00fan m\u00e1s a los j\u00f3venes para construir la paz en sus escuelas, todo dentro de una red internacional integral de educaci\u00f3n para la paz.<\/p>\n<p class=\"\" data-start=\"948\" data-end=\"968\"><strong data-start=\"948\" data-end=\"968\">Temas abordados:<\/strong><\/p>\n<ul data-start=\"2548\" data-end=\"2690\">\n<li class=\"\" data-start=\"2644\" data-end=\"2690\">\n<p class=\"\" data-start=\"2646\" data-end=\"2690\">Educaci\u00f3n para la paz (ODS 4, 10, 16, 17)<\/p>\n<\/li>\n<li class=\"\" data-start=\"2644\" data-end=\"2690\">\n<p class=\"\" data-start=\"2646\" data-end=\"2690\">Ciudadan\u00eda global (ODS 3, 4, 5, 10, 11, 16, 17)<\/p>\n<\/li>\n<li class=\"\" data-start=\"2644\" data-end=\"2690\">\n<p class=\"\" data-start=\"2646\" data-end=\"2690\">Semana Mundo Unido (ODS 3, 4, 11, 17)<\/p>\n<\/li>\n<\/ul>\n<p data-start=\"2692\" data-end=\"2709\"><strong>Progetti:<\/strong><\/p>\n<ul data-start=\"2711\" data-end=\"3048\">\n<li class=\"\" data-start=\"2711\" data-end=\"2774\">\n<p class=\"\" data-start=\"2713\" data-end=\"2774\"><strong><a href=\"http:\/\/www.livingpeaceinternational.org\" target=\"_blank\" rel=\"noopener\">Living Peace International<\/a><\/strong><\/p>\n<\/li>\n<li class=\"\" data-start=\"2775\" data-end=\"2830\">\n<p class=\"\" data-start=\"2777\" data-end=\"2830\"><strong><a href=\"http:\/\/togetherforanewafrica.org\" target=\"_blank\" rel=\"noopener\">Together for a New Africa<\/a><\/strong><\/p>\n<\/li>\n<li class=\"\" data-start=\"2831\" data-end=\"2893\">\n<p class=\"\" data-start=\"2833\" data-end=\"2893\"><strong><a href=\"http:\/\/www.milongaproject.org\" target=\"_blank\" rel=\"noopener\">MilONGa Voluntariado Internacional<\/a><\/strong><\/p>\n<\/li>\n<li class=\"\" data-start=\"2942\" data-end=\"2993\">\n<p class=\"\" data-start=\"2944\" data-end=\"2993\"><strong><a href=\"http:\/\/www.unitedworldproject.org\" target=\"_blank\" rel=\"noopener\">United World Project<\/a>&nbsp;<\/strong><\/p>\n<\/li>\n<\/ul>\n<p class=\"\" data-start=\"2692\" data-end=\"2709\"><strong data-start=\"2692\" data-end=\"2709\">Partnerships:<\/strong><\/p>\n<ul data-start=\"2711\" data-end=\"3048\">\n<li class=\"\" data-start=\"2894\" data-end=\"2941\">\n<p class=\"\" data-start=\"2896\" data-end=\"2941\"><strong><a href=\"http:\/\/www.famiglienuove.org\" target=\"_blank\" rel=\"noopener\">Familia y Educaci\u00f3n<\/a>&nbsp;<\/strong><\/p>\n<\/li>\n<li class=\"\" data-start=\"2994\" data-end=\"3048\">\n<p class=\"\" data-start=\"2996\" data-end=\"3048\"><strong><a href=\"http:\/\/ngo-unesco.net\" target=\"_blank\" rel=\"noopener\">Comit\u00e9 de Enlace ONG-UNESCO<\/a>&nbsp;<\/strong><\/p>\n<\/li>\n<\/ul>\n<article class=\"text-token-text-primary w-full\" dir=\"auto\" data-testid=\"conversation-turn-18\" data-scroll-anchor=\"true\">\n<div class=\"text-base my-auto mx-auto py-5 [--thread-content-margin:--spacing(4)] @[37rem]:[--thread-content-margin:--spacing(6)] @[72rem]:[--thread-content-margin:--spacing(16)] px-(--thread-content-margin)\">\n<div class=\"[--thread-content-max-width:32rem] @[34rem]:[--thread-content-max-width:40rem] @[64rem]:[--thread-content-max-width:48rem] mx-auto flex max-w-(--thread-content-max-width) flex-1 text-base gap-4 md:gap-5 lg:gap-6 group\/turn-messages focus-visible:outline-hidden\" tabindex=\"-1\">\n<div class=\"group\/conversation-turn relative flex w-full min-w-0 flex-col agent-turn\">\n<div class=\"relative flex-col gap-1 md:gap-3\">\n<div class=\"flex max-w-full flex-col grow\">\n<div class=\"min-h-8 text-message relative flex w-full flex-col items-end gap-2 text-start break-words whitespace-normal [.text-message+&amp;]:mt-5\" dir=\"auto\" data-message-author-role=\"assistant\" data-message-id=\"81553ea9-b5fa-4687-9a72-0fcd6cab1e10\" data-message-model-slug=\"gpt-4o\">\n<div class=\"flex w-full flex-col gap-1 empty:hidden first:pt-[3px]\">&nbsp;<\/div>\n<\/div>\n<\/div>\n<\/div>\n<\/div>\n<\/div>\n<\/div>\n<\/article>\n","protected":false},"excerpt":{"rendered":"<p>New Humanity est\u00e1 comprometida con la formaci\u00f3n de personas con conocimientos, habilidades, valores y determinaci\u00f3n que promuevan la paz, la fraternidad universal y el di\u00e1logo entre culturas, religiones, pueblos y generaciones: personas capaces de mirar m\u00e1s all\u00e1 de su propia naci\u00f3n, con una visi\u00f3n global y unificada del mundo. Los j\u00f3venes participan en di\u00e1logos interculturales, [&hellip;]<\/p>\n","protected":false},"author":5,"featured_media":0,"parent":4330,"menu_order":2,"comment_status":"closed","ping_status":"closed","template":"","meta":{"ngg_post_thumbnail":0,"footnotes":""},"acf":[],"yoast_head":"<!-- This site is optimized with the Yoast SEO plugin v21.9.1 - https:\/\/yoast.com\/wordpress\/plugins\/seo\/ -->\n<title>Educaci\u00f3n para la Paz, Ciudadan\u00eda Global y Liderazgo Juvenil | New Humanity<\/title>\n<meta name=\"description\" content=\"New Humanity est\u00e1 comprometida con la formaci\u00f3n de personas con conocimientos, habilidades, valores y determinaci\u00f3n que promuevan la paz, la fraternidad\" \/>\n<meta name=\"robots\" content=\"index, follow, max-snippet:-1, max-image-preview:large, max-video-preview:-1\" \/>\n<link rel=\"canonical\" href=\"https:\/\/www.new-humanity.org\/es\/ambitos\/educacion-a-la-paz-y-ciudadania-global\/\" \/>\n<meta property=\"og:locale\" content=\"es_ES\" \/>\n<meta property=\"og:type\" content=\"article\" \/>\n<meta property=\"og:title\" content=\"Educaci\u00f3n para la Paz, Ciudadan\u00eda Global y Liderazgo Juvenil | New Humanity\" \/>\n<meta property=\"og:description\" content=\"New Humanity est\u00e1 comprometida con la formaci\u00f3n de personas con conocimientos, habilidades, valores y determinaci\u00f3n que promuevan la paz, la fraternidad\" \/>\n<meta property=\"og:url\" content=\"https:\/\/www.new-humanity.org\/es\/ambitos\/educacion-a-la-paz-y-ciudadania-global\/\" \/>\n<meta property=\"og:site_name\" content=\"New Humanity\" \/>\n<meta property=\"article:modified_time\" content=\"2025-05-14T15:36:55+00:00\" \/>\n<meta property=\"og:image\" content=\"https:\/\/www.new-humanity.org\/wp-content\/uploads\/2019\/05\/educazione-alla-pace.jpg\" \/>\n<meta name=\"twitter:card\" content=\"summary_large_image\" \/>\n<meta name=\"twitter:label1\" content=\"Est. reading time\" \/>\n\t<meta name=\"twitter:data1\" content=\"2 minutes\" \/>\n<script type=\"application\/ld+json\" class=\"yoast-schema-graph\">{\"@context\":\"https:\/\/schema.org\",\"@graph\":[{\"@type\":\"WebPage\",\"@id\":\"https:\/\/www.new-humanity.org\/es\/ambitos\/educacion-a-la-paz-y-ciudadania-global\/\",\"url\":\"https:\/\/www.new-humanity.org\/es\/ambitos\/educacion-a-la-paz-y-ciudadania-global\/\",\"name\":\"Educaci\u00f3n para la Paz, Ciudadan\u00eda Global y Liderazgo Juvenil | New Humanity\",\"isPartOf\":{\"@id\":\"https:\/\/www.new-humanity.org\/es\/#website\"},\"datePublished\":\"2019-04-19T07:29:28+00:00\",\"dateModified\":\"2025-05-14T15:36:55+00:00\",\"description\":\"New Humanity est\u00e1 comprometida con la formaci\u00f3n de personas con conocimientos, habilidades, valores y determinaci\u00f3n que promuevan la paz, la fraternidad\",\"breadcrumb\":{\"@id\":\"https:\/\/www.new-humanity.org\/es\/ambitos\/educacion-a-la-paz-y-ciudadania-global\/#breadcrumb\"},\"inLanguage\":\"es-ES\",\"potentialAction\":[{\"@type\":\"ReadAction\",\"target\":[\"https:\/\/www.new-humanity.org\/es\/ambitos\/educacion-a-la-paz-y-ciudadania-global\/\"]}]},{\"@type\":\"BreadcrumbList\",\"@id\":\"https:\/\/www.new-humanity.org\/es\/ambitos\/educacion-a-la-paz-y-ciudadania-global\/#breadcrumb\",\"itemListElement\":[{\"@type\":\"ListItem\",\"position\":1,\"name\":\"Home\",\"item\":\"https:\/\/www.new-humanity.org\/es\/\"},{\"@type\":\"ListItem\",\"position\":2,\"name\":\"Ambitos de intervenci\u00f3n\",\"item\":\"https:\/\/www.new-humanity.org\/es\/ambitos\/\"},{\"@type\":\"ListItem\",\"position\":3,\"name\":\"Educaci\u00f3n para la Paz, Ciudadan\u00eda Global y Liderazgo Juvenil\"}]},{\"@type\":\"WebSite\",\"@id\":\"https:\/\/www.new-humanity.org\/es\/#website\",\"url\":\"https:\/\/www.new-humanity.org\/es\/\",\"name\":\"New Humanity\",\"description\":\"Per un mondo unito\",\"publisher\":{\"@id\":\"https:\/\/www.new-humanity.org\/es\/#organization\"},\"potentialAction\":[{\"@type\":\"SearchAction\",\"target\":{\"@type\":\"EntryPoint\",\"urlTemplate\":\"https:\/\/www.new-humanity.org\/es\/?s={search_term_string}\"},\"query-input\":\"required name=search_term_string\"}],\"inLanguage\":\"es-ES\"},{\"@type\":\"Organization\",\"@id\":\"https:\/\/www.new-humanity.org\/es\/#organization\",\"name\":\"New Humanity\",\"url\":\"https:\/\/www.new-humanity.org\/es\/\",\"logo\":{\"@type\":\"ImageObject\",\"inLanguage\":\"es-ES\",\"@id\":\"https:\/\/www.new-humanity.org\/es\/#\/schema\/logo\/image\/\",\"url\":\"https:\/\/www.new-humanity.org\/wp-content\/uploads\/2022\/01\/logo.jpg\",\"contentUrl\":\"https:\/\/www.new-humanity.org\/wp-content\/uploads\/2022\/01\/logo.jpg\",\"width\":520,\"height\":128,\"caption\":\"New Humanity\"},\"image\":{\"@id\":\"https:\/\/www.new-humanity.org\/es\/#\/schema\/logo\/image\/\"}}]}<\/script>\n<!-- \/ Yoast SEO plugin. -->","yoast_head_json":{"title":"Educaci\u00f3n para la Paz, Ciudadan\u00eda Global y Liderazgo Juvenil | New Humanity","description":"New Humanity est\u00e1 comprometida con la formaci\u00f3n de personas con conocimientos, habilidades, valores y determinaci\u00f3n que promuevan la paz, la fraternidad","robots":{"index":"index","follow":"follow","max-snippet":"max-snippet:-1","max-image-preview":"max-image-preview:large","max-video-preview":"max-video-preview:-1"},"canonical":"https:\/\/www.new-humanity.org\/es\/ambitos\/educacion-a-la-paz-y-ciudadania-global\/","og_locale":"es_ES","og_type":"article","og_title":"Educaci\u00f3n para la Paz, Ciudadan\u00eda Global y Liderazgo Juvenil | New Humanity","og_description":"New Humanity est\u00e1 comprometida con la formaci\u00f3n de personas con conocimientos, habilidades, valores y determinaci\u00f3n que promuevan la paz, la fraternidad","og_url":"https:\/\/www.new-humanity.org\/es\/ambitos\/educacion-a-la-paz-y-ciudadania-global\/","og_site_name":"New Humanity","article_modified_time":"2025-05-14T15:36:55+00:00","og_image":[{"url":"https:\/\/www.new-humanity.org\/wp-content\/uploads\/2019\/05\/educazione-alla-pace.jpg"}],"twitter_card":"summary_large_image","twitter_misc":{"Est. reading time":"2 minutes"},"schema":{"@context":"https:\/\/schema.org","@graph":[{"@type":"WebPage","@id":"https:\/\/www.new-humanity.org\/es\/ambitos\/educacion-a-la-paz-y-ciudadania-global\/","url":"https:\/\/www.new-humanity.org\/es\/ambitos\/educacion-a-la-paz-y-ciudadania-global\/","name":"Educaci\u00f3n para la Paz, Ciudadan\u00eda Global y Liderazgo Juvenil | New Humanity","isPartOf":{"@id":"https:\/\/www.new-humanity.org\/es\/#website"},"datePublished":"2019-04-19T07:29:28+00:00","dateModified":"2025-05-14T15:36:55+00:00","description":"New Humanity est\u00e1 comprometida con la formaci\u00f3n de personas con conocimientos, habilidades, valores y determinaci\u00f3n que promuevan la paz, la fraternidad","breadcrumb":{"@id":"https:\/\/www.new-humanity.org\/es\/ambitos\/educacion-a-la-paz-y-ciudadania-global\/#breadcrumb"},"inLanguage":"es-ES","potentialAction":[{"@type":"ReadAction","target":["https:\/\/www.new-humanity.org\/es\/ambitos\/educacion-a-la-paz-y-ciudadania-global\/"]}]},{"@type":"BreadcrumbList","@id":"https:\/\/www.new-humanity.org\/es\/ambitos\/educacion-a-la-paz-y-ciudadania-global\/#breadcrumb","itemListElement":[{"@type":"ListItem","position":1,"name":"Home","item":"https:\/\/www.new-humanity.org\/es\/"},{"@type":"ListItem","position":2,"name":"Ambitos de intervenci\u00f3n","item":"https:\/\/www.new-humanity.org\/es\/ambitos\/"},{"@type":"ListItem","position":3,"name":"Educaci\u00f3n para la Paz, Ciudadan\u00eda Global y Liderazgo Juvenil"}]},{"@type":"WebSite","@id":"https:\/\/www.new-humanity.org\/es\/#website","url":"https:\/\/www.new-humanity.org\/es\/","name":"New Humanity","description":"Per un mondo unito","publisher":{"@id":"https:\/\/www.new-humanity.org\/es\/#organization"},"potentialAction":[{"@type":"SearchAction","target":{"@type":"EntryPoint","urlTemplate":"https:\/\/www.new-humanity.org\/es\/?s={search_term_string}"},"query-input":"required name=search_term_string"}],"inLanguage":"es-ES"},{"@type":"Organization","@id":"https:\/\/www.new-humanity.org\/es\/#organization","name":"New Humanity","url":"https:\/\/www.new-humanity.org\/es\/","logo":{"@type":"ImageObject","inLanguage":"es-ES","@id":"https:\/\/www.new-humanity.org\/es\/#\/schema\/logo\/image\/","url":"https:\/\/www.new-humanity.org\/wp-content\/uploads\/2022\/01\/logo.jpg","contentUrl":"https:\/\/www.new-humanity.org\/wp-content\/uploads\/2022\/01\/logo.jpg","width":520,"height":128,"caption":"New Humanity"},"image":{"@id":"https:\/\/www.new-humanity.org\/es\/#\/schema\/logo\/image\/"}}]}},"_links":{"self":[{"href":"https:\/\/www.new-humanity.org\/es\/wp-json\/wp\/v2\/pages\/4339"}],"collection":[{"href":"https:\/\/www.new-humanity.org\/es\/wp-json\/wp\/v2\/pages"}],"about":[{"href":"https:\/\/www.new-humanity.org\/es\/wp-json\/wp\/v2\/types\/page"}],"author":[{"embeddable":true,"href":"https:\/\/www.new-humanity.org\/es\/wp-json\/wp\/v2\/users\/5"}],"replies":[{"embeddable":true,"href":"https:\/\/www.new-humanity.org\/es\/wp-json\/wp\/v2\/comments?post=4339"}],"version-history":[{"count":8,"href":"https:\/\/www.new-humanity.org\/es\/wp-json\/wp\/v2\/pages\/4339\/revisions"}],"predecessor-version":[{"id":11072,"href":"https:\/\/www.new-humanity.org\/es\/wp-json\/wp\/v2\/pages\/4339\/revisions\/11072"}],"up":[{"embeddable":true,"href":"https:\/\/www.new-humanity.org\/es\/wp-json\/wp\/v2\/pages\/4330"}],"wp:attachment":[{"href":"https:\/\/www.new-humanity.org\/es\/wp-json\/wp\/v2\/media?parent=4339"}],"curies":[{"name":"wp","href":"https:\/\/api.w.org\/{rel}","templated":true}]}}