{"id":9176,"date":"2024-06-13T15:21:36","date_gmt":"2024-06-13T13:21:36","guid":{"rendered":"https:\/\/www.new-humanity.org\/proyectos\/relational-sustainability-international-congress\/"},"modified":"2025-01-06T16:59:50","modified_gmt":"2025-01-06T15:59:50","slug":"relational-sustainability-international-congress","status":"publish","type":"page","link":"https:\/\/www.new-humanity.org\/es\/proyectos\/relational-sustainability-international-congress\/","title":{"rendered":"Congreso Internacional Sostenibilidad Relacional"},"content":{"rendered":"<p><img decoding=\"async\" loading=\"lazy\" class=\"aligncenter wp-image-9202\" src=\"https:\/\/www.new-humanity.org\/wp-content\/uploads\/2024\/06\/EN-volantino-congresso-2024-sostenibilita\u0300-relazione-OK-1-1024x527.jpg\" alt=\"\" width=\"580\" height=\"299\" srcset=\"https:\/\/www.new-humanity.org\/wp-content\/uploads\/2024\/06\/EN-volantino-congresso-2024-sostenibilita\u0300-relazione-OK-1-1024x527.jpg 1024w, https:\/\/www.new-humanity.org\/wp-content\/uploads\/2024\/06\/EN-volantino-congresso-2024-sostenibilita\u0300-relazione-OK-1-300x154.jpg 300w, https:\/\/www.new-humanity.org\/wp-content\/uploads\/2024\/06\/EN-volantino-congresso-2024-sostenibilita\u0300-relazione-OK-1-768x395.jpg 768w, https:\/\/www.new-humanity.org\/wp-content\/uploads\/2024\/06\/EN-volantino-congresso-2024-sostenibilita\u0300-relazione-OK-1-1536x791.jpg 1536w, https:\/\/www.new-humanity.org\/wp-content\/uploads\/2024\/06\/EN-volantino-congresso-2024-sostenibilita\u0300-relazione-OK-1-2048x1054.jpg 2048w\" sizes=\"(max-width: 580px) 100vw, 580px\" \/><\/p>\n<blockquote>\n<p style=\"text-align: center;\"><strong>La contribuci\u00f3n de las ciencias naturales y humanas para una nueva s\u00edntesis de las dimensiones personales, ambientales, sociales y econ\u00f3micas<\/strong><\/p>\n<\/blockquote>\n<p style=\"text-align: center;\"><strong>18 &#8211; 20 octubre 2024<\/strong><\/p>\n<p style=\"text-align: center;\"><strong>Castel Gandolfo (Italia) | Cordoba (Argentina)<\/strong><\/p>\n<p class=\"p1\">La sostenibilidad relacional, tema central de este congreso internacional, se centra en las interacciones que permiten alcanzar la sostenibilidad en sus diversas dimensiones: <em>ecol\u00f3gica, pol\u00edtica, sociol\u00f3gica, m\u00e9dica, jur\u00eddica, psicol\u00f3gica, deportiva, econ\u00f3mica, art\u00edstica, comunicativa, pedag\u00f3gica y arquitect\u00f3nica<\/em>, a mediano y a largo plazo. Toda hip\u00f3tesis de sostenibilidad en el mundo contempor\u00e1neo, de hecho, desaf\u00eda a sus promotores a interactuar con la complejidad de las estructuras sociales, econ\u00f3micas, culturales y naturales y de las interacciones entre ellas. La velocidad de los procesos, debida tambi\u00e9n a la innovaci\u00f3n t\u00e9cnica en muchos campos, ha dado a la humanidad un poder nunca antes conocido. Esto no nos ha hecho capaces de utilizar los recursos de la Tierra de forma sostenible. El planeta est\u00e1 jadeando debido a las actividades humanas: si bien las condiciones de vida han experimentado una mejora sin precedentes gracias a la energ\u00eda de los combustibles f\u00f3siles, este progreso no ha sido inmune a los &#8220;efectos secundarios&#8221;, en primer lugar, del calentamiento global que est\u00e1 alterando el equilibrio clim\u00e1tico. Para hacer frente a la complejidad de la crisis ambiental y social mundial es necesaria una nueva s\u00edntesis cultural capaz de integrar todas estas perspectivas del conocimiento y de la cultura contempor\u00e1neos. Si conseguimos establecer relaciones constructivas entre la humanidad y el cosmos, y entre los grupos humanos, orientando los procesos hacia el bien com\u00fan del individuo y de la naturaleza, la sostenibilidad se desarrollar\u00e1 como una propiedad emergente que pueda calificarse de &#8220;relacional&#8221;.<\/p>\n<p><img decoding=\"async\" loading=\"lazy\" class=\"size-medium wp-image-9354 alignright\" src=\"https:\/\/www.new-humanity.org\/wp-content\/uploads\/2024\/06\/Folleto-169x300.jpeg\" alt=\"\" width=\"169\" height=\"300\" srcset=\"https:\/\/www.new-humanity.org\/wp-content\/uploads\/2024\/06\/Folleto-169x300.jpeg 169w, https:\/\/www.new-humanity.org\/wp-content\/uploads\/2024\/06\/Folleto-576x1024.jpeg 576w, https:\/\/www.new-humanity.org\/wp-content\/uploads\/2024\/06\/Folleto-768x1365.jpeg 768w, https:\/\/www.new-humanity.org\/wp-content\/uploads\/2024\/06\/Folleto-864x1536.jpeg 864w, https:\/\/www.new-humanity.org\/wp-content\/uploads\/2024\/06\/Folleto.jpeg 900w\" sizes=\"(max-width: 169px) 100vw, 169px\" \/><\/p>\n<p class=\"p1\">El congreso internacional<em> &#8220;Sostenibilidad relacional. La contribuci\u00f3n de las ciencias naturales y humanas para una nueva s\u00edntesis de las dimensiones personal, ambiental, social y econ\u00f3mica\u201d<\/em> est\u00e1 organizado por New Humanity y promovido por EcoOne (Ecologically United), junto con MPpU (Movimiento Pol\u00edtico por la Unidad), SocialOne, Di\u00e1logo Salud y Cultura, Comuni\u00f3n y Derecho, Psicolog\u00eda y Comuni\u00f3n, Sportmeet, Econom\u00eda de Comuni\u00f3n, Clart\u00e8, NetOne Media &amp; Communication for a United World, EDU y Di\u00e1logos en Arquitectura. Estas iniciativas culturales internacionales nacidas en el seno del Movimiento de los Focolares pretenden iniciar un di\u00e1logo basado en la reciprocidad con el mundo de la cultura y todas sus diferentes expresiones. Este di\u00e1logo est\u00e1 abierto a todos aquellos que sienten la urgencia de los desaf\u00edos a los que nos enfrentamos hoy, con el fin de desarrollar una l\u00ednea de pensamiento y una doctrina en cada uno de los diferentes campos, inspirados en el paradigma de la unidad de Chiara Lubich. Esto no significa unicidad, sino un discurso con pluralidad de pensamientos, perspectivas e ideas de ayer y de hoy; y no s\u00f3lo para comparar, sino para generar un resultado innovador para la cultura y ofrecer posibles respuestas a los retos actuales y futuros.<\/p>\n<h3 class=\"p3\" style=\"text-align: left;\"><strong>En esta p\u00e1gina web puede descargar:<\/strong><\/h3>\n<h3 style=\"text-align: left;\"><strong>&#x1f4c4; <a href=\"https:\/\/www.new-humanity.org\/wp-content\/uploads\/2025\/01\/2024-Anais-Relational-Sustainbility-OK.pdf\" target=\"_blank\" rel=\"noopener\">Actas del congreso<\/a><\/strong><\/h3>\n<h4 style=\"text-align: left;\"><strong><a href=\"https:\/\/drive.google.com\/file\/d\/1IK0H9a_3Vr5ZKAHpGcGcUIFEUGXT3ndU\/view?usp=sharing\" target=\"_blank\" rel=\"noopener\">&#x1f5bc;&#xfe0f; El folleto de difusi\u00f3n<\/a>&nbsp;<\/strong><\/h4>\n<h4 style=\"text-align: left;\"><strong>&#x1f4c4; <a href=\"https:\/\/www.new-humanity.org\/wp-content\/uploads\/2024\/06\/ES-Call-for-papers_def_OKOK.pdf\" target=\"_blank\" rel=\"noopener\">El documento informativo (Call for Papers)<\/a><\/strong><\/h4>\n<h4 style=\"text-align: left;\"><strong><a href=\"https:\/\/www.new-humanity.org\/wp-content\/uploads\/2024\/06\/ES_Template_abstract_Congresso-Sostenibilita\u0300-relazionale_def.pdf\" target=\"_blank\" rel=\"noopener\">&#x1f4d0; El modelo de presentaci\u00f3n de res\u00famenes&nbsp;<\/a><\/strong><\/h4>\n<h3>&nbsp;<\/h3>\n<h3 style=\"text-align: left;\"><strong>&#x1f4e3; Actualizaciones y comunicaciones<\/strong><\/h3>\n<p class=\"p1\">Los participantes de <em>Europa del Este &#8211; \u00c1frica &#8211; Oriente Medio &#8211; Asia<\/em> (excepto Corea-Jap\u00f3n) recibir\u00e1n un <strong>30% de descuento<\/strong> en la cuota de participaci\u00f3n. Los derechos de inscripci\u00f3n para los participantes en el congreso en la sede de C\u00f3rdoba figuran en la call for papers en espa\u00f1ol, los derechos de inscripci\u00f3n para los participantes en el congreso en la sede de Castel Gandolfo figuran en la call for papers en ingl\u00e9s e italiano.<\/p>\n<h3 style=\"text-align: left;\"><strong>&#x1f4c4; <a href=\"https:\/\/www.new-humanity.org\/wp-content\/uploads\/2024\/09\/Tercera-circular-Congreso-Sostenibilidad-Relacional.pdf\" target=\"_blank\" rel=\"noopener\">Tercera Circular<\/a><\/strong><\/h3>\n<h4 style=\"text-align: left;\"><strong>Para m\u00e1s informaci\u00f3n, p\u00f3ngase en contacto: <a href=\"mailto:relationalsustainability@gmail.com\">relationalsustainability@gmail.com<\/a><\/strong><\/h4>\n","protected":false},"excerpt":{"rendered":"<p>La contribuci\u00f3n de las ciencias naturales y humanas para una nueva s\u00edntesis de las dimensiones personales, ambientales, sociales y econ\u00f3micas 18 &#8211; 20 octubre 2024 Castel Gandolfo (Italia) | Cordoba (Argentina) La sostenibilidad relacional, tema central de este congreso internacional, se centra en las interacciones que permiten alcanzar la sostenibilidad en sus diversas dimensiones: ecol\u00f3gica, [&hellip;]<\/p>\n","protected":false},"author":15,"featured_media":9199,"parent":4364,"menu_order":0,"comment_status":"closed","ping_status":"closed","template":"inc\/pagina-larga.php","meta":{"ngg_post_thumbnail":0,"footnotes":""},"acf":[],"yoast_head":"<!-- This site is optimized with the Yoast SEO plugin v21.9.1 - https:\/\/yoast.com\/wordpress\/plugins\/seo\/ -->\n<title>Congreso Internacional Sostenibilidad Relacional | New Humanity<\/title>\n<meta name=\"description\" content=\"La contribuci\u00f3n de las ciencias naturales y humanas para una nueva s\u00edntesis de las dimensiones personales, ambientales, sociales y econ\u00f3micas 18 - 20\" \/>\n<meta name=\"robots\" content=\"index, follow, max-snippet:-1, max-image-preview:large, max-video-preview:-1\" \/>\n<link rel=\"canonical\" href=\"https:\/\/www.new-humanity.org\/es\/proyectos\/relational-sustainability-international-congress\/\" \/>\n<meta property=\"og:locale\" content=\"es_ES\" \/>\n<meta property=\"og:type\" content=\"article\" \/>\n<meta property=\"og:title\" content=\"Congreso Internacional Sostenibilidad Relacional | New Humanity\" \/>\n<meta property=\"og:description\" content=\"La contribuci\u00f3n de las ciencias naturales y humanas para una nueva s\u00edntesis de las dimensiones personales, ambientales, sociales y econ\u00f3micas 18 - 20\" \/>\n<meta property=\"og:url\" content=\"https:\/\/www.new-humanity.org\/es\/proyectos\/relational-sustainability-international-congress\/\" \/>\n<meta property=\"og:site_name\" content=\"New Humanity\" \/>\n<meta property=\"article:modified_time\" content=\"2025-01-06T15:59:50+00:00\" \/>\n<meta property=\"og:image\" content=\"https:\/\/www.new-humanity.org\/wp-content\/uploads\/2024\/06\/EN-volantino-congresso-2024-sostenibilita\u0300-relazione-OK-1.jpg\" \/>\n\t<meta property=\"og:image:width\" content=\"2238\" \/>\n\t<meta property=\"og:image:height\" content=\"1152\" \/>\n\t<meta property=\"og:image:type\" content=\"image\/jpeg\" \/>\n<meta name=\"twitter:card\" content=\"summary_large_image\" \/>\n<meta name=\"twitter:label1\" content=\"Est. reading time\" \/>\n\t<meta name=\"twitter:data1\" content=\"4 minutes\" \/>\n<script type=\"application\/ld+json\" class=\"yoast-schema-graph\">{\"@context\":\"https:\/\/schema.org\",\"@graph\":[{\"@type\":\"WebPage\",\"@id\":\"https:\/\/www.new-humanity.org\/es\/proyectos\/relational-sustainability-international-congress\/\",\"url\":\"https:\/\/www.new-humanity.org\/es\/proyectos\/relational-sustainability-international-congress\/\",\"name\":\"Congreso Internacional Sostenibilidad Relacional | New Humanity\",\"isPartOf\":{\"@id\":\"https:\/\/www.new-humanity.org\/es\/#website\"},\"datePublished\":\"2024-06-13T13:21:36+00:00\",\"dateModified\":\"2025-01-06T15:59:50+00:00\",\"description\":\"La contribuci\u00f3n de las ciencias naturales y humanas para una nueva s\u00edntesis de las dimensiones personales, ambientales, sociales y econ\u00f3micas 18 - 20\",\"breadcrumb\":{\"@id\":\"https:\/\/www.new-humanity.org\/es\/proyectos\/relational-sustainability-international-congress\/#breadcrumb\"},\"inLanguage\":\"es-ES\",\"potentialAction\":[{\"@type\":\"ReadAction\",\"target\":[\"https:\/\/www.new-humanity.org\/es\/proyectos\/relational-sustainability-international-congress\/\"]}]},{\"@type\":\"BreadcrumbList\",\"@id\":\"https:\/\/www.new-humanity.org\/es\/proyectos\/relational-sustainability-international-congress\/#breadcrumb\",\"itemListElement\":[{\"@type\":\"ListItem\",\"position\":1,\"name\":\"Home\",\"item\":\"https:\/\/www.new-humanity.org\/es\/\"},{\"@type\":\"ListItem\",\"position\":2,\"name\":\"Proyectos\",\"item\":\"https:\/\/www.new-humanity.org\/es\/proyectos\/\"},{\"@type\":\"ListItem\",\"position\":3,\"name\":\"Congreso Internacional Sostenibilidad Relacional\"}]},{\"@type\":\"WebSite\",\"@id\":\"https:\/\/www.new-humanity.org\/es\/#website\",\"url\":\"https:\/\/www.new-humanity.org\/es\/\",\"name\":\"New Humanity\",\"description\":\"Per un mondo unito\",\"publisher\":{\"@id\":\"https:\/\/www.new-humanity.org\/es\/#organization\"},\"potentialAction\":[{\"@type\":\"SearchAction\",\"target\":{\"@type\":\"EntryPoint\",\"urlTemplate\":\"https:\/\/www.new-humanity.org\/es\/?s={search_term_string}\"},\"query-input\":\"required name=search_term_string\"}],\"inLanguage\":\"es-ES\"},{\"@type\":\"Organization\",\"@id\":\"https:\/\/www.new-humanity.org\/es\/#organization\",\"name\":\"New Humanity\",\"url\":\"https:\/\/www.new-humanity.org\/es\/\",\"logo\":{\"@type\":\"ImageObject\",\"inLanguage\":\"es-ES\",\"@id\":\"https:\/\/www.new-humanity.org\/es\/#\/schema\/logo\/image\/\",\"url\":\"https:\/\/www.new-humanity.org\/wp-content\/uploads\/2022\/01\/logo.jpg\",\"contentUrl\":\"https:\/\/www.new-humanity.org\/wp-content\/uploads\/2022\/01\/logo.jpg\",\"width\":520,\"height\":128,\"caption\":\"New Humanity\"},\"image\":{\"@id\":\"https:\/\/www.new-humanity.org\/es\/#\/schema\/logo\/image\/\"}}]}<\/script>\n<!-- \/ Yoast SEO plugin. -->","yoast_head_json":{"title":"Congreso Internacional Sostenibilidad Relacional | New Humanity","description":"La contribuci\u00f3n de las ciencias naturales y humanas para una nueva s\u00edntesis de las dimensiones personales, ambientales, sociales y econ\u00f3micas 18 - 20","robots":{"index":"index","follow":"follow","max-snippet":"max-snippet:-1","max-image-preview":"max-image-preview:large","max-video-preview":"max-video-preview:-1"},"canonical":"https:\/\/www.new-humanity.org\/es\/proyectos\/relational-sustainability-international-congress\/","og_locale":"es_ES","og_type":"article","og_title":"Congreso Internacional Sostenibilidad Relacional | New Humanity","og_description":"La contribuci\u00f3n de las ciencias naturales y humanas para una nueva s\u00edntesis de las dimensiones personales, ambientales, sociales y econ\u00f3micas 18 - 20","og_url":"https:\/\/www.new-humanity.org\/es\/proyectos\/relational-sustainability-international-congress\/","og_site_name":"New Humanity","article_modified_time":"2025-01-06T15:59:50+00:00","og_image":[{"width":2238,"height":1152,"url":"https:\/\/www.new-humanity.org\/wp-content\/uploads\/2024\/06\/EN-volantino-congresso-2024-sostenibilita\u0300-relazione-OK-1.jpg","type":"image\/jpeg"}],"twitter_card":"summary_large_image","twitter_misc":{"Est. reading time":"4 minutes"},"schema":{"@context":"https:\/\/schema.org","@graph":[{"@type":"WebPage","@id":"https:\/\/www.new-humanity.org\/es\/proyectos\/relational-sustainability-international-congress\/","url":"https:\/\/www.new-humanity.org\/es\/proyectos\/relational-sustainability-international-congress\/","name":"Congreso Internacional Sostenibilidad Relacional | New Humanity","isPartOf":{"@id":"https:\/\/www.new-humanity.org\/es\/#website"},"datePublished":"2024-06-13T13:21:36+00:00","dateModified":"2025-01-06T15:59:50+00:00","description":"La contribuci\u00f3n de las ciencias naturales y humanas para una nueva s\u00edntesis de las dimensiones personales, ambientales, sociales y econ\u00f3micas 18 - 20","breadcrumb":{"@id":"https:\/\/www.new-humanity.org\/es\/proyectos\/relational-sustainability-international-congress\/#breadcrumb"},"inLanguage":"es-ES","potentialAction":[{"@type":"ReadAction","target":["https:\/\/www.new-humanity.org\/es\/proyectos\/relational-sustainability-international-congress\/"]}]},{"@type":"BreadcrumbList","@id":"https:\/\/www.new-humanity.org\/es\/proyectos\/relational-sustainability-international-congress\/#breadcrumb","itemListElement":[{"@type":"ListItem","position":1,"name":"Home","item":"https:\/\/www.new-humanity.org\/es\/"},{"@type":"ListItem","position":2,"name":"Proyectos","item":"https:\/\/www.new-humanity.org\/es\/proyectos\/"},{"@type":"ListItem","position":3,"name":"Congreso Internacional Sostenibilidad Relacional"}]},{"@type":"WebSite","@id":"https:\/\/www.new-humanity.org\/es\/#website","url":"https:\/\/www.new-humanity.org\/es\/","name":"New Humanity","description":"Per un mondo unito","publisher":{"@id":"https:\/\/www.new-humanity.org\/es\/#organization"},"potentialAction":[{"@type":"SearchAction","target":{"@type":"EntryPoint","urlTemplate":"https:\/\/www.new-humanity.org\/es\/?s={search_term_string}"},"query-input":"required name=search_term_string"}],"inLanguage":"es-ES"},{"@type":"Organization","@id":"https:\/\/www.new-humanity.org\/es\/#organization","name":"New Humanity","url":"https:\/\/www.new-humanity.org\/es\/","logo":{"@type":"ImageObject","inLanguage":"es-ES","@id":"https:\/\/www.new-humanity.org\/es\/#\/schema\/logo\/image\/","url":"https:\/\/www.new-humanity.org\/wp-content\/uploads\/2022\/01\/logo.jpg","contentUrl":"https:\/\/www.new-humanity.org\/wp-content\/uploads\/2022\/01\/logo.jpg","width":520,"height":128,"caption":"New Humanity"},"image":{"@id":"https:\/\/www.new-humanity.org\/es\/#\/schema\/logo\/image\/"}}]}},"_links":{"self":[{"href":"https:\/\/www.new-humanity.org\/es\/wp-json\/wp\/v2\/pages\/9176"}],"collection":[{"href":"https:\/\/www.new-humanity.org\/es\/wp-json\/wp\/v2\/pages"}],"about":[{"href":"https:\/\/www.new-humanity.org\/es\/wp-json\/wp\/v2\/types\/page"}],"author":[{"embeddable":true,"href":"https:\/\/www.new-humanity.org\/es\/wp-json\/wp\/v2\/users\/15"}],"replies":[{"embeddable":true,"href":"https:\/\/www.new-humanity.org\/es\/wp-json\/wp\/v2\/comments?post=9176"}],"version-history":[{"count":7,"href":"https:\/\/www.new-humanity.org\/es\/wp-json\/wp\/v2\/pages\/9176\/revisions"}],"predecessor-version":[{"id":10398,"href":"https:\/\/www.new-humanity.org\/es\/wp-json\/wp\/v2\/pages\/9176\/revisions\/10398"}],"up":[{"embeddable":true,"href":"https:\/\/www.new-humanity.org\/es\/wp-json\/wp\/v2\/pages\/4364"}],"wp:featuredmedia":[{"embeddable":true,"href":"https:\/\/www.new-humanity.org\/es\/wp-json\/wp\/v2\/media\/9199"}],"wp:attachment":[{"href":"https:\/\/www.new-humanity.org\/es\/wp-json\/wp\/v2\/media?parent=9176"}],"curies":[{"name":"wp","href":"https:\/\/api.w.org\/{rel}","templated":true}]}}