{"id":1071,"date":"2019-12-24T11:35:23","date_gmt":"2019-12-24T10:35:23","guid":{"rendered":"http:\/\/www.new-humanity.org\/?page_id=1071"},"modified":"2025-07-10T12:10:22","modified_gmt":"2025-07-10T10:10:22","slug":"bruxelles","status":"publish","type":"page","link":"https:\/\/www.new-humanity.org\/fr\/ou-nous-sommes\/bruxelles\/","title":{"rendered":"Bruxelles"},"content":{"rendered":"<p>Le bureau de repr\u00e9sentation de New Humanity \u00e0 <strong data-start=\"1345\" data-end=\"1358\">Bruxelles<\/strong>, ouvert en 2019, est charg\u00e9 de ses activit\u00e9s au sein des <strong data-start=\"1416\" data-end=\"1455\">institutions ou agences europ\u00e9ennes<\/strong>. Il vise \u00e0 susciter, soutenir et promouvoir des initiatives de dialogue effectif entre les citoyens de diff\u00e9rentes cultures et religions et les institutions, en diffusant l\u2019esprit de fraternit\u00e9 qui anime l\u2019association ainsi que les bonnes pratiques qu\u2019elle promeut \u00e0 travers tout le continent europ\u00e9en et au-del\u00e0, dans la perspective de la <strong data-start=\"1796\" data-end=\"1822\">fraternit\u00e9 universelle<\/strong>, \u00e9galement refl\u00e9t\u00e9e dans les valeurs de l\u2019Union europ\u00e9enne.<\/p>\n","protected":false},"excerpt":{"rendered":"<p>Le bureau de repr\u00e9sentation de New Humanity \u00e0 Bruxelles, ouvert en 2019, est charg\u00e9 de ses activit\u00e9s au sein des institutions ou agences europ\u00e9ennes. Il vise \u00e0 susciter, soutenir et promouvoir des initiatives de dialogue effectif entre les citoyens de diff\u00e9rentes cultures et religions et les institutions, en diffusant l\u2019esprit de fraternit\u00e9 qui anime l\u2019association [&hellip;]<\/p>\n","protected":false},"author":1,"featured_media":0,"parent":744,"menu_order":5,"comment_status":"closed","ping_status":"closed","template":"inc\/pagina-centrale.php","meta":{"ngg_post_thumbnail":0,"footnotes":""},"acf":[],"yoast_head":"<!-- This site is optimized with the Yoast SEO plugin v21.9.1 - https:\/\/yoast.com\/wordpress\/plugins\/seo\/ -->\n<title>Bruxelles | New Humanity<\/title>\n<meta name=\"description\" content=\"Le bureau de repr\u00e9sentation de New Humanity \u00e0 Bruxelles, ouvert en 2019, est charg\u00e9 de ses activit\u00e9s au sein des institutions ou agences europ\u00e9ennes. Il\" \/>\n<meta name=\"robots\" content=\"index, follow, max-snippet:-1, max-image-preview:large, max-video-preview:-1\" \/>\n<link rel=\"canonical\" href=\"https:\/\/www.new-humanity.org\/fr\/ou-nous-sommes\/bruxelles\/\" \/>\n<meta property=\"og:locale\" content=\"fr_FR\" \/>\n<meta property=\"og:type\" content=\"article\" \/>\n<meta property=\"og:title\" content=\"Bruxelles | New Humanity\" \/>\n<meta property=\"og:description\" content=\"Le bureau de repr\u00e9sentation de New Humanity \u00e0 Bruxelles, ouvert en 2019, est charg\u00e9 de ses activit\u00e9s au sein des institutions ou agences europ\u00e9ennes. Il\" \/>\n<meta property=\"og:url\" content=\"https:\/\/www.new-humanity.org\/fr\/ou-nous-sommes\/bruxelles\/\" \/>\n<meta property=\"og:site_name\" content=\"New Humanity\" \/>\n<meta property=\"article:modified_time\" content=\"2025-07-10T10:10:22+00:00\" \/>\n<meta name=\"twitter:card\" content=\"summary_large_image\" \/>\n<meta name=\"twitter:label1\" content=\"Dur\u00e9e de lecture estim\u00e9e\" \/>\n\t<meta name=\"twitter:data1\" content=\"1 minute\" \/>\n<script type=\"application\/ld+json\" class=\"yoast-schema-graph\">{\"@context\":\"https:\/\/schema.org\",\"@graph\":[{\"@type\":\"WebPage\",\"@id\":\"https:\/\/www.new-humanity.org\/fr\/ou-nous-sommes\/bruxelles\/\",\"url\":\"https:\/\/www.new-humanity.org\/fr\/ou-nous-sommes\/bruxelles\/\",\"name\":\"Bruxelles | New Humanity\",\"isPartOf\":{\"@id\":\"https:\/\/www.new-humanity.org\/fr\/#website\"},\"datePublished\":\"2019-12-24T10:35:23+00:00\",\"dateModified\":\"2025-07-10T10:10:22+00:00\",\"description\":\"Le bureau de repr\u00e9sentation de New Humanity \u00e0 Bruxelles, ouvert en 2019, est charg\u00e9 de ses activit\u00e9s au sein des institutions ou agences europ\u00e9ennes. Il\",\"breadcrumb\":{\"@id\":\"https:\/\/www.new-humanity.org\/fr\/ou-nous-sommes\/bruxelles\/#breadcrumb\"},\"inLanguage\":\"fr-FR\",\"potentialAction\":[{\"@type\":\"ReadAction\",\"target\":[\"https:\/\/www.new-humanity.org\/fr\/ou-nous-sommes\/bruxelles\/\"]}]},{\"@type\":\"BreadcrumbList\",\"@id\":\"https:\/\/www.new-humanity.org\/fr\/ou-nous-sommes\/bruxelles\/#breadcrumb\",\"itemListElement\":[{\"@type\":\"ListItem\",\"position\":1,\"name\":\"Home\",\"item\":\"https:\/\/www.new-humanity.org\/fr\/\"},{\"@type\":\"ListItem\",\"position\":2,\"name\":\"O\u00f9 nous sommes\",\"item\":\"https:\/\/www.new-humanity.org\/fr\/ou-nous-sommes\/\"},{\"@type\":\"ListItem\",\"position\":3,\"name\":\"Bruxelles\"}]},{\"@type\":\"WebSite\",\"@id\":\"https:\/\/www.new-humanity.org\/fr\/#website\",\"url\":\"https:\/\/www.new-humanity.org\/fr\/\",\"name\":\"New Humanity\",\"description\":\"Per un mondo unito\",\"publisher\":{\"@id\":\"https:\/\/www.new-humanity.org\/fr\/#organization\"},\"potentialAction\":[{\"@type\":\"SearchAction\",\"target\":{\"@type\":\"EntryPoint\",\"urlTemplate\":\"https:\/\/www.new-humanity.org\/fr\/?s={search_term_string}\"},\"query-input\":\"required name=search_term_string\"}],\"inLanguage\":\"fr-FR\"},{\"@type\":\"Organization\",\"@id\":\"https:\/\/www.new-humanity.org\/fr\/#organization\",\"name\":\"New Humanity\",\"url\":\"https:\/\/www.new-humanity.org\/fr\/\",\"logo\":{\"@type\":\"ImageObject\",\"inLanguage\":\"fr-FR\",\"@id\":\"https:\/\/www.new-humanity.org\/fr\/#\/schema\/logo\/image\/\",\"url\":\"https:\/\/www.new-humanity.org\/wp-content\/uploads\/2022\/01\/logo.jpg\",\"contentUrl\":\"https:\/\/www.new-humanity.org\/wp-content\/uploads\/2022\/01\/logo.jpg\",\"width\":520,\"height\":128,\"caption\":\"New Humanity\"},\"image\":{\"@id\":\"https:\/\/www.new-humanity.org\/fr\/#\/schema\/logo\/image\/\"}}]}<\/script>\n<!-- \/ Yoast SEO plugin. -->","yoast_head_json":{"title":"Bruxelles | New Humanity","description":"Le bureau de repr\u00e9sentation de New Humanity \u00e0 Bruxelles, ouvert en 2019, est charg\u00e9 de ses activit\u00e9s au sein des institutions ou agences europ\u00e9ennes. Il","robots":{"index":"index","follow":"follow","max-snippet":"max-snippet:-1","max-image-preview":"max-image-preview:large","max-video-preview":"max-video-preview:-1"},"canonical":"https:\/\/www.new-humanity.org\/fr\/ou-nous-sommes\/bruxelles\/","og_locale":"fr_FR","og_type":"article","og_title":"Bruxelles | New Humanity","og_description":"Le bureau de repr\u00e9sentation de New Humanity \u00e0 Bruxelles, ouvert en 2019, est charg\u00e9 de ses activit\u00e9s au sein des institutions ou agences europ\u00e9ennes. Il","og_url":"https:\/\/www.new-humanity.org\/fr\/ou-nous-sommes\/bruxelles\/","og_site_name":"New Humanity","article_modified_time":"2025-07-10T10:10:22+00:00","twitter_card":"summary_large_image","twitter_misc":{"Dur\u00e9e de lecture estim\u00e9e":"1 minute"},"schema":{"@context":"https:\/\/schema.org","@graph":[{"@type":"WebPage","@id":"https:\/\/www.new-humanity.org\/fr\/ou-nous-sommes\/bruxelles\/","url":"https:\/\/www.new-humanity.org\/fr\/ou-nous-sommes\/bruxelles\/","name":"Bruxelles | New Humanity","isPartOf":{"@id":"https:\/\/www.new-humanity.org\/fr\/#website"},"datePublished":"2019-12-24T10:35:23+00:00","dateModified":"2025-07-10T10:10:22+00:00","description":"Le bureau de repr\u00e9sentation de New Humanity \u00e0 Bruxelles, ouvert en 2019, est charg\u00e9 de ses activit\u00e9s au sein des institutions ou agences europ\u00e9ennes. Il","breadcrumb":{"@id":"https:\/\/www.new-humanity.org\/fr\/ou-nous-sommes\/bruxelles\/#breadcrumb"},"inLanguage":"fr-FR","potentialAction":[{"@type":"ReadAction","target":["https:\/\/www.new-humanity.org\/fr\/ou-nous-sommes\/bruxelles\/"]}]},{"@type":"BreadcrumbList","@id":"https:\/\/www.new-humanity.org\/fr\/ou-nous-sommes\/bruxelles\/#breadcrumb","itemListElement":[{"@type":"ListItem","position":1,"name":"Home","item":"https:\/\/www.new-humanity.org\/fr\/"},{"@type":"ListItem","position":2,"name":"O\u00f9 nous sommes","item":"https:\/\/www.new-humanity.org\/fr\/ou-nous-sommes\/"},{"@type":"ListItem","position":3,"name":"Bruxelles"}]},{"@type":"WebSite","@id":"https:\/\/www.new-humanity.org\/fr\/#website","url":"https:\/\/www.new-humanity.org\/fr\/","name":"New Humanity","description":"Per un mondo unito","publisher":{"@id":"https:\/\/www.new-humanity.org\/fr\/#organization"},"potentialAction":[{"@type":"SearchAction","target":{"@type":"EntryPoint","urlTemplate":"https:\/\/www.new-humanity.org\/fr\/?s={search_term_string}"},"query-input":"required name=search_term_string"}],"inLanguage":"fr-FR"},{"@type":"Organization","@id":"https:\/\/www.new-humanity.org\/fr\/#organization","name":"New Humanity","url":"https:\/\/www.new-humanity.org\/fr\/","logo":{"@type":"ImageObject","inLanguage":"fr-FR","@id":"https:\/\/www.new-humanity.org\/fr\/#\/schema\/logo\/image\/","url":"https:\/\/www.new-humanity.org\/wp-content\/uploads\/2022\/01\/logo.jpg","contentUrl":"https:\/\/www.new-humanity.org\/wp-content\/uploads\/2022\/01\/logo.jpg","width":520,"height":128,"caption":"New Humanity"},"image":{"@id":"https:\/\/www.new-humanity.org\/fr\/#\/schema\/logo\/image\/"}}]}},"_links":{"self":[{"href":"https:\/\/www.new-humanity.org\/fr\/wp-json\/wp\/v2\/pages\/1071"}],"collection":[{"href":"https:\/\/www.new-humanity.org\/fr\/wp-json\/wp\/v2\/pages"}],"about":[{"href":"https:\/\/www.new-humanity.org\/fr\/wp-json\/wp\/v2\/types\/page"}],"author":[{"embeddable":true,"href":"https:\/\/www.new-humanity.org\/fr\/wp-json\/wp\/v2\/users\/1"}],"replies":[{"embeddable":true,"href":"https:\/\/www.new-humanity.org\/fr\/wp-json\/wp\/v2\/comments?post=1071"}],"version-history":[{"count":8,"href":"https:\/\/www.new-humanity.org\/fr\/wp-json\/wp\/v2\/pages\/1071\/revisions"}],"predecessor-version":[{"id":11536,"href":"https:\/\/www.new-humanity.org\/fr\/wp-json\/wp\/v2\/pages\/1071\/revisions\/11536"}],"up":[{"embeddable":true,"href":"https:\/\/www.new-humanity.org\/fr\/wp-json\/wp\/v2\/pages\/744"}],"wp:attachment":[{"href":"https:\/\/www.new-humanity.org\/fr\/wp-json\/wp\/v2\/media?parent=1071"}],"curies":[{"name":"wp","href":"https:\/\/api.w.org\/{rel}","templated":true}]}}