{"id":11045,"date":"2025-05-14T16:04:43","date_gmt":"2025-05-14T14:04:43","guid":{"rendered":"https:\/\/www.new-humanity.org\/?page_id=11045"},"modified":"2025-05-14T16:31:08","modified_gmt":"2025-05-14T14:31:08","slug":"partnerships-for-human-fraternity","status":"publish","type":"page","link":"https:\/\/www.new-humanity.org\/fr\/domaines-dintervention\/partnerships-for-human-fraternity\/","title":{"rendered":"Partenariats pour la Fraternit\u00e9 Humaine"},"content":{"rendered":"<p data-start=\"6827\" data-end=\"7276\"><img decoding=\"async\" loading=\"lazy\" class=\"aligncenter wp-image-11033 size-large\" src=\"https:\/\/www.new-humanity.org\/wp-content\/uploads\/2025\/05\/2cdbb3d5-ed92-4c6d-a95f-01bca96f740a-1024x641.jpg\" alt=\"\" width=\"1024\" height=\"641\" srcset=\"https:\/\/www.new-humanity.org\/wp-content\/uploads\/2025\/05\/2cdbb3d5-ed92-4c6d-a95f-01bca96f740a-1024x641.jpg 1024w, https:\/\/www.new-humanity.org\/wp-content\/uploads\/2025\/05\/2cdbb3d5-ed92-4c6d-a95f-01bca96f740a-300x188.jpg 300w, https:\/\/www.new-humanity.org\/wp-content\/uploads\/2025\/05\/2cdbb3d5-ed92-4c6d-a95f-01bca96f740a-768x481.jpg 768w, https:\/\/www.new-humanity.org\/wp-content\/uploads\/2025\/05\/2cdbb3d5-ed92-4c6d-a95f-01bca96f740a.jpg 1257w\" sizes=\"(max-width: 1024px) 100vw, 1024px\" \/><\/p>\n<p class=\"\" data-start=\"45\" data-end=\"536\">New Humanity est convaincue que les partenariats fond\u00e9s sur le respect mutuel et des valeurs communes sont essentiels pour construire un monde uni. Elle encourage la collaboration entre organisations, institutions et communaut\u00e9s engag\u00e9es dans la promotion de la fraternit\u00e9 humaine, de la solidarit\u00e9 et de la coh\u00e9sion sociale. En unissant leurs forces, ces partenariats renforcent les efforts pour relever les d\u00e9fis mondiaux et promouvoir une culture du dialogue, de la paix et de la justice.<\/p>\n<p class=\"\" data-start=\"538\" data-end=\"1081\">New Humanity soutient activement et co-d\u00e9veloppe des projets internationaux qui favorisent le dialogue et la coop\u00e9ration entre les diff\u00e9rents secteurs de la soci\u00e9t\u00e9. Elle facilite les synergies entre ONG, institutions acad\u00e9miques, organisations religieuses et civiles afin de mettre en \u0153uvre des initiatives ax\u00e9es sur l\u2019\u00e9ducation, le d\u00e9veloppement durable et le dialogue interculturel. \u00c0 travers ses r\u00e9seaux et alliances, New Humanity promeut des actions concr\u00e8tes incarnant les principes d\u2019unit\u00e9 et de fraternit\u00e9 aux niveaux local et mondial.<\/p>\n<p class=\"\" data-start=\"7776\" data-end=\"7796\"><strong>Enjeux abord\u00e9s :<\/strong><\/p>\n<ul>\n<li data-leveltext=\"\uf0b7\" data-font=\"Symbol\" data-listid=\"14\" data-list-defn-props=\"{&quot;335552541&quot;:1,&quot;335559685&quot;:720,&quot;335559991&quot;:360,&quot;469769226&quot;:&quot;Symbol&quot;,&quot;469769242&quot;:[8226],&quot;469777803&quot;:&quot;left&quot;,&quot;469777804&quot;:&quot;\uf0b7&quot;,&quot;469777815&quot;:&quot;hybridMultilevel&quot;}\" aria-setsize=\"-1\" data-aria-posinset=\"1\" data-aria-level=\"1\"><span data-ccp-props=\"{}\">Collaboration entre ONG (ODD 16, 17)<br \/>\n<\/span><\/li>\n<\/ul>\n<ul>\n<li data-leveltext=\"\uf0b7\" data-font=\"Symbol\" data-listid=\"14\" data-list-defn-props=\"{&quot;335552541&quot;:1,&quot;335559685&quot;:720,&quot;335559991&quot;:360,&quot;469769226&quot;:&quot;Symbol&quot;,&quot;469769242&quot;:[8226],&quot;469777803&quot;:&quot;left&quot;,&quot;469777804&quot;:&quot;\uf0b7&quot;,&quot;469777815&quot;:&quot;hybridMultilevel&quot;}\" aria-setsize=\"-1\" data-aria-posinset=\"2\" data-aria-level=\"1\"><a href=\"https:\/\/www.new-humanity.org\/fr\/projets\/\"><span data-contrast=\"none\">Projets<\/span><\/a><span data-contrast=\"none\"> (SDG 3, 4, 11, 16, 17)<\/span><span data-ccp-props=\"{}\">&nbsp;<\/span><\/li>\n<\/ul>\n<p class=\"\" data-start=\"7871\" data-end=\"7893\"><strong>Statut consultatif :<\/strong><\/p>\n<ul data-start=\"7895\" data-end=\"7919\">\n<li class=\"\" data-start=\"7895\" data-end=\"7919\"><strong><a href=\"http:\/\/ecosoc.un.org\" target=\"_blank\" rel=\"noopener\">ECOSOC<\/a>&nbsp;<\/strong><\/li>\n<\/ul>\n<p class=\"\" data-start=\"7921\" data-end=\"7938\"><strong>Partenariats :<\/strong><\/p>\n<ul>\n<li><strong><a href=\"http:\/\/www.mppu.org\" target=\"_blank\" rel=\"noopener\">Mouvement Politique pour l\u2019Unit\u00e9<\/a>&nbsp;<\/strong><\/li>\n<li><strong><a href=\"http:\/\/ngo-unesco.net\" target=\"_blank\" rel=\"noopener\">Comit\u00e9 de liaison ONG-UNESCO<\/a><\/strong><\/li>\n<li><strong><a href=\"https:\/\/www.foruminternational.org\/\" target=\"_blank\" rel=\"noopener\">Forum international des ONG d\u2019inspiration catholique<\/a><\/strong><\/li>\n<li><strong><a href=\"http:\/\/www.unitedworldproject.org\" target=\"_blank\" rel=\"noopener\">United World Project<\/a>&nbsp;<\/strong><\/li>\n<li><strong><a href=\"http:\/\/togetherforanewafrica.org\" target=\"_blank\" rel=\"noopener\">Together for a New Africa<\/a><\/strong><\/li>\n<\/ul>\n","protected":false},"excerpt":{"rendered":"<p>New Humanity est convaincue que les partenariats fond\u00e9s sur le respect mutuel et des valeurs communes sont essentiels pour construire un monde uni. Elle encourage la collaboration entre organisations, institutions et communaut\u00e9s engag\u00e9es dans la promotion de la fraternit\u00e9 humaine, de la solidarit\u00e9 et de la coh\u00e9sion sociale. En unissant leurs forces, ces partenariats renforcent [&hellip;]<\/p>\n","protected":false},"author":15,"featured_media":0,"parent":787,"menu_order":5,"comment_status":"closed","ping_status":"closed","template":"","meta":{"ngg_post_thumbnail":0,"footnotes":""},"acf":[],"yoast_head":"<!-- This site is optimized with the Yoast SEO plugin v21.9.1 - https:\/\/yoast.com\/wordpress\/plugins\/seo\/ -->\n<title>Partenariats pour la Fraternit\u00e9 Humaine | New Humanity<\/title>\n<meta name=\"description\" content=\"New Humanity est convaincue que les partenariats fond\u00e9s sur le respect mutuel et des valeurs communes sont essentiels pour construire un monde uni. Elle\" \/>\n<meta name=\"robots\" content=\"index, follow, max-snippet:-1, max-image-preview:large, max-video-preview:-1\" \/>\n<link rel=\"canonical\" href=\"https:\/\/www.new-humanity.org\/fr\/domaines-dintervention\/partnerships-for-human-fraternity\/\" \/>\n<meta property=\"og:locale\" content=\"fr_FR\" \/>\n<meta property=\"og:type\" content=\"article\" \/>\n<meta property=\"og:title\" content=\"Partenariats pour la Fraternit\u00e9 Humaine | New Humanity\" \/>\n<meta property=\"og:description\" content=\"New Humanity est convaincue que les partenariats fond\u00e9s sur le respect mutuel et des valeurs communes sont essentiels pour construire un monde uni. Elle\" \/>\n<meta property=\"og:url\" content=\"https:\/\/www.new-humanity.org\/fr\/domaines-dintervention\/partnerships-for-human-fraternity\/\" \/>\n<meta property=\"og:site_name\" content=\"New Humanity\" \/>\n<meta property=\"article:modified_time\" content=\"2025-05-14T14:31:08+00:00\" \/>\n<meta property=\"og:image\" content=\"https:\/\/www.new-humanity.org\/wp-content\/uploads\/2025\/05\/2cdbb3d5-ed92-4c6d-a95f-01bca96f740a-1024x641.jpg\" \/>\n<meta name=\"twitter:card\" content=\"summary_large_image\" \/>\n<meta name=\"twitter:label1\" content=\"Dur\u00e9e de lecture estim\u00e9e\" \/>\n\t<meta name=\"twitter:data1\" content=\"2 minutes\" \/>\n<script type=\"application\/ld+json\" class=\"yoast-schema-graph\">{\"@context\":\"https:\/\/schema.org\",\"@graph\":[{\"@type\":\"WebPage\",\"@id\":\"https:\/\/www.new-humanity.org\/fr\/domaines-dintervention\/partnerships-for-human-fraternity\/\",\"url\":\"https:\/\/www.new-humanity.org\/fr\/domaines-dintervention\/partnerships-for-human-fraternity\/\",\"name\":\"Partenariats pour la Fraternit\u00e9 Humaine | New Humanity\",\"isPartOf\":{\"@id\":\"https:\/\/www.new-humanity.org\/fr\/#website\"},\"datePublished\":\"2025-05-14T14:04:43+00:00\",\"dateModified\":\"2025-05-14T14:31:08+00:00\",\"description\":\"New Humanity est convaincue que les partenariats fond\u00e9s sur le respect mutuel et des valeurs communes sont essentiels pour construire un monde uni. Elle\",\"breadcrumb\":{\"@id\":\"https:\/\/www.new-humanity.org\/fr\/domaines-dintervention\/partnerships-for-human-fraternity\/#breadcrumb\"},\"inLanguage\":\"fr-FR\",\"potentialAction\":[{\"@type\":\"ReadAction\",\"target\":[\"https:\/\/www.new-humanity.org\/fr\/domaines-dintervention\/partnerships-for-human-fraternity\/\"]}]},{\"@type\":\"BreadcrumbList\",\"@id\":\"https:\/\/www.new-humanity.org\/fr\/domaines-dintervention\/partnerships-for-human-fraternity\/#breadcrumb\",\"itemListElement\":[{\"@type\":\"ListItem\",\"position\":1,\"name\":\"Home\",\"item\":\"https:\/\/www.new-humanity.org\/fr\/\"},{\"@type\":\"ListItem\",\"position\":2,\"name\":\"Champs d&rsquo;action\",\"item\":\"https:\/\/www.new-humanity.org\/fr\/domaines-dintervention\/\"},{\"@type\":\"ListItem\",\"position\":3,\"name\":\"Partenariats pour la Fraternit\u00e9 Humaine\"}]},{\"@type\":\"WebSite\",\"@id\":\"https:\/\/www.new-humanity.org\/fr\/#website\",\"url\":\"https:\/\/www.new-humanity.org\/fr\/\",\"name\":\"New Humanity\",\"description\":\"Per un mondo unito\",\"publisher\":{\"@id\":\"https:\/\/www.new-humanity.org\/fr\/#organization\"},\"potentialAction\":[{\"@type\":\"SearchAction\",\"target\":{\"@type\":\"EntryPoint\",\"urlTemplate\":\"https:\/\/www.new-humanity.org\/fr\/?s={search_term_string}\"},\"query-input\":\"required name=search_term_string\"}],\"inLanguage\":\"fr-FR\"},{\"@type\":\"Organization\",\"@id\":\"https:\/\/www.new-humanity.org\/fr\/#organization\",\"name\":\"New Humanity\",\"url\":\"https:\/\/www.new-humanity.org\/fr\/\",\"logo\":{\"@type\":\"ImageObject\",\"inLanguage\":\"fr-FR\",\"@id\":\"https:\/\/www.new-humanity.org\/fr\/#\/schema\/logo\/image\/\",\"url\":\"https:\/\/www.new-humanity.org\/wp-content\/uploads\/2022\/01\/logo.jpg\",\"contentUrl\":\"https:\/\/www.new-humanity.org\/wp-content\/uploads\/2022\/01\/logo.jpg\",\"width\":520,\"height\":128,\"caption\":\"New Humanity\"},\"image\":{\"@id\":\"https:\/\/www.new-humanity.org\/fr\/#\/schema\/logo\/image\/\"}}]}<\/script>\n<!-- \/ Yoast SEO plugin. -->","yoast_head_json":{"title":"Partenariats pour la Fraternit\u00e9 Humaine | New Humanity","description":"New Humanity est convaincue que les partenariats fond\u00e9s sur le respect mutuel et des valeurs communes sont essentiels pour construire un monde uni. Elle","robots":{"index":"index","follow":"follow","max-snippet":"max-snippet:-1","max-image-preview":"max-image-preview:large","max-video-preview":"max-video-preview:-1"},"canonical":"https:\/\/www.new-humanity.org\/fr\/domaines-dintervention\/partnerships-for-human-fraternity\/","og_locale":"fr_FR","og_type":"article","og_title":"Partenariats pour la Fraternit\u00e9 Humaine | New Humanity","og_description":"New Humanity est convaincue que les partenariats fond\u00e9s sur le respect mutuel et des valeurs communes sont essentiels pour construire un monde uni. Elle","og_url":"https:\/\/www.new-humanity.org\/fr\/domaines-dintervention\/partnerships-for-human-fraternity\/","og_site_name":"New Humanity","article_modified_time":"2025-05-14T14:31:08+00:00","og_image":[{"url":"https:\/\/www.new-humanity.org\/wp-content\/uploads\/2025\/05\/2cdbb3d5-ed92-4c6d-a95f-01bca96f740a-1024x641.jpg"}],"twitter_card":"summary_large_image","twitter_misc":{"Dur\u00e9e de lecture estim\u00e9e":"2 minutes"},"schema":{"@context":"https:\/\/schema.org","@graph":[{"@type":"WebPage","@id":"https:\/\/www.new-humanity.org\/fr\/domaines-dintervention\/partnerships-for-human-fraternity\/","url":"https:\/\/www.new-humanity.org\/fr\/domaines-dintervention\/partnerships-for-human-fraternity\/","name":"Partenariats pour la Fraternit\u00e9 Humaine | New Humanity","isPartOf":{"@id":"https:\/\/www.new-humanity.org\/fr\/#website"},"datePublished":"2025-05-14T14:04:43+00:00","dateModified":"2025-05-14T14:31:08+00:00","description":"New Humanity est convaincue que les partenariats fond\u00e9s sur le respect mutuel et des valeurs communes sont essentiels pour construire un monde uni. Elle","breadcrumb":{"@id":"https:\/\/www.new-humanity.org\/fr\/domaines-dintervention\/partnerships-for-human-fraternity\/#breadcrumb"},"inLanguage":"fr-FR","potentialAction":[{"@type":"ReadAction","target":["https:\/\/www.new-humanity.org\/fr\/domaines-dintervention\/partnerships-for-human-fraternity\/"]}]},{"@type":"BreadcrumbList","@id":"https:\/\/www.new-humanity.org\/fr\/domaines-dintervention\/partnerships-for-human-fraternity\/#breadcrumb","itemListElement":[{"@type":"ListItem","position":1,"name":"Home","item":"https:\/\/www.new-humanity.org\/fr\/"},{"@type":"ListItem","position":2,"name":"Champs d&rsquo;action","item":"https:\/\/www.new-humanity.org\/fr\/domaines-dintervention\/"},{"@type":"ListItem","position":3,"name":"Partenariats pour la Fraternit\u00e9 Humaine"}]},{"@type":"WebSite","@id":"https:\/\/www.new-humanity.org\/fr\/#website","url":"https:\/\/www.new-humanity.org\/fr\/","name":"New Humanity","description":"Per un mondo unito","publisher":{"@id":"https:\/\/www.new-humanity.org\/fr\/#organization"},"potentialAction":[{"@type":"SearchAction","target":{"@type":"EntryPoint","urlTemplate":"https:\/\/www.new-humanity.org\/fr\/?s={search_term_string}"},"query-input":"required name=search_term_string"}],"inLanguage":"fr-FR"},{"@type":"Organization","@id":"https:\/\/www.new-humanity.org\/fr\/#organization","name":"New Humanity","url":"https:\/\/www.new-humanity.org\/fr\/","logo":{"@type":"ImageObject","inLanguage":"fr-FR","@id":"https:\/\/www.new-humanity.org\/fr\/#\/schema\/logo\/image\/","url":"https:\/\/www.new-humanity.org\/wp-content\/uploads\/2022\/01\/logo.jpg","contentUrl":"https:\/\/www.new-humanity.org\/wp-content\/uploads\/2022\/01\/logo.jpg","width":520,"height":128,"caption":"New Humanity"},"image":{"@id":"https:\/\/www.new-humanity.org\/fr\/#\/schema\/logo\/image\/"}}]}},"_links":{"self":[{"href":"https:\/\/www.new-humanity.org\/fr\/wp-json\/wp\/v2\/pages\/11045"}],"collection":[{"href":"https:\/\/www.new-humanity.org\/fr\/wp-json\/wp\/v2\/pages"}],"about":[{"href":"https:\/\/www.new-humanity.org\/fr\/wp-json\/wp\/v2\/types\/page"}],"author":[{"embeddable":true,"href":"https:\/\/www.new-humanity.org\/fr\/wp-json\/wp\/v2\/users\/15"}],"replies":[{"embeddable":true,"href":"https:\/\/www.new-humanity.org\/fr\/wp-json\/wp\/v2\/comments?post=11045"}],"version-history":[{"count":2,"href":"https:\/\/www.new-humanity.org\/fr\/wp-json\/wp\/v2\/pages\/11045\/revisions"}],"predecessor-version":[{"id":11048,"href":"https:\/\/www.new-humanity.org\/fr\/wp-json\/wp\/v2\/pages\/11045\/revisions\/11048"}],"up":[{"embeddable":true,"href":"https:\/\/www.new-humanity.org\/fr\/wp-json\/wp\/v2\/pages\/787"}],"wp:attachment":[{"href":"https:\/\/www.new-humanity.org\/fr\/wp-json\/wp\/v2\/media?parent=11045"}],"curies":[{"name":"wp","href":"https:\/\/api.w.org\/{rel}","templated":true}]}}