{"id":11054,"date":"2025-05-14T15:53:48","date_gmt":"2025-05-14T13:53:48","guid":{"rendered":"https:\/\/www.new-humanity.org\/?page_id=11054"},"modified":"2025-05-14T16:53:18","modified_gmt":"2025-05-14T14:53:18","slug":"cooperazione-internazionale-governance-e-multilateralismo","status":"publish","type":"page","link":"https:\/\/www.new-humanity.org\/fr\/domaines-dintervention\/cooperazione-internazionale-governance-e-multilateralismo\/","title":{"rendered":"Coop\u00e9ration internationale, gouvernance et multilat\u00e9ralisme"},"content":{"rendered":"<p><img decoding=\"async\" loading=\"lazy\" class=\"aligncenter wp-image-11021 size-large\" src=\"https:\/\/www.new-humanity.org\/wp-content\/uploads\/2025\/05\/31b55b01-fd43-40ec-a4ce-b07343332ebc-1024x768.jpg\" alt=\"\" width=\"1024\" height=\"768\" srcset=\"https:\/\/www.new-humanity.org\/wp-content\/uploads\/2025\/05\/31b55b01-fd43-40ec-a4ce-b07343332ebc-1024x768.jpg 1024w, https:\/\/www.new-humanity.org\/wp-content\/uploads\/2025\/05\/31b55b01-fd43-40ec-a4ce-b07343332ebc-300x225.jpg 300w, https:\/\/www.new-humanity.org\/wp-content\/uploads\/2025\/05\/31b55b01-fd43-40ec-a4ce-b07343332ebc-768x576.jpg 768w, https:\/\/www.new-humanity.org\/wp-content\/uploads\/2025\/05\/31b55b01-fd43-40ec-a4ce-b07343332ebc-1536x1152.jpg 1536w, https:\/\/www.new-humanity.org\/wp-content\/uploads\/2025\/05\/31b55b01-fd43-40ec-a4ce-b07343332ebc.jpg 1600w\" sizes=\"(max-width: 1024px) 100vw, 1024px\" \/><\/p>\n<p class=\"\" data-start=\"65\" data-end=\"678\">New Humanity promeut une vision globale de la gouvernance fond\u00e9e sur la paix, le dialogue et la coop\u00e9ration entre les nations et les institutions. Elle soutient le multilat\u00e9ralisme comme moyen de faire face aux d\u00e9fis mondiaux, en veillant \u00e0 ce que les politiques et les accords internationaux refl\u00e8tent les principes de solidarit\u00e9, de dignit\u00e9 humaine et de bien commun. Par son engagement en faveur de la coop\u00e9ration internationale, New Humanity \u0153uvre pour renforcer le r\u00f4le de la soci\u00e9t\u00e9 civile dans les processus d\u00e9cisionnels, en plaidant pour une gouvernance inclusive et la protection des droits fondamentaux.<\/p>\n<p class=\"\" data-start=\"680\" data-end=\"1264\">New Humanity m\u00e8ne des actions de plaidoyer politique, de dialogue diplomatique et de mise en r\u00e9seau au sein des institutions internationales pour promouvoir une culture de paix et de coop\u00e9ration. Elle soutient des initiatives favorisant le dialogue interculturel et interreligieux, la protection des migrants et des r\u00e9fugi\u00e9s, ainsi que le respect de la libert\u00e9 religieuse. Gr\u00e2ce \u00e0 ses partenariats avec des organisations multilat\u00e9rales, New Humanity contribue \u00e0 l\u2019\u00e9laboration de politiques qui d\u00e9fendent la justice, les droits humains et le d\u00e9veloppement durable \u00e0 l\u2019\u00e9chelle mondiale.<\/p>\n<p class=\"\" data-start=\"6026\" data-end=\"6046\"><strong>Th\u00e8mes abord\u00e9s :<\/strong><\/p>\n<ul data-start=\"6048\" data-end=\"6316\">\n<li class=\"\" data-start=\"6048\" data-end=\"6107\">\n<p class=\"\" data-start=\"6050\" data-end=\"6107\">Migration, r\u00e9fugi\u00e9s et asile (ODD 8, 10, 11, 13, 16, 17)<\/p>\n<\/li>\n<li class=\"\" data-start=\"6048\" data-end=\"6107\">\n<p class=\"\" data-start=\"6050\" data-end=\"6107\">Dialogue interculturel (ODD 16, 17)<\/p>\n<\/li>\n<li class=\"\" data-start=\"6048\" data-end=\"6107\">\n<p class=\"\" data-start=\"6050\" data-end=\"6107\">Dialogue interreligieux (ODD 16, 17)<\/p>\n<\/li>\n<li class=\"\" data-start=\"6048\" data-end=\"6107\">\n<p class=\"\" data-start=\"6050\" data-end=\"6107\">Libert\u00e9 de religion (ODD 16, 17)<\/p>\n<\/li>\n<li class=\"\" data-start=\"6048\" data-end=\"6107\">\n<p class=\"\" data-start=\"6050\" data-end=\"6107\">Multilat\u00e9ralisme (ODD 13, 16, 17)<\/p>\n<\/li>\n<li class=\"\" data-start=\"6048\" data-end=\"6107\">\n<p class=\"\" data-start=\"6050\" data-end=\"6107\">Union europ\u00e9enne : justice et droits fondamentaux (ODD 16, 17)<\/p>\n<\/li>\n<\/ul>\n<p class=\"\" data-start=\"6318\" data-end=\"6340\"><strong>Statut consultatif :<\/strong><\/p>\n<ul data-start=\"6342\" data-end=\"6366\">\n<li class=\"\" data-start=\"6342\" data-end=\"6366\">\n<p class=\"\" data-start=\"6344\" data-end=\"6366\"><strong><a href=\"http:\/\/ecosoc.un.org\" target=\"_blank\" rel=\"noopener\">ECOSOC<\/a>&nbsp;<\/strong><\/p>\n<\/li>\n<\/ul>\n<p class=\"\" data-start=\"6368\" data-end=\"6385\"><strong data-start=\"6368\" data-end=\"6385\">Partnerships:<\/strong><\/p>\n<ul data-start=\"6387\" data-end=\"6701\">\n<li class=\"\" data-start=\"6387\" data-end=\"6402\">\n<p class=\"\" data-start=\"6389\" data-end=\"6402\"><strong><a href=\"http:\/\/fao.org\" target=\"_blank\" rel=\"noopener\">FAO<\/a><\/strong><\/p>\n<\/li>\n<li class=\"\" data-start=\"6403\" data-end=\"6420\">\n<p class=\"\" data-start=\"6405\" data-end=\"6420\"><strong><a href=\"http:\/\/unep.org\" target=\"_blank\" rel=\"noopener\">UNEP<\/a>&nbsp;<\/strong><\/p>\n<\/li>\n<li class=\"\" data-start=\"6421\" data-end=\"6475\">\n<p class=\"\" data-start=\"6423\" data-end=\"6475\"><strong><a href=\"http:\/\/ngo-unesco.net\" target=\"_blank\" rel=\"noopener\">Comit\u00e9 de liaison ONG-UNESCO<\/a><\/strong><\/p>\n<\/li>\n<li class=\"\" data-start=\"6476\" data-end=\"6533\">\n<p class=\"\" data-start=\"6478\" data-end=\"6533\"><strong><a href=\"https:\/\/www.foruminternational.org\/\" target=\"_blank\" rel=\"noopener\">Forum international des ONG d\u2019inspiration catholique<\/a><\/strong><\/p>\n<\/li>\n<li class=\"\" data-start=\"6534\" data-end=\"6581\">\n<p class=\"\" data-start=\"6536\" data-end=\"6581\"><strong><a href=\"http:\/\/www.sophiauniversity.org\/]\" target=\"_blank\" rel=\"noopener\">Universit\u00e9 Sophia<\/a>&nbsp;<\/strong><\/p>\n<\/li>\n<li class=\"\" data-start=\"6582\" data-end=\"6653\">\n<p class=\"\" data-start=\"6584\" data-end=\"6653\"><strong><a href=\"http:\/\/www.laityfamilylife.va\" target=\"_blank\" rel=\"noopener\">Dicast\u00e8re pour les la\u00efcs, la famille et la vie<\/a><\/strong><\/p>\n<\/li>\n<li class=\"\" data-start=\"6654\" data-end=\"6701\">\n<p class=\"\" data-start=\"6656\" data-end=\"6701\"><strong><a href=\"http:\/\/www.mppu.org\" target=\"_blank\" rel=\"noopener\">Mouvement Politique pour l\u2019Unit\u00e9<\/a>&nbsp;<\/strong><\/p>\n<\/li>\n<\/ul>\n<p class=\"\" data-start=\"6703\" data-end=\"6724\"><strong data-start=\"1939\" data-end=\"1952\">Soutien :<\/strong><\/p>\n<ul data-start=\"6726\" data-end=\"6778\">\n<li class=\"\" data-start=\"6726\" data-end=\"6778\">\n<div class=\"flex max-w-full flex-col grow\">\n<div class=\"min-h-8 text-message relative flex w-full flex-col items-end gap-2 text-start break-words whitespace-normal [.text-message+&amp;]:mt-5\" dir=\"auto\" data-message-author-role=\"assistant\" data-message-id=\"a5cdddef-7cec-4130-9288-e17e93252ae9\" data-message-model-slug=\"gpt-4o\">\n<div class=\"flex w-full flex-col gap-1 empty:hidden first:pt-[3px]\">\n<div class=\"markdown prose dark:prose-invert w-full break-words light\">\n<p class=\"\" data-start=\"1939\" data-end=\"2003\">Commission europ\u00e9enne (cofinancement de projets)<\/p>\n<\/div>\n<\/div>\n<\/div>\n<\/div>\n<div class=\"mt-3 w-full empty:hidden\">\n<div class=\"text-center\">\n<div class=\"mx-auto\">\n<div>&nbsp;<\/div>\n<\/div>\n<\/div>\n<\/div>\n<\/li>\n<\/ul>\n","protected":false},"excerpt":{"rendered":"<p>New Humanity promeut une vision globale de la gouvernance fond\u00e9e sur la paix, le dialogue et la coop\u00e9ration entre les nations et les institutions. Elle soutient le multilat\u00e9ralisme comme moyen de faire face aux d\u00e9fis mondiaux, en veillant \u00e0 ce que les politiques et les accords internationaux refl\u00e8tent les principes de solidarit\u00e9, de dignit\u00e9 humaine [&hellip;]<\/p>\n","protected":false},"author":15,"featured_media":0,"parent":787,"menu_order":4,"comment_status":"closed","ping_status":"closed","template":"","meta":{"ngg_post_thumbnail":0,"footnotes":""},"acf":[],"yoast_head":"<!-- This site is optimized with the Yoast SEO plugin v21.9.1 - https:\/\/yoast.com\/wordpress\/plugins\/seo\/ -->\n<title>Coop\u00e9ration internationale, gouvernance et multilat\u00e9ralisme | New Humanity<\/title>\n<meta name=\"description\" content=\"New Humanity promeut une vision globale de la gouvernance fond\u00e9e sur la paix, le dialogue et la coop\u00e9ration entre les nations et les institutions. Elle\" \/>\n<meta name=\"robots\" content=\"index, follow, max-snippet:-1, max-image-preview:large, max-video-preview:-1\" \/>\n<link rel=\"canonical\" href=\"https:\/\/www.new-humanity.org\/fr\/domaines-dintervention\/cooperazione-internazionale-governance-e-multilateralismo\/\" \/>\n<meta property=\"og:locale\" content=\"fr_FR\" \/>\n<meta property=\"og:type\" content=\"article\" \/>\n<meta property=\"og:title\" content=\"Coop\u00e9ration internationale, gouvernance et multilat\u00e9ralisme | New Humanity\" \/>\n<meta property=\"og:description\" content=\"New Humanity promeut une vision globale de la gouvernance fond\u00e9e sur la paix, le dialogue et la coop\u00e9ration entre les nations et les institutions. Elle\" \/>\n<meta property=\"og:url\" content=\"https:\/\/www.new-humanity.org\/fr\/domaines-dintervention\/cooperazione-internazionale-governance-e-multilateralismo\/\" \/>\n<meta property=\"og:site_name\" content=\"New Humanity\" \/>\n<meta property=\"article:modified_time\" content=\"2025-05-14T14:53:18+00:00\" \/>\n<meta property=\"og:image\" content=\"https:\/\/www.new-humanity.org\/wp-content\/uploads\/2025\/05\/31b55b01-fd43-40ec-a4ce-b07343332ebc-1024x768.jpg\" \/>\n<meta name=\"twitter:card\" content=\"summary_large_image\" \/>\n<meta name=\"twitter:label1\" content=\"Dur\u00e9e de lecture estim\u00e9e\" \/>\n\t<meta name=\"twitter:data1\" content=\"2 minutes\" \/>\n<script type=\"application\/ld+json\" class=\"yoast-schema-graph\">{\"@context\":\"https:\/\/schema.org\",\"@graph\":[{\"@type\":\"WebPage\",\"@id\":\"https:\/\/www.new-humanity.org\/fr\/domaines-dintervention\/cooperazione-internazionale-governance-e-multilateralismo\/\",\"url\":\"https:\/\/www.new-humanity.org\/fr\/domaines-dintervention\/cooperazione-internazionale-governance-e-multilateralismo\/\",\"name\":\"Coop\u00e9ration internationale, gouvernance et multilat\u00e9ralisme | New Humanity\",\"isPartOf\":{\"@id\":\"https:\/\/www.new-humanity.org\/fr\/#website\"},\"datePublished\":\"2025-05-14T13:53:48+00:00\",\"dateModified\":\"2025-05-14T14:53:18+00:00\",\"description\":\"New Humanity promeut une vision globale de la gouvernance fond\u00e9e sur la paix, le dialogue et la coop\u00e9ration entre les nations et les institutions. Elle\",\"breadcrumb\":{\"@id\":\"https:\/\/www.new-humanity.org\/fr\/domaines-dintervention\/cooperazione-internazionale-governance-e-multilateralismo\/#breadcrumb\"},\"inLanguage\":\"fr-FR\",\"potentialAction\":[{\"@type\":\"ReadAction\",\"target\":[\"https:\/\/www.new-humanity.org\/fr\/domaines-dintervention\/cooperazione-internazionale-governance-e-multilateralismo\/\"]}]},{\"@type\":\"BreadcrumbList\",\"@id\":\"https:\/\/www.new-humanity.org\/fr\/domaines-dintervention\/cooperazione-internazionale-governance-e-multilateralismo\/#breadcrumb\",\"itemListElement\":[{\"@type\":\"ListItem\",\"position\":1,\"name\":\"Home\",\"item\":\"https:\/\/www.new-humanity.org\/fr\/\"},{\"@type\":\"ListItem\",\"position\":2,\"name\":\"Champs d&rsquo;action\",\"item\":\"https:\/\/www.new-humanity.org\/fr\/domaines-dintervention\/\"},{\"@type\":\"ListItem\",\"position\":3,\"name\":\"Coop\u00e9ration internationale, gouvernance et multilat\u00e9ralisme\"}]},{\"@type\":\"WebSite\",\"@id\":\"https:\/\/www.new-humanity.org\/fr\/#website\",\"url\":\"https:\/\/www.new-humanity.org\/fr\/\",\"name\":\"New Humanity\",\"description\":\"Per un mondo unito\",\"publisher\":{\"@id\":\"https:\/\/www.new-humanity.org\/fr\/#organization\"},\"potentialAction\":[{\"@type\":\"SearchAction\",\"target\":{\"@type\":\"EntryPoint\",\"urlTemplate\":\"https:\/\/www.new-humanity.org\/fr\/?s={search_term_string}\"},\"query-input\":\"required name=search_term_string\"}],\"inLanguage\":\"fr-FR\"},{\"@type\":\"Organization\",\"@id\":\"https:\/\/www.new-humanity.org\/fr\/#organization\",\"name\":\"New Humanity\",\"url\":\"https:\/\/www.new-humanity.org\/fr\/\",\"logo\":{\"@type\":\"ImageObject\",\"inLanguage\":\"fr-FR\",\"@id\":\"https:\/\/www.new-humanity.org\/fr\/#\/schema\/logo\/image\/\",\"url\":\"https:\/\/www.new-humanity.org\/wp-content\/uploads\/2022\/01\/logo.jpg\",\"contentUrl\":\"https:\/\/www.new-humanity.org\/wp-content\/uploads\/2022\/01\/logo.jpg\",\"width\":520,\"height\":128,\"caption\":\"New Humanity\"},\"image\":{\"@id\":\"https:\/\/www.new-humanity.org\/fr\/#\/schema\/logo\/image\/\"}}]}<\/script>\n<!-- \/ Yoast SEO plugin. -->","yoast_head_json":{"title":"Coop\u00e9ration internationale, gouvernance et multilat\u00e9ralisme | New Humanity","description":"New Humanity promeut une vision globale de la gouvernance fond\u00e9e sur la paix, le dialogue et la coop\u00e9ration entre les nations et les institutions. Elle","robots":{"index":"index","follow":"follow","max-snippet":"max-snippet:-1","max-image-preview":"max-image-preview:large","max-video-preview":"max-video-preview:-1"},"canonical":"https:\/\/www.new-humanity.org\/fr\/domaines-dintervention\/cooperazione-internazionale-governance-e-multilateralismo\/","og_locale":"fr_FR","og_type":"article","og_title":"Coop\u00e9ration internationale, gouvernance et multilat\u00e9ralisme | New Humanity","og_description":"New Humanity promeut une vision globale de la gouvernance fond\u00e9e sur la paix, le dialogue et la coop\u00e9ration entre les nations et les institutions. Elle","og_url":"https:\/\/www.new-humanity.org\/fr\/domaines-dintervention\/cooperazione-internazionale-governance-e-multilateralismo\/","og_site_name":"New Humanity","article_modified_time":"2025-05-14T14:53:18+00:00","og_image":[{"url":"https:\/\/www.new-humanity.org\/wp-content\/uploads\/2025\/05\/31b55b01-fd43-40ec-a4ce-b07343332ebc-1024x768.jpg"}],"twitter_card":"summary_large_image","twitter_misc":{"Dur\u00e9e de lecture estim\u00e9e":"2 minutes"},"schema":{"@context":"https:\/\/schema.org","@graph":[{"@type":"WebPage","@id":"https:\/\/www.new-humanity.org\/fr\/domaines-dintervention\/cooperazione-internazionale-governance-e-multilateralismo\/","url":"https:\/\/www.new-humanity.org\/fr\/domaines-dintervention\/cooperazione-internazionale-governance-e-multilateralismo\/","name":"Coop\u00e9ration internationale, gouvernance et multilat\u00e9ralisme | New Humanity","isPartOf":{"@id":"https:\/\/www.new-humanity.org\/fr\/#website"},"datePublished":"2025-05-14T13:53:48+00:00","dateModified":"2025-05-14T14:53:18+00:00","description":"New Humanity promeut une vision globale de la gouvernance fond\u00e9e sur la paix, le dialogue et la coop\u00e9ration entre les nations et les institutions. Elle","breadcrumb":{"@id":"https:\/\/www.new-humanity.org\/fr\/domaines-dintervention\/cooperazione-internazionale-governance-e-multilateralismo\/#breadcrumb"},"inLanguage":"fr-FR","potentialAction":[{"@type":"ReadAction","target":["https:\/\/www.new-humanity.org\/fr\/domaines-dintervention\/cooperazione-internazionale-governance-e-multilateralismo\/"]}]},{"@type":"BreadcrumbList","@id":"https:\/\/www.new-humanity.org\/fr\/domaines-dintervention\/cooperazione-internazionale-governance-e-multilateralismo\/#breadcrumb","itemListElement":[{"@type":"ListItem","position":1,"name":"Home","item":"https:\/\/www.new-humanity.org\/fr\/"},{"@type":"ListItem","position":2,"name":"Champs d&rsquo;action","item":"https:\/\/www.new-humanity.org\/fr\/domaines-dintervention\/"},{"@type":"ListItem","position":3,"name":"Coop\u00e9ration internationale, gouvernance et multilat\u00e9ralisme"}]},{"@type":"WebSite","@id":"https:\/\/www.new-humanity.org\/fr\/#website","url":"https:\/\/www.new-humanity.org\/fr\/","name":"New Humanity","description":"Per un mondo unito","publisher":{"@id":"https:\/\/www.new-humanity.org\/fr\/#organization"},"potentialAction":[{"@type":"SearchAction","target":{"@type":"EntryPoint","urlTemplate":"https:\/\/www.new-humanity.org\/fr\/?s={search_term_string}"},"query-input":"required name=search_term_string"}],"inLanguage":"fr-FR"},{"@type":"Organization","@id":"https:\/\/www.new-humanity.org\/fr\/#organization","name":"New Humanity","url":"https:\/\/www.new-humanity.org\/fr\/","logo":{"@type":"ImageObject","inLanguage":"fr-FR","@id":"https:\/\/www.new-humanity.org\/fr\/#\/schema\/logo\/image\/","url":"https:\/\/www.new-humanity.org\/wp-content\/uploads\/2022\/01\/logo.jpg","contentUrl":"https:\/\/www.new-humanity.org\/wp-content\/uploads\/2022\/01\/logo.jpg","width":520,"height":128,"caption":"New Humanity"},"image":{"@id":"https:\/\/www.new-humanity.org\/fr\/#\/schema\/logo\/image\/"}}]}},"_links":{"self":[{"href":"https:\/\/www.new-humanity.org\/fr\/wp-json\/wp\/v2\/pages\/11054"}],"collection":[{"href":"https:\/\/www.new-humanity.org\/fr\/wp-json\/wp\/v2\/pages"}],"about":[{"href":"https:\/\/www.new-humanity.org\/fr\/wp-json\/wp\/v2\/types\/page"}],"author":[{"embeddable":true,"href":"https:\/\/www.new-humanity.org\/fr\/wp-json\/wp\/v2\/users\/15"}],"replies":[{"embeddable":true,"href":"https:\/\/www.new-humanity.org\/fr\/wp-json\/wp\/v2\/comments?post=11054"}],"version-history":[{"count":2,"href":"https:\/\/www.new-humanity.org\/fr\/wp-json\/wp\/v2\/pages\/11054\/revisions"}],"predecessor-version":[{"id":11056,"href":"https:\/\/www.new-humanity.org\/fr\/wp-json\/wp\/v2\/pages\/11054\/revisions\/11056"}],"up":[{"embeddable":true,"href":"https:\/\/www.new-humanity.org\/fr\/wp-json\/wp\/v2\/pages\/787"}],"wp:attachment":[{"href":"https:\/\/www.new-humanity.org\/fr\/wp-json\/wp\/v2\/media?parent=11054"}],"curies":[{"name":"wp","href":"https:\/\/api.w.org\/{rel}","templated":true}]}}