{"id":11247,"date":"2025-05-28T12:34:37","date_gmt":"2025-05-28T10:34:37","guid":{"rendered":"https:\/\/www.new-humanity.org\/?page_id=11247"},"modified":"2025-07-01T17:55:36","modified_gmt":"2025-07-01T15:55:36","slug":"vienna","status":"publish","type":"page","link":"https:\/\/www.new-humanity.org\/fr\/ou-nous-sommes\/vienna\/","title":{"rendered":"Vienne"},"content":{"rendered":"<p data-start=\"1367\" data-end=\"2211\">Ce bureau de repr\u00e9sentation de New Humanity a \u00e9t\u00e9 cr\u00e9\u00e9 en 2021 dans le but d\u2019\u00e9tablir un lien avec le si\u00e8ge des Nations Unies \u00e0 Vienne. Il repr\u00e9sente un point strat\u00e9gique pour renforcer la coop\u00e9ration en Europe centrale et orientale et pour promouvoir des initiatives \u00e9ducatives, sociales et culturelles inspir\u00e9es par la fraternit\u00e9 universelle.<\/p>\n<p data-start=\"1367\" data-end=\"2211\">L\u2019approche aupr\u00e8s de l\u2019ONU s\u2019est concentr\u00e9e sur des questions li\u00e9es aux r\u00e9fugi\u00e9s (<strong><a href=\"https:\/\/www.unhcr.org\/at\/\" target=\"_blank\" rel=\"noopener\">Haut-Commissariat des Nations Unies pour les R\u00e9fugi\u00e9s \u2013 HCR<\/a><\/strong>), \u00e0 la migration (<strong><a href=\"http:\/\/www.iomvienna.at\/\" target=\"_blank\" rel=\"noopener\">Organisation Internationale pour les Migrations \u2013 OIM<\/a><\/strong>), ainsi qu\u2019\u00e0 l\u2019environnement (<strong><a href=\"https:\/\/www.seforall.org\/\" target=\"_blank\" rel=\"noopener\">Initiative \u00c9nergie Durable pour Tous \u2013 SEforALL<\/a><\/strong>). En outre, il travaille avec d&rsquo;autres organisations dans la r\u00e9gion DACH (Allemagne, Autriche et Suisse) pour la coop\u00e9ration et la mise en \u0153uvre de projets, d&rsquo;initiatives et d&rsquo;activit\u00e9s sur divers sujets.<\/p>\n<p data-start=\"2213\" data-end=\"2552\">Ses principaux objectifs sont :<\/p>\n<ul>\n<li data-start=\"2213\" data-end=\"2552\">D\u00e9velopper des projets \u00e9ducatifs pour la formation \u00e0 la citoyennet\u00e9 mondiale et au leadership responsable<\/li>\n<li data-start=\"2213\" data-end=\"2552\">Promouvoir l\u2019entrepreneuriat des jeunes et l\u2019innovation sociale durable<\/li>\n<li data-start=\"2213\" data-end=\"2552\">Contribuer \u00e0 la r\u00e9alisation des Objectifs de D\u00e9veloppement Durable (ODD) gr\u00e2ce \u00e0 des partenariats \u00e0 plusieurs niveaux<\/li>\n<\/ul>\n","protected":false},"excerpt":{"rendered":"<p>Ce bureau de repr\u00e9sentation de New Humanity a \u00e9t\u00e9 cr\u00e9\u00e9 en 2021 dans le but d\u2019\u00e9tablir un lien avec le si\u00e8ge des Nations Unies \u00e0 Vienne. Il repr\u00e9sente un point strat\u00e9gique pour renforcer la coop\u00e9ration en Europe centrale et orientale et pour promouvoir des initiatives \u00e9ducatives, sociales et culturelles inspir\u00e9es par la fraternit\u00e9 universelle. L\u2019approche [&hellip;]<\/p>\n","protected":false},"author":15,"featured_media":0,"parent":744,"menu_order":7,"comment_status":"closed","ping_status":"closed","template":"inc\/pagina-centrale.php","meta":{"ngg_post_thumbnail":0,"footnotes":""},"acf":[],"yoast_head":"<!-- This site is optimized with the Yoast SEO plugin v21.9.1 - https:\/\/yoast.com\/wordpress\/plugins\/seo\/ -->\n<title>Vienne | New Humanity<\/title>\n<meta name=\"description\" content=\"Ce bureau de repr\u00e9sentation de New Humanity a \u00e9t\u00e9 cr\u00e9\u00e9 en 2021 dans le but d\u2019\u00e9tablir un lien avec le si\u00e8ge des Nations Unies \u00e0 Vienne. Il repr\u00e9sente un\" \/>\n<meta name=\"robots\" content=\"index, follow, max-snippet:-1, max-image-preview:large, max-video-preview:-1\" \/>\n<link rel=\"canonical\" href=\"https:\/\/www.new-humanity.org\/fr\/ou-nous-sommes\/vienna\/\" \/>\n<meta property=\"og:locale\" content=\"fr_FR\" \/>\n<meta property=\"og:type\" content=\"article\" \/>\n<meta property=\"og:title\" content=\"Vienne | New Humanity\" \/>\n<meta property=\"og:description\" content=\"Ce bureau de repr\u00e9sentation de New Humanity a \u00e9t\u00e9 cr\u00e9\u00e9 en 2021 dans le but d\u2019\u00e9tablir un lien avec le si\u00e8ge des Nations Unies \u00e0 Vienne. Il repr\u00e9sente un\" \/>\n<meta property=\"og:url\" content=\"https:\/\/www.new-humanity.org\/fr\/ou-nous-sommes\/vienna\/\" \/>\n<meta property=\"og:site_name\" content=\"New Humanity\" \/>\n<meta property=\"article:modified_time\" content=\"2025-07-01T15:55:36+00:00\" \/>\n<meta name=\"twitter:card\" content=\"summary_large_image\" \/>\n<meta name=\"twitter:label1\" content=\"Dur\u00e9e de lecture estim\u00e9e\" \/>\n\t<meta name=\"twitter:data1\" content=\"2 minutes\" \/>\n<script type=\"application\/ld+json\" class=\"yoast-schema-graph\">{\"@context\":\"https:\/\/schema.org\",\"@graph\":[{\"@type\":\"WebPage\",\"@id\":\"https:\/\/www.new-humanity.org\/fr\/ou-nous-sommes\/vienna\/\",\"url\":\"https:\/\/www.new-humanity.org\/fr\/ou-nous-sommes\/vienna\/\",\"name\":\"Vienne | New Humanity\",\"isPartOf\":{\"@id\":\"https:\/\/www.new-humanity.org\/fr\/#website\"},\"datePublished\":\"2025-05-28T10:34:37+00:00\",\"dateModified\":\"2025-07-01T15:55:36+00:00\",\"description\":\"Ce bureau de repr\u00e9sentation de New Humanity a \u00e9t\u00e9 cr\u00e9\u00e9 en 2021 dans le but d\u2019\u00e9tablir un lien avec le si\u00e8ge des Nations Unies \u00e0 Vienne. Il repr\u00e9sente un\",\"breadcrumb\":{\"@id\":\"https:\/\/www.new-humanity.org\/fr\/ou-nous-sommes\/vienna\/#breadcrumb\"},\"inLanguage\":\"fr-FR\",\"potentialAction\":[{\"@type\":\"ReadAction\",\"target\":[\"https:\/\/www.new-humanity.org\/fr\/ou-nous-sommes\/vienna\/\"]}]},{\"@type\":\"BreadcrumbList\",\"@id\":\"https:\/\/www.new-humanity.org\/fr\/ou-nous-sommes\/vienna\/#breadcrumb\",\"itemListElement\":[{\"@type\":\"ListItem\",\"position\":1,\"name\":\"Home\",\"item\":\"https:\/\/www.new-humanity.org\/fr\/\"},{\"@type\":\"ListItem\",\"position\":2,\"name\":\"O\u00f9 nous sommes\",\"item\":\"https:\/\/www.new-humanity.org\/fr\/ou-nous-sommes\/\"},{\"@type\":\"ListItem\",\"position\":3,\"name\":\"Vienne\"}]},{\"@type\":\"WebSite\",\"@id\":\"https:\/\/www.new-humanity.org\/fr\/#website\",\"url\":\"https:\/\/www.new-humanity.org\/fr\/\",\"name\":\"New Humanity\",\"description\":\"Per un mondo unito\",\"publisher\":{\"@id\":\"https:\/\/www.new-humanity.org\/fr\/#organization\"},\"potentialAction\":[{\"@type\":\"SearchAction\",\"target\":{\"@type\":\"EntryPoint\",\"urlTemplate\":\"https:\/\/www.new-humanity.org\/fr\/?s={search_term_string}\"},\"query-input\":\"required name=search_term_string\"}],\"inLanguage\":\"fr-FR\"},{\"@type\":\"Organization\",\"@id\":\"https:\/\/www.new-humanity.org\/fr\/#organization\",\"name\":\"New Humanity\",\"url\":\"https:\/\/www.new-humanity.org\/fr\/\",\"logo\":{\"@type\":\"ImageObject\",\"inLanguage\":\"fr-FR\",\"@id\":\"https:\/\/www.new-humanity.org\/fr\/#\/schema\/logo\/image\/\",\"url\":\"https:\/\/www.new-humanity.org\/wp-content\/uploads\/2022\/01\/logo.jpg\",\"contentUrl\":\"https:\/\/www.new-humanity.org\/wp-content\/uploads\/2022\/01\/logo.jpg\",\"width\":520,\"height\":128,\"caption\":\"New Humanity\"},\"image\":{\"@id\":\"https:\/\/www.new-humanity.org\/fr\/#\/schema\/logo\/image\/\"}}]}<\/script>\n<!-- \/ Yoast SEO plugin. -->","yoast_head_json":{"title":"Vienne | New Humanity","description":"Ce bureau de repr\u00e9sentation de New Humanity a \u00e9t\u00e9 cr\u00e9\u00e9 en 2021 dans le but d\u2019\u00e9tablir un lien avec le si\u00e8ge des Nations Unies \u00e0 Vienne. Il repr\u00e9sente un","robots":{"index":"index","follow":"follow","max-snippet":"max-snippet:-1","max-image-preview":"max-image-preview:large","max-video-preview":"max-video-preview:-1"},"canonical":"https:\/\/www.new-humanity.org\/fr\/ou-nous-sommes\/vienna\/","og_locale":"fr_FR","og_type":"article","og_title":"Vienne | New Humanity","og_description":"Ce bureau de repr\u00e9sentation de New Humanity a \u00e9t\u00e9 cr\u00e9\u00e9 en 2021 dans le but d\u2019\u00e9tablir un lien avec le si\u00e8ge des Nations Unies \u00e0 Vienne. Il repr\u00e9sente un","og_url":"https:\/\/www.new-humanity.org\/fr\/ou-nous-sommes\/vienna\/","og_site_name":"New Humanity","article_modified_time":"2025-07-01T15:55:36+00:00","twitter_card":"summary_large_image","twitter_misc":{"Dur\u00e9e de lecture estim\u00e9e":"2 minutes"},"schema":{"@context":"https:\/\/schema.org","@graph":[{"@type":"WebPage","@id":"https:\/\/www.new-humanity.org\/fr\/ou-nous-sommes\/vienna\/","url":"https:\/\/www.new-humanity.org\/fr\/ou-nous-sommes\/vienna\/","name":"Vienne | New Humanity","isPartOf":{"@id":"https:\/\/www.new-humanity.org\/fr\/#website"},"datePublished":"2025-05-28T10:34:37+00:00","dateModified":"2025-07-01T15:55:36+00:00","description":"Ce bureau de repr\u00e9sentation de New Humanity a \u00e9t\u00e9 cr\u00e9\u00e9 en 2021 dans le but d\u2019\u00e9tablir un lien avec le si\u00e8ge des Nations Unies \u00e0 Vienne. Il repr\u00e9sente un","breadcrumb":{"@id":"https:\/\/www.new-humanity.org\/fr\/ou-nous-sommes\/vienna\/#breadcrumb"},"inLanguage":"fr-FR","potentialAction":[{"@type":"ReadAction","target":["https:\/\/www.new-humanity.org\/fr\/ou-nous-sommes\/vienna\/"]}]},{"@type":"BreadcrumbList","@id":"https:\/\/www.new-humanity.org\/fr\/ou-nous-sommes\/vienna\/#breadcrumb","itemListElement":[{"@type":"ListItem","position":1,"name":"Home","item":"https:\/\/www.new-humanity.org\/fr\/"},{"@type":"ListItem","position":2,"name":"O\u00f9 nous sommes","item":"https:\/\/www.new-humanity.org\/fr\/ou-nous-sommes\/"},{"@type":"ListItem","position":3,"name":"Vienne"}]},{"@type":"WebSite","@id":"https:\/\/www.new-humanity.org\/fr\/#website","url":"https:\/\/www.new-humanity.org\/fr\/","name":"New Humanity","description":"Per un mondo unito","publisher":{"@id":"https:\/\/www.new-humanity.org\/fr\/#organization"},"potentialAction":[{"@type":"SearchAction","target":{"@type":"EntryPoint","urlTemplate":"https:\/\/www.new-humanity.org\/fr\/?s={search_term_string}"},"query-input":"required name=search_term_string"}],"inLanguage":"fr-FR"},{"@type":"Organization","@id":"https:\/\/www.new-humanity.org\/fr\/#organization","name":"New Humanity","url":"https:\/\/www.new-humanity.org\/fr\/","logo":{"@type":"ImageObject","inLanguage":"fr-FR","@id":"https:\/\/www.new-humanity.org\/fr\/#\/schema\/logo\/image\/","url":"https:\/\/www.new-humanity.org\/wp-content\/uploads\/2022\/01\/logo.jpg","contentUrl":"https:\/\/www.new-humanity.org\/wp-content\/uploads\/2022\/01\/logo.jpg","width":520,"height":128,"caption":"New Humanity"},"image":{"@id":"https:\/\/www.new-humanity.org\/fr\/#\/schema\/logo\/image\/"}}]}},"_links":{"self":[{"href":"https:\/\/www.new-humanity.org\/fr\/wp-json\/wp\/v2\/pages\/11247"}],"collection":[{"href":"https:\/\/www.new-humanity.org\/fr\/wp-json\/wp\/v2\/pages"}],"about":[{"href":"https:\/\/www.new-humanity.org\/fr\/wp-json\/wp\/v2\/types\/page"}],"author":[{"embeddable":true,"href":"https:\/\/www.new-humanity.org\/fr\/wp-json\/wp\/v2\/users\/15"}],"replies":[{"embeddable":true,"href":"https:\/\/www.new-humanity.org\/fr\/wp-json\/wp\/v2\/comments?post=11247"}],"version-history":[{"count":4,"href":"https:\/\/www.new-humanity.org\/fr\/wp-json\/wp\/v2\/pages\/11247\/revisions"}],"predecessor-version":[{"id":11501,"href":"https:\/\/www.new-humanity.org\/fr\/wp-json\/wp\/v2\/pages\/11247\/revisions\/11501"}],"up":[{"embeddable":true,"href":"https:\/\/www.new-humanity.org\/fr\/wp-json\/wp\/v2\/pages\/744"}],"wp:attachment":[{"href":"https:\/\/www.new-humanity.org\/fr\/wp-json\/wp\/v2\/media?parent=11247"}],"curies":[{"name":"wp","href":"https:\/\/api.w.org\/{rel}","templated":true}]}}