{"id":5485,"date":"2021-02-11T14:54:39","date_gmt":"2021-02-11T13:54:39","guid":{"rendered":"https:\/\/www.new-humanity.org\/?page_id=5485"},"modified":"2025-12-17T17:12:44","modified_gmt":"2025-12-17T16:12:44","slug":"soutenez-nous-2","status":"publish","type":"page","link":"https:\/\/www.new-humanity.org\/fr\/soutenez-nous-2\/","title":{"rendered":"Soutenez-nous"},"content":{"rendered":"<p>Vous avez la possibilit\u00e9 de soutenir les activit\u00e9s et les projets de New Humanity et de contribuer \u00e0 la r\u00e9alisation de la fraternit\u00e9 universelle, en sp\u00e9cifiant la destination de votre don.<\/p>\n<p><strong>Choisissez la destination de votre don (avec PayPal ou don hors ligne) :<\/strong><\/p>\n<ul>\n<li><a href=\"https:\/\/www.new-humanity.org\/fr\/des-dons\/soutien-aux-activites-et-projets-de-mppu-secteur-politique-de-new-humanity\/\">Soutien aux activit\u00e9s et projets de MPPU \u2013 Secteur politique de New Humanity &gt;<\/a><\/li>\n<li><a href=\"https:\/\/www.new-humanity.org\/fr\/des-dons\/autre-soutien-aux-activites-et-projets-de-new-humanity\/\">Soutien aux activit\u00e9s et projets de New Humanity &gt;<\/a><\/li>\n<li><a href=\"https:\/\/www.new-humanity.org\/fr\/des-dons\/soutien-au-projet-en-cours-milonga\/\">Soutien au Projet en cours MilONGa &gt;<\/a><\/li>\n<li><a href=\"https:\/\/www.new-humanity.org\/fr\/des-dons\/soutien-au-projet-together-for-a-new-africa\/\">Soutien au Projet &lsquo;Together for a New Africa&rsquo; &gt;<\/a><\/li>\n<li><a href=\"https:\/\/www.new-humanity.org\/fr\/des-dons\/soutien-au-uwp-1er-mai-loppiano\/\"><span lang=\"EN-GB\">Soutien au Projet United World Project \u2013&nbsp;<\/span>1er mai Loppiano \u2013 Semaine Monde Uni &gt;<\/a><\/li>\n<li><a href=\"https:\/\/www.new-humanity.org\/fr\/des-dons\/frais-dadhesion\/\">Frais d&rsquo;adh\u00e9sion &gt;<\/a><\/li>\n<\/ul>\n<p><small>&nbsp;<\/small><\/p>\n<p>&nbsp;<\/p>\n","protected":false},"excerpt":{"rendered":"<p>Vous avez la possibilit\u00e9 de soutenir les activit\u00e9s et les projets de New Humanity et de contribuer \u00e0 la r\u00e9alisation de la fraternit\u00e9 universelle, en sp\u00e9cifiant la destination de votre don. Choisissez la destination de votre don (avec PayPal ou don hors ligne) : Soutien aux activit\u00e9s et projets de MPPU \u2013 Secteur politique de [&hellip;]<\/p>\n","protected":false},"author":1,"featured_media":0,"parent":0,"menu_order":0,"comment_status":"closed","ping_status":"closed","template":"inc\/pagina-centrale.php","meta":{"ngg_post_thumbnail":0,"footnotes":""},"acf":[],"yoast_head":"<!-- This site is optimized with the Yoast SEO plugin v21.9.1 - https:\/\/yoast.com\/wordpress\/plugins\/seo\/ -->\n<title>Soutenez-nous | New Humanity<\/title>\n<meta name=\"description\" content=\"Vous avez la possibilit\u00e9 de soutenir les activit\u00e9s et les projets de New Humanity et de contribuer \u00e0 la r\u00e9alisation de la fraternit\u00e9 universelle, en\" \/>\n<meta name=\"robots\" content=\"index, follow, max-snippet:-1, max-image-preview:large, max-video-preview:-1\" \/>\n<link rel=\"canonical\" href=\"https:\/\/www.new-humanity.org\/fr\/soutenez-nous-2\/\" \/>\n<meta property=\"og:locale\" content=\"fr_FR\" \/>\n<meta property=\"og:type\" content=\"article\" \/>\n<meta property=\"og:title\" content=\"Soutenez-nous | New Humanity\" \/>\n<meta property=\"og:description\" content=\"Vous avez la possibilit\u00e9 de soutenir les activit\u00e9s et les projets de New Humanity et de contribuer \u00e0 la r\u00e9alisation de la fraternit\u00e9 universelle, en\" \/>\n<meta property=\"og:url\" content=\"https:\/\/www.new-humanity.org\/fr\/soutenez-nous-2\/\" \/>\n<meta property=\"og:site_name\" content=\"New Humanity\" \/>\n<meta property=\"article:modified_time\" content=\"2025-12-17T16:12:44+00:00\" \/>\n<meta name=\"twitter:card\" content=\"summary_large_image\" \/>\n<meta name=\"twitter:label1\" content=\"Dur\u00e9e de lecture estim\u00e9e\" \/>\n\t<meta name=\"twitter:data1\" content=\"1 minute\" \/>\n<script type=\"application\/ld+json\" class=\"yoast-schema-graph\">{\"@context\":\"https:\/\/schema.org\",\"@graph\":[{\"@type\":\"WebPage\",\"@id\":\"https:\/\/www.new-humanity.org\/fr\/soutenez-nous-2\/\",\"url\":\"https:\/\/www.new-humanity.org\/fr\/soutenez-nous-2\/\",\"name\":\"Soutenez-nous | New Humanity\",\"isPartOf\":{\"@id\":\"https:\/\/www.new-humanity.org\/fr\/#website\"},\"datePublished\":\"2021-02-11T13:54:39+00:00\",\"dateModified\":\"2025-12-17T16:12:44+00:00\",\"description\":\"Vous avez la possibilit\u00e9 de soutenir les activit\u00e9s et les projets de New Humanity et de contribuer \u00e0 la r\u00e9alisation de la fraternit\u00e9 universelle, en\",\"breadcrumb\":{\"@id\":\"https:\/\/www.new-humanity.org\/fr\/soutenez-nous-2\/#breadcrumb\"},\"inLanguage\":\"fr-FR\",\"potentialAction\":[{\"@type\":\"ReadAction\",\"target\":[\"https:\/\/www.new-humanity.org\/fr\/soutenez-nous-2\/\"]}]},{\"@type\":\"BreadcrumbList\",\"@id\":\"https:\/\/www.new-humanity.org\/fr\/soutenez-nous-2\/#breadcrumb\",\"itemListElement\":[{\"@type\":\"ListItem\",\"position\":1,\"name\":\"Home\",\"item\":\"https:\/\/www.new-humanity.org\/fr\/\"},{\"@type\":\"ListItem\",\"position\":2,\"name\":\"Soutenez-nous\"}]},{\"@type\":\"WebSite\",\"@id\":\"https:\/\/www.new-humanity.org\/fr\/#website\",\"url\":\"https:\/\/www.new-humanity.org\/fr\/\",\"name\":\"New Humanity\",\"description\":\"Per un mondo unito\",\"publisher\":{\"@id\":\"https:\/\/www.new-humanity.org\/fr\/#organization\"},\"potentialAction\":[{\"@type\":\"SearchAction\",\"target\":{\"@type\":\"EntryPoint\",\"urlTemplate\":\"https:\/\/www.new-humanity.org\/fr\/?s={search_term_string}\"},\"query-input\":\"required name=search_term_string\"}],\"inLanguage\":\"fr-FR\"},{\"@type\":\"Organization\",\"@id\":\"https:\/\/www.new-humanity.org\/fr\/#organization\",\"name\":\"New Humanity\",\"url\":\"https:\/\/www.new-humanity.org\/fr\/\",\"logo\":{\"@type\":\"ImageObject\",\"inLanguage\":\"fr-FR\",\"@id\":\"https:\/\/www.new-humanity.org\/fr\/#\/schema\/logo\/image\/\",\"url\":\"https:\/\/www.new-humanity.org\/wp-content\/uploads\/2022\/01\/logo.jpg\",\"contentUrl\":\"https:\/\/www.new-humanity.org\/wp-content\/uploads\/2022\/01\/logo.jpg\",\"width\":520,\"height\":128,\"caption\":\"New Humanity\"},\"image\":{\"@id\":\"https:\/\/www.new-humanity.org\/fr\/#\/schema\/logo\/image\/\"}}]}<\/script>\n<!-- \/ Yoast SEO plugin. -->","yoast_head_json":{"title":"Soutenez-nous | New Humanity","description":"Vous avez la possibilit\u00e9 de soutenir les activit\u00e9s et les projets de New Humanity et de contribuer \u00e0 la r\u00e9alisation de la fraternit\u00e9 universelle, en","robots":{"index":"index","follow":"follow","max-snippet":"max-snippet:-1","max-image-preview":"max-image-preview:large","max-video-preview":"max-video-preview:-1"},"canonical":"https:\/\/www.new-humanity.org\/fr\/soutenez-nous-2\/","og_locale":"fr_FR","og_type":"article","og_title":"Soutenez-nous | New Humanity","og_description":"Vous avez la possibilit\u00e9 de soutenir les activit\u00e9s et les projets de New Humanity et de contribuer \u00e0 la r\u00e9alisation de la fraternit\u00e9 universelle, en","og_url":"https:\/\/www.new-humanity.org\/fr\/soutenez-nous-2\/","og_site_name":"New Humanity","article_modified_time":"2025-12-17T16:12:44+00:00","twitter_card":"summary_large_image","twitter_misc":{"Dur\u00e9e de lecture estim\u00e9e":"1 minute"},"schema":{"@context":"https:\/\/schema.org","@graph":[{"@type":"WebPage","@id":"https:\/\/www.new-humanity.org\/fr\/soutenez-nous-2\/","url":"https:\/\/www.new-humanity.org\/fr\/soutenez-nous-2\/","name":"Soutenez-nous | New Humanity","isPartOf":{"@id":"https:\/\/www.new-humanity.org\/fr\/#website"},"datePublished":"2021-02-11T13:54:39+00:00","dateModified":"2025-12-17T16:12:44+00:00","description":"Vous avez la possibilit\u00e9 de soutenir les activit\u00e9s et les projets de New Humanity et de contribuer \u00e0 la r\u00e9alisation de la fraternit\u00e9 universelle, en","breadcrumb":{"@id":"https:\/\/www.new-humanity.org\/fr\/soutenez-nous-2\/#breadcrumb"},"inLanguage":"fr-FR","potentialAction":[{"@type":"ReadAction","target":["https:\/\/www.new-humanity.org\/fr\/soutenez-nous-2\/"]}]},{"@type":"BreadcrumbList","@id":"https:\/\/www.new-humanity.org\/fr\/soutenez-nous-2\/#breadcrumb","itemListElement":[{"@type":"ListItem","position":1,"name":"Home","item":"https:\/\/www.new-humanity.org\/fr\/"},{"@type":"ListItem","position":2,"name":"Soutenez-nous"}]},{"@type":"WebSite","@id":"https:\/\/www.new-humanity.org\/fr\/#website","url":"https:\/\/www.new-humanity.org\/fr\/","name":"New Humanity","description":"Per un mondo unito","publisher":{"@id":"https:\/\/www.new-humanity.org\/fr\/#organization"},"potentialAction":[{"@type":"SearchAction","target":{"@type":"EntryPoint","urlTemplate":"https:\/\/www.new-humanity.org\/fr\/?s={search_term_string}"},"query-input":"required name=search_term_string"}],"inLanguage":"fr-FR"},{"@type":"Organization","@id":"https:\/\/www.new-humanity.org\/fr\/#organization","name":"New Humanity","url":"https:\/\/www.new-humanity.org\/fr\/","logo":{"@type":"ImageObject","inLanguage":"fr-FR","@id":"https:\/\/www.new-humanity.org\/fr\/#\/schema\/logo\/image\/","url":"https:\/\/www.new-humanity.org\/wp-content\/uploads\/2022\/01\/logo.jpg","contentUrl":"https:\/\/www.new-humanity.org\/wp-content\/uploads\/2022\/01\/logo.jpg","width":520,"height":128,"caption":"New Humanity"},"image":{"@id":"https:\/\/www.new-humanity.org\/fr\/#\/schema\/logo\/image\/"}}]}},"_links":{"self":[{"href":"https:\/\/www.new-humanity.org\/fr\/wp-json\/wp\/v2\/pages\/5485"}],"collection":[{"href":"https:\/\/www.new-humanity.org\/fr\/wp-json\/wp\/v2\/pages"}],"about":[{"href":"https:\/\/www.new-humanity.org\/fr\/wp-json\/wp\/v2\/types\/page"}],"author":[{"embeddable":true,"href":"https:\/\/www.new-humanity.org\/fr\/wp-json\/wp\/v2\/users\/1"}],"replies":[{"embeddable":true,"href":"https:\/\/www.new-humanity.org\/fr\/wp-json\/wp\/v2\/comments?post=5485"}],"version-history":[{"count":18,"href":"https:\/\/www.new-humanity.org\/fr\/wp-json\/wp\/v2\/pages\/5485\/revisions"}],"predecessor-version":[{"id":12554,"href":"https:\/\/www.new-humanity.org\/fr\/wp-json\/wp\/v2\/pages\/5485\/revisions\/12554"}],"wp:attachment":[{"href":"https:\/\/www.new-humanity.org\/fr\/wp-json\/wp\/v2\/media?parent=5485"}],"curies":[{"name":"wp","href":"https:\/\/api.w.org\/{rel}","templated":true}]}}