{"id":711,"date":"2019-04-19T08:51:20","date_gmt":"2019-04-19T06:51:20","guid":{"rendered":"http:\/\/www.new-humanity.org\/?page_id=711"},"modified":"2020-05-29T15:44:56","modified_gmt":"2020-05-29T13:44:56","slug":"presentation-et-principes","status":"publish","type":"page","link":"https:\/\/www.new-humanity.org\/fr\/long-new-humanity\/presentation-et-principes\/","title":{"rendered":"Pr\u00e9sentation et principes"},"content":{"rendered":"<p><div class=\"cookieconsent-optout-marketing\">\n                        <a href=\"javascript:Cookiebot.renew()\" style=\"background: url(https:\/\/www.new-humanity.org\/wp-content\/plugins\/yt-placeholder-cookiebot\/assets\/placeholder.jpg) no-repeat center center \/ cover; aspect-ratio: 1 \/ 0.48; width: 100%; display: block; margin: 20px 0; position: relative; background-size: cover; background-position: center;\">\n                            <span style=\"position: absolute; bottom: 20px; width: 100%; padding: 0 5%; text-align: center; box-sizing: border-box;\">Pour voir cette vid\u00e9o, vous devez activer tous les cookies<\/span>\n                        <\/a>\n                   <\/div><iframe loading=\"lazy\" title=\"Pr\u00e9sentation de l&#039;ONG New Humanity - Pour un monde uni\" width=\"500\" height=\"281\" src=\"https:\/\/www.youtube.com\/embed\/a64vVioj-ug?feature=oembed\" frameborder=\"0\" allow=\"accelerometer; autoplay; encrypted-media; gyroscope; picture-in-picture\" allowfullscreen><\/iframe><\/p>\n<p>L&rsquo; \u00ab\u00a0<strong>Association internationale New Humanity<\/strong>\u00a0\u00bb est une organisation non gouvernementale (ONG) <strong>fond\u00e9e en 1986<\/strong>, \u00e0 l\u2019\u0153uvre dans <strong>plus de 100 pays \u00e0 travers le monde<\/strong>.<\/p>\n<p>L&rsquo;Association a pour but de<strong> contribuer \u00e0 l&rsquo;unit\u00e9 de la famille humaine<\/strong> dans le plein respect de l&rsquo;identit\u00e9 propre \u00e0 chacun de ses membres. C&rsquo;est pourquoi elle <strong>diffuse l&rsquo;id\u00e9e d&rsquo;un monde uni<\/strong> et promeut dans toutes les sph\u00e8res de la soci\u00e9t\u00e9, \u00e0 tout niveau, l&rsquo;<strong>esprit de fraternit\u00e9 universelle<\/strong> proclam\u00e9 dans la <a href=\"https:\/\/www.un.org\/fr\/universal-declaration-human-rights\/index.html\">D\u00e9claration Universelle des Droits de l&rsquo;Homme<\/a> (article n. 1).<\/p>\n<p>New Humanity repose sur une <strong>solide base de volontaria<\/strong>t et sur un engagement consid\u00e9rable de la<strong> jeunesse<\/strong>. En tant que partenaire, elle fait la promotion et soutient de nombreux <strong>projets sociaux et \u00e9ducatifs<\/strong>; elle met en \u0153uvre des <strong>initiatives \u00e9conomiques<\/strong> qui combinent les dimensions locale et internationale, tout en \u00e9tant la porte-parole de diverses exp\u00e9riences et bonnes pratiques.<\/p>\n<p>En <strong>1987<\/strong>, le Conseil Economique et Social des Nations Unies (<a href=\"https:\/\/www.un.org\/ecosoc\/fr\">ECOSOC<\/a>) a accord\u00e9 \u00e0 New Humanity le <strong>Statut Consultatif Sp\u00e9cial<\/strong> et, \u00e0 partir de 2005, le <strong>Statut Consultatif G\u00e9n\u00e9ral<\/strong>. Depuis <strong>2008,<\/strong> elle est \u00e9galement reconnue comme <strong>ONG partenaire de l&rsquo;<a href=\"https:\/\/fr.unesco.org\/\">UNESCO<\/a><\/strong>.<\/p>\n<p>New Humanity a son <strong>si\u00e8ge central \u00e0 Rome<\/strong> et ses propres repr\u00e9sentations \u00e0 <strong>New York, Gen\u00e8ve et Paris.<\/strong><\/p>\n<p>Elle est compos\u00e9e de diverses organisations associ\u00e9es et collabore avec de nombreux partenaires, sp\u00e9cialis\u00e9s dans diff\u00e9rents domaines sp\u00e9cifiques.<\/p>\n<p>Par ailleurs, elle <strong>adh\u00e8re \u00e0 d&rsquo;importants r\u00e9seaux d&rsquo;organisations<\/strong>, tels que le Forum des ONG d&rsquo;inspiration catholique \u00e0 Gen\u00e8ve (CINGO) et le Comit\u00e9 de liaison ONG-UNESCO.<\/p>\n<p>En collaboration avec la section jeunesse du Mouvement Focolari, <a href=\"http:\/\/y4uw.org\/\">Jeunes pour un Monde Uni<\/a>, et le <a href=\"http:\/\/www.umanitanuova.org\/fr\/\">Mouvement international Humanit\u00e9 Nouvelle<\/a> (r\u00e9seau de citoyennet\u00e9 active), New Humanity d\u00e9veloppe le <a href=\"http:\/\/www.unitedworldproject.org\/\"><strong>United World Project<\/strong><\/a>, une initiative visant \u00e0 diffuser et promouvoir l&rsquo;id\u00e9al de fraternit\u00e9 universelle, et qui agit \u00e0 tous les niveaux de la soci\u00e9t\u00e9.<\/p>\n<p>Les principes et initiatives de New Humanity se fondent sur l&rsquo;esprit et les valeurs qui animent le <strong><a href=\"https:\/\/www.focolare.org\/fr\">Mouvement des Focolari<\/a><\/strong>.\u00a0 New Humanity est en effet l&rsquo;une des expressions du Mouvement des Focolari, fond\u00e9 en 1943 \u00e0 Trente (Italie) par <a href=\"https:\/\/www.focolare.org\/fr\/chiara-lubich\/chi-e-chiara\/\">Chiara Lubich<\/a>.<\/p>\n<p>Chiara Lubich est laur\u00e9ate du Prix UNESCO pour la Paix et l&rsquo;Education (1996) et de celui des Droits de l&rsquo;Homme du Conseil de l&rsquo;Europe (1998).<\/p>\n<p>Les membres du Mouvement des Focolari sont pr\u00e9sents dans 182 pays et appartiennent \u00e0 diverses cultures, religions, ethnies et traditions.<\/p>\n<p>Ils s&rsquo;engagent \u00e0 construire, entre les personnes, groupes sociaux, peuples et institutions, des rapports bas\u00e9s sur le respect mutuel, le dialogue et sur des formes de collaboration active, dans une vision de la vie civile et politique inspir\u00e9e par la fraternit\u00e9 universelle (<em>principe \u00e9galement \u00e9nonc\u00e9 \u00e0 l&rsquo;article premier de la D\u00e9claration Universelle des Droits de l&rsquo;Homme<\/em>): chacun est un b\u00e2tisseur et un citoyen du monde uni.<\/p>\n","protected":false},"excerpt":{"rendered":"<p>Pour voir cette vid\u00e9o, vous devez activer tous les cookies L&rsquo; \u00ab\u00a0Association internationale New Humanity\u00a0\u00bb est une organisation non gouvernementale (ONG) fond\u00e9e en 1986, \u00e0 l\u2019\u0153uvre dans plus de 100 pays \u00e0 travers le monde. L&rsquo;Association a pour but de contribuer \u00e0 l&rsquo;unit\u00e9 de la famille humaine dans le plein respect de l&rsquo;identit\u00e9 propre \u00e0 [&hellip;]<\/p>\n","protected":false},"author":1,"featured_media":0,"parent":851,"menu_order":1,"comment_status":"closed","ping_status":"closed","template":"","meta":{"ngg_post_thumbnail":0,"footnotes":""},"acf":[],"yoast_head":"<!-- This site is optimized with the Yoast SEO plugin v21.9.1 - https:\/\/yoast.com\/wordpress\/plugins\/seo\/ -->\n<title>Pr\u00e9sentation et principes | New Humanity<\/title>\n<meta name=\"description\" content=\"https:\/\/youtu.be\/a64vVioj-ug L&#039; &quot;Association internationale New Humanity&quot; est une organisation non gouvernementale (ONG) fond\u00e9e en 1986, \u00e0 l\u2019\u0153uvre dans\" \/>\n<meta name=\"robots\" content=\"index, follow, max-snippet:-1, max-image-preview:large, max-video-preview:-1\" \/>\n<link rel=\"canonical\" href=\"https:\/\/www.new-humanity.org\/fr\/long-new-humanity\/presentation-et-principes\/\" \/>\n<meta property=\"og:locale\" content=\"fr_FR\" \/>\n<meta property=\"og:type\" content=\"article\" \/>\n<meta property=\"og:title\" content=\"Pr\u00e9sentation et principes | New Humanity\" \/>\n<meta property=\"og:description\" content=\"https:\/\/youtu.be\/a64vVioj-ug L&#039; &quot;Association internationale New Humanity&quot; est une organisation non gouvernementale (ONG) fond\u00e9e en 1986, \u00e0 l\u2019\u0153uvre dans\" \/>\n<meta property=\"og:url\" content=\"https:\/\/www.new-humanity.org\/fr\/long-new-humanity\/presentation-et-principes\/\" \/>\n<meta property=\"og:site_name\" content=\"New Humanity\" \/>\n<meta property=\"article:modified_time\" content=\"2020-05-29T13:44:56+00:00\" \/>\n<meta name=\"twitter:card\" content=\"summary_large_image\" \/>\n<meta name=\"twitter:label1\" content=\"Dur\u00e9e de lecture estim\u00e9e\" \/>\n\t<meta name=\"twitter:data1\" content=\"2 minutes\" \/>\n<script type=\"application\/ld+json\" class=\"yoast-schema-graph\">{\"@context\":\"https:\/\/schema.org\",\"@graph\":[{\"@type\":\"WebPage\",\"@id\":\"https:\/\/www.new-humanity.org\/fr\/long-new-humanity\/presentation-et-principes\/\",\"url\":\"https:\/\/www.new-humanity.org\/fr\/long-new-humanity\/presentation-et-principes\/\",\"name\":\"Pr\u00e9sentation et principes | New Humanity\",\"isPartOf\":{\"@id\":\"https:\/\/www.new-humanity.org\/fr\/#website\"},\"datePublished\":\"2019-04-19T06:51:20+00:00\",\"dateModified\":\"2020-05-29T13:44:56+00:00\",\"description\":\"https:\/\/youtu.be\/a64vVioj-ug L' \\\"Association internationale New Humanity\\\" est une organisation non gouvernementale (ONG) fond\u00e9e en 1986, \u00e0 l\u2019\u0153uvre dans\",\"breadcrumb\":{\"@id\":\"https:\/\/www.new-humanity.org\/fr\/long-new-humanity\/presentation-et-principes\/#breadcrumb\"},\"inLanguage\":\"fr-FR\",\"potentialAction\":[{\"@type\":\"ReadAction\",\"target\":[\"https:\/\/www.new-humanity.org\/fr\/long-new-humanity\/presentation-et-principes\/\"]}]},{\"@type\":\"BreadcrumbList\",\"@id\":\"https:\/\/www.new-humanity.org\/fr\/long-new-humanity\/presentation-et-principes\/#breadcrumb\",\"itemListElement\":[{\"@type\":\"ListItem\",\"position\":1,\"name\":\"Home\",\"item\":\"https:\/\/www.new-humanity.org\/fr\/\"},{\"@type\":\"ListItem\",\"position\":2,\"name\":\"L\u2019Organisation\",\"item\":\"https:\/\/www.new-humanity.org\/fr\/long-new-humanity\/\"},{\"@type\":\"ListItem\",\"position\":3,\"name\":\"Pr\u00e9sentation et principes\"}]},{\"@type\":\"WebSite\",\"@id\":\"https:\/\/www.new-humanity.org\/fr\/#website\",\"url\":\"https:\/\/www.new-humanity.org\/fr\/\",\"name\":\"New Humanity\",\"description\":\"Per un mondo unito\",\"publisher\":{\"@id\":\"https:\/\/www.new-humanity.org\/fr\/#organization\"},\"potentialAction\":[{\"@type\":\"SearchAction\",\"target\":{\"@type\":\"EntryPoint\",\"urlTemplate\":\"https:\/\/www.new-humanity.org\/fr\/?s={search_term_string}\"},\"query-input\":\"required name=search_term_string\"}],\"inLanguage\":\"fr-FR\"},{\"@type\":\"Organization\",\"@id\":\"https:\/\/www.new-humanity.org\/fr\/#organization\",\"name\":\"New Humanity\",\"url\":\"https:\/\/www.new-humanity.org\/fr\/\",\"logo\":{\"@type\":\"ImageObject\",\"inLanguage\":\"fr-FR\",\"@id\":\"https:\/\/www.new-humanity.org\/fr\/#\/schema\/logo\/image\/\",\"url\":\"https:\/\/www.new-humanity.org\/wp-content\/uploads\/2022\/01\/logo.jpg\",\"contentUrl\":\"https:\/\/www.new-humanity.org\/wp-content\/uploads\/2022\/01\/logo.jpg\",\"width\":520,\"height\":128,\"caption\":\"New Humanity\"},\"image\":{\"@id\":\"https:\/\/www.new-humanity.org\/fr\/#\/schema\/logo\/image\/\"}}]}<\/script>\n<!-- \/ Yoast SEO plugin. -->","yoast_head_json":{"title":"Pr\u00e9sentation et principes | New Humanity","description":"https:\/\/youtu.be\/a64vVioj-ug L' \"Association internationale New Humanity\" est une organisation non gouvernementale (ONG) fond\u00e9e en 1986, \u00e0 l\u2019\u0153uvre dans","robots":{"index":"index","follow":"follow","max-snippet":"max-snippet:-1","max-image-preview":"max-image-preview:large","max-video-preview":"max-video-preview:-1"},"canonical":"https:\/\/www.new-humanity.org\/fr\/long-new-humanity\/presentation-et-principes\/","og_locale":"fr_FR","og_type":"article","og_title":"Pr\u00e9sentation et principes | New Humanity","og_description":"https:\/\/youtu.be\/a64vVioj-ug L' \"Association internationale New Humanity\" est une organisation non gouvernementale (ONG) fond\u00e9e en 1986, \u00e0 l\u2019\u0153uvre dans","og_url":"https:\/\/www.new-humanity.org\/fr\/long-new-humanity\/presentation-et-principes\/","og_site_name":"New Humanity","article_modified_time":"2020-05-29T13:44:56+00:00","twitter_card":"summary_large_image","twitter_misc":{"Dur\u00e9e de lecture estim\u00e9e":"2 minutes"},"schema":{"@context":"https:\/\/schema.org","@graph":[{"@type":"WebPage","@id":"https:\/\/www.new-humanity.org\/fr\/long-new-humanity\/presentation-et-principes\/","url":"https:\/\/www.new-humanity.org\/fr\/long-new-humanity\/presentation-et-principes\/","name":"Pr\u00e9sentation et principes | New Humanity","isPartOf":{"@id":"https:\/\/www.new-humanity.org\/fr\/#website"},"datePublished":"2019-04-19T06:51:20+00:00","dateModified":"2020-05-29T13:44:56+00:00","description":"https:\/\/youtu.be\/a64vVioj-ug L' \"Association internationale New Humanity\" est une organisation non gouvernementale (ONG) fond\u00e9e en 1986, \u00e0 l\u2019\u0153uvre dans","breadcrumb":{"@id":"https:\/\/www.new-humanity.org\/fr\/long-new-humanity\/presentation-et-principes\/#breadcrumb"},"inLanguage":"fr-FR","potentialAction":[{"@type":"ReadAction","target":["https:\/\/www.new-humanity.org\/fr\/long-new-humanity\/presentation-et-principes\/"]}]},{"@type":"BreadcrumbList","@id":"https:\/\/www.new-humanity.org\/fr\/long-new-humanity\/presentation-et-principes\/#breadcrumb","itemListElement":[{"@type":"ListItem","position":1,"name":"Home","item":"https:\/\/www.new-humanity.org\/fr\/"},{"@type":"ListItem","position":2,"name":"L\u2019Organisation","item":"https:\/\/www.new-humanity.org\/fr\/long-new-humanity\/"},{"@type":"ListItem","position":3,"name":"Pr\u00e9sentation et principes"}]},{"@type":"WebSite","@id":"https:\/\/www.new-humanity.org\/fr\/#website","url":"https:\/\/www.new-humanity.org\/fr\/","name":"New Humanity","description":"Per un mondo unito","publisher":{"@id":"https:\/\/www.new-humanity.org\/fr\/#organization"},"potentialAction":[{"@type":"SearchAction","target":{"@type":"EntryPoint","urlTemplate":"https:\/\/www.new-humanity.org\/fr\/?s={search_term_string}"},"query-input":"required name=search_term_string"}],"inLanguage":"fr-FR"},{"@type":"Organization","@id":"https:\/\/www.new-humanity.org\/fr\/#organization","name":"New Humanity","url":"https:\/\/www.new-humanity.org\/fr\/","logo":{"@type":"ImageObject","inLanguage":"fr-FR","@id":"https:\/\/www.new-humanity.org\/fr\/#\/schema\/logo\/image\/","url":"https:\/\/www.new-humanity.org\/wp-content\/uploads\/2022\/01\/logo.jpg","contentUrl":"https:\/\/www.new-humanity.org\/wp-content\/uploads\/2022\/01\/logo.jpg","width":520,"height":128,"caption":"New Humanity"},"image":{"@id":"https:\/\/www.new-humanity.org\/fr\/#\/schema\/logo\/image\/"}}]}},"_links":{"self":[{"href":"https:\/\/www.new-humanity.org\/fr\/wp-json\/wp\/v2\/pages\/711"}],"collection":[{"href":"https:\/\/www.new-humanity.org\/fr\/wp-json\/wp\/v2\/pages"}],"about":[{"href":"https:\/\/www.new-humanity.org\/fr\/wp-json\/wp\/v2\/types\/page"}],"author":[{"embeddable":true,"href":"https:\/\/www.new-humanity.org\/fr\/wp-json\/wp\/v2\/users\/1"}],"replies":[{"embeddable":true,"href":"https:\/\/www.new-humanity.org\/fr\/wp-json\/wp\/v2\/comments?post=711"}],"version-history":[{"count":5,"href":"https:\/\/www.new-humanity.org\/fr\/wp-json\/wp\/v2\/pages\/711\/revisions"}],"predecessor-version":[{"id":4885,"href":"https:\/\/www.new-humanity.org\/fr\/wp-json\/wp\/v2\/pages\/711\/revisions\/4885"}],"up":[{"embeddable":true,"href":"https:\/\/www.new-humanity.org\/fr\/wp-json\/wp\/v2\/pages\/851"}],"wp:attachment":[{"href":"https:\/\/www.new-humanity.org\/fr\/wp-json\/wp\/v2\/media?parent=711"}],"curies":[{"name":"wp","href":"https:\/\/api.w.org\/{rel}","templated":true}]}}