{"id":716,"date":"2019-04-19T08:51:34","date_gmt":"2019-04-19T06:51:34","guid":{"rendered":"http:\/\/www.new-humanity.org\/?page_id=716"},"modified":"2019-11-27T10:37:15","modified_gmt":"2019-11-27T09:37:15","slug":"histoire-de-1987-a-nos-jours","status":"publish","type":"page","link":"https:\/\/www.new-humanity.org\/fr\/long-new-humanity\/histoire-de-1987-a-nos-jours\/","title":{"rendered":"Histoire &#8211; De 1987 \u00e0 nos jours"},"content":{"rendered":"<p>A la suite d&rsquo;un Congr\u00e8s organis\u00e9e par le Mouvement des Focolari sur le th\u00e8me \u00ab\u00a0Economie et Travail\u00a0\u00bb, tenue \u00e0 l&rsquo;Ergife Palace Hotel de Rome (Italie) en 1984, fut cr\u00e9\u00e9, deux ans plus tard, le \u00ab\u00a0<b>Bureau international d&rsquo;Economie et de Travail<\/b>\u00a0\u00bb des Mouvements Humanit\u00e9 Nouvelle et Jeunes pour un Monde Uni. \u00a0Comme tel, ce Bureau obtient en 1987 le <strong>statut consultatif sp\u00e9cial aupr\u00e8s de l&rsquo;ECOSOC<\/strong>.<\/p>\n<p>En 1995, il prend le nom de\u00a0<strong> \u00ab\u00a0New Humanity\u00a0\u00bb avec si\u00e8ge \u00e0 New York<\/strong>.<\/p>\n<p>En 2005, il devient \u00ab\u00a0Association Internationale New Humanity\u00a0\u00bb, avec si\u00e8ge \u00e0 Grottaferrata (Rome, Italie)\u00a0; la m\u00eame ann\u00e9e, <strong>lui est conf\u00e9r\u00e9 par l&rsquo;ONU le Statut Consultatif G\u00e9n\u00e9ral.<\/strong><\/p>\n<p><strong>Depuis 2008, elle est partenaire officiel de l&rsquo;<a href=\"https:\/\/fr.unesco.org\/\">UNESCO<\/a><\/strong>.<\/p>\n<p>New Humanity, depuis plus de trente ans, <strong>s&rsquo;engage \u00e0 diffuser l&rsquo;id\u00e9e d&rsquo;un monde uni<\/strong> dans toutes les sph\u00e8res de la soci\u00e9t\u00e9, en promouvant l&rsquo;esprit de fraternit\u00e9 universelle parmi ses membres et parmi tous ceux qui partagent son action, tel que proclam\u00e9 dans la D\u00e9claration Universelle des Droits de l&rsquo;Homme : <i>\u00ab\u00a0Tous les \u00eatres humains naissent libres et \u00e9gaux en dignit\u00e9 et en droits. Ils sont dou\u00e9s de raison et de conscience et doivent agir les uns envers les autres dans un esprit de fraternit\u00e9\u00a0\u00bb.<\/i><\/p>\n<p><i><\/i><i><\/i>D\u00e8s le d\u00e9but, la mission de l&rsquo;ONG New Humanity fut d&rsquo;\u00eatre<strong> l&rsquo;ambassadrice de la vie, des valeurs et des bonnes pratiques<\/strong> n\u00e9es du Mouvement des Focolari, d\u00e9sireuse d&rsquo;apporter sa propre <strong>contribution \u00e0 l&rsquo;unit\u00e9 de la famille humaine, \u00e0 la fraternit\u00e9 universelle<\/strong>.<\/p>\n<p>Fraternit\u00e9 Universelle:<strong> un id\u00e9al que New Humanity met en \u0153uvre en essayant de r\u00e9pondre aux d\u00e9fis du monde contemporain<\/strong>, en luttant contre les in\u00e9galit\u00e9s et la marginalisation, en vue de mettre fin \u00e0 toutes les formes de pauvret\u00e9, par une \u00e9ducation \u00e0 la citoyennet\u00e9 globale, par un engagement pour la paix, pour les droits humains, le respect et la solidarit\u00e9 des peuples, pour la sauvegarde de la plan\u00e8te en face du changement climatique.<\/p>\n","protected":false},"excerpt":{"rendered":"<p>A la suite d&rsquo;un Congr\u00e8s organis\u00e9e par le Mouvement des Focolari sur le th\u00e8me \u00ab\u00a0Economie et Travail\u00a0\u00bb, tenue \u00e0 l&rsquo;Ergife Palace Hotel de Rome (Italie) en 1984, fut cr\u00e9\u00e9, deux ans plus tard, le \u00ab\u00a0Bureau international d&rsquo;Economie et de Travail\u00a0\u00bb des Mouvements Humanit\u00e9 Nouvelle et Jeunes pour un Monde Uni. \u00a0Comme tel, ce Bureau obtient [&hellip;]<\/p>\n","protected":false},"author":1,"featured_media":0,"parent":851,"menu_order":3,"comment_status":"closed","ping_status":"closed","template":"","meta":{"ngg_post_thumbnail":0,"footnotes":""},"acf":[],"yoast_head":"<!-- This site is optimized with the Yoast SEO plugin v21.9.1 - https:\/\/yoast.com\/wordpress\/plugins\/seo\/ -->\n<title>Histoire - De 1987 \u00e0 nos jours | New Humanity<\/title>\n<meta name=\"description\" content=\"A la suite d&#039;un Congr\u00e8s organis\u00e9e par le Mouvement des Focolari sur le th\u00e8me &quot;Economie et Travail&quot;, tenue \u00e0 l&#039;Ergife Palace Hotel de Rome (Italie) en\" \/>\n<meta name=\"robots\" content=\"index, follow, max-snippet:-1, max-image-preview:large, max-video-preview:-1\" \/>\n<link rel=\"canonical\" href=\"https:\/\/www.new-humanity.org\/fr\/long-new-humanity\/histoire-de-1987-a-nos-jours\/\" \/>\n<meta property=\"og:locale\" content=\"fr_FR\" \/>\n<meta property=\"og:type\" content=\"article\" \/>\n<meta property=\"og:title\" content=\"Histoire - De 1987 \u00e0 nos jours | New Humanity\" \/>\n<meta property=\"og:description\" content=\"A la suite d&#039;un Congr\u00e8s organis\u00e9e par le Mouvement des Focolari sur le th\u00e8me &quot;Economie et Travail&quot;, tenue \u00e0 l&#039;Ergife Palace Hotel de Rome (Italie) en\" \/>\n<meta property=\"og:url\" content=\"https:\/\/www.new-humanity.org\/fr\/long-new-humanity\/histoire-de-1987-a-nos-jours\/\" \/>\n<meta property=\"og:site_name\" content=\"New Humanity\" \/>\n<meta property=\"article:modified_time\" content=\"2019-11-27T09:37:15+00:00\" \/>\n<meta name=\"twitter:card\" content=\"summary_large_image\" \/>\n<meta name=\"twitter:label1\" content=\"Dur\u00e9e de lecture estim\u00e9e\" \/>\n\t<meta name=\"twitter:data1\" content=\"2 minutes\" \/>\n<script type=\"application\/ld+json\" class=\"yoast-schema-graph\">{\"@context\":\"https:\/\/schema.org\",\"@graph\":[{\"@type\":\"WebPage\",\"@id\":\"https:\/\/www.new-humanity.org\/fr\/long-new-humanity\/histoire-de-1987-a-nos-jours\/\",\"url\":\"https:\/\/www.new-humanity.org\/fr\/long-new-humanity\/histoire-de-1987-a-nos-jours\/\",\"name\":\"Histoire - De 1987 \u00e0 nos jours | New Humanity\",\"isPartOf\":{\"@id\":\"https:\/\/www.new-humanity.org\/fr\/#website\"},\"datePublished\":\"2019-04-19T06:51:34+00:00\",\"dateModified\":\"2019-11-27T09:37:15+00:00\",\"description\":\"A la suite d'un Congr\u00e8s organis\u00e9e par le Mouvement des Focolari sur le th\u00e8me \\\"Economie et Travail\\\", tenue \u00e0 l'Ergife Palace Hotel de Rome (Italie) en\",\"breadcrumb\":{\"@id\":\"https:\/\/www.new-humanity.org\/fr\/long-new-humanity\/histoire-de-1987-a-nos-jours\/#breadcrumb\"},\"inLanguage\":\"fr-FR\",\"potentialAction\":[{\"@type\":\"ReadAction\",\"target\":[\"https:\/\/www.new-humanity.org\/fr\/long-new-humanity\/histoire-de-1987-a-nos-jours\/\"]}]},{\"@type\":\"BreadcrumbList\",\"@id\":\"https:\/\/www.new-humanity.org\/fr\/long-new-humanity\/histoire-de-1987-a-nos-jours\/#breadcrumb\",\"itemListElement\":[{\"@type\":\"ListItem\",\"position\":1,\"name\":\"Home\",\"item\":\"https:\/\/www.new-humanity.org\/fr\/\"},{\"@type\":\"ListItem\",\"position\":2,\"name\":\"L\u2019Organisation\",\"item\":\"https:\/\/www.new-humanity.org\/fr\/long-new-humanity\/\"},{\"@type\":\"ListItem\",\"position\":3,\"name\":\"Histoire &#8211; De 1987 \u00e0 nos jours\"}]},{\"@type\":\"WebSite\",\"@id\":\"https:\/\/www.new-humanity.org\/fr\/#website\",\"url\":\"https:\/\/www.new-humanity.org\/fr\/\",\"name\":\"New Humanity\",\"description\":\"Per un mondo unito\",\"publisher\":{\"@id\":\"https:\/\/www.new-humanity.org\/fr\/#organization\"},\"potentialAction\":[{\"@type\":\"SearchAction\",\"target\":{\"@type\":\"EntryPoint\",\"urlTemplate\":\"https:\/\/www.new-humanity.org\/fr\/?s={search_term_string}\"},\"query-input\":\"required name=search_term_string\"}],\"inLanguage\":\"fr-FR\"},{\"@type\":\"Organization\",\"@id\":\"https:\/\/www.new-humanity.org\/fr\/#organization\",\"name\":\"New Humanity\",\"url\":\"https:\/\/www.new-humanity.org\/fr\/\",\"logo\":{\"@type\":\"ImageObject\",\"inLanguage\":\"fr-FR\",\"@id\":\"https:\/\/www.new-humanity.org\/fr\/#\/schema\/logo\/image\/\",\"url\":\"https:\/\/www.new-humanity.org\/wp-content\/uploads\/2022\/01\/logo.jpg\",\"contentUrl\":\"https:\/\/www.new-humanity.org\/wp-content\/uploads\/2022\/01\/logo.jpg\",\"width\":520,\"height\":128,\"caption\":\"New Humanity\"},\"image\":{\"@id\":\"https:\/\/www.new-humanity.org\/fr\/#\/schema\/logo\/image\/\"}}]}<\/script>\n<!-- \/ Yoast SEO plugin. -->","yoast_head_json":{"title":"Histoire - De 1987 \u00e0 nos jours | New Humanity","description":"A la suite d'un Congr\u00e8s organis\u00e9e par le Mouvement des Focolari sur le th\u00e8me \"Economie et Travail\", tenue \u00e0 l'Ergife Palace Hotel de Rome (Italie) en","robots":{"index":"index","follow":"follow","max-snippet":"max-snippet:-1","max-image-preview":"max-image-preview:large","max-video-preview":"max-video-preview:-1"},"canonical":"https:\/\/www.new-humanity.org\/fr\/long-new-humanity\/histoire-de-1987-a-nos-jours\/","og_locale":"fr_FR","og_type":"article","og_title":"Histoire - De 1987 \u00e0 nos jours | New Humanity","og_description":"A la suite d'un Congr\u00e8s organis\u00e9e par le Mouvement des Focolari sur le th\u00e8me \"Economie et Travail\", tenue \u00e0 l'Ergife Palace Hotel de Rome (Italie) en","og_url":"https:\/\/www.new-humanity.org\/fr\/long-new-humanity\/histoire-de-1987-a-nos-jours\/","og_site_name":"New Humanity","article_modified_time":"2019-11-27T09:37:15+00:00","twitter_card":"summary_large_image","twitter_misc":{"Dur\u00e9e de lecture estim\u00e9e":"2 minutes"},"schema":{"@context":"https:\/\/schema.org","@graph":[{"@type":"WebPage","@id":"https:\/\/www.new-humanity.org\/fr\/long-new-humanity\/histoire-de-1987-a-nos-jours\/","url":"https:\/\/www.new-humanity.org\/fr\/long-new-humanity\/histoire-de-1987-a-nos-jours\/","name":"Histoire - De 1987 \u00e0 nos jours | New Humanity","isPartOf":{"@id":"https:\/\/www.new-humanity.org\/fr\/#website"},"datePublished":"2019-04-19T06:51:34+00:00","dateModified":"2019-11-27T09:37:15+00:00","description":"A la suite d'un Congr\u00e8s organis\u00e9e par le Mouvement des Focolari sur le th\u00e8me \"Economie et Travail\", tenue \u00e0 l'Ergife Palace Hotel de Rome (Italie) en","breadcrumb":{"@id":"https:\/\/www.new-humanity.org\/fr\/long-new-humanity\/histoire-de-1987-a-nos-jours\/#breadcrumb"},"inLanguage":"fr-FR","potentialAction":[{"@type":"ReadAction","target":["https:\/\/www.new-humanity.org\/fr\/long-new-humanity\/histoire-de-1987-a-nos-jours\/"]}]},{"@type":"BreadcrumbList","@id":"https:\/\/www.new-humanity.org\/fr\/long-new-humanity\/histoire-de-1987-a-nos-jours\/#breadcrumb","itemListElement":[{"@type":"ListItem","position":1,"name":"Home","item":"https:\/\/www.new-humanity.org\/fr\/"},{"@type":"ListItem","position":2,"name":"L\u2019Organisation","item":"https:\/\/www.new-humanity.org\/fr\/long-new-humanity\/"},{"@type":"ListItem","position":3,"name":"Histoire &#8211; De 1987 \u00e0 nos jours"}]},{"@type":"WebSite","@id":"https:\/\/www.new-humanity.org\/fr\/#website","url":"https:\/\/www.new-humanity.org\/fr\/","name":"New Humanity","description":"Per un mondo unito","publisher":{"@id":"https:\/\/www.new-humanity.org\/fr\/#organization"},"potentialAction":[{"@type":"SearchAction","target":{"@type":"EntryPoint","urlTemplate":"https:\/\/www.new-humanity.org\/fr\/?s={search_term_string}"},"query-input":"required name=search_term_string"}],"inLanguage":"fr-FR"},{"@type":"Organization","@id":"https:\/\/www.new-humanity.org\/fr\/#organization","name":"New Humanity","url":"https:\/\/www.new-humanity.org\/fr\/","logo":{"@type":"ImageObject","inLanguage":"fr-FR","@id":"https:\/\/www.new-humanity.org\/fr\/#\/schema\/logo\/image\/","url":"https:\/\/www.new-humanity.org\/wp-content\/uploads\/2022\/01\/logo.jpg","contentUrl":"https:\/\/www.new-humanity.org\/wp-content\/uploads\/2022\/01\/logo.jpg","width":520,"height":128,"caption":"New Humanity"},"image":{"@id":"https:\/\/www.new-humanity.org\/fr\/#\/schema\/logo\/image\/"}}]}},"_links":{"self":[{"href":"https:\/\/www.new-humanity.org\/fr\/wp-json\/wp\/v2\/pages\/716"}],"collection":[{"href":"https:\/\/www.new-humanity.org\/fr\/wp-json\/wp\/v2\/pages"}],"about":[{"href":"https:\/\/www.new-humanity.org\/fr\/wp-json\/wp\/v2\/types\/page"}],"author":[{"embeddable":true,"href":"https:\/\/www.new-humanity.org\/fr\/wp-json\/wp\/v2\/users\/1"}],"replies":[{"embeddable":true,"href":"https:\/\/www.new-humanity.org\/fr\/wp-json\/wp\/v2\/comments?post=716"}],"version-history":[{"count":5,"href":"https:\/\/www.new-humanity.org\/fr\/wp-json\/wp\/v2\/pages\/716\/revisions"}],"predecessor-version":[{"id":932,"href":"https:\/\/www.new-humanity.org\/fr\/wp-json\/wp\/v2\/pages\/716\/revisions\/932"}],"up":[{"embeddable":true,"href":"https:\/\/www.new-humanity.org\/fr\/wp-json\/wp\/v2\/pages\/851"}],"wp:attachment":[{"href":"https:\/\/www.new-humanity.org\/fr\/wp-json\/wp\/v2\/media?parent=716"}],"curies":[{"name":"wp","href":"https:\/\/api.w.org\/{rel}","templated":true}]}}