{"id":740,"date":"2019-04-19T08:52:12","date_gmt":"2019-04-19T06:52:12","guid":{"rendered":"http:\/\/www.new-humanity.org\/?page_id=740"},"modified":"2021-05-25T22:14:41","modified_gmt":"2021-05-25T20:14:41","slug":"comite-scientifique","status":"publish","type":"page","link":"https:\/\/www.new-humanity.org\/fr\/long-new-humanity\/comite-scientifique\/","title":{"rendered":"Comit\u00e9 scientifique"},"content":{"rendered":"<p>Un comit\u00e9 d&rsquo;experts acad\u00e9miques dans les diff\u00e9rents domaines de New Humanity soutient, d&rsquo;un point de vue conceptuel et scientifique, les activit\u00e9s et documents th\u00e9matiques \u00e9labor\u00e9s par l&rsquo;ONG.<\/p>\n","protected":false},"excerpt":{"rendered":"<p>Un comit\u00e9 d&rsquo;experts acad\u00e9miques dans les diff\u00e9rents domaines de New Humanity soutient, d&rsquo;un point de vue conceptuel et scientifique, les activit\u00e9s et documents th\u00e9matiques \u00e9labor\u00e9s par l&rsquo;ONG.<\/p>\n","protected":false},"author":1,"featured_media":0,"parent":851,"menu_order":6,"comment_status":"closed","ping_status":"closed","template":"inc\/pagina-centrale.php","meta":{"ngg_post_thumbnail":0,"footnotes":""},"acf":[],"yoast_head":"<!-- This site is optimized with the Yoast SEO plugin v21.9.1 - https:\/\/yoast.com\/wordpress\/plugins\/seo\/ -->\n<title>Comit\u00e9 scientifique | New Humanity<\/title>\n<meta name=\"description\" content=\"Un comit\u00e9 d&#039;experts acad\u00e9miques dans les diff\u00e9rents domaines de New Humanity soutient, d&#039;un point de vue conceptuel et scientifique, les activit\u00e9s et\" \/>\n<meta name=\"robots\" content=\"index, follow, max-snippet:-1, max-image-preview:large, max-video-preview:-1\" \/>\n<link rel=\"canonical\" href=\"https:\/\/www.new-humanity.org\/fr\/long-new-humanity\/comite-scientifique\/\" \/>\n<meta property=\"og:locale\" content=\"fr_FR\" \/>\n<meta property=\"og:type\" content=\"article\" \/>\n<meta property=\"og:title\" content=\"Comit\u00e9 scientifique | New Humanity\" \/>\n<meta property=\"og:description\" content=\"Un comit\u00e9 d&#039;experts acad\u00e9miques dans les diff\u00e9rents domaines de New Humanity soutient, d&#039;un point de vue conceptuel et scientifique, les activit\u00e9s et\" \/>\n<meta property=\"og:url\" content=\"https:\/\/www.new-humanity.org\/fr\/long-new-humanity\/comite-scientifique\/\" \/>\n<meta property=\"og:site_name\" content=\"New Humanity\" \/>\n<meta property=\"article:modified_time\" content=\"2021-05-25T20:14:41+00:00\" \/>\n<meta name=\"twitter:card\" content=\"summary_large_image\" \/>\n<script type=\"application\/ld+json\" class=\"yoast-schema-graph\">{\"@context\":\"https:\/\/schema.org\",\"@graph\":[{\"@type\":\"WebPage\",\"@id\":\"https:\/\/www.new-humanity.org\/fr\/long-new-humanity\/comite-scientifique\/\",\"url\":\"https:\/\/www.new-humanity.org\/fr\/long-new-humanity\/comite-scientifique\/\",\"name\":\"Comit\u00e9 scientifique | New Humanity\",\"isPartOf\":{\"@id\":\"https:\/\/www.new-humanity.org\/fr\/#website\"},\"datePublished\":\"2019-04-19T06:52:12+00:00\",\"dateModified\":\"2021-05-25T20:14:41+00:00\",\"description\":\"Un comit\u00e9 d'experts acad\u00e9miques dans les diff\u00e9rents domaines de New Humanity soutient, d'un point de vue conceptuel et scientifique, les activit\u00e9s et\",\"breadcrumb\":{\"@id\":\"https:\/\/www.new-humanity.org\/fr\/long-new-humanity\/comite-scientifique\/#breadcrumb\"},\"inLanguage\":\"fr-FR\",\"potentialAction\":[{\"@type\":\"ReadAction\",\"target\":[\"https:\/\/www.new-humanity.org\/fr\/long-new-humanity\/comite-scientifique\/\"]}]},{\"@type\":\"BreadcrumbList\",\"@id\":\"https:\/\/www.new-humanity.org\/fr\/long-new-humanity\/comite-scientifique\/#breadcrumb\",\"itemListElement\":[{\"@type\":\"ListItem\",\"position\":1,\"name\":\"Home\",\"item\":\"https:\/\/www.new-humanity.org\/fr\/\"},{\"@type\":\"ListItem\",\"position\":2,\"name\":\"L\u2019Organisation\",\"item\":\"https:\/\/www.new-humanity.org\/fr\/long-new-humanity\/\"},{\"@type\":\"ListItem\",\"position\":3,\"name\":\"Comit\u00e9 scientifique\"}]},{\"@type\":\"WebSite\",\"@id\":\"https:\/\/www.new-humanity.org\/fr\/#website\",\"url\":\"https:\/\/www.new-humanity.org\/fr\/\",\"name\":\"New Humanity\",\"description\":\"Per un mondo unito\",\"publisher\":{\"@id\":\"https:\/\/www.new-humanity.org\/fr\/#organization\"},\"potentialAction\":[{\"@type\":\"SearchAction\",\"target\":{\"@type\":\"EntryPoint\",\"urlTemplate\":\"https:\/\/www.new-humanity.org\/fr\/?s={search_term_string}\"},\"query-input\":\"required name=search_term_string\"}],\"inLanguage\":\"fr-FR\"},{\"@type\":\"Organization\",\"@id\":\"https:\/\/www.new-humanity.org\/fr\/#organization\",\"name\":\"New Humanity\",\"url\":\"https:\/\/www.new-humanity.org\/fr\/\",\"logo\":{\"@type\":\"ImageObject\",\"inLanguage\":\"fr-FR\",\"@id\":\"https:\/\/www.new-humanity.org\/fr\/#\/schema\/logo\/image\/\",\"url\":\"https:\/\/www.new-humanity.org\/wp-content\/uploads\/2022\/01\/logo.jpg\",\"contentUrl\":\"https:\/\/www.new-humanity.org\/wp-content\/uploads\/2022\/01\/logo.jpg\",\"width\":520,\"height\":128,\"caption\":\"New Humanity\"},\"image\":{\"@id\":\"https:\/\/www.new-humanity.org\/fr\/#\/schema\/logo\/image\/\"}}]}<\/script>\n<!-- \/ Yoast SEO plugin. -->","yoast_head_json":{"title":"Comit\u00e9 scientifique | New Humanity","description":"Un comit\u00e9 d'experts acad\u00e9miques dans les diff\u00e9rents domaines de New Humanity soutient, d'un point de vue conceptuel et scientifique, les activit\u00e9s et","robots":{"index":"index","follow":"follow","max-snippet":"max-snippet:-1","max-image-preview":"max-image-preview:large","max-video-preview":"max-video-preview:-1"},"canonical":"https:\/\/www.new-humanity.org\/fr\/long-new-humanity\/comite-scientifique\/","og_locale":"fr_FR","og_type":"article","og_title":"Comit\u00e9 scientifique | New Humanity","og_description":"Un comit\u00e9 d'experts acad\u00e9miques dans les diff\u00e9rents domaines de New Humanity soutient, d'un point de vue conceptuel et scientifique, les activit\u00e9s et","og_url":"https:\/\/www.new-humanity.org\/fr\/long-new-humanity\/comite-scientifique\/","og_site_name":"New Humanity","article_modified_time":"2021-05-25T20:14:41+00:00","twitter_card":"summary_large_image","schema":{"@context":"https:\/\/schema.org","@graph":[{"@type":"WebPage","@id":"https:\/\/www.new-humanity.org\/fr\/long-new-humanity\/comite-scientifique\/","url":"https:\/\/www.new-humanity.org\/fr\/long-new-humanity\/comite-scientifique\/","name":"Comit\u00e9 scientifique | New Humanity","isPartOf":{"@id":"https:\/\/www.new-humanity.org\/fr\/#website"},"datePublished":"2019-04-19T06:52:12+00:00","dateModified":"2021-05-25T20:14:41+00:00","description":"Un comit\u00e9 d'experts acad\u00e9miques dans les diff\u00e9rents domaines de New Humanity soutient, d'un point de vue conceptuel et scientifique, les activit\u00e9s et","breadcrumb":{"@id":"https:\/\/www.new-humanity.org\/fr\/long-new-humanity\/comite-scientifique\/#breadcrumb"},"inLanguage":"fr-FR","potentialAction":[{"@type":"ReadAction","target":["https:\/\/www.new-humanity.org\/fr\/long-new-humanity\/comite-scientifique\/"]}]},{"@type":"BreadcrumbList","@id":"https:\/\/www.new-humanity.org\/fr\/long-new-humanity\/comite-scientifique\/#breadcrumb","itemListElement":[{"@type":"ListItem","position":1,"name":"Home","item":"https:\/\/www.new-humanity.org\/fr\/"},{"@type":"ListItem","position":2,"name":"L\u2019Organisation","item":"https:\/\/www.new-humanity.org\/fr\/long-new-humanity\/"},{"@type":"ListItem","position":3,"name":"Comit\u00e9 scientifique"}]},{"@type":"WebSite","@id":"https:\/\/www.new-humanity.org\/fr\/#website","url":"https:\/\/www.new-humanity.org\/fr\/","name":"New Humanity","description":"Per un mondo unito","publisher":{"@id":"https:\/\/www.new-humanity.org\/fr\/#organization"},"potentialAction":[{"@type":"SearchAction","target":{"@type":"EntryPoint","urlTemplate":"https:\/\/www.new-humanity.org\/fr\/?s={search_term_string}"},"query-input":"required name=search_term_string"}],"inLanguage":"fr-FR"},{"@type":"Organization","@id":"https:\/\/www.new-humanity.org\/fr\/#organization","name":"New Humanity","url":"https:\/\/www.new-humanity.org\/fr\/","logo":{"@type":"ImageObject","inLanguage":"fr-FR","@id":"https:\/\/www.new-humanity.org\/fr\/#\/schema\/logo\/image\/","url":"https:\/\/www.new-humanity.org\/wp-content\/uploads\/2022\/01\/logo.jpg","contentUrl":"https:\/\/www.new-humanity.org\/wp-content\/uploads\/2022\/01\/logo.jpg","width":520,"height":128,"caption":"New Humanity"},"image":{"@id":"https:\/\/www.new-humanity.org\/fr\/#\/schema\/logo\/image\/"}}]}},"_links":{"self":[{"href":"https:\/\/www.new-humanity.org\/fr\/wp-json\/wp\/v2\/pages\/740"}],"collection":[{"href":"https:\/\/www.new-humanity.org\/fr\/wp-json\/wp\/v2\/pages"}],"about":[{"href":"https:\/\/www.new-humanity.org\/fr\/wp-json\/wp\/v2\/types\/page"}],"author":[{"embeddable":true,"href":"https:\/\/www.new-humanity.org\/fr\/wp-json\/wp\/v2\/users\/1"}],"replies":[{"embeddable":true,"href":"https:\/\/www.new-humanity.org\/fr\/wp-json\/wp\/v2\/comments?post=740"}],"version-history":[{"count":5,"href":"https:\/\/www.new-humanity.org\/fr\/wp-json\/wp\/v2\/pages\/740\/revisions"}],"predecessor-version":[{"id":5642,"href":"https:\/\/www.new-humanity.org\/fr\/wp-json\/wp\/v2\/pages\/740\/revisions\/5642"}],"up":[{"embeddable":true,"href":"https:\/\/www.new-humanity.org\/fr\/wp-json\/wp\/v2\/pages\/851"}],"wp:attachment":[{"href":"https:\/\/www.new-humanity.org\/fr\/wp-json\/wp\/v2\/media?parent=740"}],"curies":[{"name":"wp","href":"https:\/\/api.w.org\/{rel}","templated":true}]}}