{"id":749,"date":"2019-06-04T08:49:26","date_gmt":"2019-06-04T06:49:26","guid":{"rendered":"http:\/\/www.new-humanity.org\/?page_id=749"},"modified":"2025-07-07T14:54:34","modified_gmt":"2025-07-07T12:54:34","slug":"rome","status":"publish","type":"page","link":"https:\/\/www.new-humanity.org\/fr\/ou-nous-sommes\/rome\/","title":{"rendered":"Rome"},"content":{"rendered":"<p data-start=\"1759\" data-end=\"2028\"><strong>\u00c0 Grottaferrata<\/strong>, une commune situ\u00e9e \u00e0 quelques kilom\u00e8tres au sud de Rome, se trouve <strong>le si\u00e8ge central de l\u2019ONG New Humanity<\/strong>. Les bureaux de la pr\u00e9sidence de l\u2019ONG y sont install\u00e9s. C\u2019est \u00e9galement l\u00e0 que se trouvent les services administratifs, projets et communication.<\/p>\n<p data-start=\"2030\" data-end=\"2267\">Le si\u00e8ge central de l\u2019ONG New Humanity assure <strong>les relations et la collaboration avec la<\/strong> <a href=\"https:\/\/www.fao.org\/home\/en\/\"><strong>FAO<\/strong><\/a> (Organisation des Nations Unies pour l\u2019alimentation et l\u2019agriculture), en lien \u00e9troit avec la Mission Permanente du Saint-Si\u00e8ge aupr\u00e8s de la FAO.<\/p>\n<p data-start=\"2269\" data-end=\"2418\">Il g\u00e8re \u00e9galement les relations avec les principales <a href=\"https:\/\/www.new-humanity.org\/chi-siamo\/partner-e-organizzazioni\/\"><strong>organisations partenaires<\/strong><\/a> et avec le <a href=\"https:\/\/www.focolare.org\/\"><strong>Mouvement des Focolari<\/strong><\/a>, \u00e9galement situ\u00e9s dans les environs.<\/p>\n","protected":false},"excerpt":{"rendered":"<p>\u00c0 Grottaferrata, une commune situ\u00e9e \u00e0 quelques kilom\u00e8tres au sud de Rome, se trouve le si\u00e8ge central de l\u2019ONG New Humanity. Les bureaux de la pr\u00e9sidence de l\u2019ONG y sont install\u00e9s. C\u2019est \u00e9galement l\u00e0 que se trouvent les services administratifs, projets et communication. Le si\u00e8ge central de l\u2019ONG New Humanity assure les relations et la [&hellip;]<\/p>\n","protected":false},"author":1,"featured_media":0,"parent":744,"menu_order":1,"comment_status":"closed","ping_status":"closed","template":"inc\/pagina-centrale.php","meta":{"ngg_post_thumbnail":0,"footnotes":""},"acf":[],"yoast_head":"<!-- This site is optimized with the Yoast SEO plugin v21.9.1 - https:\/\/yoast.com\/wordpress\/plugins\/seo\/ -->\n<title>Rome | New Humanity<\/title>\n<meta name=\"description\" content=\"\u00c0 Grottaferrata, une commune situ\u00e9e \u00e0 quelques kilom\u00e8tres au sud de Rome, se trouve le si\u00e8ge central de l\u2019ONG New Humanity. Les bureaux de la pr\u00e9sidence\" \/>\n<meta name=\"robots\" content=\"index, follow, max-snippet:-1, max-image-preview:large, max-video-preview:-1\" \/>\n<link rel=\"canonical\" href=\"https:\/\/www.new-humanity.org\/fr\/ou-nous-sommes\/rome\/\" \/>\n<meta property=\"og:locale\" content=\"fr_FR\" \/>\n<meta property=\"og:type\" content=\"article\" \/>\n<meta property=\"og:title\" content=\"Rome | New Humanity\" \/>\n<meta property=\"og:description\" content=\"\u00c0 Grottaferrata, une commune situ\u00e9e \u00e0 quelques kilom\u00e8tres au sud de Rome, se trouve le si\u00e8ge central de l\u2019ONG New Humanity. Les bureaux de la pr\u00e9sidence\" \/>\n<meta property=\"og:url\" content=\"https:\/\/www.new-humanity.org\/fr\/ou-nous-sommes\/rome\/\" \/>\n<meta property=\"og:site_name\" content=\"New Humanity\" \/>\n<meta property=\"article:modified_time\" content=\"2025-07-07T12:54:34+00:00\" \/>\n<meta name=\"twitter:card\" content=\"summary_large_image\" \/>\n<meta name=\"twitter:label1\" content=\"Dur\u00e9e de lecture estim\u00e9e\" \/>\n\t<meta name=\"twitter:data1\" content=\"2 minutes\" \/>\n<script type=\"application\/ld+json\" class=\"yoast-schema-graph\">{\"@context\":\"https:\/\/schema.org\",\"@graph\":[{\"@type\":\"WebPage\",\"@id\":\"https:\/\/www.new-humanity.org\/fr\/ou-nous-sommes\/rome\/\",\"url\":\"https:\/\/www.new-humanity.org\/fr\/ou-nous-sommes\/rome\/\",\"name\":\"Rome | New Humanity\",\"isPartOf\":{\"@id\":\"https:\/\/www.new-humanity.org\/fr\/#website\"},\"datePublished\":\"2019-06-04T06:49:26+00:00\",\"dateModified\":\"2025-07-07T12:54:34+00:00\",\"description\":\"\u00c0 Grottaferrata, une commune situ\u00e9e \u00e0 quelques kilom\u00e8tres au sud de Rome, se trouve le si\u00e8ge central de l\u2019ONG New Humanity. Les bureaux de la pr\u00e9sidence\",\"breadcrumb\":{\"@id\":\"https:\/\/www.new-humanity.org\/fr\/ou-nous-sommes\/rome\/#breadcrumb\"},\"inLanguage\":\"fr-FR\",\"potentialAction\":[{\"@type\":\"ReadAction\",\"target\":[\"https:\/\/www.new-humanity.org\/fr\/ou-nous-sommes\/rome\/\"]}]},{\"@type\":\"BreadcrumbList\",\"@id\":\"https:\/\/www.new-humanity.org\/fr\/ou-nous-sommes\/rome\/#breadcrumb\",\"itemListElement\":[{\"@type\":\"ListItem\",\"position\":1,\"name\":\"Home\",\"item\":\"https:\/\/www.new-humanity.org\/fr\/\"},{\"@type\":\"ListItem\",\"position\":2,\"name\":\"O\u00f9 nous sommes\",\"item\":\"https:\/\/www.new-humanity.org\/fr\/ou-nous-sommes\/\"},{\"@type\":\"ListItem\",\"position\":3,\"name\":\"Rome\"}]},{\"@type\":\"WebSite\",\"@id\":\"https:\/\/www.new-humanity.org\/fr\/#website\",\"url\":\"https:\/\/www.new-humanity.org\/fr\/\",\"name\":\"New Humanity\",\"description\":\"Per un mondo unito\",\"publisher\":{\"@id\":\"https:\/\/www.new-humanity.org\/fr\/#organization\"},\"potentialAction\":[{\"@type\":\"SearchAction\",\"target\":{\"@type\":\"EntryPoint\",\"urlTemplate\":\"https:\/\/www.new-humanity.org\/fr\/?s={search_term_string}\"},\"query-input\":\"required name=search_term_string\"}],\"inLanguage\":\"fr-FR\"},{\"@type\":\"Organization\",\"@id\":\"https:\/\/www.new-humanity.org\/fr\/#organization\",\"name\":\"New Humanity\",\"url\":\"https:\/\/www.new-humanity.org\/fr\/\",\"logo\":{\"@type\":\"ImageObject\",\"inLanguage\":\"fr-FR\",\"@id\":\"https:\/\/www.new-humanity.org\/fr\/#\/schema\/logo\/image\/\",\"url\":\"https:\/\/www.new-humanity.org\/wp-content\/uploads\/2022\/01\/logo.jpg\",\"contentUrl\":\"https:\/\/www.new-humanity.org\/wp-content\/uploads\/2022\/01\/logo.jpg\",\"width\":520,\"height\":128,\"caption\":\"New Humanity\"},\"image\":{\"@id\":\"https:\/\/www.new-humanity.org\/fr\/#\/schema\/logo\/image\/\"}}]}<\/script>\n<!-- \/ Yoast SEO plugin. -->","yoast_head_json":{"title":"Rome | New Humanity","description":"\u00c0 Grottaferrata, une commune situ\u00e9e \u00e0 quelques kilom\u00e8tres au sud de Rome, se trouve le si\u00e8ge central de l\u2019ONG New Humanity. Les bureaux de la pr\u00e9sidence","robots":{"index":"index","follow":"follow","max-snippet":"max-snippet:-1","max-image-preview":"max-image-preview:large","max-video-preview":"max-video-preview:-1"},"canonical":"https:\/\/www.new-humanity.org\/fr\/ou-nous-sommes\/rome\/","og_locale":"fr_FR","og_type":"article","og_title":"Rome | New Humanity","og_description":"\u00c0 Grottaferrata, une commune situ\u00e9e \u00e0 quelques kilom\u00e8tres au sud de Rome, se trouve le si\u00e8ge central de l\u2019ONG New Humanity. Les bureaux de la pr\u00e9sidence","og_url":"https:\/\/www.new-humanity.org\/fr\/ou-nous-sommes\/rome\/","og_site_name":"New Humanity","article_modified_time":"2025-07-07T12:54:34+00:00","twitter_card":"summary_large_image","twitter_misc":{"Dur\u00e9e de lecture estim\u00e9e":"2 minutes"},"schema":{"@context":"https:\/\/schema.org","@graph":[{"@type":"WebPage","@id":"https:\/\/www.new-humanity.org\/fr\/ou-nous-sommes\/rome\/","url":"https:\/\/www.new-humanity.org\/fr\/ou-nous-sommes\/rome\/","name":"Rome | New Humanity","isPartOf":{"@id":"https:\/\/www.new-humanity.org\/fr\/#website"},"datePublished":"2019-06-04T06:49:26+00:00","dateModified":"2025-07-07T12:54:34+00:00","description":"\u00c0 Grottaferrata, une commune situ\u00e9e \u00e0 quelques kilom\u00e8tres au sud de Rome, se trouve le si\u00e8ge central de l\u2019ONG New Humanity. Les bureaux de la pr\u00e9sidence","breadcrumb":{"@id":"https:\/\/www.new-humanity.org\/fr\/ou-nous-sommes\/rome\/#breadcrumb"},"inLanguage":"fr-FR","potentialAction":[{"@type":"ReadAction","target":["https:\/\/www.new-humanity.org\/fr\/ou-nous-sommes\/rome\/"]}]},{"@type":"BreadcrumbList","@id":"https:\/\/www.new-humanity.org\/fr\/ou-nous-sommes\/rome\/#breadcrumb","itemListElement":[{"@type":"ListItem","position":1,"name":"Home","item":"https:\/\/www.new-humanity.org\/fr\/"},{"@type":"ListItem","position":2,"name":"O\u00f9 nous sommes","item":"https:\/\/www.new-humanity.org\/fr\/ou-nous-sommes\/"},{"@type":"ListItem","position":3,"name":"Rome"}]},{"@type":"WebSite","@id":"https:\/\/www.new-humanity.org\/fr\/#website","url":"https:\/\/www.new-humanity.org\/fr\/","name":"New Humanity","description":"Per un mondo unito","publisher":{"@id":"https:\/\/www.new-humanity.org\/fr\/#organization"},"potentialAction":[{"@type":"SearchAction","target":{"@type":"EntryPoint","urlTemplate":"https:\/\/www.new-humanity.org\/fr\/?s={search_term_string}"},"query-input":"required name=search_term_string"}],"inLanguage":"fr-FR"},{"@type":"Organization","@id":"https:\/\/www.new-humanity.org\/fr\/#organization","name":"New Humanity","url":"https:\/\/www.new-humanity.org\/fr\/","logo":{"@type":"ImageObject","inLanguage":"fr-FR","@id":"https:\/\/www.new-humanity.org\/fr\/#\/schema\/logo\/image\/","url":"https:\/\/www.new-humanity.org\/wp-content\/uploads\/2022\/01\/logo.jpg","contentUrl":"https:\/\/www.new-humanity.org\/wp-content\/uploads\/2022\/01\/logo.jpg","width":520,"height":128,"caption":"New Humanity"},"image":{"@id":"https:\/\/www.new-humanity.org\/fr\/#\/schema\/logo\/image\/"}}]}},"_links":{"self":[{"href":"https:\/\/www.new-humanity.org\/fr\/wp-json\/wp\/v2\/pages\/749"}],"collection":[{"href":"https:\/\/www.new-humanity.org\/fr\/wp-json\/wp\/v2\/pages"}],"about":[{"href":"https:\/\/www.new-humanity.org\/fr\/wp-json\/wp\/v2\/types\/page"}],"author":[{"embeddable":true,"href":"https:\/\/www.new-humanity.org\/fr\/wp-json\/wp\/v2\/users\/1"}],"replies":[{"embeddable":true,"href":"https:\/\/www.new-humanity.org\/fr\/wp-json\/wp\/v2\/comments?post=749"}],"version-history":[{"count":9,"href":"https:\/\/www.new-humanity.org\/fr\/wp-json\/wp\/v2\/pages\/749\/revisions"}],"predecessor-version":[{"id":11505,"href":"https:\/\/www.new-humanity.org\/fr\/wp-json\/wp\/v2\/pages\/749\/revisions\/11505"}],"up":[{"embeddable":true,"href":"https:\/\/www.new-humanity.org\/fr\/wp-json\/wp\/v2\/pages\/744"}],"wp:attachment":[{"href":"https:\/\/www.new-humanity.org\/fr\/wp-json\/wp\/v2\/media?parent=749"}],"curies":[{"name":"wp","href":"https:\/\/api.w.org\/{rel}","templated":true}]}}