{"id":758,"date":"2019-06-04T09:08:07","date_gmt":"2019-06-04T07:08:07","guid":{"rendered":"http:\/\/www.new-humanity.org\/?page_id=758"},"modified":"2025-07-01T17:29:02","modified_gmt":"2025-07-01T15:29:02","slug":"geneve","status":"publish","type":"page","link":"https:\/\/www.new-humanity.org\/fr\/ou-nous-sommes\/geneve\/","title":{"rendered":"Gen\u00e8ve"},"content":{"rendered":"<p data-start=\"1163\" data-end=\"1324\">Le bureau de repr\u00e9sentation de New Humanity \u00e0 Gen\u00e8ve est <strong>responsable de ses activit\u00e9s<\/strong> aupr\u00e8s de <strong><a href=\"https:\/\/www.ungeneva.org\/en\">l&rsquo;ONUG<\/a><\/strong>, le si\u00e8ge genevois des Nations Unies (Palais des Nations).<\/p>\n<p data-start=\"1326\" data-end=\"1880\">En particulier, la repr\u00e9sentation de New Humanity aupr\u00e8s des Nations Unies a promu au fil des ann\u00e9es de <strong>nombreuses initiatives<\/strong> au <strong><a href=\"http:\/\/www.unog.ch\/80256EDD006B9C2E\/(httpPages)\/D2EC08F09E7E8A76C125744400356CD2?OpenDocument&amp;unid=15406DAB6CB569F080256F04006E8812\">Conseil des droits de l\u2019homme de l\u2019ONU<\/a><\/strong>. Elle est actuellement engag\u00e9e par des d\u00e9clarations orales et \u00e9crites lors des sessions du Conseil des droits de l\u2019homme et participe \u00e0 des groupes de travail concernant la d\u00e9fense des droits et enjeux suivants : <strong>droit \u00e0 la solidarit\u00e9 internationale, droit au d\u00e9veloppement, droit \u00e0 l\u2019\u00e9ducation, mesures coercitives unilat\u00e9rales, famille, migrants, personnes \u00e2g\u00e9es et pauvret\u00e9 extr\u00eame.<\/strong><\/p>\n<p data-start=\"1882\" data-end=\"2189\">New Humanity \u00e0 Gen\u00e8ve est \u00e9galement membre actif du <strong><a href=\"http:\/\/www.cingoforum.org\/\">Forum des ONG d\u2019inspiration catholique<\/a><\/strong>, qui anime d\u2019importants d\u00e9bats et organise divers \u00e9v\u00e9nements parall\u00e8les sur plusieurs th\u00e9matiques. Depuis janvier 2016, la repr\u00e9sentation de New Humanity \u00e0 Gen\u00e8ve assume la t\u00e2che de coordination g\u00e9n\u00e9rale de ce Forum.<\/p>\n","protected":false},"excerpt":{"rendered":"<p>Le bureau de repr\u00e9sentation de New Humanity \u00e0 Gen\u00e8ve est responsable de ses activit\u00e9s aupr\u00e8s de l&rsquo;ONUG, le si\u00e8ge genevois des Nations Unies (Palais des Nations). En particulier, la repr\u00e9sentation de New Humanity aupr\u00e8s des Nations Unies a promu au fil des ann\u00e9es de nombreuses initiatives au Conseil des droits de l\u2019homme de l\u2019ONU. Elle [&hellip;]<\/p>\n","protected":false},"author":1,"featured_media":0,"parent":744,"menu_order":2,"comment_status":"closed","ping_status":"closed","template":"inc\/pagina-centrale.php","meta":{"ngg_post_thumbnail":0,"footnotes":""},"acf":[],"yoast_head":"<!-- This site is optimized with the Yoast SEO plugin v21.9.1 - https:\/\/yoast.com\/wordpress\/plugins\/seo\/ -->\n<title>Gen\u00e8ve | New Humanity<\/title>\n<meta name=\"description\" content=\"Le bureau de repr\u00e9sentation de New Humanity \u00e0 Gen\u00e8ve est responsable de ses activit\u00e9s aupr\u00e8s de l&#039;ONUG, le si\u00e8ge genevois des Nations Unies (Palais des\" \/>\n<meta name=\"robots\" content=\"index, follow, max-snippet:-1, max-image-preview:large, max-video-preview:-1\" \/>\n<link rel=\"canonical\" href=\"https:\/\/www.new-humanity.org\/fr\/ou-nous-sommes\/geneve\/\" \/>\n<meta property=\"og:locale\" content=\"fr_FR\" \/>\n<meta property=\"og:type\" content=\"article\" \/>\n<meta property=\"og:title\" content=\"Gen\u00e8ve | New Humanity\" \/>\n<meta property=\"og:description\" content=\"Le bureau de repr\u00e9sentation de New Humanity \u00e0 Gen\u00e8ve est responsable de ses activit\u00e9s aupr\u00e8s de l&#039;ONUG, le si\u00e8ge genevois des Nations Unies (Palais des\" \/>\n<meta property=\"og:url\" content=\"https:\/\/www.new-humanity.org\/fr\/ou-nous-sommes\/geneve\/\" \/>\n<meta property=\"og:site_name\" content=\"New Humanity\" \/>\n<meta property=\"article:modified_time\" content=\"2025-07-01T15:29:02+00:00\" \/>\n<meta name=\"twitter:card\" content=\"summary_large_image\" \/>\n<meta name=\"twitter:label1\" content=\"Dur\u00e9e de lecture estim\u00e9e\" \/>\n\t<meta name=\"twitter:data1\" content=\"2 minutes\" \/>\n<script type=\"application\/ld+json\" class=\"yoast-schema-graph\">{\"@context\":\"https:\/\/schema.org\",\"@graph\":[{\"@type\":\"WebPage\",\"@id\":\"https:\/\/www.new-humanity.org\/fr\/ou-nous-sommes\/geneve\/\",\"url\":\"https:\/\/www.new-humanity.org\/fr\/ou-nous-sommes\/geneve\/\",\"name\":\"Gen\u00e8ve | New Humanity\",\"isPartOf\":{\"@id\":\"https:\/\/www.new-humanity.org\/fr\/#website\"},\"datePublished\":\"2019-06-04T07:08:07+00:00\",\"dateModified\":\"2025-07-01T15:29:02+00:00\",\"description\":\"Le bureau de repr\u00e9sentation de New Humanity \u00e0 Gen\u00e8ve est responsable de ses activit\u00e9s aupr\u00e8s de l'ONUG, le si\u00e8ge genevois des Nations Unies (Palais des\",\"breadcrumb\":{\"@id\":\"https:\/\/www.new-humanity.org\/fr\/ou-nous-sommes\/geneve\/#breadcrumb\"},\"inLanguage\":\"fr-FR\",\"potentialAction\":[{\"@type\":\"ReadAction\",\"target\":[\"https:\/\/www.new-humanity.org\/fr\/ou-nous-sommes\/geneve\/\"]}]},{\"@type\":\"BreadcrumbList\",\"@id\":\"https:\/\/www.new-humanity.org\/fr\/ou-nous-sommes\/geneve\/#breadcrumb\",\"itemListElement\":[{\"@type\":\"ListItem\",\"position\":1,\"name\":\"Home\",\"item\":\"https:\/\/www.new-humanity.org\/fr\/\"},{\"@type\":\"ListItem\",\"position\":2,\"name\":\"O\u00f9 nous sommes\",\"item\":\"https:\/\/www.new-humanity.org\/fr\/ou-nous-sommes\/\"},{\"@type\":\"ListItem\",\"position\":3,\"name\":\"Gen\u00e8ve\"}]},{\"@type\":\"WebSite\",\"@id\":\"https:\/\/www.new-humanity.org\/fr\/#website\",\"url\":\"https:\/\/www.new-humanity.org\/fr\/\",\"name\":\"New Humanity\",\"description\":\"Per un mondo unito\",\"publisher\":{\"@id\":\"https:\/\/www.new-humanity.org\/fr\/#organization\"},\"potentialAction\":[{\"@type\":\"SearchAction\",\"target\":{\"@type\":\"EntryPoint\",\"urlTemplate\":\"https:\/\/www.new-humanity.org\/fr\/?s={search_term_string}\"},\"query-input\":\"required name=search_term_string\"}],\"inLanguage\":\"fr-FR\"},{\"@type\":\"Organization\",\"@id\":\"https:\/\/www.new-humanity.org\/fr\/#organization\",\"name\":\"New Humanity\",\"url\":\"https:\/\/www.new-humanity.org\/fr\/\",\"logo\":{\"@type\":\"ImageObject\",\"inLanguage\":\"fr-FR\",\"@id\":\"https:\/\/www.new-humanity.org\/fr\/#\/schema\/logo\/image\/\",\"url\":\"https:\/\/www.new-humanity.org\/wp-content\/uploads\/2022\/01\/logo.jpg\",\"contentUrl\":\"https:\/\/www.new-humanity.org\/wp-content\/uploads\/2022\/01\/logo.jpg\",\"width\":520,\"height\":128,\"caption\":\"New Humanity\"},\"image\":{\"@id\":\"https:\/\/www.new-humanity.org\/fr\/#\/schema\/logo\/image\/\"}}]}<\/script>\n<!-- \/ Yoast SEO plugin. -->","yoast_head_json":{"title":"Gen\u00e8ve | New Humanity","description":"Le bureau de repr\u00e9sentation de New Humanity \u00e0 Gen\u00e8ve est responsable de ses activit\u00e9s aupr\u00e8s de l'ONUG, le si\u00e8ge genevois des Nations Unies (Palais des","robots":{"index":"index","follow":"follow","max-snippet":"max-snippet:-1","max-image-preview":"max-image-preview:large","max-video-preview":"max-video-preview:-1"},"canonical":"https:\/\/www.new-humanity.org\/fr\/ou-nous-sommes\/geneve\/","og_locale":"fr_FR","og_type":"article","og_title":"Gen\u00e8ve | New Humanity","og_description":"Le bureau de repr\u00e9sentation de New Humanity \u00e0 Gen\u00e8ve est responsable de ses activit\u00e9s aupr\u00e8s de l'ONUG, le si\u00e8ge genevois des Nations Unies (Palais des","og_url":"https:\/\/www.new-humanity.org\/fr\/ou-nous-sommes\/geneve\/","og_site_name":"New Humanity","article_modified_time":"2025-07-01T15:29:02+00:00","twitter_card":"summary_large_image","twitter_misc":{"Dur\u00e9e de lecture estim\u00e9e":"2 minutes"},"schema":{"@context":"https:\/\/schema.org","@graph":[{"@type":"WebPage","@id":"https:\/\/www.new-humanity.org\/fr\/ou-nous-sommes\/geneve\/","url":"https:\/\/www.new-humanity.org\/fr\/ou-nous-sommes\/geneve\/","name":"Gen\u00e8ve | New Humanity","isPartOf":{"@id":"https:\/\/www.new-humanity.org\/fr\/#website"},"datePublished":"2019-06-04T07:08:07+00:00","dateModified":"2025-07-01T15:29:02+00:00","description":"Le bureau de repr\u00e9sentation de New Humanity \u00e0 Gen\u00e8ve est responsable de ses activit\u00e9s aupr\u00e8s de l'ONUG, le si\u00e8ge genevois des Nations Unies (Palais des","breadcrumb":{"@id":"https:\/\/www.new-humanity.org\/fr\/ou-nous-sommes\/geneve\/#breadcrumb"},"inLanguage":"fr-FR","potentialAction":[{"@type":"ReadAction","target":["https:\/\/www.new-humanity.org\/fr\/ou-nous-sommes\/geneve\/"]}]},{"@type":"BreadcrumbList","@id":"https:\/\/www.new-humanity.org\/fr\/ou-nous-sommes\/geneve\/#breadcrumb","itemListElement":[{"@type":"ListItem","position":1,"name":"Home","item":"https:\/\/www.new-humanity.org\/fr\/"},{"@type":"ListItem","position":2,"name":"O\u00f9 nous sommes","item":"https:\/\/www.new-humanity.org\/fr\/ou-nous-sommes\/"},{"@type":"ListItem","position":3,"name":"Gen\u00e8ve"}]},{"@type":"WebSite","@id":"https:\/\/www.new-humanity.org\/fr\/#website","url":"https:\/\/www.new-humanity.org\/fr\/","name":"New Humanity","description":"Per un mondo unito","publisher":{"@id":"https:\/\/www.new-humanity.org\/fr\/#organization"},"potentialAction":[{"@type":"SearchAction","target":{"@type":"EntryPoint","urlTemplate":"https:\/\/www.new-humanity.org\/fr\/?s={search_term_string}"},"query-input":"required name=search_term_string"}],"inLanguage":"fr-FR"},{"@type":"Organization","@id":"https:\/\/www.new-humanity.org\/fr\/#organization","name":"New Humanity","url":"https:\/\/www.new-humanity.org\/fr\/","logo":{"@type":"ImageObject","inLanguage":"fr-FR","@id":"https:\/\/www.new-humanity.org\/fr\/#\/schema\/logo\/image\/","url":"https:\/\/www.new-humanity.org\/wp-content\/uploads\/2022\/01\/logo.jpg","contentUrl":"https:\/\/www.new-humanity.org\/wp-content\/uploads\/2022\/01\/logo.jpg","width":520,"height":128,"caption":"New Humanity"},"image":{"@id":"https:\/\/www.new-humanity.org\/fr\/#\/schema\/logo\/image\/"}}]}},"_links":{"self":[{"href":"https:\/\/www.new-humanity.org\/fr\/wp-json\/wp\/v2\/pages\/758"}],"collection":[{"href":"https:\/\/www.new-humanity.org\/fr\/wp-json\/wp\/v2\/pages"}],"about":[{"href":"https:\/\/www.new-humanity.org\/fr\/wp-json\/wp\/v2\/types\/page"}],"author":[{"embeddable":true,"href":"https:\/\/www.new-humanity.org\/fr\/wp-json\/wp\/v2\/users\/1"}],"replies":[{"embeddable":true,"href":"https:\/\/www.new-humanity.org\/fr\/wp-json\/wp\/v2\/comments?post=758"}],"version-history":[{"count":9,"href":"https:\/\/www.new-humanity.org\/fr\/wp-json\/wp\/v2\/pages\/758\/revisions"}],"predecessor-version":[{"id":11484,"href":"https:\/\/www.new-humanity.org\/fr\/wp-json\/wp\/v2\/pages\/758\/revisions\/11484"}],"up":[{"embeddable":true,"href":"https:\/\/www.new-humanity.org\/fr\/wp-json\/wp\/v2\/pages\/744"}],"wp:attachment":[{"href":"https:\/\/www.new-humanity.org\/fr\/wp-json\/wp\/v2\/media?parent=758"}],"curies":[{"name":"wp","href":"https:\/\/api.w.org\/{rel}","templated":true}]}}