{"id":768,"date":"2019-06-04T09:16:03","date_gmt":"2019-06-04T07:16:03","guid":{"rendered":"http:\/\/www.new-humanity.org\/?page_id=768"},"modified":"2025-07-01T17:37:00","modified_gmt":"2025-07-01T15:37:00","slug":"new-york","status":"publish","type":"page","link":"https:\/\/www.new-humanity.org\/fr\/ou-nous-sommes\/new-york\/","title":{"rendered":"New York"},"content":{"rendered":"<p>Le bureau de repr\u00e9sentation de New Humanity \u00e0 New York assume, pour sa part, les activit\u00e9s aupr\u00e8s du <strong>quartier g\u00e9n\u00e9ral des <a href=\"https:\/\/www.un.org\/fr\/\">Nations Unies<\/a> (Palais de Verre)<\/strong>.<\/p>\n<p>En particulier, depuis 2005, la repr\u00e9sentation de New Humanity \u00e0 New York jouit du <strong>Statut Consultatif G\u00e9n\u00e9ral aupr\u00e8s du Conseil Economique et Social des Nations Unies (ECOSOC)<\/strong>. Auparavant, il b\u00e9n\u00e9ficiait du Statut Consultatif Sp\u00e9cial depuis 1987.<\/p>\n<p>Au fil des ans, l&rsquo;activit\u00e9 de New Humanity aupr\u00e8s de l&rsquo;ECOSOC s&rsquo;est particuli\u00e8rement distingu\u00e9e dans le domaine \u00e9conomique, avec des <strong>interventions importantes visant \u00e0 promouvoir une <a href=\"http:\/\/edc-online.org\/fr\/\">Economie de communion<\/a><\/strong>, imprim\u00e9e du principe de la fraternit\u00e9.<\/p>\n","protected":false},"excerpt":{"rendered":"<p>Le bureau de repr\u00e9sentation de New Humanity \u00e0 New York assume, pour sa part, les activit\u00e9s aupr\u00e8s du quartier g\u00e9n\u00e9ral des Nations Unies (Palais de Verre). En particulier, depuis 2005, la repr\u00e9sentation de New Humanity \u00e0 New York jouit du Statut Consultatif G\u00e9n\u00e9ral aupr\u00e8s du Conseil Economique et Social des Nations Unies (ECOSOC). Auparavant, il [&hellip;]<\/p>\n","protected":false},"author":1,"featured_media":0,"parent":744,"menu_order":3,"comment_status":"closed","ping_status":"closed","template":"inc\/pagina-centrale.php","meta":{"ngg_post_thumbnail":0,"footnotes":""},"acf":[],"yoast_head":"<!-- This site is optimized with the Yoast SEO plugin v21.9.1 - https:\/\/yoast.com\/wordpress\/plugins\/seo\/ -->\n<title>New York | New Humanity<\/title>\n<meta name=\"description\" content=\"Le bureau de repr\u00e9sentation de New Humanity \u00e0 New York assume, pour sa part, les activit\u00e9s aupr\u00e8s du quartier g\u00e9n\u00e9ral des Nations Unies (Palais de Verre).\" \/>\n<meta name=\"robots\" content=\"index, follow, max-snippet:-1, max-image-preview:large, max-video-preview:-1\" \/>\n<link rel=\"canonical\" href=\"https:\/\/www.new-humanity.org\/fr\/ou-nous-sommes\/new-york\/\" \/>\n<meta property=\"og:locale\" content=\"fr_FR\" \/>\n<meta property=\"og:type\" content=\"article\" \/>\n<meta property=\"og:title\" content=\"New York | New Humanity\" \/>\n<meta property=\"og:description\" content=\"Le bureau de repr\u00e9sentation de New Humanity \u00e0 New York assume, pour sa part, les activit\u00e9s aupr\u00e8s du quartier g\u00e9n\u00e9ral des Nations Unies (Palais de Verre).\" \/>\n<meta property=\"og:url\" content=\"https:\/\/www.new-humanity.org\/fr\/ou-nous-sommes\/new-york\/\" \/>\n<meta property=\"og:site_name\" content=\"New Humanity\" \/>\n<meta property=\"article:modified_time\" content=\"2025-07-01T15:37:00+00:00\" \/>\n<meta name=\"twitter:card\" content=\"summary_large_image\" \/>\n<meta name=\"twitter:label1\" content=\"Dur\u00e9e de lecture estim\u00e9e\" \/>\n\t<meta name=\"twitter:data1\" content=\"1 minute\" \/>\n<script type=\"application\/ld+json\" class=\"yoast-schema-graph\">{\"@context\":\"https:\/\/schema.org\",\"@graph\":[{\"@type\":\"WebPage\",\"@id\":\"https:\/\/www.new-humanity.org\/fr\/ou-nous-sommes\/new-york\/\",\"url\":\"https:\/\/www.new-humanity.org\/fr\/ou-nous-sommes\/new-york\/\",\"name\":\"New York | New Humanity\",\"isPartOf\":{\"@id\":\"https:\/\/www.new-humanity.org\/fr\/#website\"},\"datePublished\":\"2019-06-04T07:16:03+00:00\",\"dateModified\":\"2025-07-01T15:37:00+00:00\",\"description\":\"Le bureau de repr\u00e9sentation de New Humanity \u00e0 New York assume, pour sa part, les activit\u00e9s aupr\u00e8s du quartier g\u00e9n\u00e9ral des Nations Unies (Palais de Verre).\",\"breadcrumb\":{\"@id\":\"https:\/\/www.new-humanity.org\/fr\/ou-nous-sommes\/new-york\/#breadcrumb\"},\"inLanguage\":\"fr-FR\",\"potentialAction\":[{\"@type\":\"ReadAction\",\"target\":[\"https:\/\/www.new-humanity.org\/fr\/ou-nous-sommes\/new-york\/\"]}]},{\"@type\":\"BreadcrumbList\",\"@id\":\"https:\/\/www.new-humanity.org\/fr\/ou-nous-sommes\/new-york\/#breadcrumb\",\"itemListElement\":[{\"@type\":\"ListItem\",\"position\":1,\"name\":\"Home\",\"item\":\"https:\/\/www.new-humanity.org\/fr\/\"},{\"@type\":\"ListItem\",\"position\":2,\"name\":\"O\u00f9 nous sommes\",\"item\":\"https:\/\/www.new-humanity.org\/fr\/ou-nous-sommes\/\"},{\"@type\":\"ListItem\",\"position\":3,\"name\":\"New York\"}]},{\"@type\":\"WebSite\",\"@id\":\"https:\/\/www.new-humanity.org\/fr\/#website\",\"url\":\"https:\/\/www.new-humanity.org\/fr\/\",\"name\":\"New Humanity\",\"description\":\"Per un mondo unito\",\"publisher\":{\"@id\":\"https:\/\/www.new-humanity.org\/fr\/#organization\"},\"potentialAction\":[{\"@type\":\"SearchAction\",\"target\":{\"@type\":\"EntryPoint\",\"urlTemplate\":\"https:\/\/www.new-humanity.org\/fr\/?s={search_term_string}\"},\"query-input\":\"required name=search_term_string\"}],\"inLanguage\":\"fr-FR\"},{\"@type\":\"Organization\",\"@id\":\"https:\/\/www.new-humanity.org\/fr\/#organization\",\"name\":\"New Humanity\",\"url\":\"https:\/\/www.new-humanity.org\/fr\/\",\"logo\":{\"@type\":\"ImageObject\",\"inLanguage\":\"fr-FR\",\"@id\":\"https:\/\/www.new-humanity.org\/fr\/#\/schema\/logo\/image\/\",\"url\":\"https:\/\/www.new-humanity.org\/wp-content\/uploads\/2022\/01\/logo.jpg\",\"contentUrl\":\"https:\/\/www.new-humanity.org\/wp-content\/uploads\/2022\/01\/logo.jpg\",\"width\":520,\"height\":128,\"caption\":\"New Humanity\"},\"image\":{\"@id\":\"https:\/\/www.new-humanity.org\/fr\/#\/schema\/logo\/image\/\"}}]}<\/script>\n<!-- \/ Yoast SEO plugin. -->","yoast_head_json":{"title":"New York | New Humanity","description":"Le bureau de repr\u00e9sentation de New Humanity \u00e0 New York assume, pour sa part, les activit\u00e9s aupr\u00e8s du quartier g\u00e9n\u00e9ral des Nations Unies (Palais de Verre).","robots":{"index":"index","follow":"follow","max-snippet":"max-snippet:-1","max-image-preview":"max-image-preview:large","max-video-preview":"max-video-preview:-1"},"canonical":"https:\/\/www.new-humanity.org\/fr\/ou-nous-sommes\/new-york\/","og_locale":"fr_FR","og_type":"article","og_title":"New York | New Humanity","og_description":"Le bureau de repr\u00e9sentation de New Humanity \u00e0 New York assume, pour sa part, les activit\u00e9s aupr\u00e8s du quartier g\u00e9n\u00e9ral des Nations Unies (Palais de Verre).","og_url":"https:\/\/www.new-humanity.org\/fr\/ou-nous-sommes\/new-york\/","og_site_name":"New Humanity","article_modified_time":"2025-07-01T15:37:00+00:00","twitter_card":"summary_large_image","twitter_misc":{"Dur\u00e9e de lecture estim\u00e9e":"1 minute"},"schema":{"@context":"https:\/\/schema.org","@graph":[{"@type":"WebPage","@id":"https:\/\/www.new-humanity.org\/fr\/ou-nous-sommes\/new-york\/","url":"https:\/\/www.new-humanity.org\/fr\/ou-nous-sommes\/new-york\/","name":"New York | New Humanity","isPartOf":{"@id":"https:\/\/www.new-humanity.org\/fr\/#website"},"datePublished":"2019-06-04T07:16:03+00:00","dateModified":"2025-07-01T15:37:00+00:00","description":"Le bureau de repr\u00e9sentation de New Humanity \u00e0 New York assume, pour sa part, les activit\u00e9s aupr\u00e8s du quartier g\u00e9n\u00e9ral des Nations Unies (Palais de Verre).","breadcrumb":{"@id":"https:\/\/www.new-humanity.org\/fr\/ou-nous-sommes\/new-york\/#breadcrumb"},"inLanguage":"fr-FR","potentialAction":[{"@type":"ReadAction","target":["https:\/\/www.new-humanity.org\/fr\/ou-nous-sommes\/new-york\/"]}]},{"@type":"BreadcrumbList","@id":"https:\/\/www.new-humanity.org\/fr\/ou-nous-sommes\/new-york\/#breadcrumb","itemListElement":[{"@type":"ListItem","position":1,"name":"Home","item":"https:\/\/www.new-humanity.org\/fr\/"},{"@type":"ListItem","position":2,"name":"O\u00f9 nous sommes","item":"https:\/\/www.new-humanity.org\/fr\/ou-nous-sommes\/"},{"@type":"ListItem","position":3,"name":"New York"}]},{"@type":"WebSite","@id":"https:\/\/www.new-humanity.org\/fr\/#website","url":"https:\/\/www.new-humanity.org\/fr\/","name":"New Humanity","description":"Per un mondo unito","publisher":{"@id":"https:\/\/www.new-humanity.org\/fr\/#organization"},"potentialAction":[{"@type":"SearchAction","target":{"@type":"EntryPoint","urlTemplate":"https:\/\/www.new-humanity.org\/fr\/?s={search_term_string}"},"query-input":"required name=search_term_string"}],"inLanguage":"fr-FR"},{"@type":"Organization","@id":"https:\/\/www.new-humanity.org\/fr\/#organization","name":"New Humanity","url":"https:\/\/www.new-humanity.org\/fr\/","logo":{"@type":"ImageObject","inLanguage":"fr-FR","@id":"https:\/\/www.new-humanity.org\/fr\/#\/schema\/logo\/image\/","url":"https:\/\/www.new-humanity.org\/wp-content\/uploads\/2022\/01\/logo.jpg","contentUrl":"https:\/\/www.new-humanity.org\/wp-content\/uploads\/2022\/01\/logo.jpg","width":520,"height":128,"caption":"New Humanity"},"image":{"@id":"https:\/\/www.new-humanity.org\/fr\/#\/schema\/logo\/image\/"}}]}},"_links":{"self":[{"href":"https:\/\/www.new-humanity.org\/fr\/wp-json\/wp\/v2\/pages\/768"}],"collection":[{"href":"https:\/\/www.new-humanity.org\/fr\/wp-json\/wp\/v2\/pages"}],"about":[{"href":"https:\/\/www.new-humanity.org\/fr\/wp-json\/wp\/v2\/types\/page"}],"author":[{"embeddable":true,"href":"https:\/\/www.new-humanity.org\/fr\/wp-json\/wp\/v2\/users\/1"}],"replies":[{"embeddable":true,"href":"https:\/\/www.new-humanity.org\/fr\/wp-json\/wp\/v2\/comments?post=768"}],"version-history":[{"count":8,"href":"https:\/\/www.new-humanity.org\/fr\/wp-json\/wp\/v2\/pages\/768\/revisions"}],"predecessor-version":[{"id":11487,"href":"https:\/\/www.new-humanity.org\/fr\/wp-json\/wp\/v2\/pages\/768\/revisions\/11487"}],"up":[{"embeddable":true,"href":"https:\/\/www.new-humanity.org\/fr\/wp-json\/wp\/v2\/pages\/744"}],"wp:attachment":[{"href":"https:\/\/www.new-humanity.org\/fr\/wp-json\/wp\/v2\/media?parent=768"}],"curies":[{"name":"wp","href":"https:\/\/api.w.org\/{rel}","templated":true}]}}