{"id":776,"date":"2019-06-04T09:16:10","date_gmt":"2019-06-04T07:16:10","guid":{"rendered":"http:\/\/www.new-humanity.org\/?page_id=776"},"modified":"2026-04-21T14:30:03","modified_gmt":"2026-04-21T12:30:03","slug":"paris","status":"publish","type":"page","link":"https:\/\/www.new-humanity.org\/fr\/ou-nous-sommes\/paris\/","title":{"rendered":"Paris"},"content":{"rendered":"<p>Le bureau de repr\u00e9sentation de New Humanity \u00e0 Paris coordonne les activit\u00e9s de l&rsquo;organisation aupr\u00e8s de <strong>l&rsquo;<\/strong><a href=\"https:\/\/fr.unesco.org\/\"><strong>UNESCO<\/strong><\/a>, o\u00f9 elle est partenaire officiel des ONG depuis 2008.<\/p>\n<p>Le bureau contribue \u00e0 des initiatives dans les domaines de <strong>l&rsquo;\u00e9ducation \u00e0 la paix, de la citoyennet\u00e9 mondiale, de l&rsquo;engagement des jeunes, du dialogue interculturel et interreligieux, de la protection des oc\u00e9ans et de l\u2019\u00e9thique de l\u2019intelligence artificielle.<\/strong><\/p>\n","protected":false},"excerpt":{"rendered":"<p>Le bureau de repr\u00e9sentation de New Humanity \u00e0 Paris coordonne les activit\u00e9s de l&rsquo;organisation aupr\u00e8s de l&rsquo;UNESCO, o\u00f9 elle est partenaire officiel des ONG depuis 2008. Le bureau contribue \u00e0 des initiatives dans les domaines de l&rsquo;\u00e9ducation \u00e0 la paix, de la citoyennet\u00e9 mondiale, de l&rsquo;engagement des jeunes, du dialogue interculturel et interreligieux, de la [&hellip;]<\/p>\n","protected":false},"author":1,"featured_media":0,"parent":744,"menu_order":4,"comment_status":"closed","ping_status":"closed","template":"inc\/pagina-centrale.php","meta":{"ngg_post_thumbnail":0,"footnotes":""},"acf":[],"yoast_head":"<!-- This site is optimized with the Yoast SEO plugin v21.9.1 - https:\/\/yoast.com\/wordpress\/plugins\/seo\/ -->\n<title>Paris | New Humanity<\/title>\n<meta name=\"description\" content=\"Le bureau de repr\u00e9sentation de New Humanity \u00e0 Paris coordonne les activit\u00e9s de l&#039;organisation aupr\u00e8s de l&#039;UNESCO, o\u00f9 elle est partenaire officiel des ONG\" \/>\n<meta name=\"robots\" content=\"index, follow, max-snippet:-1, max-image-preview:large, max-video-preview:-1\" \/>\n<link rel=\"canonical\" href=\"https:\/\/www.new-humanity.org\/fr\/ou-nous-sommes\/paris\/\" \/>\n<meta property=\"og:locale\" content=\"fr_FR\" \/>\n<meta property=\"og:type\" content=\"article\" \/>\n<meta property=\"og:title\" content=\"Paris | New Humanity\" \/>\n<meta property=\"og:description\" content=\"Le bureau de repr\u00e9sentation de New Humanity \u00e0 Paris coordonne les activit\u00e9s de l&#039;organisation aupr\u00e8s de l&#039;UNESCO, o\u00f9 elle est partenaire officiel des ONG\" \/>\n<meta property=\"og:url\" content=\"https:\/\/www.new-humanity.org\/fr\/ou-nous-sommes\/paris\/\" \/>\n<meta property=\"og:site_name\" content=\"New Humanity\" \/>\n<meta property=\"article:modified_time\" content=\"2026-04-21T12:30:03+00:00\" \/>\n<meta name=\"twitter:card\" content=\"summary_large_image\" \/>\n<meta name=\"twitter:label1\" content=\"Dur\u00e9e de lecture estim\u00e9e\" \/>\n\t<meta name=\"twitter:data1\" content=\"2 minutes\" \/>\n<script type=\"application\/ld+json\" class=\"yoast-schema-graph\">{\"@context\":\"https:\/\/schema.org\",\"@graph\":[{\"@type\":\"WebPage\",\"@id\":\"https:\/\/www.new-humanity.org\/fr\/ou-nous-sommes\/paris\/\",\"url\":\"https:\/\/www.new-humanity.org\/fr\/ou-nous-sommes\/paris\/\",\"name\":\"Paris | New Humanity\",\"isPartOf\":{\"@id\":\"https:\/\/www.new-humanity.org\/fr\/#website\"},\"datePublished\":\"2019-06-04T07:16:10+00:00\",\"dateModified\":\"2026-04-21T12:30:03+00:00\",\"description\":\"Le bureau de repr\u00e9sentation de New Humanity \u00e0 Paris coordonne les activit\u00e9s de l'organisation aupr\u00e8s de l'UNESCO, o\u00f9 elle est partenaire officiel des ONG\",\"breadcrumb\":{\"@id\":\"https:\/\/www.new-humanity.org\/fr\/ou-nous-sommes\/paris\/#breadcrumb\"},\"inLanguage\":\"fr-FR\",\"potentialAction\":[{\"@type\":\"ReadAction\",\"target\":[\"https:\/\/www.new-humanity.org\/fr\/ou-nous-sommes\/paris\/\"]}]},{\"@type\":\"BreadcrumbList\",\"@id\":\"https:\/\/www.new-humanity.org\/fr\/ou-nous-sommes\/paris\/#breadcrumb\",\"itemListElement\":[{\"@type\":\"ListItem\",\"position\":1,\"name\":\"Home\",\"item\":\"https:\/\/www.new-humanity.org\/fr\/\"},{\"@type\":\"ListItem\",\"position\":2,\"name\":\"O\u00f9 nous sommes\",\"item\":\"https:\/\/www.new-humanity.org\/fr\/ou-nous-sommes\/\"},{\"@type\":\"ListItem\",\"position\":3,\"name\":\"Paris\"}]},{\"@type\":\"WebSite\",\"@id\":\"https:\/\/www.new-humanity.org\/fr\/#website\",\"url\":\"https:\/\/www.new-humanity.org\/fr\/\",\"name\":\"New Humanity\",\"description\":\"Per un mondo unito\",\"publisher\":{\"@id\":\"https:\/\/www.new-humanity.org\/fr\/#organization\"},\"potentialAction\":[{\"@type\":\"SearchAction\",\"target\":{\"@type\":\"EntryPoint\",\"urlTemplate\":\"https:\/\/www.new-humanity.org\/fr\/?s={search_term_string}\"},\"query-input\":\"required name=search_term_string\"}],\"inLanguage\":\"fr-FR\"},{\"@type\":\"Organization\",\"@id\":\"https:\/\/www.new-humanity.org\/fr\/#organization\",\"name\":\"New Humanity\",\"url\":\"https:\/\/www.new-humanity.org\/fr\/\",\"logo\":{\"@type\":\"ImageObject\",\"inLanguage\":\"fr-FR\",\"@id\":\"https:\/\/www.new-humanity.org\/fr\/#\/schema\/logo\/image\/\",\"url\":\"https:\/\/www.new-humanity.org\/wp-content\/uploads\/2022\/01\/logo.jpg\",\"contentUrl\":\"https:\/\/www.new-humanity.org\/wp-content\/uploads\/2022\/01\/logo.jpg\",\"width\":520,\"height\":128,\"caption\":\"New Humanity\"},\"image\":{\"@id\":\"https:\/\/www.new-humanity.org\/fr\/#\/schema\/logo\/image\/\"}}]}<\/script>\n<!-- \/ Yoast SEO plugin. -->","yoast_head_json":{"title":"Paris | New Humanity","description":"Le bureau de repr\u00e9sentation de New Humanity \u00e0 Paris coordonne les activit\u00e9s de l'organisation aupr\u00e8s de l'UNESCO, o\u00f9 elle est partenaire officiel des ONG","robots":{"index":"index","follow":"follow","max-snippet":"max-snippet:-1","max-image-preview":"max-image-preview:large","max-video-preview":"max-video-preview:-1"},"canonical":"https:\/\/www.new-humanity.org\/fr\/ou-nous-sommes\/paris\/","og_locale":"fr_FR","og_type":"article","og_title":"Paris | New Humanity","og_description":"Le bureau de repr\u00e9sentation de New Humanity \u00e0 Paris coordonne les activit\u00e9s de l'organisation aupr\u00e8s de l'UNESCO, o\u00f9 elle est partenaire officiel des ONG","og_url":"https:\/\/www.new-humanity.org\/fr\/ou-nous-sommes\/paris\/","og_site_name":"New Humanity","article_modified_time":"2026-04-21T12:30:03+00:00","twitter_card":"summary_large_image","twitter_misc":{"Dur\u00e9e de lecture estim\u00e9e":"2 minutes"},"schema":{"@context":"https:\/\/schema.org","@graph":[{"@type":"WebPage","@id":"https:\/\/www.new-humanity.org\/fr\/ou-nous-sommes\/paris\/","url":"https:\/\/www.new-humanity.org\/fr\/ou-nous-sommes\/paris\/","name":"Paris | New Humanity","isPartOf":{"@id":"https:\/\/www.new-humanity.org\/fr\/#website"},"datePublished":"2019-06-04T07:16:10+00:00","dateModified":"2026-04-21T12:30:03+00:00","description":"Le bureau de repr\u00e9sentation de New Humanity \u00e0 Paris coordonne les activit\u00e9s de l'organisation aupr\u00e8s de l'UNESCO, o\u00f9 elle est partenaire officiel des ONG","breadcrumb":{"@id":"https:\/\/www.new-humanity.org\/fr\/ou-nous-sommes\/paris\/#breadcrumb"},"inLanguage":"fr-FR","potentialAction":[{"@type":"ReadAction","target":["https:\/\/www.new-humanity.org\/fr\/ou-nous-sommes\/paris\/"]}]},{"@type":"BreadcrumbList","@id":"https:\/\/www.new-humanity.org\/fr\/ou-nous-sommes\/paris\/#breadcrumb","itemListElement":[{"@type":"ListItem","position":1,"name":"Home","item":"https:\/\/www.new-humanity.org\/fr\/"},{"@type":"ListItem","position":2,"name":"O\u00f9 nous sommes","item":"https:\/\/www.new-humanity.org\/fr\/ou-nous-sommes\/"},{"@type":"ListItem","position":3,"name":"Paris"}]},{"@type":"WebSite","@id":"https:\/\/www.new-humanity.org\/fr\/#website","url":"https:\/\/www.new-humanity.org\/fr\/","name":"New Humanity","description":"Per un mondo unito","publisher":{"@id":"https:\/\/www.new-humanity.org\/fr\/#organization"},"potentialAction":[{"@type":"SearchAction","target":{"@type":"EntryPoint","urlTemplate":"https:\/\/www.new-humanity.org\/fr\/?s={search_term_string}"},"query-input":"required name=search_term_string"}],"inLanguage":"fr-FR"},{"@type":"Organization","@id":"https:\/\/www.new-humanity.org\/fr\/#organization","name":"New Humanity","url":"https:\/\/www.new-humanity.org\/fr\/","logo":{"@type":"ImageObject","inLanguage":"fr-FR","@id":"https:\/\/www.new-humanity.org\/fr\/#\/schema\/logo\/image\/","url":"https:\/\/www.new-humanity.org\/wp-content\/uploads\/2022\/01\/logo.jpg","contentUrl":"https:\/\/www.new-humanity.org\/wp-content\/uploads\/2022\/01\/logo.jpg","width":520,"height":128,"caption":"New Humanity"},"image":{"@id":"https:\/\/www.new-humanity.org\/fr\/#\/schema\/logo\/image\/"}}]}},"_links":{"self":[{"href":"https:\/\/www.new-humanity.org\/fr\/wp-json\/wp\/v2\/pages\/776"}],"collection":[{"href":"https:\/\/www.new-humanity.org\/fr\/wp-json\/wp\/v2\/pages"}],"about":[{"href":"https:\/\/www.new-humanity.org\/fr\/wp-json\/wp\/v2\/types\/page"}],"author":[{"embeddable":true,"href":"https:\/\/www.new-humanity.org\/fr\/wp-json\/wp\/v2\/users\/1"}],"replies":[{"embeddable":true,"href":"https:\/\/www.new-humanity.org\/fr\/wp-json\/wp\/v2\/comments?post=776"}],"version-history":[{"count":11,"href":"https:\/\/www.new-humanity.org\/fr\/wp-json\/wp\/v2\/pages\/776\/revisions"}],"predecessor-version":[{"id":12920,"href":"https:\/\/www.new-humanity.org\/fr\/wp-json\/wp\/v2\/pages\/776\/revisions\/12920"}],"up":[{"embeddable":true,"href":"https:\/\/www.new-humanity.org\/fr\/wp-json\/wp\/v2\/pages\/744"}],"wp:attachment":[{"href":"https:\/\/www.new-humanity.org\/fr\/wp-json\/wp\/v2\/media?parent=776"}],"curies":[{"name":"wp","href":"https:\/\/api.w.org\/{rel}","templated":true}]}}