{"id":789,"date":"2019-04-19T09:29:05","date_gmt":"2019-04-19T07:29:05","guid":{"rendered":"http:\/\/www.new-humanity.org\/?page_id=789"},"modified":"2025-06-25T11:56:20","modified_gmt":"2025-06-25T09:56:20","slug":"developpement-economique-et-social","status":"publish","type":"page","link":"https:\/\/www.new-humanity.org\/fr\/domaines-dintervention\/developpement-economique-et-social\/","title":{"rendered":"D\u00e9veloppement durable \u00e9conomique, social et culturel"},"content":{"rendered":"<p><img decoding=\"async\" loading=\"lazy\" class=\"aligncenter wp-image-5204 size-full\" src=\"https:\/\/www.new-humanity.org\/wp-content\/uploads\/2020\/08\/Youth_Action.jpg\" alt=\"\" width=\"869\" height=\"486\" srcset=\"https:\/\/www.new-humanity.org\/wp-content\/uploads\/2020\/08\/Youth_Action.jpg 869w, https:\/\/www.new-humanity.org\/wp-content\/uploads\/2020\/08\/Youth_Action-300x168.jpg 300w, https:\/\/www.new-humanity.org\/wp-content\/uploads\/2020\/08\/Youth_Action-768x430.jpg 768w\" sizes=\"(max-width: 869px) 100vw, 869px\" \/><\/p>\n<p class=\"\" data-start=\"58\" data-end=\"453\">New Humanity soutient un d\u00e9veloppement \u00e9conomique juste et \u00e9quitable, compatible avec la protection et le respect de l\u2019environnement et des ressources naturelles, garantissant aux g\u00e9n\u00e9rations futures la possibilit\u00e9 de r\u00e9aliser leur potentiel. Elle coop\u00e8re avec d&rsquo;autres organisations et agences pour favoriser une croissance \u00e9conomique et environnementale socialement durable dans tous les pays.<\/p>\n<p class=\"\" data-start=\"455\" data-end=\"889\">Une \u00e9conomie inclusive fond\u00e9e sur la culture du don et du partage au service des plus vuln\u00e9rables. Lutte contre la pauvret\u00e9 : des enfants mobilis\u00e9s contre la faim dans le monde entier. Accueil et partage avec les migrants, insertion sociale et professionnelle sur le territoire. Recherche et formation sur les questions \u00e9cologiques. Aide humanitaire, interventions cibl\u00e9es lors de catastrophes naturelles et dans les zones de conflit.<\/p>\n<p class=\"\" data-start=\"3873\" data-end=\"3893\"><strong data-start=\"891\" data-end=\"917\">Th\u00e9matiques abord\u00e9es :<\/strong><\/p>\n<ul data-start=\"3895\" data-end=\"4398\">\n<li class=\"\" data-start=\"3895\" data-end=\"3948\">\n<p class=\"\" data-start=\"3897\" data-end=\"3948\">D\u00e9veloppement \u00e9conomique et finance (ODD 8, 9, 10, 16, 17)<\/p>\n<\/li>\n<li class=\"\" data-start=\"3895\" data-end=\"3948\">\n<p class=\"\" data-start=\"3897\" data-end=\"3948\">Acc\u00e8s \u00e0 l&rsquo;information et au savoir (y compris technologies num\u00e9riques, \u00e9thique de l\u2019intelligence artificielle) (ODD 10, 16, 17)<\/p>\n<\/li>\n<li class=\"\" data-start=\"3895\" data-end=\"3948\">\n<p class=\"\" data-start=\"3897\" data-end=\"3948\">Solidarit\u00e9 internationale et migration (ODD 1, 2, 10, 11, 16, 17)<\/p>\n<\/li>\n<li class=\"\" data-start=\"3895\" data-end=\"3948\">\n<p class=\"\" data-start=\"3897\" data-end=\"3948\">\u00c9ducation \u00e0 la sant\u00e9 (ODD 3, 4, 17)<\/p>\n<\/li>\n<li class=\"\" data-start=\"3895\" data-end=\"3948\">\n<p class=\"\" data-start=\"3897\" data-end=\"3948\">\u00c9cologie (ODD 3, 6, 7, 8, 10, 11, 12, 13, 14, 15, 17)<\/p>\n<\/li>\n<li class=\"\" data-start=\"3895\" data-end=\"3948\">\n<p class=\"\" data-start=\"3897\" data-end=\"3948\">Changement climatique (ODD 1, 2, 3, 6, 7, 8, 10, 11, 12, 13, 14, 15, 17)<\/p>\n<\/li>\n<li class=\"\" data-start=\"3895\" data-end=\"3948\">\n<p class=\"\" data-start=\"3897\" data-end=\"3948\">Justice climatique (ODD 1, 2, 3, 4, 6, 7, 8, 9, 10, 11, 12, 13, 14, 15, 16, 17)<\/p>\n<\/li>\n<li class=\"\" data-start=\"3895\" data-end=\"3948\">\n<p class=\"\" data-start=\"3897\" data-end=\"3948\">Sviluppo Economico e Finanza (SDG 8, 9, 10, 16, 17)<\/p>\n<\/li>\n<\/ul>\n<p class=\"\" data-start=\"4400\" data-end=\"4417\"><strong data-start=\"4400\" data-end=\"4417\">R\u00e9seaux:<\/strong><\/p>\n<ul data-start=\"4419\" data-end=\"4843\">\n<li class=\"\" data-start=\"4419\" data-end=\"4463\">\n<p class=\"\" data-start=\"4421\" data-end=\"4463\"><strong><a href=\"http:\/\/www.edc-online.org\" target=\"_blank\" rel=\"noopener\">\u00c9conomie de Communion<\/a>&nbsp;<\/strong><\/p>\n<\/li>\n<li class=\"\" data-start=\"4464\" data-end=\"4511\">\n<p class=\"\" data-start=\"4466\" data-end=\"4511\"><strong><a href=\"http:\/\/www.mppu.org\" target=\"_blank\" rel=\"noopener\">Mouvement Politique pour l\u2019Unit\u00e9<\/a>&nbsp;<\/strong><\/p>\n<\/li>\n<li class=\"\" data-start=\"4512\" data-end=\"4594\">\n<p class=\"\" data-start=\"4514\" data-end=\"4594\"><strong><a href=\"http:\/\/www.focolare.org\/en\/in-dialogue\/#indialogue\" target=\"_blank\" rel=\"noopener\">Dialogue culturel et interreligieux<\/a>&nbsp;<\/strong><\/p>\n<\/li>\n<li class=\"\" data-start=\"4595\" data-end=\"4643\">\n<p class=\"\" data-start=\"4597\" data-end=\"4643\"><strong><a href=\"http:\/\/www.ecoone.org\" target=\"_blank\" rel=\"noopener\">EcoOne \u2013 Unit\u00e9 \u00e9cologique<\/a>&nbsp;<\/strong><\/p>\n<\/li>\n<li class=\"\" data-start=\"4644\" data-end=\"4690\">\n<p class=\"\" data-start=\"4646\" data-end=\"4690\"><strong><a href=\"http:\/\/www.mdc-net.org\" target=\"_blank\" rel=\"noopener\">M\u00e9decine-Dialogue-Communion<\/a>&nbsp;<\/strong><\/p>\n<\/li>\n<li class=\"\" data-start=\"4691\" data-end=\"4760\">\n<p class=\"\" data-start=\"4693\" data-end=\"4760\"><strong><a href=\"http:\/\/www.net-one.org\" target=\"_blank\" rel=\"noopener\">NetOne \u2013 M\u00e9dias et communication pour un monde uni<\/a>&nbsp;<\/strong><\/p>\n<\/li>\n<li class=\"\" data-start=\"4761\" data-end=\"4794\">\n<p class=\"\" data-start=\"4763\" data-end=\"4794\"><strong>SportMeet<\/strong><\/p>\n<\/li>\n<li class=\"\" data-start=\"4795\" data-end=\"4843\">\n<p class=\"\" data-start=\"4797\" data-end=\"4843\"><strong>Architecture<\/strong><\/p>\n<\/li>\n<\/ul>\n","protected":false},"excerpt":{"rendered":"<p>New Humanity soutient un d\u00e9veloppement \u00e9conomique juste et \u00e9quitable, compatible avec la protection et le respect de l\u2019environnement et des ressources naturelles, garantissant aux g\u00e9n\u00e9rations futures la possibilit\u00e9 de r\u00e9aliser leur potentiel. Elle coop\u00e8re avec d&rsquo;autres organisations et agences pour favoriser une croissance \u00e9conomique et environnementale socialement durable dans tous les pays. Une \u00e9conomie inclusive [&hellip;]<\/p>\n","protected":false},"author":1,"featured_media":0,"parent":787,"menu_order":3,"comment_status":"closed","ping_status":"closed","template":"","meta":{"ngg_post_thumbnail":0,"footnotes":""},"acf":[],"yoast_head":"<!-- This site is optimized with the Yoast SEO plugin v21.9.1 - https:\/\/yoast.com\/wordpress\/plugins\/seo\/ -->\n<title>D\u00e9veloppement durable \u00e9conomique, social et culturel | New Humanity<\/title>\n<meta name=\"description\" content=\"New Humanity soutient un d\u00e9veloppement \u00e9conomique juste et \u00e9quitable, compatible avec la protection et le respect de l\u2019environnement et des ressources\" \/>\n<meta name=\"robots\" content=\"index, follow, max-snippet:-1, max-image-preview:large, max-video-preview:-1\" \/>\n<link rel=\"canonical\" href=\"https:\/\/www.new-humanity.org\/fr\/domaines-dintervention\/developpement-economique-et-social\/\" \/>\n<meta property=\"og:locale\" content=\"fr_FR\" \/>\n<meta property=\"og:type\" content=\"article\" \/>\n<meta property=\"og:title\" content=\"D\u00e9veloppement durable \u00e9conomique, social et culturel | New Humanity\" \/>\n<meta property=\"og:description\" content=\"New Humanity soutient un d\u00e9veloppement \u00e9conomique juste et \u00e9quitable, compatible avec la protection et le respect de l\u2019environnement et des ressources\" \/>\n<meta property=\"og:url\" content=\"https:\/\/www.new-humanity.org\/fr\/domaines-dintervention\/developpement-economique-et-social\/\" \/>\n<meta property=\"og:site_name\" content=\"New Humanity\" \/>\n<meta property=\"article:modified_time\" content=\"2025-06-25T09:56:20+00:00\" \/>\n<meta property=\"og:image\" content=\"https:\/\/www.new-humanity.org\/wp-content\/uploads\/2020\/08\/Youth_Action.jpg\" \/>\n<meta name=\"twitter:card\" content=\"summary_large_image\" \/>\n<meta name=\"twitter:label1\" content=\"Dur\u00e9e de lecture estim\u00e9e\" \/>\n\t<meta name=\"twitter:data1\" content=\"2 minutes\" \/>\n<script type=\"application\/ld+json\" class=\"yoast-schema-graph\">{\"@context\":\"https:\/\/schema.org\",\"@graph\":[{\"@type\":\"WebPage\",\"@id\":\"https:\/\/www.new-humanity.org\/fr\/domaines-dintervention\/developpement-economique-et-social\/\",\"url\":\"https:\/\/www.new-humanity.org\/fr\/domaines-dintervention\/developpement-economique-et-social\/\",\"name\":\"D\u00e9veloppement durable \u00e9conomique, social et culturel | New Humanity\",\"isPartOf\":{\"@id\":\"https:\/\/www.new-humanity.org\/fr\/#website\"},\"datePublished\":\"2019-04-19T07:29:05+00:00\",\"dateModified\":\"2025-06-25T09:56:20+00:00\",\"description\":\"New Humanity soutient un d\u00e9veloppement \u00e9conomique juste et \u00e9quitable, compatible avec la protection et le respect de l\u2019environnement et des ressources\",\"breadcrumb\":{\"@id\":\"https:\/\/www.new-humanity.org\/fr\/domaines-dintervention\/developpement-economique-et-social\/#breadcrumb\"},\"inLanguage\":\"fr-FR\",\"potentialAction\":[{\"@type\":\"ReadAction\",\"target\":[\"https:\/\/www.new-humanity.org\/fr\/domaines-dintervention\/developpement-economique-et-social\/\"]}]},{\"@type\":\"BreadcrumbList\",\"@id\":\"https:\/\/www.new-humanity.org\/fr\/domaines-dintervention\/developpement-economique-et-social\/#breadcrumb\",\"itemListElement\":[{\"@type\":\"ListItem\",\"position\":1,\"name\":\"Home\",\"item\":\"https:\/\/www.new-humanity.org\/fr\/\"},{\"@type\":\"ListItem\",\"position\":2,\"name\":\"Champs d&rsquo;action\",\"item\":\"https:\/\/www.new-humanity.org\/fr\/domaines-dintervention\/\"},{\"@type\":\"ListItem\",\"position\":3,\"name\":\"D\u00e9veloppement durable \u00e9conomique, social et culturel\"}]},{\"@type\":\"WebSite\",\"@id\":\"https:\/\/www.new-humanity.org\/fr\/#website\",\"url\":\"https:\/\/www.new-humanity.org\/fr\/\",\"name\":\"New Humanity\",\"description\":\"Per un mondo unito\",\"publisher\":{\"@id\":\"https:\/\/www.new-humanity.org\/fr\/#organization\"},\"potentialAction\":[{\"@type\":\"SearchAction\",\"target\":{\"@type\":\"EntryPoint\",\"urlTemplate\":\"https:\/\/www.new-humanity.org\/fr\/?s={search_term_string}\"},\"query-input\":\"required name=search_term_string\"}],\"inLanguage\":\"fr-FR\"},{\"@type\":\"Organization\",\"@id\":\"https:\/\/www.new-humanity.org\/fr\/#organization\",\"name\":\"New Humanity\",\"url\":\"https:\/\/www.new-humanity.org\/fr\/\",\"logo\":{\"@type\":\"ImageObject\",\"inLanguage\":\"fr-FR\",\"@id\":\"https:\/\/www.new-humanity.org\/fr\/#\/schema\/logo\/image\/\",\"url\":\"https:\/\/www.new-humanity.org\/wp-content\/uploads\/2022\/01\/logo.jpg\",\"contentUrl\":\"https:\/\/www.new-humanity.org\/wp-content\/uploads\/2022\/01\/logo.jpg\",\"width\":520,\"height\":128,\"caption\":\"New Humanity\"},\"image\":{\"@id\":\"https:\/\/www.new-humanity.org\/fr\/#\/schema\/logo\/image\/\"}}]}<\/script>\n<!-- \/ Yoast SEO plugin. -->","yoast_head_json":{"title":"D\u00e9veloppement durable \u00e9conomique, social et culturel | New Humanity","description":"New Humanity soutient un d\u00e9veloppement \u00e9conomique juste et \u00e9quitable, compatible avec la protection et le respect de l\u2019environnement et des ressources","robots":{"index":"index","follow":"follow","max-snippet":"max-snippet:-1","max-image-preview":"max-image-preview:large","max-video-preview":"max-video-preview:-1"},"canonical":"https:\/\/www.new-humanity.org\/fr\/domaines-dintervention\/developpement-economique-et-social\/","og_locale":"fr_FR","og_type":"article","og_title":"D\u00e9veloppement durable \u00e9conomique, social et culturel | New Humanity","og_description":"New Humanity soutient un d\u00e9veloppement \u00e9conomique juste et \u00e9quitable, compatible avec la protection et le respect de l\u2019environnement et des ressources","og_url":"https:\/\/www.new-humanity.org\/fr\/domaines-dintervention\/developpement-economique-et-social\/","og_site_name":"New Humanity","article_modified_time":"2025-06-25T09:56:20+00:00","og_image":[{"url":"https:\/\/www.new-humanity.org\/wp-content\/uploads\/2020\/08\/Youth_Action.jpg"}],"twitter_card":"summary_large_image","twitter_misc":{"Dur\u00e9e de lecture estim\u00e9e":"2 minutes"},"schema":{"@context":"https:\/\/schema.org","@graph":[{"@type":"WebPage","@id":"https:\/\/www.new-humanity.org\/fr\/domaines-dintervention\/developpement-economique-et-social\/","url":"https:\/\/www.new-humanity.org\/fr\/domaines-dintervention\/developpement-economique-et-social\/","name":"D\u00e9veloppement durable \u00e9conomique, social et culturel | New Humanity","isPartOf":{"@id":"https:\/\/www.new-humanity.org\/fr\/#website"},"datePublished":"2019-04-19T07:29:05+00:00","dateModified":"2025-06-25T09:56:20+00:00","description":"New Humanity soutient un d\u00e9veloppement \u00e9conomique juste et \u00e9quitable, compatible avec la protection et le respect de l\u2019environnement et des ressources","breadcrumb":{"@id":"https:\/\/www.new-humanity.org\/fr\/domaines-dintervention\/developpement-economique-et-social\/#breadcrumb"},"inLanguage":"fr-FR","potentialAction":[{"@type":"ReadAction","target":["https:\/\/www.new-humanity.org\/fr\/domaines-dintervention\/developpement-economique-et-social\/"]}]},{"@type":"BreadcrumbList","@id":"https:\/\/www.new-humanity.org\/fr\/domaines-dintervention\/developpement-economique-et-social\/#breadcrumb","itemListElement":[{"@type":"ListItem","position":1,"name":"Home","item":"https:\/\/www.new-humanity.org\/fr\/"},{"@type":"ListItem","position":2,"name":"Champs d&rsquo;action","item":"https:\/\/www.new-humanity.org\/fr\/domaines-dintervention\/"},{"@type":"ListItem","position":3,"name":"D\u00e9veloppement durable \u00e9conomique, social et culturel"}]},{"@type":"WebSite","@id":"https:\/\/www.new-humanity.org\/fr\/#website","url":"https:\/\/www.new-humanity.org\/fr\/","name":"New Humanity","description":"Per un mondo unito","publisher":{"@id":"https:\/\/www.new-humanity.org\/fr\/#organization"},"potentialAction":[{"@type":"SearchAction","target":{"@type":"EntryPoint","urlTemplate":"https:\/\/www.new-humanity.org\/fr\/?s={search_term_string}"},"query-input":"required name=search_term_string"}],"inLanguage":"fr-FR"},{"@type":"Organization","@id":"https:\/\/www.new-humanity.org\/fr\/#organization","name":"New Humanity","url":"https:\/\/www.new-humanity.org\/fr\/","logo":{"@type":"ImageObject","inLanguage":"fr-FR","@id":"https:\/\/www.new-humanity.org\/fr\/#\/schema\/logo\/image\/","url":"https:\/\/www.new-humanity.org\/wp-content\/uploads\/2022\/01\/logo.jpg","contentUrl":"https:\/\/www.new-humanity.org\/wp-content\/uploads\/2022\/01\/logo.jpg","width":520,"height":128,"caption":"New Humanity"},"image":{"@id":"https:\/\/www.new-humanity.org\/fr\/#\/schema\/logo\/image\/"}}]}},"_links":{"self":[{"href":"https:\/\/www.new-humanity.org\/fr\/wp-json\/wp\/v2\/pages\/789"}],"collection":[{"href":"https:\/\/www.new-humanity.org\/fr\/wp-json\/wp\/v2\/pages"}],"about":[{"href":"https:\/\/www.new-humanity.org\/fr\/wp-json\/wp\/v2\/types\/page"}],"author":[{"embeddable":true,"href":"https:\/\/www.new-humanity.org\/fr\/wp-json\/wp\/v2\/users\/1"}],"replies":[{"embeddable":true,"href":"https:\/\/www.new-humanity.org\/fr\/wp-json\/wp\/v2\/comments?post=789"}],"version-history":[{"count":9,"href":"https:\/\/www.new-humanity.org\/fr\/wp-json\/wp\/v2\/pages\/789\/revisions"}],"predecessor-version":[{"id":11452,"href":"https:\/\/www.new-humanity.org\/fr\/wp-json\/wp\/v2\/pages\/789\/revisions\/11452"}],"up":[{"embeddable":true,"href":"https:\/\/www.new-humanity.org\/fr\/wp-json\/wp\/v2\/pages\/787"}],"wp:attachment":[{"href":"https:\/\/www.new-humanity.org\/fr\/wp-json\/wp\/v2\/media?parent=789"}],"curies":[{"name":"wp","href":"https:\/\/api.w.org\/{rel}","templated":true}]}}