{"id":794,"date":"2019-04-19T09:29:13","date_gmt":"2019-04-19T07:29:13","guid":{"rendered":"http:\/\/www.new-humanity.org\/?page_id=794"},"modified":"2025-05-14T17:51:42","modified_gmt":"2025-05-14T15:51:42","slug":"droits-de-lhomme","status":"publish","type":"page","link":"https:\/\/www.new-humanity.org\/fr\/domaines-dintervention\/droits-de-lhomme\/","title":{"rendered":"Droits humains"},"content":{"rendered":"<p><img decoding=\"async\" loading=\"lazy\" class=\"alignnone size-full wp-image-222\" src=\"https:\/\/www.new-humanity.org\/wp-content\/uploads\/2019\/05\/diritti-umani.jpg\" alt=\"diritti umani\" width=\"1024\" height=\"646\" srcset=\"https:\/\/www.new-humanity.org\/wp-content\/uploads\/2019\/05\/diritti-umani.jpg 1024w, https:\/\/www.new-humanity.org\/wp-content\/uploads\/2019\/05\/diritti-umani-300x189.jpg 300w, https:\/\/www.new-humanity.org\/wp-content\/uploads\/2019\/05\/diritti-umani-768x485.jpg 768w\" sizes=\"(max-width: 1024px) 100vw, 1024px\" \/><\/p>\n<p class=\"\" data-start=\"20\" data-end=\"443\">La mission de New Humanity est de contribuer \u00e0 l\u2019unit\u00e9 de la famille humaine, dans le plein respect de l\u2019identit\u00e9 de chacun de ses membres. Elle soutient la valeur et la dignit\u00e9 de chaque personne ainsi que l\u2019inali\u00e9nabilit\u00e9 de ses droits universels \u2013 droits politiques, civils, sociaux et culturels \u2013 en particulier pour les personnes les plus vuln\u00e9rables (enfants, femmes, migrants, r\u00e9fugi\u00e9s, personnes handicap\u00e9es, etc.).<\/p>\n<p class=\"\" data-start=\"445\" data-end=\"729\">L\u2019engagement \u00e0 diffuser l\u2019esprit de fraternit\u00e9 universelle et l\u2019id\u00e9e d\u2019un monde uni se concr\u00e9tise \u00e0 travers des forums, des actions de plaidoyer et des ateliers, aux niveaux local, national et international, mobilisant les personnes et les institutions pour la fraternit\u00e9 universelle.<\/p>\n<p class=\"\" data-start=\"934\" data-end=\"954\"><strong>Th\u00e8mes abord\u00e9s :<\/strong><\/p>\n<ul data-start=\"956\" data-end=\"1327\">\n<li class=\"\" data-start=\"1280\" data-end=\"1327\">\n<p class=\"\" data-start=\"1282\" data-end=\"1327\">Droit \u00e0 l\u2019\u00e9ducation (ODD 4)<\/p>\n<\/li>\n<li class=\"\" data-start=\"1280\" data-end=\"1327\">\n<p class=\"\" data-start=\"1282\" data-end=\"1327\">Droit au d\u00e9veloppement (ODD 3, 5, 8, 10, 16, 17)<\/p>\n<\/li>\n<li class=\"\" data-start=\"1280\" data-end=\"1327\">\n<p class=\"\" data-start=\"1282\" data-end=\"1327\">Droit \u00e0 la paix (ODD 16, 17)<\/p>\n<\/li>\n<li class=\"\" data-start=\"1280\" data-end=\"1327\">\n<p class=\"\" data-start=\"1282\" data-end=\"1327\">Solidarit\u00e9 internationale (ODD 1, 2, 10, 11, 16, 17)<\/p>\n<\/li>\n<li class=\"\" data-start=\"1280\" data-end=\"1327\">\n<p class=\"\" data-start=\"1282\" data-end=\"1327\">Droit \u00e0 la vie, \u00e0 la famille, \u00e0 l\u2019enfance \/ Droits des personnes \u00e2g\u00e9es \/ Droits des femmes (\u00e9ducation, d\u00e9veloppement, autonomisation) (ODD 3, 5, 10, 16, 17)<\/p>\n<\/li>\n<li class=\"\" data-start=\"1280\" data-end=\"1327\">\n<p class=\"\" data-start=\"1282\" data-end=\"1327\">Droit \u00e0 un environnement sain (ODD 3, 6, 13, 15)<\/p>\n<\/li>\n<\/ul>\n<p class=\"\" data-start=\"1329\" data-end=\"1346\"><strong>Partenariats :<\/strong><\/p>\n<ul data-start=\"1348\" data-end=\"1613\">\n<li class=\"\" data-start=\"1348\" data-end=\"1414\">\n<p class=\"\" data-start=\"1350\" data-end=\"1414\">Droit au d\u00e9veloppement : <strong><a href=\"http:\/\/www.amu-it.eu\" target=\"_blank\" rel=\"noopener\">Azione per un Mondo Unito<\/a>&nbsp;<\/strong><\/p>\n<\/li>\n<li class=\"\" data-start=\"1415\" data-end=\"1507\">\n<p class=\"\" data-start=\"1417\" data-end=\"1507\">Droits humains et solidarit\u00e9 internationale : <strong><a href=\"http:\/\/www.comunionediritto.org\" target=\"_blank\" rel=\"noopener\">Comunione e Diritto<\/a>; <\/strong><strong><a href=\"https:\/\/www.foruminternational.org\/\" target=\"_blank\" rel=\"noopener\">Forum Internazionale delle ONG di Ispirazione Cattolica<\/a><\/strong><\/p>\n<\/li>\n<li class=\"\" data-start=\"1508\" data-end=\"1613\">\n<p class=\"\" data-start=\"1510\" data-end=\"1613\">Droit \u00e0 l\u2019\u00e9ducation : <a href=\"http:\/\/www.eduforunity.org\" target=\"_blank\" rel=\"noopener\"><strong>Education for Unity<\/strong><\/a>; <a href=\"http:\/\/afnonlus.org\" target=\"_blank\" rel=\"noopener\"><strong>Azione Famiglie Nuove<\/strong><\/a>.&nbsp;<\/p>\n<\/li>\n<\/ul>\n","protected":false},"excerpt":{"rendered":"<p>La mission de New Humanity est de contribuer \u00e0 l\u2019unit\u00e9 de la famille humaine, dans le plein respect de l\u2019identit\u00e9 de chacun de ses membres. Elle soutient la valeur et la dignit\u00e9 de chaque personne ainsi que l\u2019inali\u00e9nabilit\u00e9 de ses droits universels \u2013 droits politiques, civils, sociaux et culturels \u2013 en particulier pour les personnes [&hellip;]<\/p>\n","protected":false},"author":1,"featured_media":0,"parent":787,"menu_order":1,"comment_status":"closed","ping_status":"closed","template":"","meta":{"ngg_post_thumbnail":0,"footnotes":""},"acf":[],"yoast_head":"<!-- This site is optimized with the Yoast SEO plugin v21.9.1 - https:\/\/yoast.com\/wordpress\/plugins\/seo\/ -->\n<title>Droits humains | New Humanity<\/title>\n<meta name=\"description\" content=\"La mission de New Humanity est de contribuer \u00e0 l\u2019unit\u00e9 de la famille humaine, dans le plein respect de l\u2019identit\u00e9 de chacun de ses membres. Elle soutient\" \/>\n<meta name=\"robots\" content=\"index, follow, max-snippet:-1, max-image-preview:large, max-video-preview:-1\" \/>\n<link rel=\"canonical\" href=\"https:\/\/www.new-humanity.org\/fr\/domaines-dintervention\/droits-de-lhomme\/\" \/>\n<meta property=\"og:locale\" content=\"fr_FR\" \/>\n<meta property=\"og:type\" content=\"article\" \/>\n<meta property=\"og:title\" content=\"Droits humains | New Humanity\" \/>\n<meta property=\"og:description\" content=\"La mission de New Humanity est de contribuer \u00e0 l\u2019unit\u00e9 de la famille humaine, dans le plein respect de l\u2019identit\u00e9 de chacun de ses membres. Elle soutient\" \/>\n<meta property=\"og:url\" content=\"https:\/\/www.new-humanity.org\/fr\/domaines-dintervention\/droits-de-lhomme\/\" \/>\n<meta property=\"og:site_name\" content=\"New Humanity\" \/>\n<meta property=\"article:modified_time\" content=\"2025-05-14T15:51:42+00:00\" \/>\n<meta property=\"og:image\" content=\"https:\/\/www.new-humanity.org\/wp-content\/uploads\/2019\/05\/diritti-umani.jpg\" \/>\n<meta name=\"twitter:card\" content=\"summary_large_image\" \/>\n<meta name=\"twitter:label1\" content=\"Dur\u00e9e de lecture estim\u00e9e\" \/>\n\t<meta name=\"twitter:data1\" content=\"2 minutes\" \/>\n<script type=\"application\/ld+json\" class=\"yoast-schema-graph\">{\"@context\":\"https:\/\/schema.org\",\"@graph\":[{\"@type\":\"WebPage\",\"@id\":\"https:\/\/www.new-humanity.org\/fr\/domaines-dintervention\/droits-de-lhomme\/\",\"url\":\"https:\/\/www.new-humanity.org\/fr\/domaines-dintervention\/droits-de-lhomme\/\",\"name\":\"Droits humains | New Humanity\",\"isPartOf\":{\"@id\":\"https:\/\/www.new-humanity.org\/fr\/#website\"},\"datePublished\":\"2019-04-19T07:29:13+00:00\",\"dateModified\":\"2025-05-14T15:51:42+00:00\",\"description\":\"La mission de New Humanity est de contribuer \u00e0 l\u2019unit\u00e9 de la famille humaine, dans le plein respect de l\u2019identit\u00e9 de chacun de ses membres. Elle soutient\",\"breadcrumb\":{\"@id\":\"https:\/\/www.new-humanity.org\/fr\/domaines-dintervention\/droits-de-lhomme\/#breadcrumb\"},\"inLanguage\":\"fr-FR\",\"potentialAction\":[{\"@type\":\"ReadAction\",\"target\":[\"https:\/\/www.new-humanity.org\/fr\/domaines-dintervention\/droits-de-lhomme\/\"]}]},{\"@type\":\"BreadcrumbList\",\"@id\":\"https:\/\/www.new-humanity.org\/fr\/domaines-dintervention\/droits-de-lhomme\/#breadcrumb\",\"itemListElement\":[{\"@type\":\"ListItem\",\"position\":1,\"name\":\"Home\",\"item\":\"https:\/\/www.new-humanity.org\/fr\/\"},{\"@type\":\"ListItem\",\"position\":2,\"name\":\"Champs d&rsquo;action\",\"item\":\"https:\/\/www.new-humanity.org\/fr\/domaines-dintervention\/\"},{\"@type\":\"ListItem\",\"position\":3,\"name\":\"Droits humains\"}]},{\"@type\":\"WebSite\",\"@id\":\"https:\/\/www.new-humanity.org\/fr\/#website\",\"url\":\"https:\/\/www.new-humanity.org\/fr\/\",\"name\":\"New Humanity\",\"description\":\"Per un mondo unito\",\"publisher\":{\"@id\":\"https:\/\/www.new-humanity.org\/fr\/#organization\"},\"potentialAction\":[{\"@type\":\"SearchAction\",\"target\":{\"@type\":\"EntryPoint\",\"urlTemplate\":\"https:\/\/www.new-humanity.org\/fr\/?s={search_term_string}\"},\"query-input\":\"required name=search_term_string\"}],\"inLanguage\":\"fr-FR\"},{\"@type\":\"Organization\",\"@id\":\"https:\/\/www.new-humanity.org\/fr\/#organization\",\"name\":\"New Humanity\",\"url\":\"https:\/\/www.new-humanity.org\/fr\/\",\"logo\":{\"@type\":\"ImageObject\",\"inLanguage\":\"fr-FR\",\"@id\":\"https:\/\/www.new-humanity.org\/fr\/#\/schema\/logo\/image\/\",\"url\":\"https:\/\/www.new-humanity.org\/wp-content\/uploads\/2022\/01\/logo.jpg\",\"contentUrl\":\"https:\/\/www.new-humanity.org\/wp-content\/uploads\/2022\/01\/logo.jpg\",\"width\":520,\"height\":128,\"caption\":\"New Humanity\"},\"image\":{\"@id\":\"https:\/\/www.new-humanity.org\/fr\/#\/schema\/logo\/image\/\"}}]}<\/script>\n<!-- \/ Yoast SEO plugin. -->","yoast_head_json":{"title":"Droits humains | New Humanity","description":"La mission de New Humanity est de contribuer \u00e0 l\u2019unit\u00e9 de la famille humaine, dans le plein respect de l\u2019identit\u00e9 de chacun de ses membres. Elle soutient","robots":{"index":"index","follow":"follow","max-snippet":"max-snippet:-1","max-image-preview":"max-image-preview:large","max-video-preview":"max-video-preview:-1"},"canonical":"https:\/\/www.new-humanity.org\/fr\/domaines-dintervention\/droits-de-lhomme\/","og_locale":"fr_FR","og_type":"article","og_title":"Droits humains | New Humanity","og_description":"La mission de New Humanity est de contribuer \u00e0 l\u2019unit\u00e9 de la famille humaine, dans le plein respect de l\u2019identit\u00e9 de chacun de ses membres. Elle soutient","og_url":"https:\/\/www.new-humanity.org\/fr\/domaines-dintervention\/droits-de-lhomme\/","og_site_name":"New Humanity","article_modified_time":"2025-05-14T15:51:42+00:00","og_image":[{"url":"https:\/\/www.new-humanity.org\/wp-content\/uploads\/2019\/05\/diritti-umani.jpg"}],"twitter_card":"summary_large_image","twitter_misc":{"Dur\u00e9e de lecture estim\u00e9e":"2 minutes"},"schema":{"@context":"https:\/\/schema.org","@graph":[{"@type":"WebPage","@id":"https:\/\/www.new-humanity.org\/fr\/domaines-dintervention\/droits-de-lhomme\/","url":"https:\/\/www.new-humanity.org\/fr\/domaines-dintervention\/droits-de-lhomme\/","name":"Droits humains | New Humanity","isPartOf":{"@id":"https:\/\/www.new-humanity.org\/fr\/#website"},"datePublished":"2019-04-19T07:29:13+00:00","dateModified":"2025-05-14T15:51:42+00:00","description":"La mission de New Humanity est de contribuer \u00e0 l\u2019unit\u00e9 de la famille humaine, dans le plein respect de l\u2019identit\u00e9 de chacun de ses membres. Elle soutient","breadcrumb":{"@id":"https:\/\/www.new-humanity.org\/fr\/domaines-dintervention\/droits-de-lhomme\/#breadcrumb"},"inLanguage":"fr-FR","potentialAction":[{"@type":"ReadAction","target":["https:\/\/www.new-humanity.org\/fr\/domaines-dintervention\/droits-de-lhomme\/"]}]},{"@type":"BreadcrumbList","@id":"https:\/\/www.new-humanity.org\/fr\/domaines-dintervention\/droits-de-lhomme\/#breadcrumb","itemListElement":[{"@type":"ListItem","position":1,"name":"Home","item":"https:\/\/www.new-humanity.org\/fr\/"},{"@type":"ListItem","position":2,"name":"Champs d&rsquo;action","item":"https:\/\/www.new-humanity.org\/fr\/domaines-dintervention\/"},{"@type":"ListItem","position":3,"name":"Droits humains"}]},{"@type":"WebSite","@id":"https:\/\/www.new-humanity.org\/fr\/#website","url":"https:\/\/www.new-humanity.org\/fr\/","name":"New Humanity","description":"Per un mondo unito","publisher":{"@id":"https:\/\/www.new-humanity.org\/fr\/#organization"},"potentialAction":[{"@type":"SearchAction","target":{"@type":"EntryPoint","urlTemplate":"https:\/\/www.new-humanity.org\/fr\/?s={search_term_string}"},"query-input":"required name=search_term_string"}],"inLanguage":"fr-FR"},{"@type":"Organization","@id":"https:\/\/www.new-humanity.org\/fr\/#organization","name":"New Humanity","url":"https:\/\/www.new-humanity.org\/fr\/","logo":{"@type":"ImageObject","inLanguage":"fr-FR","@id":"https:\/\/www.new-humanity.org\/fr\/#\/schema\/logo\/image\/","url":"https:\/\/www.new-humanity.org\/wp-content\/uploads\/2022\/01\/logo.jpg","contentUrl":"https:\/\/www.new-humanity.org\/wp-content\/uploads\/2022\/01\/logo.jpg","width":520,"height":128,"caption":"New Humanity"},"image":{"@id":"https:\/\/www.new-humanity.org\/fr\/#\/schema\/logo\/image\/"}}]}},"_links":{"self":[{"href":"https:\/\/www.new-humanity.org\/fr\/wp-json\/wp\/v2\/pages\/794"}],"collection":[{"href":"https:\/\/www.new-humanity.org\/fr\/wp-json\/wp\/v2\/pages"}],"about":[{"href":"https:\/\/www.new-humanity.org\/fr\/wp-json\/wp\/v2\/types\/page"}],"author":[{"embeddable":true,"href":"https:\/\/www.new-humanity.org\/fr\/wp-json\/wp\/v2\/users\/1"}],"replies":[{"embeddable":true,"href":"https:\/\/www.new-humanity.org\/fr\/wp-json\/wp\/v2\/comments?post=794"}],"version-history":[{"count":7,"href":"https:\/\/www.new-humanity.org\/fr\/wp-json\/wp\/v2\/pages\/794\/revisions"}],"predecessor-version":[{"id":11079,"href":"https:\/\/www.new-humanity.org\/fr\/wp-json\/wp\/v2\/pages\/794\/revisions\/11079"}],"up":[{"embeddable":true,"href":"https:\/\/www.new-humanity.org\/fr\/wp-json\/wp\/v2\/pages\/787"}],"wp:attachment":[{"href":"https:\/\/www.new-humanity.org\/fr\/wp-json\/wp\/v2\/media?parent=794"}],"curies":[{"name":"wp","href":"https:\/\/api.w.org\/{rel}","templated":true}]}}