{"id":800,"date":"2019-04-19T09:29:28","date_gmt":"2019-04-19T07:29:28","guid":{"rendered":"http:\/\/www.new-humanity.org\/?page_id=800"},"modified":"2025-05-14T17:34:04","modified_gmt":"2025-05-14T15:34:04","slug":"education-a-la-paix-et-citoyennete-globale","status":"publish","type":"page","link":"https:\/\/www.new-humanity.org\/fr\/domaines-dintervention\/education-a-la-paix-et-citoyennete-globale\/","title":{"rendered":"\u00c9ducation \u00e0 la paix, citoyennet\u00e9 mondiale et leadership des jeunes"},"content":{"rendered":"<p><img decoding=\"async\" loading=\"lazy\" class=\"alignnone size-full wp-image-224\" src=\"https:\/\/www.new-humanity.org\/wp-content\/uploads\/2019\/05\/educazione-alla-pace.jpg\" alt=\"Educazione alla pace\" width=\"1024\" height=\"646\" srcset=\"https:\/\/www.new-humanity.org\/wp-content\/uploads\/2019\/05\/educazione-alla-pace.jpg 1024w, https:\/\/www.new-humanity.org\/wp-content\/uploads\/2019\/05\/educazione-alla-pace-300x189.jpg 300w, https:\/\/www.new-humanity.org\/wp-content\/uploads\/2019\/05\/educazione-alla-pace-768x485.jpg 768w\" sizes=\"(max-width: 1024px) 100vw, 1024px\" \/><\/p>\n<p class=\"\" data-start=\"72\" data-end=\"435\">New Humanity s\u2019engage \u00e0 former des personnes dot\u00e9es de connaissances, de comp\u00e9tences, de valeurs et de la d\u00e9termination n\u00e9cessaires pour promouvoir la paix, la fraternit\u00e9 universelle et le dialogue entre cultures, religions, peuples et g\u00e9n\u00e9rations : des personnes capables de d\u00e9passer les fronti\u00e8res nationales pour adopter une vision globale et unifi\u00e9e du monde.<\/p>\n<p class=\"\" data-start=\"437\" data-end=\"1027\">Les jeunes participent \u00e0 des dialogues interculturels, interreligieux et interg\u00e9n\u00e9rationnels \u00e0 travers des rencontres, des congr\u00e8s, des \u00e9changes culturels et des initiatives locales. Un programme de leadership interdisciplinaire offre formation et accompagnement pour favoriser la citoyennet\u00e9 mondiale et la responsabilit\u00e9 civique. Des actions de solidarit\u00e9, du volontariat international et des initiatives locales en faveur des migrants renforcent encore l&rsquo;engagement des jeunes \u00e0 construire la paix dans leurs \u00e9coles, dans le cadre d\u2019un r\u00e9seau international complet d\u2019\u00e9ducation \u00e0 la paix.<\/p>\n<p class=\"\" data-start=\"2526\" data-end=\"2546\"><strong data-start=\"2526\" data-end=\"2546\">Th\u00e8mes abord\u00e9s :<\/strong><\/p>\n<ul data-start=\"2548\" data-end=\"2690\">\n<li class=\"\" data-start=\"2644\" data-end=\"2690\">\n<p class=\"\" data-start=\"2646\" data-end=\"2690\">\u00c9ducation \u00e0 la paix (ODD 4, 10, 16, 17)<\/p>\n<\/li>\n<li class=\"\" data-start=\"2644\" data-end=\"2690\">\n<p class=\"\" data-start=\"2646\" data-end=\"2690\">Citoyennet\u00e9 mondiale (ODD 3, 4, 5, 10, 11, 16, 17)<\/p>\n<\/li>\n<li class=\"\" data-start=\"2644\" data-end=\"2690\">\n<p class=\"\" data-start=\"2646\" data-end=\"2690\">Semaine Monde Uni (ODD 3, 4, 11, 17)<\/p>\n<\/li>\n<\/ul>\n<p data-start=\"2692\" data-end=\"2709\"><strong>Projets :<\/strong><\/p>\n<ul data-start=\"2711\" data-end=\"3048\">\n<li class=\"\" data-start=\"2711\" data-end=\"2774\">\n<p class=\"\" data-start=\"2713\" data-end=\"2774\"><strong><a href=\"http:\/\/www.livingpeaceinternational.org\" target=\"_blank\" rel=\"noopener\">Living Peace International<\/a><\/strong><\/p>\n<\/li>\n<li class=\"\" data-start=\"2775\" data-end=\"2830\">\n<p class=\"\" data-start=\"2777\" data-end=\"2830\"><strong><a href=\"http:\/\/togetherforanewafrica.org\" target=\"_blank\" rel=\"noopener\">Together for a New Africa<\/a><\/strong><\/p>\n<\/li>\n<li class=\"\" data-start=\"2831\" data-end=\"2893\">\n<p class=\"\" data-start=\"2833\" data-end=\"2893\"><strong><a href=\"http:\/\/www.milongaproject.org\" target=\"_blank\" rel=\"noopener\">MilONGa Volontariat International<\/a><\/strong><\/p>\n<\/li>\n<li class=\"\" data-start=\"2942\" data-end=\"2993\">\n<p class=\"\" data-start=\"2944\" data-end=\"2993\"><strong><a href=\"http:\/\/www.unitedworldproject.org\" target=\"_blank\" rel=\"noopener\">United World Project<\/a>&nbsp;<\/strong><\/p>\n<\/li>\n<\/ul>\n<p class=\"\" data-start=\"2692\" data-end=\"2709\"><strong>Partenariats :<\/strong><\/p>\n<ul data-start=\"2711\" data-end=\"3048\">\n<li class=\"\" data-start=\"2894\" data-end=\"2941\">\n<p class=\"\" data-start=\"2896\" data-end=\"2941\"><strong><a href=\"http:\/\/www.famiglienuove.org\" target=\"_blank\" rel=\"noopener\">Famille et \u00c9ducation<\/a>&nbsp;<\/strong><\/p>\n<\/li>\n<li class=\"\" data-start=\"2994\" data-end=\"3048\">\n<p class=\"\" data-start=\"2996\" data-end=\"3048\"><strong><a href=\"http:\/\/ngo-unesco.net\" target=\"_blank\" rel=\"noopener\">Comit\u00e9 de liaison ONG-UNESCO<\/a>&nbsp;<\/strong><\/p>\n<\/li>\n<\/ul>\n","protected":false},"excerpt":{"rendered":"<p>New Humanity s\u2019engage \u00e0 former des personnes dot\u00e9es de connaissances, de comp\u00e9tences, de valeurs et de la d\u00e9termination n\u00e9cessaires pour promouvoir la paix, la fraternit\u00e9 universelle et le dialogue entre cultures, religions, peuples et g\u00e9n\u00e9rations : des personnes capables de d\u00e9passer les fronti\u00e8res nationales pour adopter une vision globale et unifi\u00e9e du monde. Les jeunes [&hellip;]<\/p>\n","protected":false},"author":1,"featured_media":0,"parent":787,"menu_order":2,"comment_status":"closed","ping_status":"closed","template":"","meta":{"ngg_post_thumbnail":0,"footnotes":""},"acf":[],"yoast_head":"<!-- This site is optimized with the Yoast SEO plugin v21.9.1 - https:\/\/yoast.com\/wordpress\/plugins\/seo\/ -->\n<title>\u00c9ducation \u00e0 la paix, citoyennet\u00e9 mondiale et leadership des jeunes | New Humanity<\/title>\n<meta name=\"description\" content=\"New Humanity s\u2019engage \u00e0 former des personnes dot\u00e9es de connaissances, de comp\u00e9tences, de valeurs et de la d\u00e9termination n\u00e9cessaires pour promouvoir la\" \/>\n<meta name=\"robots\" content=\"index, follow, max-snippet:-1, max-image-preview:large, max-video-preview:-1\" \/>\n<link rel=\"canonical\" href=\"https:\/\/www.new-humanity.org\/fr\/domaines-dintervention\/education-a-la-paix-et-citoyennete-globale\/\" \/>\n<meta property=\"og:locale\" content=\"fr_FR\" \/>\n<meta property=\"og:type\" content=\"article\" \/>\n<meta property=\"og:title\" content=\"\u00c9ducation \u00e0 la paix, citoyennet\u00e9 mondiale et leadership des jeunes | New Humanity\" \/>\n<meta property=\"og:description\" content=\"New Humanity s\u2019engage \u00e0 former des personnes dot\u00e9es de connaissances, de comp\u00e9tences, de valeurs et de la d\u00e9termination n\u00e9cessaires pour promouvoir la\" \/>\n<meta property=\"og:url\" content=\"https:\/\/www.new-humanity.org\/fr\/domaines-dintervention\/education-a-la-paix-et-citoyennete-globale\/\" \/>\n<meta property=\"og:site_name\" content=\"New Humanity\" \/>\n<meta property=\"article:modified_time\" content=\"2025-05-14T15:34:04+00:00\" \/>\n<meta property=\"og:image\" content=\"https:\/\/www.new-humanity.org\/wp-content\/uploads\/2019\/05\/educazione-alla-pace.jpg\" \/>\n<meta name=\"twitter:card\" content=\"summary_large_image\" \/>\n<meta name=\"twitter:label1\" content=\"Dur\u00e9e de lecture estim\u00e9e\" \/>\n\t<meta name=\"twitter:data1\" content=\"2 minutes\" \/>\n<script type=\"application\/ld+json\" class=\"yoast-schema-graph\">{\"@context\":\"https:\/\/schema.org\",\"@graph\":[{\"@type\":\"WebPage\",\"@id\":\"https:\/\/www.new-humanity.org\/fr\/domaines-dintervention\/education-a-la-paix-et-citoyennete-globale\/\",\"url\":\"https:\/\/www.new-humanity.org\/fr\/domaines-dintervention\/education-a-la-paix-et-citoyennete-globale\/\",\"name\":\"\u00c9ducation \u00e0 la paix, citoyennet\u00e9 mondiale et leadership des jeunes | New Humanity\",\"isPartOf\":{\"@id\":\"https:\/\/www.new-humanity.org\/fr\/#website\"},\"datePublished\":\"2019-04-19T07:29:28+00:00\",\"dateModified\":\"2025-05-14T15:34:04+00:00\",\"description\":\"New Humanity s\u2019engage \u00e0 former des personnes dot\u00e9es de connaissances, de comp\u00e9tences, de valeurs et de la d\u00e9termination n\u00e9cessaires pour promouvoir la\",\"breadcrumb\":{\"@id\":\"https:\/\/www.new-humanity.org\/fr\/domaines-dintervention\/education-a-la-paix-et-citoyennete-globale\/#breadcrumb\"},\"inLanguage\":\"fr-FR\",\"potentialAction\":[{\"@type\":\"ReadAction\",\"target\":[\"https:\/\/www.new-humanity.org\/fr\/domaines-dintervention\/education-a-la-paix-et-citoyennete-globale\/\"]}]},{\"@type\":\"BreadcrumbList\",\"@id\":\"https:\/\/www.new-humanity.org\/fr\/domaines-dintervention\/education-a-la-paix-et-citoyennete-globale\/#breadcrumb\",\"itemListElement\":[{\"@type\":\"ListItem\",\"position\":1,\"name\":\"Home\",\"item\":\"https:\/\/www.new-humanity.org\/fr\/\"},{\"@type\":\"ListItem\",\"position\":2,\"name\":\"Champs d&rsquo;action\",\"item\":\"https:\/\/www.new-humanity.org\/fr\/domaines-dintervention\/\"},{\"@type\":\"ListItem\",\"position\":3,\"name\":\"\u00c9ducation \u00e0 la paix, citoyennet\u00e9 mondiale et leadership des jeunes\"}]},{\"@type\":\"WebSite\",\"@id\":\"https:\/\/www.new-humanity.org\/fr\/#website\",\"url\":\"https:\/\/www.new-humanity.org\/fr\/\",\"name\":\"New Humanity\",\"description\":\"Per un mondo unito\",\"publisher\":{\"@id\":\"https:\/\/www.new-humanity.org\/fr\/#organization\"},\"potentialAction\":[{\"@type\":\"SearchAction\",\"target\":{\"@type\":\"EntryPoint\",\"urlTemplate\":\"https:\/\/www.new-humanity.org\/fr\/?s={search_term_string}\"},\"query-input\":\"required name=search_term_string\"}],\"inLanguage\":\"fr-FR\"},{\"@type\":\"Organization\",\"@id\":\"https:\/\/www.new-humanity.org\/fr\/#organization\",\"name\":\"New Humanity\",\"url\":\"https:\/\/www.new-humanity.org\/fr\/\",\"logo\":{\"@type\":\"ImageObject\",\"inLanguage\":\"fr-FR\",\"@id\":\"https:\/\/www.new-humanity.org\/fr\/#\/schema\/logo\/image\/\",\"url\":\"https:\/\/www.new-humanity.org\/wp-content\/uploads\/2022\/01\/logo.jpg\",\"contentUrl\":\"https:\/\/www.new-humanity.org\/wp-content\/uploads\/2022\/01\/logo.jpg\",\"width\":520,\"height\":128,\"caption\":\"New Humanity\"},\"image\":{\"@id\":\"https:\/\/www.new-humanity.org\/fr\/#\/schema\/logo\/image\/\"}}]}<\/script>\n<!-- \/ Yoast SEO plugin. -->","yoast_head_json":{"title":"\u00c9ducation \u00e0 la paix, citoyennet\u00e9 mondiale et leadership des jeunes | New Humanity","description":"New Humanity s\u2019engage \u00e0 former des personnes dot\u00e9es de connaissances, de comp\u00e9tences, de valeurs et de la d\u00e9termination n\u00e9cessaires pour promouvoir la","robots":{"index":"index","follow":"follow","max-snippet":"max-snippet:-1","max-image-preview":"max-image-preview:large","max-video-preview":"max-video-preview:-1"},"canonical":"https:\/\/www.new-humanity.org\/fr\/domaines-dintervention\/education-a-la-paix-et-citoyennete-globale\/","og_locale":"fr_FR","og_type":"article","og_title":"\u00c9ducation \u00e0 la paix, citoyennet\u00e9 mondiale et leadership des jeunes | New Humanity","og_description":"New Humanity s\u2019engage \u00e0 former des personnes dot\u00e9es de connaissances, de comp\u00e9tences, de valeurs et de la d\u00e9termination n\u00e9cessaires pour promouvoir la","og_url":"https:\/\/www.new-humanity.org\/fr\/domaines-dintervention\/education-a-la-paix-et-citoyennete-globale\/","og_site_name":"New Humanity","article_modified_time":"2025-05-14T15:34:04+00:00","og_image":[{"url":"https:\/\/www.new-humanity.org\/wp-content\/uploads\/2019\/05\/educazione-alla-pace.jpg"}],"twitter_card":"summary_large_image","twitter_misc":{"Dur\u00e9e de lecture estim\u00e9e":"2 minutes"},"schema":{"@context":"https:\/\/schema.org","@graph":[{"@type":"WebPage","@id":"https:\/\/www.new-humanity.org\/fr\/domaines-dintervention\/education-a-la-paix-et-citoyennete-globale\/","url":"https:\/\/www.new-humanity.org\/fr\/domaines-dintervention\/education-a-la-paix-et-citoyennete-globale\/","name":"\u00c9ducation \u00e0 la paix, citoyennet\u00e9 mondiale et leadership des jeunes | New Humanity","isPartOf":{"@id":"https:\/\/www.new-humanity.org\/fr\/#website"},"datePublished":"2019-04-19T07:29:28+00:00","dateModified":"2025-05-14T15:34:04+00:00","description":"New Humanity s\u2019engage \u00e0 former des personnes dot\u00e9es de connaissances, de comp\u00e9tences, de valeurs et de la d\u00e9termination n\u00e9cessaires pour promouvoir la","breadcrumb":{"@id":"https:\/\/www.new-humanity.org\/fr\/domaines-dintervention\/education-a-la-paix-et-citoyennete-globale\/#breadcrumb"},"inLanguage":"fr-FR","potentialAction":[{"@type":"ReadAction","target":["https:\/\/www.new-humanity.org\/fr\/domaines-dintervention\/education-a-la-paix-et-citoyennete-globale\/"]}]},{"@type":"BreadcrumbList","@id":"https:\/\/www.new-humanity.org\/fr\/domaines-dintervention\/education-a-la-paix-et-citoyennete-globale\/#breadcrumb","itemListElement":[{"@type":"ListItem","position":1,"name":"Home","item":"https:\/\/www.new-humanity.org\/fr\/"},{"@type":"ListItem","position":2,"name":"Champs d&rsquo;action","item":"https:\/\/www.new-humanity.org\/fr\/domaines-dintervention\/"},{"@type":"ListItem","position":3,"name":"\u00c9ducation \u00e0 la paix, citoyennet\u00e9 mondiale et leadership des jeunes"}]},{"@type":"WebSite","@id":"https:\/\/www.new-humanity.org\/fr\/#website","url":"https:\/\/www.new-humanity.org\/fr\/","name":"New Humanity","description":"Per un mondo unito","publisher":{"@id":"https:\/\/www.new-humanity.org\/fr\/#organization"},"potentialAction":[{"@type":"SearchAction","target":{"@type":"EntryPoint","urlTemplate":"https:\/\/www.new-humanity.org\/fr\/?s={search_term_string}"},"query-input":"required name=search_term_string"}],"inLanguage":"fr-FR"},{"@type":"Organization","@id":"https:\/\/www.new-humanity.org\/fr\/#organization","name":"New Humanity","url":"https:\/\/www.new-humanity.org\/fr\/","logo":{"@type":"ImageObject","inLanguage":"fr-FR","@id":"https:\/\/www.new-humanity.org\/fr\/#\/schema\/logo\/image\/","url":"https:\/\/www.new-humanity.org\/wp-content\/uploads\/2022\/01\/logo.jpg","contentUrl":"https:\/\/www.new-humanity.org\/wp-content\/uploads\/2022\/01\/logo.jpg","width":520,"height":128,"caption":"New Humanity"},"image":{"@id":"https:\/\/www.new-humanity.org\/fr\/#\/schema\/logo\/image\/"}}]}},"_links":{"self":[{"href":"https:\/\/www.new-humanity.org\/fr\/wp-json\/wp\/v2\/pages\/800"}],"collection":[{"href":"https:\/\/www.new-humanity.org\/fr\/wp-json\/wp\/v2\/pages"}],"about":[{"href":"https:\/\/www.new-humanity.org\/fr\/wp-json\/wp\/v2\/types\/page"}],"author":[{"embeddable":true,"href":"https:\/\/www.new-humanity.org\/fr\/wp-json\/wp\/v2\/users\/1"}],"replies":[{"embeddable":true,"href":"https:\/\/www.new-humanity.org\/fr\/wp-json\/wp\/v2\/comments?post=800"}],"version-history":[{"count":9,"href":"https:\/\/www.new-humanity.org\/fr\/wp-json\/wp\/v2\/pages\/800\/revisions"}],"predecessor-version":[{"id":11070,"href":"https:\/\/www.new-humanity.org\/fr\/wp-json\/wp\/v2\/pages\/800\/revisions\/11070"}],"up":[{"embeddable":true,"href":"https:\/\/www.new-humanity.org\/fr\/wp-json\/wp\/v2\/pages\/787"}],"wp:attachment":[{"href":"https:\/\/www.new-humanity.org\/fr\/wp-json\/wp\/v2\/media?parent=800"}],"curies":[{"name":"wp","href":"https:\/\/api.w.org\/{rel}","templated":true}]}}