{"id":806,"date":"2019-04-09T10:53:55","date_gmt":"2019-04-09T08:53:55","guid":{"rendered":"http:\/\/www.new-humanity.org\/?page_id=806"},"modified":"2022-09-29T13:02:14","modified_gmt":"2022-09-29T11:02:14","slug":"soutenez-nous","status":"publish","type":"page","link":"https:\/\/www.new-humanity.org\/fr\/soutenez-nous\/","title":{"rendered":"Soutenez-nous"},"content":{"rendered":"<p>Vous avez la possibilit\u00e9 de soutenir les activit\u00e9s de New Humanity et de contribuer \u00e0 la r\u00e9alisation de la fraternit\u00e9 universelle, en faisant notamment un don pour un projet sp\u00e9cifique visant \u00e0 \u00ab\u00a0former des jeunes aux Institutions Internationales\u00a0\u00bb, \u00e0 travers le programme des \u00ab\u00a0Ambassadeurs du Monde Uni\u00a0\u00bb.<\/p>\n<p>Il est possible d&rsquo;effectuer le versement d&rsquo;un montant quelconque sur le compte courant suivant:<\/p>\n<p>BANCA POPOLARE ETICA<\/p>\n<p>IBAN: IT79 Y 05018 03200 0000 1693 4770<\/p>\n<p>BIC swift code: ETICIT22XXX<\/p>\n<p>AU NOM DE : ASSOCIATION INTERNATIONALE NEW HUMANITY ETS<\/p>\n","protected":false},"excerpt":{"rendered":"<p>Vous avez la possibilit\u00e9 de soutenir les activit\u00e9s de New Humanity et de contribuer \u00e0 la r\u00e9alisation de la fraternit\u00e9 universelle, en faisant notamment un don pour un projet sp\u00e9cifique visant \u00e0 \u00ab\u00a0former des jeunes aux Institutions Internationales\u00a0\u00bb, \u00e0 travers le programme des \u00ab\u00a0Ambassadeurs du Monde Uni\u00a0\u00bb. Il est possible d&rsquo;effectuer le versement d&rsquo;un montant [&hellip;]<\/p>\n","protected":false},"author":1,"featured_media":0,"parent":0,"menu_order":9,"comment_status":"closed","ping_status":"closed","template":"","meta":{"ngg_post_thumbnail":0,"footnotes":""},"acf":[],"yoast_head":"<!-- This site is optimized with the Yoast SEO plugin v21.9.1 - https:\/\/yoast.com\/wordpress\/plugins\/seo\/ -->\n<title>Soutenez-nous | New Humanity<\/title>\n<meta name=\"description\" content=\"Vous avez la possibilit\u00e9 de soutenir les activit\u00e9s de New Humanity et de contribuer \u00e0 la r\u00e9alisation de la fraternit\u00e9 universelle, en faisant notamment un\" \/>\n<meta name=\"robots\" content=\"index, follow, max-snippet:-1, max-image-preview:large, max-video-preview:-1\" \/>\n<link rel=\"canonical\" href=\"https:\/\/www.new-humanity.org\/fr\/soutenez-nous\/\" \/>\n<meta property=\"og:locale\" content=\"fr_FR\" \/>\n<meta property=\"og:type\" content=\"article\" \/>\n<meta property=\"og:title\" content=\"Soutenez-nous | New Humanity\" \/>\n<meta property=\"og:description\" content=\"Vous avez la possibilit\u00e9 de soutenir les activit\u00e9s de New Humanity et de contribuer \u00e0 la r\u00e9alisation de la fraternit\u00e9 universelle, en faisant notamment un\" \/>\n<meta property=\"og:url\" content=\"https:\/\/www.new-humanity.org\/fr\/soutenez-nous\/\" \/>\n<meta property=\"og:site_name\" content=\"New Humanity\" \/>\n<meta property=\"article:modified_time\" content=\"2022-09-29T11:02:14+00:00\" \/>\n<meta name=\"twitter:card\" content=\"summary_large_image\" \/>\n<meta name=\"twitter:label1\" content=\"Dur\u00e9e de lecture estim\u00e9e\" \/>\n\t<meta name=\"twitter:data1\" content=\"1 minute\" \/>\n<script type=\"application\/ld+json\" class=\"yoast-schema-graph\">{\"@context\":\"https:\/\/schema.org\",\"@graph\":[{\"@type\":\"WebPage\",\"@id\":\"https:\/\/www.new-humanity.org\/fr\/soutenez-nous\/\",\"url\":\"https:\/\/www.new-humanity.org\/fr\/soutenez-nous\/\",\"name\":\"Soutenez-nous | New Humanity\",\"isPartOf\":{\"@id\":\"https:\/\/www.new-humanity.org\/fr\/#website\"},\"datePublished\":\"2019-04-09T08:53:55+00:00\",\"dateModified\":\"2022-09-29T11:02:14+00:00\",\"description\":\"Vous avez la possibilit\u00e9 de soutenir les activit\u00e9s de New Humanity et de contribuer \u00e0 la r\u00e9alisation de la fraternit\u00e9 universelle, en faisant notamment un\",\"breadcrumb\":{\"@id\":\"https:\/\/www.new-humanity.org\/fr\/soutenez-nous\/#breadcrumb\"},\"inLanguage\":\"fr-FR\",\"potentialAction\":[{\"@type\":\"ReadAction\",\"target\":[\"https:\/\/www.new-humanity.org\/fr\/soutenez-nous\/\"]}]},{\"@type\":\"BreadcrumbList\",\"@id\":\"https:\/\/www.new-humanity.org\/fr\/soutenez-nous\/#breadcrumb\",\"itemListElement\":[{\"@type\":\"ListItem\",\"position\":1,\"name\":\"Home\",\"item\":\"https:\/\/www.new-humanity.org\/fr\/\"},{\"@type\":\"ListItem\",\"position\":2,\"name\":\"Soutenez-nous\"}]},{\"@type\":\"WebSite\",\"@id\":\"https:\/\/www.new-humanity.org\/fr\/#website\",\"url\":\"https:\/\/www.new-humanity.org\/fr\/\",\"name\":\"New Humanity\",\"description\":\"Per un mondo unito\",\"publisher\":{\"@id\":\"https:\/\/www.new-humanity.org\/fr\/#organization\"},\"potentialAction\":[{\"@type\":\"SearchAction\",\"target\":{\"@type\":\"EntryPoint\",\"urlTemplate\":\"https:\/\/www.new-humanity.org\/fr\/?s={search_term_string}\"},\"query-input\":\"required name=search_term_string\"}],\"inLanguage\":\"fr-FR\"},{\"@type\":\"Organization\",\"@id\":\"https:\/\/www.new-humanity.org\/fr\/#organization\",\"name\":\"New Humanity\",\"url\":\"https:\/\/www.new-humanity.org\/fr\/\",\"logo\":{\"@type\":\"ImageObject\",\"inLanguage\":\"fr-FR\",\"@id\":\"https:\/\/www.new-humanity.org\/fr\/#\/schema\/logo\/image\/\",\"url\":\"https:\/\/www.new-humanity.org\/wp-content\/uploads\/2022\/01\/logo.jpg\",\"contentUrl\":\"https:\/\/www.new-humanity.org\/wp-content\/uploads\/2022\/01\/logo.jpg\",\"width\":520,\"height\":128,\"caption\":\"New Humanity\"},\"image\":{\"@id\":\"https:\/\/www.new-humanity.org\/fr\/#\/schema\/logo\/image\/\"}}]}<\/script>\n<!-- \/ Yoast SEO plugin. -->","yoast_head_json":{"title":"Soutenez-nous | New Humanity","description":"Vous avez la possibilit\u00e9 de soutenir les activit\u00e9s de New Humanity et de contribuer \u00e0 la r\u00e9alisation de la fraternit\u00e9 universelle, en faisant notamment un","robots":{"index":"index","follow":"follow","max-snippet":"max-snippet:-1","max-image-preview":"max-image-preview:large","max-video-preview":"max-video-preview:-1"},"canonical":"https:\/\/www.new-humanity.org\/fr\/soutenez-nous\/","og_locale":"fr_FR","og_type":"article","og_title":"Soutenez-nous | New Humanity","og_description":"Vous avez la possibilit\u00e9 de soutenir les activit\u00e9s de New Humanity et de contribuer \u00e0 la r\u00e9alisation de la fraternit\u00e9 universelle, en faisant notamment un","og_url":"https:\/\/www.new-humanity.org\/fr\/soutenez-nous\/","og_site_name":"New Humanity","article_modified_time":"2022-09-29T11:02:14+00:00","twitter_card":"summary_large_image","twitter_misc":{"Dur\u00e9e de lecture estim\u00e9e":"1 minute"},"schema":{"@context":"https:\/\/schema.org","@graph":[{"@type":"WebPage","@id":"https:\/\/www.new-humanity.org\/fr\/soutenez-nous\/","url":"https:\/\/www.new-humanity.org\/fr\/soutenez-nous\/","name":"Soutenez-nous | New Humanity","isPartOf":{"@id":"https:\/\/www.new-humanity.org\/fr\/#website"},"datePublished":"2019-04-09T08:53:55+00:00","dateModified":"2022-09-29T11:02:14+00:00","description":"Vous avez la possibilit\u00e9 de soutenir les activit\u00e9s de New Humanity et de contribuer \u00e0 la r\u00e9alisation de la fraternit\u00e9 universelle, en faisant notamment un","breadcrumb":{"@id":"https:\/\/www.new-humanity.org\/fr\/soutenez-nous\/#breadcrumb"},"inLanguage":"fr-FR","potentialAction":[{"@type":"ReadAction","target":["https:\/\/www.new-humanity.org\/fr\/soutenez-nous\/"]}]},{"@type":"BreadcrumbList","@id":"https:\/\/www.new-humanity.org\/fr\/soutenez-nous\/#breadcrumb","itemListElement":[{"@type":"ListItem","position":1,"name":"Home","item":"https:\/\/www.new-humanity.org\/fr\/"},{"@type":"ListItem","position":2,"name":"Soutenez-nous"}]},{"@type":"WebSite","@id":"https:\/\/www.new-humanity.org\/fr\/#website","url":"https:\/\/www.new-humanity.org\/fr\/","name":"New Humanity","description":"Per un mondo unito","publisher":{"@id":"https:\/\/www.new-humanity.org\/fr\/#organization"},"potentialAction":[{"@type":"SearchAction","target":{"@type":"EntryPoint","urlTemplate":"https:\/\/www.new-humanity.org\/fr\/?s={search_term_string}"},"query-input":"required name=search_term_string"}],"inLanguage":"fr-FR"},{"@type":"Organization","@id":"https:\/\/www.new-humanity.org\/fr\/#organization","name":"New Humanity","url":"https:\/\/www.new-humanity.org\/fr\/","logo":{"@type":"ImageObject","inLanguage":"fr-FR","@id":"https:\/\/www.new-humanity.org\/fr\/#\/schema\/logo\/image\/","url":"https:\/\/www.new-humanity.org\/wp-content\/uploads\/2022\/01\/logo.jpg","contentUrl":"https:\/\/www.new-humanity.org\/wp-content\/uploads\/2022\/01\/logo.jpg","width":520,"height":128,"caption":"New Humanity"},"image":{"@id":"https:\/\/www.new-humanity.org\/fr\/#\/schema\/logo\/image\/"}}]}},"_links":{"self":[{"href":"https:\/\/www.new-humanity.org\/fr\/wp-json\/wp\/v2\/pages\/806"}],"collection":[{"href":"https:\/\/www.new-humanity.org\/fr\/wp-json\/wp\/v2\/pages"}],"about":[{"href":"https:\/\/www.new-humanity.org\/fr\/wp-json\/wp\/v2\/types\/page"}],"author":[{"embeddable":true,"href":"https:\/\/www.new-humanity.org\/fr\/wp-json\/wp\/v2\/users\/1"}],"replies":[{"embeddable":true,"href":"https:\/\/www.new-humanity.org\/fr\/wp-json\/wp\/v2\/comments?post=806"}],"version-history":[{"count":4,"href":"https:\/\/www.new-humanity.org\/fr\/wp-json\/wp\/v2\/pages\/806\/revisions"}],"predecessor-version":[{"id":6123,"href":"https:\/\/www.new-humanity.org\/fr\/wp-json\/wp\/v2\/pages\/806\/revisions\/6123"}],"wp:attachment":[{"href":"https:\/\/www.new-humanity.org\/fr\/wp-json\/wp\/v2\/media?parent=806"}],"curies":[{"name":"wp","href":"https:\/\/api.w.org\/{rel}","templated":true}]}}