{"id":853,"date":"2019-04-19T08:51:24","date_gmt":"2019-04-19T06:51:24","guid":{"rendered":"http:\/\/www.new-humanity.org\/?page_id=853"},"modified":"2019-11-29T11:14:19","modified_gmt":"2019-11-29T10:14:19","slug":"statut-et-bilan-social","status":"publish","type":"page","link":"https:\/\/www.new-humanity.org\/fr\/long-new-humanity\/statut-et-bilan-social\/","title":{"rendered":"Statut et bilan social"},"content":{"rendered":"<h2>Association Internationale \u201cNew Humanity\u201d<\/h2>\n<h3 style=\"text-align: center;\">Art.1 D\u00e9nomination et Si\u00e8ge<\/h3>\n<p>Est fond\u00e9e l\u2019Association Internationale New Humanity dont le si\u00e8ge est fix\u00e9 \u00e0 Grottaferrata (Roma-Italia), via Valle della Noce 16\/6. Des filiales, bureaux et antennes pourront \u00eatre cr\u00e9\u00e9s en Italie ou dans d\u2019autres pays sur d\u00e9cision du Conseil d\u2019Administration.<br \/>\nL\u2019association a la forme d\u2019une \u00ab Organisation Internationale Non Gouvernementale \u00bb (OING)<\/p>\n<h3 style=\"text-align: center;\">Art. 2 But<\/h3>\n<p>Le but de l\u2019association est de contribuer \u00e0 r\u00e9aliser l\u2019unit\u00e9 de la famille humaine, dans l\u2019entier respect de l\u2019identit\u00e9 de chacune de ses composantes. S\u2019inspirant de l\u2019esprit du Mouvement des Focolari, elle s\u2019engage \u00e0 diffuser dans tous les domaines de la vie sociale l\u2019id\u00e9e du monde uni, en mettant en \u0153uvre entre ses membres et ceux qui veulent participer \u00e0 son action, l\u2019esprit de fraternit\u00e9 universelle proclam\u00e9e par la D\u00e9claration Universelle des Droits de l\u2019Homme (article premier).<br \/>\nPour b\u00e2tir la paix \u00e0 tous les niveaux, elle contribue \u00e0 tisser entre les personnes, les peuples, les ethnies, les cultures et les religions, des relations bas\u00e9es sur le respect r\u00e9ciproque, sur le dialogue et de susciter une coop\u00e9ration active, l\u2019action politique internationale \u00e9tant con\u00e7ue comme expression de fraternit\u00e9 sociale.<br \/>\nElle \u0153uvre afin que soit affirm\u00e9e une vision de l\u2019\u00e9conomie et du d\u00e9veloppement qui favorise l\u2019acc\u00e8s des individus et des peuples aux ressources naturelles et aux fruits de l\u2019activit\u00e9 humaine, dans le respect du droit et selon des crit\u00e8res de justice. Elle met aussi en oeuvre une communion des ressources pr\u00e9sentes sur la plan\u00e8te par une utilisation et une gestion qui favorisent une r\u00e9partition \u00e9quitable entre tous les peuples, et garantissent le bien-\u00eatre des g\u00e9n\u00e9rations futures.<br \/>\nConsciente de la dignit\u00e9 de la personne humaine et de son importance capitale dans la vie sociale, l\u2019association contribue \u00e0 promouvoir les droits fondamentaux (civils, politiques, \u00e9conomiques, sociaux, culturels), en reconnaissant leur caract\u00e8re universel, indivisible, et interd\u00e9pendant.<br \/>\nElle encourage les sciences et les arts et agit pour mettre en relief les valeurs morales et spirituelles qui unissent les cultures, garantissant la richesse de leur diversit\u00e9. L\u2019Association s\u2019engage \u00e0 d\u00e9fendre le patrimoine commun de l\u2019humanit\u00e9 par toute action compatible avec ses buts.<br \/>\nElle encourage le progr\u00e8s du savoir dans chaque domaine, et contribue ainsi \u00e0 am\u00e9liorer la vie humaine et l\u2019environnement naturel et social.<br \/>\nElle soutient l\u2019usage des moyens de communication sociale dans le but d\u2019accro\u00eetre l\u2019ouverture et la communion entre les personnes.<br \/>\nElle valorise le r\u00f4le de la famille, premi\u00e8re cellule de base de la soci\u00e9t\u00e9 et expression de l\u2019amour entre l\u2019homme et la femme.<br \/>\nElle s\u2019engage \u00e0 former les nouvelles g\u00e9n\u00e9rations \u00e0 \u00eatre des b\u00e2tisseurs et des citoyens d\u2019un monde uni, en valorisant leur participation active \u00e0 tous les niveaux.<\/p>\n<p>L\u2019association est sans but lucratif.<\/p>\n<h3 style=\"text-align: center;\">Art. 3 Activit\u00e9<\/h3>\n<p>Afin de poursuivre ses buts, l\u2019association:<br \/>\na) \u0153uvre au niveau international en coop\u00e9rant avec les Organisations Internationales Gouvernementales, \u00e0 caract\u00e8re universel, r\u00e9gional ou concernant des zones g\u00e9o- politiques, ainsi qu\u2019avec les Etats o\u00f9 elle est pr\u00e9sente par ses membres, ses si\u00e8ges ou d\u00e9l\u00e9gations. Elle pr\u00e9pare des documents, des \u00e9tudes ou d\u2019autres initiatives pour contribuer aux objectifs de ces Organisations et \u00e0 la r\u00e9alisation de leurs actions;<br \/>\nb) collabore avec d\u2019autres Organisations Non Gouvernementales pour la r\u00e9alisation d\u2019objectifs communs;<br \/>\nc) engage des actions d\u2019\u00e9ducation, de formation, et de sensibilisation de l\u2019opinion publique en \u00e9tant particuli\u00e8rement attentifs \u00e0 l\u2019implication des jeunes et \u00e0 leur participation effective : rencontres, sessions, colloques, manifestations artistiques et sportives et toute forme de regroupement temporaire ou permanente;<br \/>\nd) d\u00e9veloppe, promeut et participe \u00e0 des activit\u00e9s d\u2019\u00e9tude, de formation et de recherche dans les principaux domaines des sciences humaines, sociales et naturelles;<br \/>\ne) publie des ouvrages, revues, livres, et utilise tous les autres moyens de communication disponibles;<br \/>\nf) promeut et r\u00e9alise, seule ou en collaboration avec d\u2019autres organisations ou structures sp\u00e9cialis\u00e9es, des projets \u00e0 caract\u00e8re \u00e9conomique et social afin de pr\u00e9venir, g\u00e9rer ou r\u00e9soudre des conflits, pour le respect des droits humains.<\/p>\n<h3 style=\"text-align: center;\">Art. 4 Patrimoine et financements<\/h3>\n<p>Le patrimoine de l\u2019Association est compos\u00e9:<br \/>\n&#8211; des cotisations et des dons des membres;<br \/>\n&#8211; des subventions \u00e9ventuelles et des contributions accord\u00e9es par des personnes morales, des organismes nationaux et internationaux, pour soutenir l\u2019action de l\u2019association;<br \/>\n&#8211; des lib\u00e9ralit\u00e9s \u00e9ventuelles effectu\u00e9es par des personnes priv\u00e9es ou publiques, des donations, legs et h\u00e9ritages;<br \/>\n&#8211; des produits d\u2019activit\u00e9s connexes.<\/p>\n<h3 style=\"text-align: center;\">Art.5 Adh\u00e9sion \u00e0 l\u2019association<\/h3>\n<p>Sont membres de l\u2019Association les personnes physiques ou morales, publiques ou priv\u00e9es, organismes et associations qui adh\u00e8rent aux pr\u00e9sents statuts.<br \/>\nLa demande d\u2019adh\u00e9sion est pr\u00e9sent\u00e9e au Conseil d\u2019Administration qui statue sans recours.<\/p>\n<h3 style=\"text-align: center;\">Art.6 Droits et devoirs des membres<\/h3>\n<p>L\u2019adh\u00e9sion \u00e0 l\u2019Association entra\u00eene l\u2019obligation d\u2019observer les statuts, les d\u00e9lib\u00e9rations des organes statutaires, et de mani\u00e8re g\u00e9n\u00e9rale de remplir toutes les obligations que la qualit\u00e9 de membre comporte, y compris le versement de la cotisation \u00e9tablie par le Conseil d\u2019Administration.<br \/>\nLes membres personnes morales ont droit \u00e0 un seul vote \u00e0 l\u2019Assembl\u00e9e et participent \u00e0 l\u2019activit\u00e9 de l\u2019Association \u00e0 travers des repr\u00e9sentants sp\u00e9cialement d\u00e9sign\u00e9s \u00e0 cet effet.<br \/>\nLes membres ont les droits reconnus par les pr\u00e9sents statuts et en particulier le droit d\u2019\u00e9lire et d\u2019\u00eatre \u00e9lu.<\/p>\n<h3 style=\"text-align: center;\">Art. 7 D\u00e9mission ou exclusion de l\u2019Association<\/h3>\n<p>La d\u00e9mission peut \u00eatre exerc\u00e9e \u00e0 tout moment.<br \/>\nL\u2019Assembl\u00e9e peut d\u00e9cider, \u00e0 la majorit\u00e9 des deux tiers des membres pr\u00e9sents, d\u2019exclure un associ\u00e9 pour motifs graves, apr\u00e8s avoir entendu la personne int\u00e9ress\u00e9e.<br \/>\nLa d\u00e9mission, l\u2019exclusion ou toute cessation d\u2019appartenance \u00e0 l\u2019Association ne comporte en aucun cas la restitution des cotisations ou des dons effectu\u00e9s, qui restent acquis \u00e0 l\u2019Association.<\/p>\n<h3 style=\"text-align: center;\">Art. 8 Organes de l\u2019Association<\/h3>\n<p>Les organes de l\u2019association sont:<br \/>\n&#8211; l\u2019Assembl\u00e9e des membres;<br \/>\n&#8211; le Conseil d\u2019administration;<br \/>\n&#8211; le Pr\u00e9sident et le Vice-Pr\u00e9sident;<br \/>\n&#8211; le Conseil de Surveillance.<\/p>\n<h3 style=\"text-align: center;\">Art.9 Assembl\u00e9e des membres<\/h3>\n<p>Chaque membre a le droit de vote et peut recevoir un maximum de cinq pouvoirs. L\u2019assembl\u00e9e est pr\u00e9sid\u00e9e par le Pr\u00e9sident du Conseil d\u2019Administration, ou son Vice-Pr\u00e9sident en application de l\u2019article 11 des Statuts, \u00e0 d\u00e9faut par le plus \u00e2g\u00e9 des membres du Conseil d\u2019Administration.<br \/>\nL\u2019assembl\u00e9e:<br \/>\n&#8211; d\u00e9termine le nombre des membres du Conseil d\u2019Administration et les nomme ; les membres du premier Conseil d\u2019Administration sont nomm\u00e9s dans l\u2019acte constitutif de l\u2019Association;<br \/>\n&#8211; nomme les membres et le pr\u00e9sident du Conseil de Surveillance; les membres du premier Conseil de Surveillance sont nomm\u00e9s dans l\u2019acte constitutif de l\u2019Association;<br \/>\n&#8211; d\u00e9finit les lignes d\u2019action de l\u2019Association et vote les programmes d\u2019activit\u00e9 ;<br \/>\n&#8211; approuve les comptes;<br \/>\n&#8211; d\u00e9lib\u00e8re sur la modification des statuts;<br \/>\n&#8211; d\u00e9lib\u00e8re sur la responsabilit\u00e9 des membres du Conseil d\u2019Administration et leur \u00e9ventuelle r\u00e9vocation;<br \/>\n&#8211; d\u00e9lib\u00e8re sur les sujets relatifs \u00e0 la gestion de l\u2019Association qui sont soumis \u00e0 son examen par le Conseil d\u2019Administration;<br \/>\n&#8211; d\u00e9cide de sa dissolution, de la nomination et des pouvoirs des liquidateurs. L\u2019Assembl\u00e9e, qu\u2019elle soit ordinaire ou extraordinaire, est convoqu\u00e9e par le Pr\u00e9sident. L\u2019assembl\u00e9e ordinaire est convoqu\u00e9e au moins une fois par an avant le 30 avril, pour l\u2019approbation des comptes.<br \/>\nElle est aussi convoqu\u00e9e chaque fois que cela appara\u00eet n\u00e9cessaire, ou \u00e0 la demande de la majorit\u00e9 des membres du Conseil d\u2019Administration, ou d\u2019un cinqui\u00e8me de ses membres au moins.<br \/>\nL\u2019assembl\u00e9e est convoqu\u00e9e par lettre, fax ou courrier \u00e9lectronique comportant l\u2019ordre du jour, au moins vingt jours avant la date de la r\u00e9union.<br \/>\nL\u2019assembl\u00e9e est r\u00e9guli\u00e8re m\u00eame sans convocation si tous les membres de l\u2019Association sont pr\u00e9sents.<\/p>\n<p>Les d\u00e9cisions de l\u2019Assembl\u00e9e ordinaire sont prises \u00e0 la majorit\u00e9 si la moiti\u00e9 au moins des membres sont pr\u00e9sents; \u00e0 d\u00e9faut une seconde Assembl\u00e9e est convoqu\u00e9e qui d\u00e9lib\u00e8re valablement quelque soit le nombre des pr\u00e9sents. Pour les d\u00e9cisions qui concernent leur responsabilit\u00e9, les membres du Conseil d\u2019Administration n\u2019ont pas le droit de voter.<br \/>\nIl faut pour modifier l\u2019Acte Constitutif ou les Statuts un vote \u00e0 la majorit\u00e9 des 2\/3 des membres au moins.<br \/>\nIl faut pour dissoudre l\u2019Association et d\u00e9cider de la r\u00e9partition de son patrimoine un vote favorable de 3\/5 des membres au moins.<br \/>\nIl est \u00e9tabli un proc\u00e8s verbal des d\u00e9cisions de l\u2019Assembl\u00e9e sign\u00e9 par le Pr\u00e9sident et le Secr\u00e9taire; un notaire ou un membre de l\u2019Association choisi par le Pr\u00e9sident peuvent \u00eatre secr\u00e9taire.<\/p>\n<h3 style=\"text-align: center;\">Art. 10 Conseil d\u2019Administration<\/h3>\n<p>Le Conseil d\u2019Administration est compos\u00e9 d\u2019un minimum de cinq membres \u00e9lus parmi les associ\u00e9s. Les membres du Conseil d\u2019administration sont en fonction pendant trois ans et peuvent \u00eatre r\u00e9\u00e9lus.<br \/>\nLe Conseil d\u2019Administration a le pouvoir d\u2019accomplir tous les actes n\u00e9cessaires \u00e0 la mise en oeuvre des statuts et des d\u00e9cisions de l\u2019Assembl\u00e9e, d\u2019assurer la gestion de l\u2019Association, d\u2019accomplir tous les actes directement ou indirectement n\u00e9cessaires \u00e0 la r\u00e9alisation des buts associatifs, \u00e0 l\u2019exception de ceux qui, au sens des statuts et des lois en vigueur, incombent aux autres organes.<br \/>\nLe Conseil d\u2019Administration:<br \/>\n&#8211; \u00e9lit, parmi ses propres membres, le Pr\u00e9sident qui est aussi Pr\u00e9sident de l\u2019Association, et le Vice-Pr\u00e9sident qui le remplace en cas d\u2019absence ou d\u2019emp\u00eachement; le Pr\u00e9sident et le Vice-Pr\u00e9sident du premier conseil d\u2019administration sont nomm\u00e9s dans l\u2019Acte constitutif de l\u2019Association;<br \/>\n&#8211; d\u00e9termine la cotisation;<br \/>\n&#8211; pr\u00e9pare le programme des activit\u00e9s;<br \/>\n&#8211; pr\u00e9pare les comptes au 31 d\u00e9cembre de chaque ann\u00e9e, pour les soumettre \u00e0 l\u2019approbation de l\u2019Assembl\u00e9e avant le 30 avril suivant;<br \/>\n&#8211; g\u00e8re le personnel et fixe leur r\u00e9mun\u00e9ration, ou bien mandate des personnes comp\u00e9tentes pour les t\u00e2ches concernant les activit\u00e9s de l\u2019association;<br \/>\n&#8211; d\u00e9cide de confier des t\u00e2ches professionnelles, juridiques, techniques ou autres \u00e0 des personnes ext\u00e9rieures \u00e0 l\u2019Association;<br \/>\n&#8211; d\u00e9l\u00e8gue ses pouvoirs propres au Pr\u00e9sident, au Vice-pr\u00e9sident ou \u00e9ventuellement \u00e0 d\u2019autres membres du Conseil, en en fixant le contenu. Il peut donner une procuration sp\u00e9ciale \u00e0 un tiers pour des t\u00e2ches sp\u00e9cifiques.<br \/>\nLe Conseil d\u2019Administration est convoqu\u00e9 et pr\u00e9sid\u00e9 par le Pr\u00e9sident ou, en cas d\u2019absence ou d\u2019emp\u00eachement, par celui qui le remplace selon les dispositions de l\u2019article 11. La convocation est adress\u00e9e par lettre, fax ou courrier \u00e9lectronique, au moins cinq jours \u00e0 l\u2019avance, ou bien par t\u00e9l\u00e9phone vingt quatre heures \u00e0 l\u2019avance au moins.<br \/>\nLe Conseil d\u2019Administration se r\u00e9unit aussi chaque fois que le demandent au moins deux de ses membres.<br \/>\nLes d\u00e9cisions du Conseil d\u2019Administration sont valablement prises \u00e0 la majorit\u00e9 absolue, la majorit\u00e9 des membres en activit\u00e9 \u00e9tant pr\u00e9sents; en cas d\u2019\u00e9galit\u00e9 des voix, la voix du pr\u00e9sident est pr\u00e9pond\u00e9rante. Les d\u00e9cisions sont valid\u00e9es par un proc\u00e8s-verbal sign\u00e9 par le Pr\u00e9sident et le Secr\u00e9taire.<\/p>\n<p>Si au cours du mandat un ou plusieurs administrateurs viennent \u00e0 manquer, les autres ont le pouvoir de les remplacer par cooptation; les administrateurs ainsi nomm\u00e9s assurent leur fonction jusqu\u2019\u00e0 l\u2019assembl\u00e9e suivante.<\/p>\n<h3 style=\"text-align: center;\">Art. 11 Pr\u00e9sident et vice-pr\u00e9sident de l\u2019Association<\/h3>\n<p>Le Pr\u00e9sident du Conseil d\u2019Administration est aussi le Pr\u00e9sident de l\u2019Association.<br \/>\nLe Pr\u00e9sident et le Vice-Pr\u00e9sident sont les repr\u00e9sentants l\u00e9gaux de l\u2019Association, chacun distinctement ; il leur est attribu\u00e9 les pouvoirs de gestion ordinaire et extraordinaire, dans la limite de la d\u00e9l\u00e9gation qui leur sera donn\u00e9e chaque fois par le Conseil d\u2019Administration.<br \/>\nEn cas d\u2019absence ou d\u2019emp\u00eachement, la fonction de Pr\u00e9sident est assum\u00e9e par le Vice- Pr\u00e9sident ou bien, en cas d\u2019absence ou d\u2019emp\u00eachement de ce dernier, par le plus \u00e2g\u00e9 des administrateurs.<\/p>\n<h3 style=\"text-align: center;\">Art. 12 Le Conseil de Surveillance<\/h3>\n<p>Le Conseil de Surveillance est compos\u00e9 de trois membres actifs et de deux suppl\u00e9ants, qui peuvent \u00eatre ext\u00e9rieurs \u00e0 l\u2019Association. Les membres et le Pr\u00e9sident du Conseil de Surveillance sont nomm\u00e9s par l\u2019Assembl\u00e9e pour trois ans et peuvent \u00eatre r\u00e9\u00e9lus.<br \/>\nLe Conseil de Surveillance pr\u00e9sente chaque ann\u00e9e \u00e0 l\u2019Assembl\u00e9e un rapport financier.<\/p>\n<h3 style=\"text-align: center;\">Art. 13 Gratuit\u00e9 des mandats<\/h3>\n<p>Les fonctions de Pr\u00e9sident, de Vice-Pr\u00e9sident, de membre du Conseil d\u2019Administration et du Conseil de Surveillance sont assur\u00e9es b\u00e9n\u00e9volement, except\u00e9 le remboursement des d\u00e9penses engag\u00e9es pour l\u2019accomplissement de leur mission.<\/p>\n<h3 style=\"text-align: center;\">Art. 14 R\u00e9f\u00e9rence au Code Civil<\/h3>\n<p>Les Statuts renvoient au Code Civil pour toutes les dispositions qu\u2019ils n\u2019ont pas express\u00e9ment pr\u00e9vues.<\/p>\n<h3 style=\"text-align: center;\">Art. 15 Dissolution de l\u2019Association<\/h3>\n<p>L\u2019Assembl\u00e9e extraordinaire prononce la dissolution de l\u2019Association \u00e0 la majorit\u00e9 pr\u00e9vue \u00e0 l\u2019article 9 ; elle nomme les liquidateurs et d\u00e9cide de la d\u00e9volution du patrimoine selon des buts analogues aux siens.<\/p>\n<p>&nbsp;<\/p>\n<p>&nbsp;<\/p>\n<p>&nbsp;<\/p>\n<p>&nbsp;<\/p>\n","protected":false},"excerpt":{"rendered":"<p>Association Internationale \u201cNew Humanity\u201d Art.1 D\u00e9nomination et Si\u00e8ge Est fond\u00e9e l\u2019Association Internationale New Humanity dont le si\u00e8ge est fix\u00e9 \u00e0 Grottaferrata (Roma-Italia), via Valle della Noce 16\/6. Des filiales, bureaux et antennes pourront \u00eatre cr\u00e9\u00e9s en Italie ou dans d\u2019autres pays sur d\u00e9cision du Conseil d\u2019Administration. L\u2019association a la forme d\u2019une \u00ab Organisation Internationale Non [&hellip;]<\/p>\n","protected":false},"author":1,"featured_media":0,"parent":851,"menu_order":2,"comment_status":"closed","ping_status":"closed","template":"","meta":{"ngg_post_thumbnail":0,"footnotes":""},"acf":[],"yoast_head":"<!-- This site is optimized with the Yoast SEO plugin v21.9.1 - https:\/\/yoast.com\/wordpress\/plugins\/seo\/ -->\n<title>Statut et bilan social | New Humanity<\/title>\n<meta name=\"description\" content=\"Association Internationale \u201cNew Humanity\u201d Art.1 D\u00e9nomination et Si\u00e8ge Est fond\u00e9e l\u2019Association Internationale New Humanity dont le si\u00e8ge est fix\u00e9 \u00e0\" \/>\n<meta name=\"robots\" content=\"index, follow, max-snippet:-1, max-image-preview:large, max-video-preview:-1\" \/>\n<link rel=\"canonical\" href=\"https:\/\/www.new-humanity.org\/fr\/long-new-humanity\/statut-et-bilan-social\/\" \/>\n<meta property=\"og:locale\" content=\"fr_FR\" \/>\n<meta property=\"og:type\" content=\"article\" \/>\n<meta property=\"og:title\" content=\"Statut et bilan social | New Humanity\" \/>\n<meta property=\"og:description\" content=\"Association Internationale \u201cNew Humanity\u201d Art.1 D\u00e9nomination et Si\u00e8ge Est fond\u00e9e l\u2019Association Internationale New Humanity dont le si\u00e8ge est fix\u00e9 \u00e0\" \/>\n<meta property=\"og:url\" content=\"https:\/\/www.new-humanity.org\/fr\/long-new-humanity\/statut-et-bilan-social\/\" \/>\n<meta property=\"og:site_name\" content=\"New Humanity\" \/>\n<meta property=\"article:modified_time\" content=\"2019-11-29T10:14:19+00:00\" \/>\n<meta name=\"twitter:card\" content=\"summary_large_image\" \/>\n<meta name=\"twitter:label1\" content=\"Dur\u00e9e de lecture estim\u00e9e\" \/>\n\t<meta name=\"twitter:data1\" content=\"11 minutes\" \/>\n<script type=\"application\/ld+json\" class=\"yoast-schema-graph\">{\"@context\":\"https:\/\/schema.org\",\"@graph\":[{\"@type\":\"WebPage\",\"@id\":\"https:\/\/www.new-humanity.org\/fr\/long-new-humanity\/statut-et-bilan-social\/\",\"url\":\"https:\/\/www.new-humanity.org\/fr\/long-new-humanity\/statut-et-bilan-social\/\",\"name\":\"Statut et bilan social | New Humanity\",\"isPartOf\":{\"@id\":\"https:\/\/www.new-humanity.org\/fr\/#website\"},\"datePublished\":\"2019-04-19T06:51:24+00:00\",\"dateModified\":\"2019-11-29T10:14:19+00:00\",\"description\":\"Association Internationale \u201cNew Humanity\u201d Art.1 D\u00e9nomination et Si\u00e8ge Est fond\u00e9e l\u2019Association Internationale New Humanity dont le si\u00e8ge est fix\u00e9 \u00e0\",\"breadcrumb\":{\"@id\":\"https:\/\/www.new-humanity.org\/fr\/long-new-humanity\/statut-et-bilan-social\/#breadcrumb\"},\"inLanguage\":\"fr-FR\",\"potentialAction\":[{\"@type\":\"ReadAction\",\"target\":[\"https:\/\/www.new-humanity.org\/fr\/long-new-humanity\/statut-et-bilan-social\/\"]}]},{\"@type\":\"BreadcrumbList\",\"@id\":\"https:\/\/www.new-humanity.org\/fr\/long-new-humanity\/statut-et-bilan-social\/#breadcrumb\",\"itemListElement\":[{\"@type\":\"ListItem\",\"position\":1,\"name\":\"Home\",\"item\":\"https:\/\/www.new-humanity.org\/fr\/\"},{\"@type\":\"ListItem\",\"position\":2,\"name\":\"L\u2019Organisation\",\"item\":\"https:\/\/www.new-humanity.org\/fr\/long-new-humanity\/\"},{\"@type\":\"ListItem\",\"position\":3,\"name\":\"Statut et bilan social\"}]},{\"@type\":\"WebSite\",\"@id\":\"https:\/\/www.new-humanity.org\/fr\/#website\",\"url\":\"https:\/\/www.new-humanity.org\/fr\/\",\"name\":\"New Humanity\",\"description\":\"Per un mondo unito\",\"publisher\":{\"@id\":\"https:\/\/www.new-humanity.org\/fr\/#organization\"},\"potentialAction\":[{\"@type\":\"SearchAction\",\"target\":{\"@type\":\"EntryPoint\",\"urlTemplate\":\"https:\/\/www.new-humanity.org\/fr\/?s={search_term_string}\"},\"query-input\":\"required name=search_term_string\"}],\"inLanguage\":\"fr-FR\"},{\"@type\":\"Organization\",\"@id\":\"https:\/\/www.new-humanity.org\/fr\/#organization\",\"name\":\"New Humanity\",\"url\":\"https:\/\/www.new-humanity.org\/fr\/\",\"logo\":{\"@type\":\"ImageObject\",\"inLanguage\":\"fr-FR\",\"@id\":\"https:\/\/www.new-humanity.org\/fr\/#\/schema\/logo\/image\/\",\"url\":\"https:\/\/www.new-humanity.org\/wp-content\/uploads\/2022\/01\/logo.jpg\",\"contentUrl\":\"https:\/\/www.new-humanity.org\/wp-content\/uploads\/2022\/01\/logo.jpg\",\"width\":520,\"height\":128,\"caption\":\"New Humanity\"},\"image\":{\"@id\":\"https:\/\/www.new-humanity.org\/fr\/#\/schema\/logo\/image\/\"}}]}<\/script>\n<!-- \/ Yoast SEO plugin. -->","yoast_head_json":{"title":"Statut et bilan social | New Humanity","description":"Association Internationale \u201cNew Humanity\u201d Art.1 D\u00e9nomination et Si\u00e8ge Est fond\u00e9e l\u2019Association Internationale New Humanity dont le si\u00e8ge est fix\u00e9 \u00e0","robots":{"index":"index","follow":"follow","max-snippet":"max-snippet:-1","max-image-preview":"max-image-preview:large","max-video-preview":"max-video-preview:-1"},"canonical":"https:\/\/www.new-humanity.org\/fr\/long-new-humanity\/statut-et-bilan-social\/","og_locale":"fr_FR","og_type":"article","og_title":"Statut et bilan social | New Humanity","og_description":"Association Internationale \u201cNew Humanity\u201d Art.1 D\u00e9nomination et Si\u00e8ge Est fond\u00e9e l\u2019Association Internationale New Humanity dont le si\u00e8ge est fix\u00e9 \u00e0","og_url":"https:\/\/www.new-humanity.org\/fr\/long-new-humanity\/statut-et-bilan-social\/","og_site_name":"New Humanity","article_modified_time":"2019-11-29T10:14:19+00:00","twitter_card":"summary_large_image","twitter_misc":{"Dur\u00e9e de lecture estim\u00e9e":"11 minutes"},"schema":{"@context":"https:\/\/schema.org","@graph":[{"@type":"WebPage","@id":"https:\/\/www.new-humanity.org\/fr\/long-new-humanity\/statut-et-bilan-social\/","url":"https:\/\/www.new-humanity.org\/fr\/long-new-humanity\/statut-et-bilan-social\/","name":"Statut et bilan social | New Humanity","isPartOf":{"@id":"https:\/\/www.new-humanity.org\/fr\/#website"},"datePublished":"2019-04-19T06:51:24+00:00","dateModified":"2019-11-29T10:14:19+00:00","description":"Association Internationale \u201cNew Humanity\u201d Art.1 D\u00e9nomination et Si\u00e8ge Est fond\u00e9e l\u2019Association Internationale New Humanity dont le si\u00e8ge est fix\u00e9 \u00e0","breadcrumb":{"@id":"https:\/\/www.new-humanity.org\/fr\/long-new-humanity\/statut-et-bilan-social\/#breadcrumb"},"inLanguage":"fr-FR","potentialAction":[{"@type":"ReadAction","target":["https:\/\/www.new-humanity.org\/fr\/long-new-humanity\/statut-et-bilan-social\/"]}]},{"@type":"BreadcrumbList","@id":"https:\/\/www.new-humanity.org\/fr\/long-new-humanity\/statut-et-bilan-social\/#breadcrumb","itemListElement":[{"@type":"ListItem","position":1,"name":"Home","item":"https:\/\/www.new-humanity.org\/fr\/"},{"@type":"ListItem","position":2,"name":"L\u2019Organisation","item":"https:\/\/www.new-humanity.org\/fr\/long-new-humanity\/"},{"@type":"ListItem","position":3,"name":"Statut et bilan social"}]},{"@type":"WebSite","@id":"https:\/\/www.new-humanity.org\/fr\/#website","url":"https:\/\/www.new-humanity.org\/fr\/","name":"New Humanity","description":"Per un mondo unito","publisher":{"@id":"https:\/\/www.new-humanity.org\/fr\/#organization"},"potentialAction":[{"@type":"SearchAction","target":{"@type":"EntryPoint","urlTemplate":"https:\/\/www.new-humanity.org\/fr\/?s={search_term_string}"},"query-input":"required name=search_term_string"}],"inLanguage":"fr-FR"},{"@type":"Organization","@id":"https:\/\/www.new-humanity.org\/fr\/#organization","name":"New Humanity","url":"https:\/\/www.new-humanity.org\/fr\/","logo":{"@type":"ImageObject","inLanguage":"fr-FR","@id":"https:\/\/www.new-humanity.org\/fr\/#\/schema\/logo\/image\/","url":"https:\/\/www.new-humanity.org\/wp-content\/uploads\/2022\/01\/logo.jpg","contentUrl":"https:\/\/www.new-humanity.org\/wp-content\/uploads\/2022\/01\/logo.jpg","width":520,"height":128,"caption":"New Humanity"},"image":{"@id":"https:\/\/www.new-humanity.org\/fr\/#\/schema\/logo\/image\/"}}]}},"_links":{"self":[{"href":"https:\/\/www.new-humanity.org\/fr\/wp-json\/wp\/v2\/pages\/853"}],"collection":[{"href":"https:\/\/www.new-humanity.org\/fr\/wp-json\/wp\/v2\/pages"}],"about":[{"href":"https:\/\/www.new-humanity.org\/fr\/wp-json\/wp\/v2\/types\/page"}],"author":[{"embeddable":true,"href":"https:\/\/www.new-humanity.org\/fr\/wp-json\/wp\/v2\/users\/1"}],"replies":[{"embeddable":true,"href":"https:\/\/www.new-humanity.org\/fr\/wp-json\/wp\/v2\/comments?post=853"}],"version-history":[{"count":5,"href":"https:\/\/www.new-humanity.org\/fr\/wp-json\/wp\/v2\/pages\/853\/revisions"}],"predecessor-version":[{"id":1002,"href":"https:\/\/www.new-humanity.org\/fr\/wp-json\/wp\/v2\/pages\/853\/revisions\/1002"}],"up":[{"embeddable":true,"href":"https:\/\/www.new-humanity.org\/fr\/wp-json\/wp\/v2\/pages\/851"}],"wp:attachment":[{"href":"https:\/\/www.new-humanity.org\/fr\/wp-json\/wp\/v2\/media?parent=853"}],"curies":[{"name":"wp","href":"https:\/\/api.w.org\/{rel}","templated":true}]}}